{"id":9654,"date":"2025-12-10T16:19:38","date_gmt":"2025-12-10T13:19:38","guid":{"rendered":"https:\/\/gursk.ro\/shop\/?post_type=product&#038;p=9654"},"modified":"2026-01-31T16:52:57","modified_gmt":"2026-01-31T13:52:57","slug":"implant-dentium-bright-bone-level","status":"publish","type":"product","link":"https:\/\/gursk.ro\/shop\/produs\/implant-dentium-bright-bone-level\/","title":{"rendered":"Implant Dentium Bright &#8211; Bone Level"},"content":{"rendered":"<h3 style=\"font-weight: 400;\"><strong>Prezentare general\u0103 &amp; indica\u021bii clinice<\/strong><\/h3>\n<p style=\"font-weight: 400;\">Bright Bone-Level este proiectat pentru integrare la nivelul osului cu interfa\u021b\u0103 morse-taper ad\u00e2nc\u0103 (10\u00b0), conceput pentru contacte mari implant-abutment \u0219i reducerea fenomenelor de sink-down (settling) \u0219i loosening. Este recomandat pentru restaur\u0103ri single crown \u0219i lucr\u0103ri protetice ghidate, inclusiv \u00een cazuri unde se dore\u0219te utilizarea bonturilor non-hex datorit\u0103 stabilit\u0103\u021bii conexiunii.<\/p>\n<h3 style=\"font-weight: 400;\"><strong>Design biomecanic<\/strong><\/h3>\n<ul style=\"font-weight: 400;\">\n<li><strong>Conexiune:<\/strong>\u00a0<strong>10\u00b0 Morse taper<\/strong>\u00a0cu\u00a0<strong>3.7 mm<\/strong> ad\u00e2ncime de contact \u00eentre fixture \u0219i bont \u2014 aceasta m\u0103re\u0219te aria de contact implant-abutment, sc\u0103z\u00e2nd micro-mi\u0219c\u0103rile \u0219i pierderea de \u0219urub.<\/li>\n<li><strong>Thread &amp; cutting edge:<\/strong>\u00a0t\u0103i\u0219 lung \u0219i thread agresiv pentru maximizarea suprafe\u021bei de contact cu osul (cre\u0219tere pozitiv\u0103 a stabilit\u0103\u021bii), permi\u021b\u00e2nd utilizarea \u00d83.5 pentru molar \u00een absen\u021ba for\u021belor masticatorii extreme.<\/li>\n<li><strong>Avantaj protetic:<\/strong>\u00a0posibilitatea folosirii abutmentelor\u00a0<strong>non-hex<\/strong>\u00a0\u00een coroane unice datorit\u0103 stabilit\u0103\u021bii conexiunii morse.<\/li>\n<\/ul>\n<div class=\"entry-content-asset videofit\"><iframe title=\"[The bright] Flapless Surgery using Digital Guide (Bone Level)\" width=\"720\" height=\"405\" src=\"https:\/\/www.youtube.com\/embed\/a_02Ct2BvGo?feature=oembed\" frameborder=\"0\" allow=\"accelerometer; autoplay; clipboard-write; encrypted-media; gyroscope; picture-in-picture; web-share\" referrerpolicy=\"strict-origin-when-cross-origin\" allowfullscreen><\/iframe><\/div>\n<p>&nbsp;<\/p>\n","protected":false},"excerpt":{"rendered":"<p style=\"font-weight: 400;\">Implantul Dentium Bright Bone-Level este proiectat pentru integrare la nivelul osului cu interfata morse-taper ad\u00e2nc\u0103 (10\u00b0), conceput pentru contacte mari implant-abutment \u0219i reducerea fenomenelor de sink-down (settling) \u0219i loosening. Este recomandat pentru restaur\u0103ri single crown \u0219i lucr\u0103ri protetice ghidate, inclusiv \u00een cazuri unde se dore\u0219te utilizarea abutmentelor non-hex datorit\u0103 stabilit\u0103\u021bii conexiunii.<\/p>\n","protected":false},"featured_media":9698,"comment_status":"closed","ping_status":"closed","template":"","meta":{"_kad_blocks_custom_css":"","_kad_blocks_head_custom_js":"","_kad_blocks_body_custom_js":"","_kad_blocks_footer_custom_js":"","_kadence_starter_templates_imported_post":false,"_kad_post_transparent":"default","_kad_post_title":"","_kad_post_layout":"default","_kad_post_sidebar_id":"","_kad_post_content_style":"default","_kad_post_vertical_padding":"default","_kad_post_feature":"","_kad_post_feature_position":"","_kad_post_header":false,"_kad_post_footer":false,"_kad_post_classname":""},"product_brand":[397],"product_cat":[582,29],"product_tag":[471],"product_partner":[],"class_list":{"0":"post-9654","1":"product","2":"type-product","3":"status-publish","4":"has-post-thumbnail","6":"product_brand-dentium","7":"product_cat-dentium-bright","8":"product_cat-sisteme-implanturi-dentare","9":"product_tag-onrequest","11":"first","12":"instock","13":"product-type-variable","14":"has-default-attributes","15":"entry","16":"content-bg","17":"loop-entry"},"taxonomy_info":{"product_brand":[{"value":397,"label":"DENTIUM"}],"product_cat":[{"value":582,"label":"Dentium Bright"},{"value":29,"label":"Sisteme implanturi dentare"}],"product_tag":[{"value":471,"label":"#onrequest"}]},"featured_image_src_large":["https:\/\/gursk.ro\/shop\/wp-content\/uploads\/2025\/12\/implant-bright-bone-level.jpg",1024,1024,false],"author_info":[],"comment_info":0,"_links":{"self":[{"href":"https:\/\/gursk.ro\/shop\/wp-json\/wp\/v2\/product\/9654","targetHints":{"allow":["GET"]}}],"collection":[{"href":"https:\/\/gursk.ro\/shop\/wp-json\/wp\/v2\/product"}],"about":[{"href":"https:\/\/gursk.ro\/shop\/wp-json\/wp\/v2\/types\/product"}],"replies":[{"embeddable":true,"href":"https:\/\/gursk.ro\/shop\/wp-json\/wp\/v2\/comments?post=9654"}],"version-history":[{"count":1,"href":"https:\/\/gursk.ro\/shop\/wp-json\/wp\/v2\/product\/9654\/revisions"}],"predecessor-version":[{"id":9702,"href":"https:\/\/gursk.ro\/shop\/wp-json\/wp\/v2\/product\/9654\/revisions\/9702"}],"wp:featuredmedia":[{"embeddable":true,"href":"https:\/\/gursk.ro\/shop\/wp-json\/wp\/v2\/media\/9698"}],"wp:attachment":[{"href":"https:\/\/gursk.ro\/shop\/wp-json\/wp\/v2\/media?parent=9654"}],"wp:term":[{"taxonomy":"product_brand","embeddable":true,"href":"https:\/\/gursk.ro\/shop\/wp-json\/wp\/v2\/product_brand?post=9654"},{"taxonomy":"product_cat","embeddable":true,"href":"https:\/\/gursk.ro\/shop\/wp-json\/wp\/v2\/product_cat?post=9654"},{"taxonomy":"product_tag","embeddable":true,"href":"https:\/\/gursk.ro\/shop\/wp-json\/wp\/v2\/product_tag?post=9654"},{"taxonomy":"product_partner","embeddable":true,"href":"https:\/\/gursk.ro\/shop\/wp-json\/wp\/v2\/product_partner?post=9654"}],"curies":[{"name":"wp","href":"https:\/\/api.w.org\/{rel}","templated":true}]}}