{"id":9536,"date":"2025-12-09T18:09:24","date_gmt":"2025-12-09T15:09:24","guid":{"rendered":"https:\/\/gursk.ro\/shop\/?post_type=product&#038;p=9536"},"modified":"2026-01-31T16:49:21","modified_gmt":"2026-01-31T13:49:21","slug":"implant-dentium-bright-tissue-level","status":"publish","type":"product","link":"https:\/\/gursk.ro\/shop\/produs\/implant-dentium-bright-tissue-level\/","title":{"rendered":"Implant Dentium Bright &#8211; Tissue Level"},"content":{"rendered":"<h3 style=\"font-weight: 400;\"><strong>Prezentare general\u0103 &amp; indica\u021bii clinice<\/strong><\/h3>\n<p style=\"font-weight: 400;\">Bright Tissue-Level este un sistem conceput pentru utilizare \u00een zone cu gingie s\u0103n\u0103toas\u0103 la nivelul platformei implantare, cu o platform\u0103 unificat\u0103 pentru restaur\u0103rile anterioare \u015fi posterioare (Single-Platform \u00d8 3.8 pentru conturi anterioare \/ premolari \u0219i bont cu \u00d8 5.0 pentru molari). Variantele de diametru acoper\u0103 cazul reconstruc\u0163iilor fine (\u00d8 2.0, \u00d8 2.5, \u00d8 3.0 \u2014 implanturi \u00eenguste 2 &#8211; piese) \u015fi op\u0163iuni mai largi pentru arcade posterioare (p\u00e2n\u0103 la \u00d8 5.0). Dimensiunile lungimilor variaz\u0103 tipic \u00eentre 7 \u0219i 15 mm, permi\u021b\u00e2nd adaptare la diferite condi\u021bii anatomice.<\/p>\n<h3 style=\"font-weight: 400;\"><strong>Design biomecanic<\/strong><\/h3>\n<ul style=\"font-weight: 400;\">\n<li><strong>Conexiune:<\/strong>\u00a020\u00b0\u00a0<em>external taper<\/em> metal-to-metal \u2014 realizat\u0103 pentru contact foarte str\u00e2ns \u00eentre corp \u0219i bont, reduc\u00e2nd sl\u0103birea \u0219urubului.<\/li>\n<li><strong>Profil thread:<\/strong>\u00a0thread sub\u021bire \u0219i profund (sharp &amp; longer thread), auto-filetant \u00een variantele destinate osului dur, cu un profil optimizat pentru stabilitate primar\u0103 \u0219i eficien\u021b\u0103 de cuplu. Firul mai lung pentru diametrele destinate molarilor \u00eembun\u0103t\u0103\u021be\u0219te contactul cu osul (recomandat pentru sarcini masticatorii mari).<\/li>\n<li><strong>Stabilitate primar\u0103:<\/strong> optimizat\u0103 pentru \u00eenc\u0103rc\u0103ri imediate\/early loading datorit\u0103 sec\u021biunii spirale ascu\u021bite \u0219i cre\u0219terii suprafe\u021bei de contact dintre corp \u0219i alveol\u0103.<\/li>\n<li><strong>Capacitate mecanic\u0103:<\/strong>\u00a0fi\u0219a men\u021bioneaz\u0103 un prag de referin\u021b\u0103 \u201c400 N pentru molar singur\u201d \u2014 folose\u0219te cu precau\u021bie la pacien\u021bi bruxi\u015fti sau alimenta\u0163ie dur\u0103.<\/li>\n<\/ul>\n<h3 style=\"font-weight: 400;\"><strong>Protocoale chirurgicale &amp; protetice (aspecte cheie)<\/strong><\/h3>\n<ul style=\"font-weight: 400;\">\n<li><strong>Siste\u00admul de freze:<\/strong>\u00a0secven\u0163a de forare include guide drill \u2192 final drill \u2192 countersink, cu coduri colorate pentru fiecare dimensiune final\u0103.<\/li>\n<li><strong>Viteze &amp; cupluri recomandate:<\/strong>\u00a0drift-ul general:\u00a0<em>drill speed 1.000 rpm, 30\u201345 N\u00b7cm cu iriga\u021bie<\/em>; alternativ men\u021bionat\u00a0<em>50 rpm \/ 70 N\u00b7cm<\/em>\u00a0f\u0103r\u0103 iriga\u021bie pentru anumite instrumente; countersink:\u00a0<em>20\u201360 rpm, 30\u201345 N\u00b7cm f\u0103r\u0103 iriga\u021bie<\/em>. Respecta\u021bi indica\u021biile exacte din kitul chirurgical pentru fiecare diametru.<\/li>\n<li><strong>Sfat pentru stabilitate:<\/strong>\u00a0thread-ul lung \u0219i autotarodant recomand\u0103 protocol adaptat pentru os dens (pre-tapping minim).<\/li>\n<li><strong>Cazuri narrow ridge:<\/strong> \u00d8 2.0\u20133.0 folosite \u00een anterior pentru creste \u00eenguste; \u00d8 3.5 poate fi utilizat \u00een alveole restr\u00e2nse posterioare.<\/li>\n<\/ul>\n<div class=\"entry-content-asset videofit\"><iframe title=\"[The bright] Implant placement &amp; Early loading Tissue Level\" width=\"720\" height=\"405\" src=\"https:\/\/www.youtube.com\/embed\/3stI6sfOA3E?feature=oembed\" frameborder=\"0\" allow=\"accelerometer; autoplay; clipboard-write; encrypted-media; gyroscope; picture-in-picture; web-share\" referrerpolicy=\"strict-origin-when-cross-origin\" allowfullscreen><\/iframe><\/div>\n<p>&nbsp;<\/p>\n","protected":false},"excerpt":{"rendered":"<p>Bright Tissue-Level este un sistem conceput pentru utilizare \u00een zone cu gingie s\u0103n\u0103toas\u0103 la nivelul platformei implantare, cu o platform\u0103 unificat\u0103 pentru restaur\u0103rile anterioare \u015fi posterioare (Single-Platform \u00d83.8 pentru bonturi anterioare \/ premolari \u0219i bont \u00d85.0 pentru molari).<\/p>\n","protected":false},"featured_media":9553,"comment_status":"closed","ping_status":"closed","template":"","meta":{"_kad_blocks_custom_css":"","_kad_blocks_head_custom_js":"","_kad_blocks_body_custom_js":"","_kad_blocks_footer_custom_js":"","_kadence_starter_templates_imported_post":false,"_kad_post_transparent":"default","_kad_post_title":"","_kad_post_layout":"default","_kad_post_sidebar_id":"","_kad_post_content_style":"default","_kad_post_vertical_padding":"default","_kad_post_feature":"","_kad_post_feature_position":"","_kad_post_header":false,"_kad_post_footer":false,"_kad_post_classname":""},"product_brand":[397],"product_cat":[582,29],"product_tag":[471],"product_partner":[],"class_list":{"0":"post-9536","1":"product","2":"type-product","3":"status-publish","4":"has-post-thumbnail","6":"product_brand-dentium","7":"product_cat-dentium-bright","8":"product_cat-sisteme-implanturi-dentare","9":"product_tag-onrequest","11":"first","12":"instock","13":"product-type-variable","14":"has-default-attributes","15":"entry","16":"content-bg","17":"loop-entry"},"taxonomy_info":{"product_brand":[{"value":397,"label":"DENTIUM"}],"product_cat":[{"value":582,"label":"Dentium Bright"},{"value":29,"label":"Sisteme implanturi dentare"}],"product_tag":[{"value":471,"label":"#onrequest"}]},"featured_image_src_large":["https:\/\/gursk.ro\/shop\/wp-content\/uploads\/2025\/12\/implant-dentium-bright-tissue-level.jpg",1024,1024,false],"author_info":[],"comment_info":0,"_links":{"self":[{"href":"https:\/\/gursk.ro\/shop\/wp-json\/wp\/v2\/product\/9536","targetHints":{"allow":["GET"]}}],"collection":[{"href":"https:\/\/gursk.ro\/shop\/wp-json\/wp\/v2\/product"}],"about":[{"href":"https:\/\/gursk.ro\/shop\/wp-json\/wp\/v2\/types\/product"}],"replies":[{"embeddable":true,"href":"https:\/\/gursk.ro\/shop\/wp-json\/wp\/v2\/comments?post=9536"}],"version-history":[{"count":1,"href":"https:\/\/gursk.ro\/shop\/wp-json\/wp\/v2\/product\/9536\/revisions"}],"predecessor-version":[{"id":9554,"href":"https:\/\/gursk.ro\/shop\/wp-json\/wp\/v2\/product\/9536\/revisions\/9554"}],"wp:featuredmedia":[{"embeddable":true,"href":"https:\/\/gursk.ro\/shop\/wp-json\/wp\/v2\/media\/9553"}],"wp:attachment":[{"href":"https:\/\/gursk.ro\/shop\/wp-json\/wp\/v2\/media?parent=9536"}],"wp:term":[{"taxonomy":"product_brand","embeddable":true,"href":"https:\/\/gursk.ro\/shop\/wp-json\/wp\/v2\/product_brand?post=9536"},{"taxonomy":"product_cat","embeddable":true,"href":"https:\/\/gursk.ro\/shop\/wp-json\/wp\/v2\/product_cat?post=9536"},{"taxonomy":"product_tag","embeddable":true,"href":"https:\/\/gursk.ro\/shop\/wp-json\/wp\/v2\/product_tag?post=9536"},{"taxonomy":"product_partner","embeddable":true,"href":"https:\/\/gursk.ro\/shop\/wp-json\/wp\/v2\/product_partner?post=9536"}],"curies":[{"name":"wp","href":"https:\/\/api.w.org\/{rel}","templated":true}]}}