{"id":770,"date":"2025-09-18T17:27:57","date_gmt":"2025-09-18T14:27:57","guid":{"rendered":"https:\/\/gursk.ro\/shop\/?post_type=product&#038;p=770"},"modified":"2026-04-30T10:25:14","modified_gmt":"2026-04-30T07:25:14","slug":"instrument-ghidaj-bont-insurubabil-srgbl","status":"publish","type":"product","link":"https:\/\/gursk.ro\/shop\/produs\/instrument-ghidaj-bont-insurubabil-srgbl\/","title":{"rendered":"INSTRUMENT GHIDAJ BONT INSURUBABIL, SRGBL"},"content":{"rendered":"<p>Instrumentul de Ghidaj Bont \u00cen\u0219urubabil SRGBL de la Dentium este proiectat pentru a oferi precizie \u0219i control optim \u00een timpul procedurilor de \u00een\u0219urubare a bonturilor dentare. Acest instrument esen\u021bial este fabricat din materiale de \u00eenalt\u0103 calitate, asigur\u00e2nd durabilitate \u0219i fiabilitate pe termen lung. Designul s\u0103u ergonomic \u0219i inovator permite o manipulare u\u0219oar\u0103 \u0219i confortabil\u0103, facilit\u00e2nd alinierea exact\u0103 \u0219i instalarea sigur\u0103 a bonturilor. Compatibil cu sistemele de implanturi Dentium, SRGBL este ideal pentru profesioni\u0219tii din domeniul stomatologic care doresc s\u0103 asigure rezultate clinice excelente pentru pacien\u021bii lor.<\/p>\n<p>Caracteristici principale:<\/p>\n<ul>\n<li>Realizat din materiale durabile \u0219i de \u00eenalt\u0103 calitate pentru performan\u021b\u0103 pe termen lung<\/li>\n<li>Design ergonomic \u0219i inovator pentru manipulare u\u0219oar\u0103 \u0219i confortabil\u0103<\/li>\n<li>Asigur\u0103 alinierea precis\u0103 \u0219i instalarea sigur\u0103 a bonturilor dentare<\/li>\n<li>Compatibil cu sistemele de implanturi Dentium<\/li>\n<li>Ideal pentru utilizare \u00een diverse proceduri de implantologie dentar\u0103<\/li>\n<\/ul>\n<p>Alege\u021bi Instrumentul de Ghidaj Bont \u00cen\u0219urubabil SRGBL de la Dentium pentru a garanta precizia \u0219i eficien\u021ba necesar\u0103 \u00een procedurile de implant dentar, oferind pacien\u021bilor rezultate optime \u0219i de durat\u0103.<\/p>\n","protected":false},"excerpt":{"rendered":"<p>Instrumentul de Ghidaj Bont \u00cen\u0219urubabil SRGBL de la Dentium asigur\u0103 alinierea precis\u0103 \u0219i instalarea sigur\u0103 a bonturilor dentare. Fabricat din materiale durabile \u0219i proiectat ergonomic, acest instrument ofer\u0103 o manipulare confortabil\u0103 \u0219i este compatibil cu sistemele de implanturi Dentium.<\/p>\n<div class=\"mt-1 flex gap-3 empty:hidden juice:-ml-3\">\n<div class=\"items-center justify-start rounded-xl p-1 flex\">\n<div class=\"flex items-center\"><button class=\"rounded-lg text-token-text-secondary hover:bg-token-main-surface-secondary\">\u00a0<\/button><\/div>\n<\/div>\n<\/div>\n<p>&nbsp;<\/p>\n","protected":false},"featured_media":800,"comment_status":"closed","ping_status":"closed","template":"","meta":{"_kad_blocks_custom_css":"","_kad_blocks_head_custom_js":"","_kad_blocks_body_custom_js":"","_kad_blocks_footer_custom_js":"","_kadence_starter_templates_imported_post":false,"_kad_post_transparent":"","_kad_post_title":"","_kad_post_layout":"","_kad_post_sidebar_id":"","_kad_post_content_style":"","_kad_post_vertical_padding":"","_kad_post_feature":"","_kad_post_feature_position":"","_kad_post_header":false,"_kad_post_footer":false,"_kad_post_classname":""},"product_brand":[397],"product_cat":[25,49,147,148,29,48],"product_tag":[],"product_partner":[],"class_list":{"0":"post-770","1":"product","2":"type-product","3":"status-publish","4":"has-post-thumbnail","6":"product_brand-dentium","7":"product_cat-instrumentar-stomatologie","8":"product_cat-instrumente-dentium","9":"product_cat-instrumente-truse-si-instrumente-dentium-super-line","10":"product_cat-instrumente-truse-si-instrumente","11":"product_cat-sisteme-implanturi-dentare","12":"product_cat-truse-si-instrumente-dentium-super-line","14":"first","15":"instock","16":"taxable","17":"shipping-taxable","18":"purchasable","19":"product-type-simple","20":"entry","21":"content-bg","22":"loop-entry"},"taxonomy_info":{"product_brand":[{"value":397,"label":"DENTIUM"}],"product_cat":[{"value":25,"label":"Instrumentar stomatologie"},{"value":49,"label":"Instrumente"},{"value":147,"label":"Instrumente"},{"value":148,"label":"Instrumente"},{"value":29,"label":"Sisteme implanturi dentare"},{"value":48,"label":"Truse \u0219i instrumente"}]},"featured_image_src_large":["https:\/\/gursk.ro\/shop\/wp-content\/uploads\/2020\/07\/999786_big-1024x1024.jpg",1024,1024,true],"author_info":[],"comment_info":0,"_links":{"self":[{"href":"https:\/\/gursk.ro\/shop\/wp-json\/wp\/v2\/product\/770","targetHints":{"allow":["GET"]}}],"collection":[{"href":"https:\/\/gursk.ro\/shop\/wp-json\/wp\/v2\/product"}],"about":[{"href":"https:\/\/gursk.ro\/shop\/wp-json\/wp\/v2\/types\/product"}],"replies":[{"embeddable":true,"href":"https:\/\/gursk.ro\/shop\/wp-json\/wp\/v2\/comments?post=770"}],"version-history":[{"count":0,"href":"https:\/\/gursk.ro\/shop\/wp-json\/wp\/v2\/product\/770\/revisions"}],"wp:featuredmedia":[{"embeddable":true,"href":"https:\/\/gursk.ro\/shop\/wp-json\/wp\/v2\/media\/800"}],"wp:attachment":[{"href":"https:\/\/gursk.ro\/shop\/wp-json\/wp\/v2\/media?parent=770"}],"wp:term":[{"taxonomy":"product_brand","embeddable":true,"href":"https:\/\/gursk.ro\/shop\/wp-json\/wp\/v2\/product_brand?post=770"},{"taxonomy":"product_cat","embeddable":true,"href":"https:\/\/gursk.ro\/shop\/wp-json\/wp\/v2\/product_cat?post=770"},{"taxonomy":"product_tag","embeddable":true,"href":"https:\/\/gursk.ro\/shop\/wp-json\/wp\/v2\/product_tag?post=770"},{"taxonomy":"product_partner","embeddable":true,"href":"https:\/\/gursk.ro\/shop\/wp-json\/wp\/v2\/product_partner?post=770"}],"curies":[{"name":"wp","href":"https:\/\/api.w.org\/{rel}","templated":true}]}}