{"id":73,"date":"2025-09-18T17:20:54","date_gmt":"2025-09-18T14:20:54","guid":{"rendered":"https:\/\/gursk.ro\/shop\/?post_type=product&#038;p=73"},"modified":"2026-05-04T10:26:18","modified_gmt":"2026-05-04T07:26:18","slug":"x-mind-trium-pan-3d-r-w0900004","status":"publish","type":"product","link":"https:\/\/gursk.ro\/shop\/produs\/x-mind-trium-pan-3d-r-w0900004\/","title":{"rendered":"X-MIND TRIUM PAN 3D R W0900004"},"content":{"rendered":"<p>X-MIND TRIUM este un instrument cheie care furnizeaz\u0103 o imagine clar\u0103 a arcadei pacientului afi\u0219\u00e2nd imagini 3D extrem de detaliate ale anatomiei pacientului fiind necesar\u0103 o singur\u0103 expunere. Este echipat cu un algoritm de achizi\u021bie \u0219i reconstruc\u021bie ce asigur\u0103 o imagine uniform\u0103 \u0219i de cea mai bun\u0103 calitate pe toate axele de vizualizare.<\/p>\n<p><strong>X-MIND Trium <\/strong>este un sistem radiologic digital panoramic, tomografic extra-oral, indicat pentru:<\/p>\n<p>&#8211; ob\u021binerea radiografiilor panoramice pentru examin\u0103ri \u00een vederea stabilirii unui diagnostic a denti\u021biei (din\u021bi), maxilarului \u0219i a structurilor orale;<br \/>\n&#8211; ob\u021binerea radiografiilor regiunii maxilo-faciale \u0219i a unor p\u0103r\u021bi ale craniului, dac\u0103 este echipat cu bra\u021b cefalometric;<br \/>\n&#8211; ob\u021binerea de imagini tomografice a regiunii orale \u0219i maxilo-faciale, pentru examin\u0103ri \u00een vederea stabilirii unui diagnostic a denti\u021biei (din\u021bi), maxilarului, a structurilor orale \u0219i a unor oase craniene, dac\u0103 este echipat cu CBCT<br \/>\n&#8211; functie de endoscop virtual<\/p>\n<p><strong>X-MIND Trium PAN 3D<\/strong> con\u021bine:<\/p>\n<p>&#8211; OrthoPantoTomograf (OPG), CBCT, 115-220V cu un senzor CMOS Ceph 2D pentru imagistic\u0103 panoramic\u0103 \u0219i imagistic\u0103 cefalometric\u0103 \u0219i un detector cu panou plat pentru CBCT.<br \/>\n&#8211; Programe panoramice pentru adul\u021bi \u0219i copii<br \/>\n&#8211; Ortogonalitate \u00eembun\u0103t\u0103\u021bit\u0103<br \/>\n&#8211; Sec\u021biune TMJ<br \/>\n&#8211; Examen sinusului maxilar<br \/>\n&#8211; CBCT FOV \u00d840&#215;40, \u00d860&#215;60, \u00d880&#215;80, \u00d8110&#215;80<br \/>\n&#8211; Sta\u021bie PC cu monitor standard.<br \/>\n&#8211; CPU: Intel Xenon 2 GHz<br \/>\n&#8211; Hard disk: 1TB<br \/>\n&#8211; RAM: 8 GB<br \/>\n&#8211; Software preinstalat : Acteon Imaging Suite Software, pentru vizualizarea 2D. Compatibil cu produsul radiologic 2D al grupului.<br \/>\n&#8211; 5 Licen\u021be pentru aplica\u021bia AIS 3D. Vizualizare 3D \u0219i aplica\u021bie de planificare a implantului. (E-manuale de instalare \u0219i utilizare, garan\u021bie standard de 2 ani.)<\/p>\n<p>Alte detalii:<\/p>\n<p>Calitate superioara a imaginii Rezolutie de 75\u00b5m la Fov 60&#215;60 si 40&#215;40.<br \/>\nSistem de lasere pentru pozitionarea pacientului.<\/p>\n","protected":false},"excerpt":{"rendered":"<p>Sistem radiologic digital panoramic, tomografic extra-oral, X-MIND TRIUM este un instrument cheie pentru planificarea inser\u0103rii unui implant, a tratamentului \u0219i procedurilor ulterioare.<\/p>\n","protected":false},"featured_media":162,"comment_status":"open","ping_status":"closed","template":"","meta":{"_kad_blocks_custom_css":"","_kad_blocks_head_custom_js":"","_kad_blocks_body_custom_js":"","_kad_blocks_footer_custom_js":"","_kadence_starter_templates_imported_post":false,"_kad_post_transparent":"","_kad_post_title":"","_kad_post_layout":"","_kad_post_sidebar_id":"","_kad_post_content_style":"","_kad_post_vertical_padding":"","_kad_post_feature":"","_kad_post_feature_position":"","_kad_post_header":false,"_kad_post_footer":false,"_kad_post_classname":""},"product_brand":[393],"product_cat":[54],"product_tag":[],"product_partner":[],"class_list":{"0":"post-73","1":"product","2":"type-product","3":"status-publish","4":"has-post-thumbnail","6":"product_brand-acteon","7":"product_cat-echipamente-stomatologice","9":"first","10":"outofstock","11":"taxable","12":"shipping-taxable","13":"purchasable","14":"product-type-simple","15":"entry","16":"content-bg","17":"loop-entry"},"taxonomy_info":{"product_brand":[{"value":393,"label":"ACTEON"}],"product_cat":[{"value":54,"label":"Echipamente Stomatologice"}]},"featured_image_src_large":["https:\/\/gursk.ro\/shop\/wp-content\/uploads\/2020\/07\/thumb_2397_default_product_big-629x1024.png",629,1024,true],"author_info":[],"comment_info":0,"_links":{"self":[{"href":"https:\/\/gursk.ro\/shop\/wp-json\/wp\/v2\/product\/73","targetHints":{"allow":["GET"]}}],"collection":[{"href":"https:\/\/gursk.ro\/shop\/wp-json\/wp\/v2\/product"}],"about":[{"href":"https:\/\/gursk.ro\/shop\/wp-json\/wp\/v2\/types\/product"}],"replies":[{"embeddable":true,"href":"https:\/\/gursk.ro\/shop\/wp-json\/wp\/v2\/comments?post=73"}],"version-history":[{"count":0,"href":"https:\/\/gursk.ro\/shop\/wp-json\/wp\/v2\/product\/73\/revisions"}],"wp:featuredmedia":[{"embeddable":true,"href":"https:\/\/gursk.ro\/shop\/wp-json\/wp\/v2\/media\/162"}],"wp:attachment":[{"href":"https:\/\/gursk.ro\/shop\/wp-json\/wp\/v2\/media?parent=73"}],"wp:term":[{"taxonomy":"product_brand","embeddable":true,"href":"https:\/\/gursk.ro\/shop\/wp-json\/wp\/v2\/product_brand?post=73"},{"taxonomy":"product_cat","embeddable":true,"href":"https:\/\/gursk.ro\/shop\/wp-json\/wp\/v2\/product_cat?post=73"},{"taxonomy":"product_tag","embeddable":true,"href":"https:\/\/gursk.ro\/shop\/wp-json\/wp\/v2\/product_tag?post=73"},{"taxonomy":"product_partner","embeddable":true,"href":"https:\/\/gursk.ro\/shop\/wp-json\/wp\/v2\/product_partner?post=73"}],"curies":[{"name":"wp","href":"https:\/\/api.w.org\/{rel}","templated":true}]}}