{"id":6812,"date":"2025-09-18T18:46:27","date_gmt":"2025-09-18T15:46:27","guid":{"rendered":"https:\/\/gursk.ro\/shop\/?post_type=product&#038;p=6812"},"modified":"2026-05-04T10:26:52","modified_gmt":"2026-05-04T07:26:52","slug":"bont-conic-angulat-20-mc-dc4-20d","status":"publish","type":"product","link":"https:\/\/gursk.ro\/shop\/produs\/bont-conic-angulat-20-mc-dc4-20d\/","title":{"rendered":"Bont conic angulat 20\u00b0 MC-DC4-20D INVERTA\u00ae Deep Conical (\u00d8 4 mm)"},"content":{"rendered":"<p>Bont conic angulat 20\u00b0 <strong>MC-DC4-20D<\/strong> <!--StartFragment --><span class=\"cf0\">face <\/span><span class=\"cf0\">parte<\/span><span class=\"cf0\"> din <\/span><span class=\"cf0\">sistemul<\/span> <span class=\"cf0\">protetic<\/span><span class=\"cf0\"> Compact Conical <\/span><span class=\"cf0\">dezvoltat<\/span><span class=\"cf0\"> de Southern Implants <\/span><span class=\"cf0\">\u0219i<\/span> <span class=\"cf0\">este<\/span> <span class=\"cf0\">conceput<\/span> <span class=\"cf0\">pentru<\/span> <strong><span class=\"cf0\">situa\u021biile<\/span> <span class=\"cf0\">clinice<\/span> <span class=\"cf0\">\u00een<\/span><span class=\"cf0\"> care <\/span><span class=\"cf0\">implantul<\/span> <span class=\"cf0\">prezint\u0103<\/span><span class=\"cf0\"> o <\/span><span class=\"cf0\">devia\u021bie<\/span> <span class=\"cf0\">moderat\u0103<\/span> <span class=\"cf0\">fa\u021b\u0103<\/span><span class=\"cf0\"> de <\/span><span class=\"cf0\">axul<\/span><span class=\"cf0\"> ideal al <\/span><span class=\"cf0\">restaur\u0103rii<\/span><span class=\"cf0\">. <\/span><\/strong><span class=\"cf0\">Angula\u021bia<\/span><span class=\"cf0\"> de 20\u00b0 <\/span><span class=\"cf0\">permite<\/span> <span class=\"cf0\">repozi\u021bionarea<\/span> <span class=\"cf0\">coroanei<\/span> <span class=\"cf0\">\u00eentr<\/span><span class=\"cf0\">-o <\/span><span class=\"cf0\">pozi\u021bie<\/span> <span class=\"cf0\">func\u021bional\u0103<\/span> <span class=\"cf0\">\u0219i<\/span> <span class=\"cf0\">estetic\u0103<\/span><span class=\"cf0\">, <\/span><span class=\"cf0\">f\u0103r\u0103<\/span><span class=\"cf0\"> a <\/span><span class=\"cf0\">compromite<\/span> <span class=\"cf0\">profilul<\/span><span class=\"cf0\"> de <\/span><span class=\"cf0\">emergen\u021b\u0103<\/span> <span class=\"cf0\">sau<\/span> <span class=\"cf0\">biomecanica<\/span> <span class=\"cf0\">restaur\u0103rii<\/span><span class=\"cf0\">. <\/span><span class=\"cf0\">Diametrul<\/span> <span class=\"cf0\">platformei<\/span><span class=\"cf0\"> \u00d8 4 mm <\/span><span class=\"cf0\">reprezint\u0103<\/span> <span class=\"cf0\">op\u021biunea<\/span><span class=\"cf0\"> standard <\/span><span class=\"cf0\">\u00een<\/span> <span class=\"cf0\">protetica<\/span> <span class=\"cf0\">pe<\/span> <span class=\"cf0\">implanturi<\/span><span class=\"cf0\">, <\/span><span class=\"cf0\">fiind<\/span> <span class=\"cf0\">adecvat<\/span> <span class=\"cf0\">pentru<\/span><span class=\"cf0\">: <\/span><strong><span class=\"cf0\">restaur\u0103ri<\/span> <span class=\"cf0\">unidentare<\/span> <span class=\"cf0\">\u0219i<\/span><span class=\"cf0\"> multiple, <\/span><span class=\"cf0\">zone <\/span><span class=\"cf0\">frontale<\/span> <span class=\"cf0\">\u0219i<\/span> <span class=\"cf0\">laterale<\/span><span class=\"cf0\">, <\/span><span class=\"cf0\">cazuri<\/span><span class=\"cf0\"> cu <\/span><span class=\"cf0\">cerin\u021be<\/span> <span class=\"cf0\">estetice<\/span> <span class=\"cf0\">\u0219i<\/span> <span class=\"cf0\">func\u021bionale<\/span> <span class=\"cf0\">echilibrate<\/span><span class=\"cf0\">.<\/span><\/strong><\/p>\n<p class=\"pf0\"><strong><span class=\"cf0\">Designul<\/span><span class=\"cf0\"> conic compact <\/span><span class=\"cf0\">asigur\u0103<\/span><span class=\"cf0\"> o <\/span><span class=\"cf0\">tranzi\u021bie<\/span> <span class=\"cf0\">controlat\u0103<\/span> <span class=\"cf0\">\u00eentre<\/span><span class=\"cf0\"> implant <\/span><span class=\"cf0\">\u0219i<\/span> <span class=\"cf0\">restaurare<\/span><span class=\"cf0\">, <\/span><span class=\"cf0\">reduc\u00e2nd<\/span> <span class=\"cf0\">stresul<\/span> <span class=\"cf0\">asupra<\/span> <span class=\"cf0\">\u021besuturilor<\/span> <span class=\"cf0\">moi<\/span> <span class=\"cf0\">\u0219i<\/span> <span class=\"cf0\">facilit\u00e2nd<\/span> <span class=\"cf0\">men\u021binerea<\/span> <span class=\"cf0\">unui<\/span> <span class=\"cf0\">contur<\/span><span class=\"cf0\"> gingival <\/span><span class=\"cf0\">stabil<\/span><\/strong><span class=\"cf0\"><strong>.<\/strong> <\/span><span class=\"cf0\">Conexiunea<\/span><span class=\"cf0\"> Deep Conical <\/span><span class=\"cf0\">ofer\u0103<\/span> <span class=\"cf0\">etan\u0219are<\/span> <span class=\"cf0\">mecanic\u0103<\/span> <span class=\"cf0\">superioar\u0103<\/span><span class=\"cf0\">, <\/span><span class=\"cf0\">stabilitate<\/span> <span class=\"cf0\">antirota\u021bional\u0103<\/span> <span class=\"cf0\">\u0219i<\/span> <span class=\"cf0\">distribu\u021bie<\/span> <span class=\"cf0\">favorabil\u0103<\/span><span class=\"cf0\"> a <\/span><span class=\"cf0\">for\u021belor<\/span> <span class=\"cf0\">ocluzale<\/span><span class=\"cf0\">. <\/span><span class=\"cf0\">Suprafa\u021ba<\/span> <span class=\"cf0\">polisat\u0103<\/span><span class=\"cf0\"> a <\/span><span class=\"cf0\">bontului<\/span> <span class=\"cf0\">contribuie<\/span><span class=\"cf0\"> la <\/span><strong><span class=\"cf0\">reducerea<\/span> <span class=\"cf0\">aderen\u021bei<\/span> <span class=\"cf0\">bacteriene<\/span><\/strong> <span class=\"cf0\">\u0219i<\/span><span class=\"cf0\"> la <\/span><span class=\"cf0\">men\u021binerea<\/span> <span class=\"cf0\">s\u0103n\u0103t\u0103\u021bii<\/span> <span class=\"cf0\">\u021besuturilor<\/span> <span class=\"cf0\">periimplantare<\/span><span class=\"cf0\">.<\/span><\/p>\n<p class=\"pf0\"><!--StartFragment --><\/p>\n<p>&nbsp;<\/p>\n<h3 class=\"pf0\"><strong><span class=\"cf0\">Specifica<\/span><span class=\"cf1\">\u021bii<\/span> <span class=\"cf1\">cheie bont conic angulat 20\u00b0 MC-DC4-20D INVERTA\u00ae Deep Conical (\u00d8 4 mm):<\/span><\/strong><\/h3>\n<ul>\n<li class=\"pf0\"><span class=\"cf1\">Angula\u021bie<\/span><span class=\"cf1\"> 20<\/span><span class=\"cf0\">\u00b0 <\/span><span class=\"cf0\">pentru<\/span> <span class=\"cf0\">realiniere<\/span> <span class=\"cf0\">protetic<\/span><span class=\"cf1\">\u0103<\/span><\/li>\n<li class=\"pf0\"><span class=\"cf1\">Design compact <\/span><span class=\"cf1\">pentru<\/span><span class=\"cf1\"> control gingival<\/span><\/li>\n<li class=\"pf0\"><span class=\"cf1\">Etan\u0219are<\/span> <span class=\"cf1\">conic\u0103<\/span> <span class=\"cf1\">stabil\u0103<\/span><span class=\"cf1\">, <\/span><span class=\"cf1\">f\u0103r\u0103<\/span><span class=\"cf1\"> micro-<\/span><span class=\"cf1\">mi\u0219c\u0103ri<\/span><\/li>\n<li class=\"pf0\"><span class=\"cf1\">Versatilitate<\/span> <span class=\"cf1\">clinic\u0103<\/span> <span class=\"cf1\">ridicat\u0103<\/span><\/li>\n<li class=\"pf0\"><span class=\"cf1\">Integrare<\/span> <span class=\"cf1\">complet\u0103<\/span> <span class=\"cf0\">\u00een<\/span> <span class=\"cf0\">sistemul<\/span> <span class=\"cf0\">protetic<\/span><span class=\"cf0\"> INVERTA\u00ae<\/span><\/li>\n<\/ul>\n<h3 class=\"pf0\"><strong><span class=\"cf0\">Beneficii<\/span> <span class=\"cf0\">pentru<\/span> <span class=\"cf0\">medici:<\/span><\/strong><\/h3>\n<ul>\n<li class=\"pf0\"><span class=\"cf0\">Corectarea<\/span> <span class=\"cf0\">eficient<\/span><span class=\"cf1\">\u0103<\/span><span class=\"cf1\"> a <\/span><span class=\"cf1\">devia\u021biilor<\/span> <span class=\"cf1\">implantare<\/span><span class=\"cf1\"> moderate<\/span><\/li>\n<li class=\"pf0\"><span class=\"cf1\">Control <\/span><span class=\"cf1\">predictibil<\/span><span class=\"cf1\"> al <\/span><span class=\"cf1\">emergen\u021bei<\/span> <span class=\"cf1\">gingivale<\/span><\/li>\n<li class=\"pf0\"><span class=\"cf1\">Stabilitate<\/span> <span class=\"cf1\">protetic\u0103<\/span> <span class=\"cf1\">ridicat\u0103<\/span><\/li>\n<li class=\"pf0\"><span class=\"cf1\">Compatibilitate<\/span> <span class=\"cf1\">complet\u0103<\/span><span class=\"cf1\"> cu <\/span><span class=\"cf1\">componentele<\/span><span class=\"cf1\"> DC<\/span><\/li>\n<\/ul>\n<h3 class=\"pf0\"><strong><span class=\"cf1\">Beneficii<\/span> <span class=\"cf1\">pentru<\/span> <span class=\"cf1\">pacien\u021bi:<\/span><\/strong><\/h3>\n<ul>\n<li class=\"pf0\"><span class=\"cf1\">Restaur\u0103ri<\/span> <span class=\"cf1\">estetice<\/span> <span class=\"cf1\">corect<\/span> <span class=\"cf1\">aliniate<\/span><\/li>\n<li class=\"pf0\"><span class=\"cf1\">Confort<\/span> <span class=\"cf1\">func\u021bional<\/span> <span class=\"cf1\">crescut<\/span><\/li>\n<li class=\"pf0\"><span class=\"cf1\">Contur<\/span><span class=\"cf1\"> gingival natural <\/span><span class=\"cf1\">\u0219i<\/span> <span class=\"cf1\">stabil<\/span><\/li>\n<li class=\"pf0\"><span class=\"cf1\">Durabilitate<\/span> <span class=\"cf1\">pe<\/span><span class=\"cf1\"> termen lung<\/span><\/li>\n<\/ul>\n<p class=\"pf0\"><!--EndFragment --><\/p>\n<p><!--EndFragment --><\/p>\n","protected":false},"excerpt":{"rendered":"<p><!--StartFragment --><\/p>\n<p class=\"pf0\"><span class=\"cf0\">MC-DC4-20D <\/span><span class=\"cf0\">este<\/span><span class=\"cf0\"> un <\/span><span class=\"cf0\">bont<\/span> <span class=\"cf0\">protetic<\/span><span class=\"cf0\"> compact conic, cu <\/span><span class=\"cf0\">angula<\/span><span class=\"cf1\">\u021bie<\/span><span class=\"cf1\"> de 20<\/span><span class=\"cf0\">\u00b0, <\/span><span class=\"cf0\">destinat<\/span> <span class=\"cf0\">corect<\/span><span class=\"cf1\">\u0103rii<\/span> <span class=\"cf1\">axului<\/span> <span class=\"cf1\">protetic<\/span> <span class=\"cf0\">\u00een<\/span> <span class=\"cf0\">restaur<\/span><span class=\"cf1\">\u0103rile<\/span> <span class=\"cf1\">cimentate<\/span> <span class=\"cf1\">pe<\/span> <span class=\"cf1\">implanturile<\/span><span class=\"cf1\"> INVERTA<\/span><span class=\"cf0\">\u00ae \/ Deep Conical. <\/span><span class=\"cf0\">Diametrul<\/span><span class=\"cf0\"> \u00d8 4 mm <\/span><span class=\"cf0\">\u00eel<\/span> <span class=\"cf0\">recomand<\/span><span class=\"cf1\">\u0103<\/span> <span class=\"cf1\">pentru<\/span> <span class=\"cf1\">majoritatea<\/span> <span class=\"cf1\">indica\u021biilor<\/span> <span class=\"cf1\">clinice<\/span><span class=\"cf1\"> standard, <\/span><span class=\"cf1\">at<\/span><span class=\"cf0\">\u00e2t<\/span> <span class=\"cf0\">\u00een<\/span> <span class=\"cf0\">zonele<\/span> <span class=\"cf0\">frontale<\/span><span class=\"cf0\">, <\/span><span class=\"cf0\">c\u00e2t<\/span> <span class=\"cf1\">\u0219i<\/span> <span class=\"cf1\">laterale<\/span><span class=\"cf1\">, <\/span><span class=\"cf1\">unde<\/span> <span class=\"cf1\">este<\/span> <span class=\"cf1\">necesar\u0103<\/span> <span class=\"cf1\">realinierea<\/span> <span class=\"cf1\">moderat\u0103<\/span><span class=\"cf1\"> a <\/span><span class=\"cf1\">restaur\u0103rii<\/span><span class=\"cf1\">.<\/span><\/p>\n<p><!--EndFragment --><\/p>\n","protected":false},"featured_media":9809,"comment_status":"closed","ping_status":"closed","template":"","meta":{"_kad_blocks_custom_css":"","_kad_blocks_head_custom_js":"","_kad_blocks_body_custom_js":"","_kad_blocks_footer_custom_js":"","_kadence_starter_templates_imported_post":false,"_kad_post_transparent":"default","_kad_post_title":"","_kad_post_layout":"default","_kad_post_sidebar_id":"","_kad_post_content_style":"default","_kad_post_vertical_padding":"default","_kad_post_feature":"","_kad_post_feature_position":"","_kad_post_header":false,"_kad_post_footer":false,"_kad_post_classname":""},"product_brand":[482],"product_cat":[219,35],"product_tag":[470],"product_partner":[],"class_list":{"0":"post-6812","1":"product","2":"type-product","3":"status-publish","4":"has-post-thumbnail","6":"product_brand-southern-implants","7":"product_cat-bont-angulat-bonturi-protetice-protetica-dentium-nr-line","8":"product_cat-protetica-dentara","9":"product_tag-preorder","11":"first","12":"instock","13":"taxable","14":"shipping-taxable","15":"purchasable","16":"product-type-simple","17":"entry","18":"content-bg","19":"loop-entry"},"taxonomy_info":{"product_brand":[{"value":482,"label":"Southern Implants"}],"product_cat":[{"value":219,"label":"Bont angulat"},{"value":35,"label":"Protetic\u0103 dentar\u0103"}],"product_tag":[{"value":470,"label":"#preorder"}]},"featured_image_src_large":["https:\/\/gursk.ro\/shop\/wp-content\/uploads\/2025\/09\/Bont-conic-angulat-20\u00b0-MC-DC4-20D.png",720,720,false],"author_info":[],"comment_info":0,"_links":{"self":[{"href":"https:\/\/gursk.ro\/shop\/wp-json\/wp\/v2\/product\/6812","targetHints":{"allow":["GET"]}}],"collection":[{"href":"https:\/\/gursk.ro\/shop\/wp-json\/wp\/v2\/product"}],"about":[{"href":"https:\/\/gursk.ro\/shop\/wp-json\/wp\/v2\/types\/product"}],"replies":[{"embeddable":true,"href":"https:\/\/gursk.ro\/shop\/wp-json\/wp\/v2\/comments?post=6812"}],"version-history":[{"count":1,"href":"https:\/\/gursk.ro\/shop\/wp-json\/wp\/v2\/product\/6812\/revisions"}],"predecessor-version":[{"id":9808,"href":"https:\/\/gursk.ro\/shop\/wp-json\/wp\/v2\/product\/6812\/revisions\/9808"}],"wp:featuredmedia":[{"embeddable":true,"href":"https:\/\/gursk.ro\/shop\/wp-json\/wp\/v2\/media\/9809"}],"wp:attachment":[{"href":"https:\/\/gursk.ro\/shop\/wp-json\/wp\/v2\/media?parent=6812"}],"wp:term":[{"taxonomy":"product_brand","embeddable":true,"href":"https:\/\/gursk.ro\/shop\/wp-json\/wp\/v2\/product_brand?post=6812"},{"taxonomy":"product_cat","embeddable":true,"href":"https:\/\/gursk.ro\/shop\/wp-json\/wp\/v2\/product_cat?post=6812"},{"taxonomy":"product_tag","embeddable":true,"href":"https:\/\/gursk.ro\/shop\/wp-json\/wp\/v2\/product_tag?post=6812"},{"taxonomy":"product_partner","embeddable":true,"href":"https:\/\/gursk.ro\/shop\/wp-json\/wp\/v2\/product_partner?post=6812"}],"curies":[{"name":"wp","href":"https:\/\/api.w.org\/{rel}","templated":true}]}}