{"id":6811,"date":"2025-09-18T18:46:27","date_gmt":"2025-09-18T15:46:27","guid":{"rendered":"https:\/\/gursk.ro\/shop\/?post_type=product&#038;p=6811"},"modified":"2026-05-04T10:26:52","modified_gmt":"2026-05-04T07:26:52","slug":"bont-conic-angulat-30-mc-dc3-30d","status":"publish","type":"product","link":"https:\/\/gursk.ro\/shop\/produs\/bont-conic-angulat-30-mc-dc3-30d\/","title":{"rendered":"Bont conic angulat 30\u00b0 MC-DC3-30D INVERTA\u00ae Deep Conical (\u00d8 3 mm)"},"content":{"rendered":"<p><!--StartFragment --><\/p>\n<p class=\"pf0\"><span class=\"cf0\">Acest bont conic angulat 30\u00b0 <strong>MC-DC3-30D<\/strong> face <\/span><span class=\"cf0\">parte<\/span><span class=\"cf0\"> din <\/span><span class=\"cf0\">sistemul<\/span> <span class=\"cf0\">protetic<\/span><span class=\"cf0\"> Compact Conical Southern Implants <\/span><span class=\"cf1\">\u0219i<\/span> <span class=\"cf1\">este<\/span> <strong><span class=\"cf1\">indicat<\/span> <span class=\"cf0\">\u00een<\/span> <span class=\"cf0\">situa<\/span><span class=\"cf1\">\u021biile<\/span> <span class=\"cf1\">clinice<\/span> <span class=\"cf0\">\u00een<\/span><span class=\"cf0\"> care <\/span><span class=\"cf0\">implantul<\/span><span class=\"cf0\"> a <\/span><span class=\"cf0\">fost<\/span> <span class=\"cf0\">inserat<\/span><span class=\"cf0\"> cu o <\/span><span class=\"cf0\">devia<\/span><span class=\"cf1\">\u021bie<\/span> <span class=\"cf1\">major\u0103<\/span> <span class=\"cf1\">fa\u021b\u0103<\/span><span class=\"cf1\"> de <\/span><span class=\"cf1\">axul<\/span><span class=\"cf1\"> ideal al <\/span><span class=\"cf1\">restaur\u0103rii<\/span><\/strong><span class=\"cf1\"><strong>.<\/strong> <\/span><span class=\"cf1\">Angula\u021bia<\/span><span class=\"cf1\"> de 30<\/span><span class=\"cf0\">\u00b0 <\/span><span class=\"cf0\">permite<\/span> <span class=\"cf0\">realinierea<\/span> <span class=\"cf0\">coroanei<\/span> <span class=\"cf0\">f<\/span><span class=\"cf1\">\u0103r\u0103<\/span> <span class=\"cf1\">compromis<\/span> <span class=\"cf1\">estetic<\/span> <span class=\"cf1\">sau<\/span> <span class=\"cf1\">func\u021bional<\/span><span class=\"cf1\">, <\/span><span class=\"cf1\">reduc<\/span><span class=\"cf0\">\u00e2nd<\/span> <span class=\"cf0\">necesitatea<\/span> <span class=\"cf0\">unor<\/span> <span class=\"cf0\">restaur<\/span><span class=\"cf1\">\u0103ri<\/span><span class=\"cf1\"> supra-<\/span><span class=\"cf1\">conturate<\/span><span class=\"cf1\">. <\/span><span class=\"cf1\">Diametrul<\/span> <span class=\"cf1\">platformei<\/span> <span class=\"cf0\">\u00d8 3 mm <\/span><span class=\"cf0\">este<\/span> <span class=\"cf0\">adecvat<\/span> <span class=\"cf0\">pentru<\/span><span class=\"cf0\">: <\/span><span class=\"cf0\">restaur<\/span><span class=\"cf1\">\u0103ri<\/span> <span class=\"cf0\">\u00een<\/span><span class=\"cf0\"> zona <\/span><span class=\"cf0\">frontal<\/span><span class=\"cf1\">\u0103<\/span><span class=\"cf1\">, <\/span><span class=\"cf1\">spa\u021bii<\/span> <span class=\"cf1\">interprotetice<\/span> <span class=\"cf1\">reduse<\/span><span class=\"cf1\">, <\/span><span class=\"cf1\">cazuri<\/span><span class=\"cf1\"> cu <\/span><span class=\"cf1\">cerin\u021be<\/span> <span class=\"cf1\">estetice<\/span> <span class=\"cf1\">ridicate<\/span><span class=\"cf1\">, <\/span><span class=\"cf1\">biotip<\/span><span class=\"cf1\"> gingival <\/span><span class=\"cf1\">sub\u021bire<\/span><span class=\"cf1\">.<\/span><\/p>\n<p class=\"pf0\"><span class=\"cf1\">Designul<\/span><span class=\"cf1\"> conic compact <\/span><span class=\"cf1\">asigur\u0103<\/span><span class=\"cf1\"> o <\/span><span class=\"cf1\">tranzi\u021bie<\/span> <span class=\"cf1\">controlat\u0103<\/span> <span class=\"cf0\">\u00eentre<\/span><span class=\"cf0\"> implant <\/span><span class=\"cf1\">\u0219i<\/span> <span class=\"cf1\">restaurare<\/span><span class=\"cf1\">, <\/span><span class=\"cf1\">limit<\/span><span class=\"cf0\">\u00e2nd<\/span> <span class=\"cf0\">stresul<\/span> <span class=\"cf0\">asupra<\/span> <span class=\"cf1\">\u021besuturilor<\/span> <span class=\"cf1\">moi<\/span><span class=\"cf1\">. <\/span><span class=\"cf1\">Conexiunea<\/span><span class=\"cf1\"> Deep Conical <\/span><span class=\"cf1\">ofer\u0103<\/span> <strong><span class=\"cf1\">etan\u0219are<\/span> <span class=\"cf1\">mecanic\u0103<\/span> <span class=\"cf1\">superioar\u0103<\/span><span class=\"cf1\">, <\/span><span class=\"cf1\">stabilitate<\/span> <span class=\"cf1\">antirota\u021bional\u0103<\/span> <span class=\"cf1\">\u0219i<\/span> <span class=\"cf1\">distribu\u021bie<\/span> <span class=\"cf1\">optim\u0103<\/span><span class=\"cf1\"> a <\/span><span class=\"cf1\">for\u021belor<\/span> <span class=\"cf1\">ocluzale<\/span><span class=\"cf1\">, <\/span><\/strong><span class=\"cf1\">chiar<\/span> <span class=\"cf1\">\u0219i<\/span> <span class=\"cf0\">\u00een<\/span> <span class=\"cf0\">prezen<\/span><span class=\"cf1\">\u021ba<\/span> <span class=\"cf1\">angula\u021biilor<\/span> <span class=\"cf1\">mari<\/span><span class=\"cf1\">. <\/span><span class=\"cf1\">Suprafa\u021ba<\/span> <span class=\"cf1\">polisat\u0103<\/span><span class=\"cf1\"> a <\/span><span class=\"cf1\">bontului<\/span><strong><span class=\"cf1\"> reduce <\/span><span class=\"cf1\">reten\u021bia<\/span> <span class=\"cf1\">bacterian\u0103<\/span><\/strong> <span class=\"cf1\">\u0219i<\/span> <span class=\"cf1\">contribuie<\/span><span class=\"cf1\"> la <\/span><span class=\"cf1\">men\u021binerea<\/span> <span class=\"cf1\">s\u0103n\u0103t\u0103\u021bii<\/span> <span class=\"cf1\">\u021besuturilor<\/span> <span class=\"cf1\">periimplantare<\/span><span class=\"cf1\">.<\/span><\/p>\n<p><!--StartFragment --><\/p>\n<p>&nbsp;<\/p>\n<h3 class=\"pf0\"><strong><span class=\"cf0\">Specifica<\/span><span class=\"cf1\">\u021bii<\/span> <span class=\"cf1\">cheie bont conic angulat 30\u00b0 MC-DC3-30D INVERTA\u00ae Deep Conical (\u00d8 3 mm):<\/span><\/strong><\/h3>\n<ul>\n<li class=\"pf0\"><span class=\"cf1\">Angula\u021bie<\/span><span class=\"cf1\"> mare <\/span><span class=\"cf1\">pentru<\/span> <span class=\"cf1\">realiniere<\/span> <span class=\"cf1\">protetic\u0103<\/span><\/li>\n<li class=\"pf0\"><span class=\"cf1\">Design compact <\/span><span class=\"cf1\">pentru<\/span><span class=\"cf1\"> control <\/span><span class=\"cf1\">tisular<\/span><\/li>\n<li class=\"pf0\"><span class=\"cf1\">Etan\u0219are<\/span> <span class=\"cf1\">conic\u0103<\/span> <span class=\"cf1\">stabil\u0103<\/span><span class=\"cf1\">, <\/span><span class=\"cf1\">f\u0103r\u0103<\/span><span class=\"cf1\"> micro-<\/span><span class=\"cf1\">mi\u0219c\u0103ri<\/span><\/li>\n<li class=\"pf0\"><span class=\"cf1\">Ideal <\/span><span class=\"cf1\">pentru<\/span> <span class=\"cf1\">cazuri<\/span> <span class=\"cf1\">implantare<\/span> <span class=\"cf1\">complexe<\/span><\/li>\n<li class=\"pf0\"><span class=\"cf1\">Integrare<\/span> <span class=\"cf1\">complet\u0103<\/span> <span class=\"cf0\">\u00een<\/span> <span class=\"cf0\">sistemul<\/span> <span class=\"cf0\">protetic<\/span><span class=\"cf0\"> INVERTA\u00ae<\/span><\/li>\n<\/ul>\n<h3 class=\"pf0\"><strong><span class=\"cf0\">Beneficii<\/span> <span class=\"cf0\">pentru<\/span> <span class=\"cf0\">medici:<\/span><\/strong><\/h3>\n<ul>\n<li class=\"pf0\"><span class=\"cf0\">Corectarea<\/span> <span class=\"cf0\">eficient<\/span><span class=\"cf1\">\u0103<\/span><span class=\"cf1\"> a <\/span><span class=\"cf1\">devia\u021biilor<\/span><span class=\"cf1\"> severe<\/span><\/li>\n<li class=\"pf0\"><span class=\"cf1\">Control precis al <\/span><span class=\"cf1\">emergen\u021bei<\/span> <span class=\"cf1\">gingivale<\/span><\/li>\n<li class=\"pf0\"><span class=\"cf1\">Stabilitate<\/span> <span class=\"cf1\">protetic\u0103<\/span> <span class=\"cf1\">ridicat\u0103<\/span><\/li>\n<li class=\"pf0\"><span class=\"cf1\">Reducerea<\/span> <span class=\"cf1\">compromisurilor<\/span> <span class=\"cf1\">estetice<\/span><\/li>\n<\/ul>\n<h3 class=\"pf0\"><strong><span class=\"cf1\">Beneficii<\/span> <span class=\"cf1\">pentru<\/span> <span class=\"cf1\">pacien\u021bi:<\/span><\/strong><\/h3>\n<ul>\n<li class=\"pf0\"><span class=\"cf1\">Restaur\u0103ri<\/span> <span class=\"cf1\">estetice<\/span> <span class=\"cf1\">corect<\/span> <span class=\"cf1\">aliniate<\/span><\/li>\n<li class=\"pf0\"><span class=\"cf1\">Confort<\/span> <span class=\"cf1\">\u0219i<\/span> <span class=\"cf1\">func\u021bionalitate<\/span> <span class=\"cf0\">\u00eembun<\/span><span class=\"cf1\">\u0103t\u0103\u021bite<\/span><\/li>\n<li class=\"pf0\"><span class=\"cf1\">Contur<\/span><span class=\"cf1\"> gingival natural <\/span><span class=\"cf1\">\u0219i<\/span> <span class=\"cf1\">stabil<\/span><\/li>\n<li class=\"pf0\"><span class=\"cf1\">Rezultate<\/span> <span class=\"cf1\">predictibile<\/span> <span class=\"cf1\">pe<\/span><span class=\"cf1\"> termen lung<\/span><\/li>\n<\/ul>\n<p><!--EndFragment --><\/p>\n<p><!--EndFragment --><\/p>\n","protected":false},"excerpt":{"rendered":"<p><!--StartFragment --><\/p>\n<p class=\"pf0\"><span class=\"cf0\">MC-DC3-30D <\/span><span class=\"cf0\">este<\/span><span class=\"cf0\"> un <\/span><span class=\"cf0\">bont<\/span> <span class=\"cf0\">protetic<\/span><span class=\"cf0\"> compact conic, cu <\/span><span class=\"cf0\">angula<\/span><span class=\"cf1\">\u021bie<\/span><span class=\"cf1\"> de 30<\/span><span class=\"cf0\">\u00b0, <\/span><span class=\"cf0\">conceput<\/span> <span class=\"cf0\">pentru<\/span> <span class=\"cf0\">corectarea<\/span> <span class=\"cf0\">semnificativ<\/span><span class=\"cf1\">\u0103<\/span><span class=\"cf1\"> a <\/span><span class=\"cf1\">axului<\/span> <span class=\"cf1\">protetic<\/span> <span class=\"cf0\">\u00een<\/span> <span class=\"cf0\">restaur<\/span><span class=\"cf1\">\u0103rile<\/span> <span class=\"cf1\">cimentate<\/span> <span class=\"cf1\">pe<\/span> <span class=\"cf1\">implanturile<\/span><span class=\"cf1\"> INVERTA<\/span><span class=\"cf0\">\u00ae \/ Deep Conical. <\/span><span class=\"cf0\">Diametrul<\/span><span class=\"cf0\"> \u00d8 3 mm <\/span><span class=\"cf0\">\u00eel<\/span> <span class=\"cf0\">recomand<\/span><span class=\"cf1\">\u0103<\/span> <span class=\"cf1\">pentru<\/span> <span class=\"cf1\">zonele<\/span> <span class=\"cf1\">frontale<\/span> <span class=\"cf1\">sau<\/span> <span class=\"cf1\">pentru<\/span> <span class=\"cf1\">spa\u021bii<\/span> <span class=\"cf1\">protetice<\/span> <span class=\"cf0\">\u00eenguste<\/span><span class=\"cf0\">, <\/span><span class=\"cf0\">\u00een<\/span> <span class=\"cf0\">cazuri<\/span><span class=\"cf0\"> cu <\/span><span class=\"cf0\">discrepan<\/span><span class=\"cf1\">\u021be<\/span> <span class=\"cf1\">implantare<\/span><span class=\"cf1\"> accentuate.<\/span><\/p>\n<p><!--EndFragment --><\/p>\n","protected":false},"featured_media":9807,"comment_status":"closed","ping_status":"closed","template":"","meta":{"_kad_blocks_custom_css":"","_kad_blocks_head_custom_js":"","_kad_blocks_body_custom_js":"","_kad_blocks_footer_custom_js":"","_kadence_starter_templates_imported_post":false,"_kad_post_transparent":"default","_kad_post_title":"","_kad_post_layout":"default","_kad_post_sidebar_id":"","_kad_post_content_style":"default","_kad_post_vertical_padding":"default","_kad_post_feature":"","_kad_post_feature_position":"","_kad_post_header":false,"_kad_post_footer":false,"_kad_post_classname":""},"product_brand":[482],"product_cat":[219,35],"product_tag":[470],"product_partner":[],"class_list":{"0":"post-6811","1":"product","2":"type-product","3":"status-publish","4":"has-post-thumbnail","6":"product_brand-southern-implants","7":"product_cat-bont-angulat-bonturi-protetice-protetica-dentium-nr-line","8":"product_cat-protetica-dentara","9":"product_tag-preorder","11":"first","12":"instock","13":"taxable","14":"shipping-taxable","15":"purchasable","16":"product-type-simple","17":"entry","18":"content-bg","19":"loop-entry"},"taxonomy_info":{"product_brand":[{"value":482,"label":"Southern Implants"}],"product_cat":[{"value":219,"label":"Bont angulat"},{"value":35,"label":"Protetic\u0103 dentar\u0103"}],"product_tag":[{"value":470,"label":"#preorder"}]},"featured_image_src_large":["https:\/\/gursk.ro\/shop\/wp-content\/uploads\/2025\/09\/Bont-conic-angulat-30\u00b0-MC-DC3-30D.png",720,720,false],"author_info":[],"comment_info":0,"_links":{"self":[{"href":"https:\/\/gursk.ro\/shop\/wp-json\/wp\/v2\/product\/6811","targetHints":{"allow":["GET"]}}],"collection":[{"href":"https:\/\/gursk.ro\/shop\/wp-json\/wp\/v2\/product"}],"about":[{"href":"https:\/\/gursk.ro\/shop\/wp-json\/wp\/v2\/types\/product"}],"replies":[{"embeddable":true,"href":"https:\/\/gursk.ro\/shop\/wp-json\/wp\/v2\/comments?post=6811"}],"version-history":[{"count":1,"href":"https:\/\/gursk.ro\/shop\/wp-json\/wp\/v2\/product\/6811\/revisions"}],"predecessor-version":[{"id":9806,"href":"https:\/\/gursk.ro\/shop\/wp-json\/wp\/v2\/product\/6811\/revisions\/9806"}],"wp:featuredmedia":[{"embeddable":true,"href":"https:\/\/gursk.ro\/shop\/wp-json\/wp\/v2\/media\/9807"}],"wp:attachment":[{"href":"https:\/\/gursk.ro\/shop\/wp-json\/wp\/v2\/media?parent=6811"}],"wp:term":[{"taxonomy":"product_brand","embeddable":true,"href":"https:\/\/gursk.ro\/shop\/wp-json\/wp\/v2\/product_brand?post=6811"},{"taxonomy":"product_cat","embeddable":true,"href":"https:\/\/gursk.ro\/shop\/wp-json\/wp\/v2\/product_cat?post=6811"},{"taxonomy":"product_tag","embeddable":true,"href":"https:\/\/gursk.ro\/shop\/wp-json\/wp\/v2\/product_tag?post=6811"},{"taxonomy":"product_partner","embeddable":true,"href":"https:\/\/gursk.ro\/shop\/wp-json\/wp\/v2\/product_partner?post=6811"}],"curies":[{"name":"wp","href":"https:\/\/api.w.org\/{rel}","templated":true}]}}