{"id":6803,"date":"2025-09-18T18:46:26","date_gmt":"2025-09-18T15:46:26","guid":{"rendered":"https:\/\/gursk.ro\/shop\/?post_type=product&#038;p=6803"},"modified":"2026-04-08T10:27:08","modified_gmt":"2026-04-08T07:27:08","slug":"bonturi-protetice-mc-dc4","status":"publish","type":"product","link":"https:\/\/gursk.ro\/shop\/produs\/bonturi-protetice-mc-dc4\/","title":{"rendered":"Bonturi protetice MC-DC4 INVERTA\u00ae Deep Conical  (\u00d8 4 mm)"},"content":{"rendered":"<p><!--StartFragment --><\/p>\n<p class=\"pf0\"><span class=\"cf0\">Seria de bonturi protetice <strong>MC-DC4<\/strong> INVERTA\u00ae Deep Conical (\u00d8 4 mm) <strong>permite <\/strong><\/span><strong><span class=\"cf0\">o <\/span><span class=\"cf0\">tranzi\u021bie<\/span> <span class=\"cf0\">armonioas\u0103<\/span> <span class=\"cf1\">\u00eentre<\/span><span class=\"cf1\"> implant <\/span><span class=\"cf2\">\u0219i<\/span> <span class=\"cf2\">restaurarea<\/span> <span class=\"cf2\">protetic\u0103<\/span><span class=\"cf2\">, <\/span><span class=\"cf2\">contribuind<\/span><span class=\"cf2\"> la <\/span><span class=\"cf2\">stabilitatea<\/span> <span class=\"cf2\">biomecanic\u0103<\/span> <span class=\"cf2\">\u0219i<\/span><span class=\"cf2\"> la <\/span><span class=\"cf2\">men\u021binerea<\/span> <span class=\"cf2\">s\u0103n\u0103t\u0103\u021bii<\/span> <span class=\"cf2\">\u021besuturilor<\/span> <span class=\"cf2\">periimplantare<\/span><\/strong><span class=\"cf2\"><strong>.<\/strong> <\/span><span class=\"cf2\">Diametrul<\/span> <span class=\"cf2\">platformei<\/span> <span class=\"cf1\">\u00d8 4 mm <\/span><span class=\"cf1\">reprezint<\/span><span class=\"cf2\">\u0103<\/span> <span class=\"cf2\">op\u021biunea<\/span><span class=\"cf2\"> standard <\/span><span class=\"cf2\">pentru<\/span> <span class=\"cf2\">majoritatea<\/span> <span class=\"cf2\">indica\u021biilor<\/span> <span class=\"cf2\">clinice<\/span><span class=\"cf2\">, <\/span><span class=\"cf2\">fiind<\/span> <strong><span class=\"cf2\">adecvat<\/span> <span class=\"cf2\">at<\/span><span class=\"cf1\">\u00e2t<\/span> <span class=\"cf1\">pentru<\/span> <span class=\"cf1\">zonele<\/span> <span class=\"cf1\">frontale<\/span><span class=\"cf1\">, <\/span><span class=\"cf1\">c\u00e2t<\/span> <span class=\"cf2\">\u0219i<\/span> <span class=\"cf2\">pentru<\/span> <span class=\"cf2\">cele<\/span> <span class=\"cf2\">laterale<\/span><span class=\"cf2\">, <\/span><\/strong><span class=\"cf1\">\u00een<\/span> <span class=\"cf1\">func<\/span><span class=\"cf2\">\u021bie<\/span><span class=\"cf2\"> de <\/span><span class=\"cf2\">anatomia<\/span> <span class=\"cf2\">cazului<\/span> <span class=\"cf2\">\u0219i<\/span><span class=\"cf2\"> de <\/span><span class=\"cf2\">cerin\u021bele<\/span> <span class=\"cf2\">estetice<\/span><span class=\"cf2\">. <\/span><span class=\"cf2\">Variantele<\/span><span class=\"cf2\"> de <\/span><span class=\"cf1\">\u00een<\/span><span class=\"cf2\">\u0103l\u021bime<\/span><span class=\"cf2\"> permit <\/span><span class=\"cf2\">selec\u021bia<\/span> <span class=\"cf2\">clinic\u0103<\/span> <span class=\"cf2\">optim\u0103<\/span><span class=\"cf2\">:<\/span><\/p>\n<p class=\"pf0\"><span class=\"cf2\"><strong>MC-DC4-1<\/strong> (1 mm) <\/span><span class=\"cf3\">\u2013 <\/span><span class=\"cf3\">indicat<\/span> <span class=\"cf3\">pentru<\/span> <span class=\"cf3\">spa<\/span><span class=\"cf2\">\u021biu<\/span> <span class=\"cf2\">interocluzal<\/span> <span class=\"cf2\">redus<\/span> <span class=\"cf2\">sau<\/span> <span class=\"cf2\">necesitate<\/span> <span class=\"cf2\">minim\u0103<\/span><span class=\"cf2\"> de <\/span><span class=\"cf2\">emergen\u021b\u0103<\/span><span class=\"cf2\">;<\/span><\/p>\n<p class=\"pf0\"><span class=\"cf2\"><strong>MC-DC4-3<\/strong> (3 mm) <\/span><span class=\"cf3\">\u2013 <\/span><span class=\"cf3\">op<\/span><span class=\"cf2\">\u021biune<\/span> <span class=\"cf2\">echilibrat\u0103<\/span> <span class=\"cf2\">pentru<\/span> <span class=\"cf2\">majoritatea<\/span> <span class=\"cf2\">restaur\u0103rilor<\/span><span class=\"cf2\"> standard;<\/span><\/p>\n<p class=\"pf0\"><span class=\"cf2\"><strong>MC-DC4-4<\/strong> (4 mm) <\/span><span class=\"cf3\">\u2013 <\/span><span class=\"cf3\">recomandat<\/span> <span class=\"cf1\">\u00een<\/span> <span class=\"cf1\">cazurile<\/span><span class=\"cf1\"> cu <\/span><span class=\"cf1\">gingie<\/span> <span class=\"cf1\">mai<\/span> <span class=\"cf1\">groas<\/span><span class=\"cf2\">\u0103<\/span> <span class=\"cf2\">sau<\/span><span class=\"cf2\"> implant <\/span><span class=\"cf2\">inserat<\/span> <span class=\"cf2\">subcrestal<\/span><span class=\"cf2\">;<\/span><\/p>\n<p class=\"pf0\"><span class=\"cf2\"><strong>MC-DC4-5<\/strong> (5 mm) <\/span><span class=\"cf3\">\u2013 <\/span><span class=\"cf3\">utilizat<\/span> <span class=\"cf3\">atunci<\/span> <span class=\"cf3\">c<\/span><span class=\"cf1\">\u00e2nd<\/span> <span class=\"cf1\">este<\/span> <span class=\"cf1\">necesar<\/span><span class=\"cf2\">\u0103<\/span><span class=\"cf2\"> o <\/span><span class=\"cf2\">emergen\u021b\u0103<\/span> <span class=\"cf2\">gingival\u0103<\/span> <span class=\"cf2\">mai<\/span> <span class=\"cf1\">\u00eenalt<\/span><span class=\"cf2\">\u0103<\/span> <span class=\"cf2\">\u0219i<\/span><span class=\"cf2\"> un <\/span><span class=\"cf2\">suport<\/span> <span class=\"cf2\">protetic<\/span> <span class=\"cf2\">extins<\/span><span class=\"cf2\">.<\/span><\/p>\n<p class=\"pf0\"><span class=\"cf2\">Conexiunea<\/span><span class=\"cf2\"> Deep Conical <\/span><span class=\"cf2\">ofer\u0103<\/span> <span class=\"cf2\">etan\u0219are<\/span> <span class=\"cf2\">mecanic\u0103<\/span> <span class=\"cf2\">superioar\u0103<\/span><span class=\"cf2\">, <\/span><span class=\"cf2\">stabilitate<\/span> <span class=\"cf2\">antirota\u021bional\u0103<\/span> <span class=\"cf2\">\u0219i<\/span> <span class=\"cf2\">distribu\u021bie<\/span> <span class=\"cf2\">favorabil\u0103<\/span><span class=\"cf2\"> a <\/span><span class=\"cf2\">for\u021belor<\/span> <span class=\"cf2\">func\u021bionale<\/span><span class=\"cf2\">. <\/span><span class=\"cf2\">Suprafa\u021ba<\/span> <span class=\"cf2\">polisat\u0103<\/span> <span class=\"cf2\">contribuie<\/span><span class=\"cf2\"> la <\/span><span class=\"cf2\">reducerea<\/span> <span class=\"cf2\">reten\u021biei<\/span> <span class=\"cf2\">bacteriene<\/span> <span class=\"cf2\">\u0219i<\/span><span class=\"cf2\"> la <\/span><span class=\"cf2\">men\u021binerea<\/span> <span class=\"cf2\">s\u0103n\u0103t\u0103\u021bii<\/span> <span class=\"cf2\">gingivale<\/span><span class=\"cf2\">.<!--StartFragment --><\/span><\/p>\n<h3 class=\"pf0\"><strong><span class=\"cf0\">Specifica<\/span><span class=\"cf0\">\u021bii cheie bonturi protetice MC-DC4 INVERTA\u00ae Deep Conical (\u00d8 4 mm):<\/span><\/strong><\/h3>\n<ul>\n<li class=\"pf0\"><span class=\"cf0\">Design conic compact <\/span><span class=\"cf0\">pentru<\/span><span class=\"cf0\"> control <\/span><span class=\"cf0\">tisular<\/span><\/li>\n<li class=\"pf0\"><span class=\"cf0\">Etan\u0219are<\/span> <span class=\"cf0\">conic\u0103<\/span> <span class=\"cf0\">stabil\u0103<\/span><span class=\"cf0\">, <\/span><span class=\"cf0\">f\u0103r\u0103<\/span><span class=\"cf0\"> micro-<\/span><span class=\"cf0\">mi\u0219c\u0103ri<\/span><\/li>\n<li class=\"pf0\"><span class=\"cf0\">Adaptare<\/span> <span class=\"cf0\">predictibil\u0103<\/span><span class=\"cf0\"> a <\/span><span class=\"cf0\">emergen\u021bei<\/span> <span class=\"cf0\">gingivale<\/span><\/li>\n<li class=\"pf0\"><span class=\"cf0\">Versatilitate<\/span> <span class=\"cf0\">clinic\u0103<\/span> <span class=\"cf0\">ridicat\u0103<\/span><\/li>\n<li class=\"pf0\"><span class=\"cf0\">Integrare<\/span> <span class=\"cf0\">complet\u0103<\/span> <span class=\"cf1\">\u00een<\/span> <span class=\"cf1\">sistemul<\/span> <span class=\"cf1\">protetic<\/span><span class=\"cf1\"> INVERTA\u00ae<\/span><\/li>\n<\/ul>\n<h3 class=\"pf0\"><strong><span class=\"cf1\">Beneficii<\/span> <span class=\"cf1\">pentru<\/span> <span class=\"cf1\">medici:<\/span><\/strong><\/h3>\n<ul>\n<li class=\"pf0\"><span class=\"cf1\">Flexibilitate<\/span> <span class=\"cf1\">clinic<\/span><span class=\"cf2\">\u0103<\/span> <span class=\"cf2\">prin<\/span> <span class=\"cf2\">selec\u021bia<\/span> <span class=\"cf1\">\u00een<\/span><span class=\"cf2\">\u0103l\u021bimii<\/span><\/li>\n<li class=\"pf0\"><span class=\"cf2\">Control precis al <\/span><span class=\"cf2\">profilului<\/span><span class=\"cf2\"> de <\/span><span class=\"cf2\">emergen\u021b\u0103<\/span><\/li>\n<li class=\"pf0\"><span class=\"cf2\">Stabilitate<\/span> <span class=\"cf2\">protetic\u0103<\/span> <span class=\"cf2\">ridicat\u0103<\/span><\/li>\n<li class=\"pf0\"><span class=\"cf2\">Compatibilitate<\/span> <span class=\"cf2\">complet\u0103<\/span><span class=\"cf2\"> cu <\/span><span class=\"cf2\">componentele<\/span><span class=\"cf2\"> DC<\/span><\/li>\n<\/ul>\n<h3 class=\"pf0\"><strong><span class=\"cf2\">Beneficii<\/span> <span class=\"cf2\">pentru<\/span> <span class=\"cf2\">pacien\u021bi:<\/span><\/strong><\/h3>\n<ul>\n<li class=\"pf0\"><span class=\"cf2\">Contur<\/span><span class=\"cf2\"> gingival natural <\/span><span class=\"cf2\">\u0219i<\/span> <span class=\"cf2\">stabil<\/span><\/li>\n<li class=\"pf0\"><span class=\"cf2\">Restaur\u0103ri<\/span> <span class=\"cf2\">estetice<\/span> <span class=\"cf2\">\u0219i<\/span> <span class=\"cf2\">func\u021bionale<\/span><\/li>\n<li class=\"pf0\"><span class=\"cf2\">Confort<\/span> <span class=\"cf2\">\u0219i<\/span> <span class=\"cf2\">durabilitate<\/span> <span class=\"cf2\">pe<\/span><span class=\"cf2\"> termen lung<\/span><\/li>\n<li class=\"pf0\"><span class=\"cf2\">Risc<\/span> <span class=\"cf2\">redus<\/span><span class=\"cf2\"> de <\/span><span class=\"cf2\">irita\u021bii<\/span><span class=\"cf2\"> periimplantare<\/span><\/li>\n<\/ul>\n<p class=\"pf0\"><span class=\"cf2\"><!--EndFragment --><\/span><\/p>\n<p>&nbsp;<\/p>\n<p><!--EndFragment --><\/p>\n","protected":false},"excerpt":{"rendered":"<p><!--StartFragment --><\/p>\n<p class=\"pf0\"><span class=\"cf0\">Bonturile<\/span><span class=\"cf0\"> MC-DC4 sunt <\/span><span class=\"cf0\">bonturi<\/span> <span class=\"cf0\">protetice<\/span> <span class=\"cf0\">compacte<\/span><span class=\"cf0\">, cu design conic, <\/span><span class=\"cf0\">concepute<\/span> <span class=\"cf0\">pentru<\/span> <span class=\"cf0\">restaur<\/span><span class=\"cf1\">\u0103ri<\/span> <span class=\"cf1\">cimentate<\/span> <span class=\"cf1\">pe<\/span> <span class=\"cf1\">implanturile<\/span><span class=\"cf1\"> INVERTA<\/span><span class=\"cf0\">\u00ae \/ Deep Conical. Gama de <\/span><span class=\"cf0\">\u00een<\/span><span class=\"cf1\">\u0103l\u021bimi<\/span> <span class=\"cf1\">disponibile<\/span> <span class=\"cf1\">permite<\/span> <span class=\"cf1\">adaptarea<\/span> <span class=\"cf1\">precis\u0103<\/span><span class=\"cf1\"> a <\/span><span class=\"cf1\">emergen\u021bei<\/span> <span class=\"cf1\">gingivale<\/span> <span class=\"cf1\">\u0219i<\/span><span class=\"cf1\"> a <\/span><span class=\"cf1\">profilului<\/span> <span class=\"cf1\">protetic<\/span> <span class=\"cf0\">\u00een<\/span> <span class=\"cf0\">func<\/span><span class=\"cf1\">\u021bie<\/span><span class=\"cf1\"> de <\/span><span class=\"cf1\">biotipul<\/span><span class=\"cf1\"> gingival <\/span><span class=\"cf1\">\u0219i<\/span> <span class=\"cf1\">pozi\u021bia<\/span> <span class=\"cf1\">implantului<\/span><span class=\"cf1\">.<\/span><\/p>\n<p><!--EndFragment --><\/p>\n","protected":false},"featured_media":9796,"comment_status":"closed","ping_status":"closed","template":"","meta":{"_kad_blocks_custom_css":"","_kad_blocks_head_custom_js":"","_kad_blocks_body_custom_js":"","_kad_blocks_footer_custom_js":"","_kadence_starter_templates_imported_post":false,"_kad_post_transparent":"default","_kad_post_title":"","_kad_post_layout":"default","_kad_post_sidebar_id":"","_kad_post_content_style":"default","_kad_post_vertical_padding":"default","_kad_post_feature":"","_kad_post_feature_position":"","_kad_post_header":false,"_kad_post_footer":false,"_kad_post_classname":""},"product_brand":[482],"product_cat":[35],"product_tag":[470],"product_partner":[],"class_list":{"0":"post-6803","1":"product","2":"type-product","3":"status-publish","4":"has-post-thumbnail","6":"product_brand-southern-implants","7":"product_cat-protetica-dentara","8":"product_tag-preorder","10":"first","11":"instock","12":"taxable","13":"shipping-taxable","14":"purchasable","15":"product-type-simple","16":"entry","17":"content-bg","18":"loop-entry"},"taxonomy_info":{"product_brand":[{"value":482,"label":"Southern Implants"}],"product_cat":[{"value":35,"label":"Protetic\u0103 dentar\u0103"}],"product_tag":[{"value":470,"label":"#preorder"}]},"featured_image_src_large":["https:\/\/gursk.ro\/shop\/wp-content\/uploads\/2025\/09\/Bonturi-protetice-MC-DC4-1.png",720,720,false],"author_info":[],"comment_info":0,"_links":{"self":[{"href":"https:\/\/gursk.ro\/shop\/wp-json\/wp\/v2\/product\/6803","targetHints":{"allow":["GET"]}}],"collection":[{"href":"https:\/\/gursk.ro\/shop\/wp-json\/wp\/v2\/product"}],"about":[{"href":"https:\/\/gursk.ro\/shop\/wp-json\/wp\/v2\/types\/product"}],"replies":[{"embeddable":true,"href":"https:\/\/gursk.ro\/shop\/wp-json\/wp\/v2\/comments?post=6803"}],"wp:featuredmedia":[{"embeddable":true,"href":"https:\/\/gursk.ro\/shop\/wp-json\/wp\/v2\/media\/9796"}],"wp:attachment":[{"href":"https:\/\/gursk.ro\/shop\/wp-json\/wp\/v2\/media?parent=6803"}],"wp:term":[{"taxonomy":"product_brand","embeddable":true,"href":"https:\/\/gursk.ro\/shop\/wp-json\/wp\/v2\/product_brand?post=6803"},{"taxonomy":"product_cat","embeddable":true,"href":"https:\/\/gursk.ro\/shop\/wp-json\/wp\/v2\/product_cat?post=6803"},{"taxonomy":"product_tag","embeddable":true,"href":"https:\/\/gursk.ro\/shop\/wp-json\/wp\/v2\/product_tag?post=6803"},{"taxonomy":"product_partner","embeddable":true,"href":"https:\/\/gursk.ro\/shop\/wp-json\/wp\/v2\/product_partner?post=6803"}],"curies":[{"name":"wp","href":"https:\/\/api.w.org\/{rel}","templated":true}]}}