{"id":6792,"date":"2025-09-18T18:46:12","date_gmt":"2025-09-18T15:46:12","guid":{"rendered":"https:\/\/gursk.ro\/shop\/?post_type=product&#038;p=6792"},"modified":"2026-05-04T10:26:51","modified_gmt":"2026-05-04T07:26:51","slug":"surub-protetic-ts-dc4-16","status":"publish","type":"product","link":"https:\/\/gursk.ro\/shop\/produs\/surub-protetic-ts-dc4-16\/","title":{"rendered":"\u0218urub protetic TS-DC4-16 cu Hex, INVERTA\u00ae Deep Conical, filet M1.6 (\u00d8 3.5 \/ 4.0 mm)"},"content":{"rendered":"<p><!--StartFragment --><\/p>\n<p class=\"pf0\"><span class=\"cf0\">\u0218urubul protetic TS-DC4-16 face parte din ecosistemul protetic INVERTA<\/span><span class=\"cf1\">\u00ae Deep Conical <\/span><span class=\"cf2\">\u0219i<\/span> <span class=\"cf2\">este<\/span> <span class=\"cf2\">utilizat<\/span> <span class=\"cf2\">pentru<\/span> <strong><span class=\"cf2\">fixarea<\/span> <span class=\"cf2\">mecanic\u0103<\/span> <span class=\"cf2\">stabil\u0103<\/span><span class=\"cf2\"> a <\/span><span class=\"cf2\">bonturilor<\/span> <span class=\"cf2\">protetice<\/span><\/strong><span class=\"cf2\"> (<\/span><span class=\"cf2\">bonturi<\/span><span class=\"cf2\"> standard, <\/span><span class=\"cf2\">Ti<\/span><span class=\"cf2\">-Base, <\/span><span class=\"cf2\">cilindri<\/span><span class=\"cf2\"> din titan) <\/span><span class=\"cf2\">pe<\/span> <span class=\"cf2\">implanturile<\/span><span class=\"cf2\"> cu <\/span><span class=\"cf2\">platform\u0103<\/span><span class=\"cf2\"> DC4. <\/span><span class=\"cf2\">Filetul<\/span><span class=\"cf2\"> M1.6 <\/span><span class=\"cf2\">ofer\u0103<\/span><span class=\"cf2\"> o <\/span><span class=\"cf2\">rezisten\u021b\u0103<\/span> <span class=\"cf2\">mecanic\u0103<\/span> <span class=\"cf2\">superioar\u0103<\/span> <span class=\"cf2\">comparativ<\/span><span class=\"cf2\"> cu <\/span><span class=\"cf2\">\u0219uruburile<\/span><span class=\"cf2\"> M1.4, <\/span><span class=\"cf2\">fiind<\/span> <span class=\"cf2\">indicat<\/span> <span class=\"cf1\">\u00een<\/span><span class=\"cf1\"> special <\/span><span class=\"cf1\">pentru<\/span><span class=\"cf1\">: <\/span><strong><span class=\"cf1\">restaur<\/span><span class=\"cf2\">\u0103ri<\/span> <span class=\"cf2\">unitare<\/span> <span class=\"cf2\">\u0219i<\/span><span class=\"cf2\"> multiple, <\/span><span class=\"cf2\">zone <\/span><span class=\"cf2\">laterale<\/span><span class=\"cf2\"> cu <\/span><span class=\"cf2\">solicit\u0103ri<\/span> <span class=\"cf2\">func\u021bionale<\/span> <span class=\"cf2\">crescute<\/span><span class=\"cf2\">, <\/span><span class=\"cf2\">restaur\u0103ri<\/span> <span class=\"cf2\">protetice<\/span><span class=\"cf2\"> cu <\/span><span class=\"cf2\">volum<\/span> <span class=\"cf2\">coronar<\/span> <span class=\"cf2\">mai<\/span><span class=\"cf2\"> mare.<\/span><\/strong><\/p>\n<p class=\"pf0\"><span class=\"cf2\">Capul cu hex intern <\/span><span class=\"cf2\">permite<\/span> <span class=\"cf2\">transmiterea<\/span> <span class=\"cf2\">eficient\u0103<\/span> <span class=\"cf2\">\u0219i<\/span> <span class=\"cf2\">controlat\u0103<\/span><span class=\"cf2\"> a <\/span><span class=\"cf2\">cuplului<\/span> <span class=\"cf1\">\u00een<\/span> <span class=\"cf1\">timpul<\/span> <span class=\"cf1\">\u00een<\/span><span class=\"cf2\">\u0219urub\u0103rii<\/span> <span class=\"cf2\">\u0219i<\/span> <span class=\"cf2\">de\u0219urub\u0103rii<\/span><span class=\"cf2\">, <\/span><span class=\"cf2\">asigur<\/span><span class=\"cf1\">\u00e2nd<\/span><span class=\"cf1\"> o <\/span><span class=\"cf1\">pozi<\/span><span class=\"cf2\">\u021bionare<\/span> <span class=\"cf2\">precis\u0103<\/span><span class=\"cf2\"> a <\/span><span class=\"cf2\">bontului<\/span> <span class=\"cf2\">\u0219i<\/span> <span class=\"cf2\">reduc<\/span><span class=\"cf1\">\u00e2nd<\/span> <span class=\"cf1\">riscul<\/span><span class=\"cf1\"> de <\/span><span class=\"cf1\">sl<\/span><span class=\"cf2\">\u0103bire<\/span> <span class=\"cf1\">\u00een<\/span> <span class=\"cf1\">timp.<\/span><\/p>\n<p class=\"pf0\"><span class=\"cf1\">Fabricat<\/span><span class=\"cf1\"> din titan medical, TS-DC4-16 <\/span><span class=\"cf1\">ofer<\/span><span class=\"cf2\">\u0103<\/span> <span class=\"cf2\">biocompatibilitate<\/span> <span class=\"cf2\">excelent\u0103<\/span><span class=\"cf2\">, <\/span><span class=\"cf2\">rezisten\u021b\u0103<\/span><span class=\"cf2\"> la <\/span><span class=\"cf2\">coroziune<\/span> <span class=\"cf2\">\u0219i<\/span> <span class=\"cf2\">compatibilitate<\/span><span class=\"cf2\"> cu <\/span><span class=\"cf2\">cicluri<\/span> <span class=\"cf2\">repetate<\/span><span class=\"cf2\"> de <\/span><span class=\"cf2\">sterilizare<\/span><span class=\"cf2\">. <\/span><span class=\"cf2\">Integrarea<\/span> <span class=\"cf2\">sa<\/span><span class=\"cf2\"> cu <\/span><span class=\"cf2\">conexiunea<\/span><span class=\"cf2\"> Deep Conical <\/span><span class=\"cf2\">contribuie<\/span><span class=\"cf2\"> la <\/span><span class=\"cf2\">stabilitatea<\/span> <span class=\"cf2\">biomecanic\u0103<\/span><span class=\"cf2\"> a <\/span><span class=\"cf2\">ansamblului<\/span> <span class=\"cf2\">protetic<\/span> <span class=\"cf2\">\u0219i<\/span><span class=\"cf2\"> la <\/span><span class=\"cf2\">men\u021binerea<\/span> <span class=\"cf2\">etan\u0219\u0103rii<\/span><span class=\"cf2\"> interne la <\/span><span class=\"cf2\">nivel<\/span><span class=\"cf2\"> implant<\/span><span class=\"cf3\">\u2013<\/span><span class=\"cf3\">bont<\/span><span class=\"cf3\">.<\/span><\/p>\n<p><!--StartFragment --><\/p>\n<h3 class=\"pf0\"><strong><span class=\"cf0\">Specifica\u021bii cheie \u0219urub protetic TS-DC4-16 cu Hex, INVERTA\u00ae Deep Conical, filet M1.6 (\u00d8 3.5 \/ 4.0 mm):\u00a0<\/span><\/strong><\/h3>\n<ul>\n<li class=\"pf0\"><span class=\"cf0\">Fixare sigur\u0103 \u0219i stabil\u0103<\/span><\/li>\n<li class=\"pf0\"><span class=\"cf0\">Transmitere eficient\u0103 a cuplului<\/span><\/li>\n<li class=\"pf0\"><span class=\"cf0\">Rezisten\u021b\u0103 mecanic\u0103 crescut\u0103<\/span><\/li>\n<li class=\"pf0\"><span class=\"cf0\">Compatibilitate complet\u0103 cu DC4<\/span><\/li>\n<\/ul>\n<h3 class=\"pf0\"><strong><span class=\"cf0\">Beneficii <\/span><span class=\"cf0\">pentru<\/span> <span class=\"cf0\">medici:<\/span><\/strong><\/h3>\n<ul>\n<li class=\"pf0\"><span class=\"cf0\">Control precis al <\/span><span class=\"cf0\">fix\u0103rii<\/span> <span class=\"cf0\">protetice<\/span><\/li>\n<li class=\"pf0\"><span class=\"cf0\">Stabilitate<\/span> <span class=\"cf0\">mecanic\u0103<\/span> <span class=\"cf1\">\u00een<\/span><span class=\"cf1\"> zone <\/span><span class=\"cf1\">solicitante<\/span><\/li>\n<li class=\"pf0\"><span class=\"cf1\">Reducerea<\/span> <span class=\"cf1\">riscului<\/span><span class=\"cf1\"> de <\/span><span class=\"cf1\">sl<\/span><span class=\"cf2\">\u0103bire<\/span><\/li>\n<li class=\"pf0\"><span class=\"cf2\">Integrare<\/span> <span class=\"cf2\">predictibil\u0103<\/span> <span class=\"cf1\">\u00een<\/span> <span class=\"cf1\">sistemul<\/span><span class=\"cf1\"> INVERTA\u00ae<\/span><\/li>\n<\/ul>\n<h3 class=\"pf0\"><strong><span class=\"cf1\">Beneficii<\/span> <span class=\"cf1\">pentru<\/span> <span class=\"cf1\">pacien<\/span><span class=\"cf2\">\u021bi:<\/span><\/strong><\/h3>\n<ul>\n<li class=\"pf0\"><span class=\"cf2\">Restaur\u0103ri<\/span> <span class=\"cf2\">protetice<\/span><span class=\"cf2\"> stabile<\/span><\/li>\n<li class=\"pf0\"><span class=\"cf2\">Confort<\/span> <span class=\"cf2\">func\u021bional<\/span> <span class=\"cf2\">pe<\/span><span class=\"cf2\"> termen lung<\/span><\/li>\n<li class=\"pf0\"><span class=\"cf2\">Risc<\/span> <span class=\"cf2\">redus<\/span><span class=\"cf2\"> de <\/span><span class=\"cf2\">complica\u021bii<\/span> <span class=\"cf2\">mecanice<\/span><\/li>\n<li class=\"pf0\"><span class=\"cf2\">Durabilitate<\/span> <span class=\"cf2\">crescut\u0103<\/span><span class=\"cf2\"> a lucr\u0103rii<\/span><\/li>\n<\/ul>\n<p><!--EndFragment --><\/p>\n<p><!--EndFragment --><\/p>\n","protected":false},"excerpt":{"rendered":"<p><!--StartFragment --><\/p>\n<p class=\"pf0\"><span class=\"cf0\">TS-DC4-16 este un \u0219urub protetic cu hex, <\/span><span class=\"cf0\">av<\/span><span class=\"cf1\">\u00e2nd<\/span><span class=\"cf1\"> filet M1.6, <\/span><span class=\"cf1\">conceput<\/span> <span class=\"cf1\">pentru<\/span> <span class=\"cf1\">fixarea<\/span> <span class=\"cf1\">sigur<\/span><span class=\"cf2\">\u0103<\/span><span class=\"cf2\"> a <\/span><span class=\"cf2\">bonturilor<\/span> <span class=\"cf2\">protetice<\/span> <span class=\"cf2\">pe<\/span> <span class=\"cf2\">implanturile<\/span><span class=\"cf2\"> INVERTA<\/span><span class=\"cf1\">\u00ae \/ Deep Conical cu <\/span><span class=\"cf1\">platform<\/span><span class=\"cf2\">\u0103<\/span><span class=\"cf2\"> DC4 (<\/span><span class=\"cf1\">\u00d8 3.5 \/ 4.0 mm).<\/span><\/p>\n<p><!--EndFragment --><\/p>\n","protected":false},"featured_media":9912,"comment_status":"closed","ping_status":"closed","template":"","meta":{"_kad_blocks_custom_css":"","_kad_blocks_head_custom_js":"","_kad_blocks_body_custom_js":"","_kad_blocks_footer_custom_js":"","_kadence_starter_templates_imported_post":false,"_kad_post_transparent":"default","_kad_post_title":"","_kad_post_layout":"default","_kad_post_sidebar_id":"","_kad_post_content_style":"default","_kad_post_vertical_padding":"default","_kad_post_feature":"","_kad_post_feature_position":"","_kad_post_header":false,"_kad_post_footer":false,"_kad_post_classname":""},"product_brand":[482],"product_cat":[75,35],"product_tag":[470],"product_partner":[],"class_list":{"0":"post-6792","1":"product","2":"type-product","3":"status-publish","4":"has-post-thumbnail","6":"product_brand-southern-implants","7":"product_cat-bonturi-protetice","8":"product_cat-protetica-dentara","9":"product_tag-preorder","11":"first","12":"instock","13":"taxable","14":"shipping-taxable","15":"purchasable","16":"product-type-simple","17":"entry","18":"content-bg","19":"loop-entry"},"taxonomy_info":{"product_brand":[{"value":482,"label":"Southern Implants"}],"product_cat":[{"value":75,"label":"Bonturi protetice"},{"value":35,"label":"Protetic\u0103 dentar\u0103"}],"product_tag":[{"value":470,"label":"#preorder"}]},"featured_image_src_large":["https:\/\/gursk.ro\/shop\/wp-content\/uploads\/2025\/09\/Surub-protetic-TS-DC4-16.png",720,720,false],"author_info":[],"comment_info":0,"_links":{"self":[{"href":"https:\/\/gursk.ro\/shop\/wp-json\/wp\/v2\/product\/6792","targetHints":{"allow":["GET"]}}],"collection":[{"href":"https:\/\/gursk.ro\/shop\/wp-json\/wp\/v2\/product"}],"about":[{"href":"https:\/\/gursk.ro\/shop\/wp-json\/wp\/v2\/types\/product"}],"replies":[{"embeddable":true,"href":"https:\/\/gursk.ro\/shop\/wp-json\/wp\/v2\/comments?post=6792"}],"version-history":[{"count":1,"href":"https:\/\/gursk.ro\/shop\/wp-json\/wp\/v2\/product\/6792\/revisions"}],"predecessor-version":[{"id":9911,"href":"https:\/\/gursk.ro\/shop\/wp-json\/wp\/v2\/product\/6792\/revisions\/9911"}],"wp:featuredmedia":[{"embeddable":true,"href":"https:\/\/gursk.ro\/shop\/wp-json\/wp\/v2\/media\/9912"}],"wp:attachment":[{"href":"https:\/\/gursk.ro\/shop\/wp-json\/wp\/v2\/media?parent=6792"}],"wp:term":[{"taxonomy":"product_brand","embeddable":true,"href":"https:\/\/gursk.ro\/shop\/wp-json\/wp\/v2\/product_brand?post=6792"},{"taxonomy":"product_cat","embeddable":true,"href":"https:\/\/gursk.ro\/shop\/wp-json\/wp\/v2\/product_cat?post=6792"},{"taxonomy":"product_tag","embeddable":true,"href":"https:\/\/gursk.ro\/shop\/wp-json\/wp\/v2\/product_tag?post=6792"},{"taxonomy":"product_partner","embeddable":true,"href":"https:\/\/gursk.ro\/shop\/wp-json\/wp\/v2\/product_partner?post=6792"}],"curies":[{"name":"wp","href":"https:\/\/api.w.org\/{rel}","templated":true}]}}