{"id":6762,"date":"2025-09-18T18:45:56","date_gmt":"2025-09-18T15:45:56","guid":{"rendered":"https:\/\/gursk.ro\/shop\/?post_type=product&#038;p=6762"},"modified":"2026-05-04T10:26:51","modified_gmt":"2026-05-04T07:26:51","slug":"bonturi-protetice-drepte-gc-dc-cu-hex","status":"publish","type":"product","link":"https:\/\/gursk.ro\/shop\/produs\/bonturi-protetice-drepte-gc-dc-cu-hex\/","title":{"rendered":"Bonturi protetice drepte GC-DC cu Hex, Gold-Coated, Deep Conical"},"content":{"rendered":"<p>Aceste bonturi protetice drepte GC-DC cu Hex, Gold-Coated sunt <!--StartFragment --><strong><span class=\"cf0\">dezvoltate pentru restaur<\/span><\/strong><span class=\"cf0\"><strong>\u0103ri cimentate pe implanturile Southern Implants cu conexiune Deep Conical.<\/strong> Hexul intern asigur\u0103<strong> orientare precis\u0103 \u0219i stabilitate biomecanic\u0103 crescut\u0103,<\/strong> prevenind rota\u021bia bontului <\/span><span class=\"cf1\">\u00een<\/span> <span class=\"cf1\">timpul<\/span> <span class=\"cf1\">\u00eenc<\/span><span class=\"cf2\">\u0103rc\u0103rii<\/span> <span class=\"cf2\">func\u021bionale<\/span><span class=\"cf2\">. <\/span><span class=\"cf2\">Aceste<\/span> <span class=\"cf2\">bonturi<\/span><span class=\"cf2\"> sunt <strong>fabricate din titan medical<\/strong> <\/span><span class=\"cf2\">\u0219i<\/span> <strong><span class=\"cf2\">acoperite<\/span><span class=\"cf2\"> cu un <\/span><span class=\"cf2\">strat<\/span> <span class=\"cf2\">aurit<\/span><\/strong><span class=\"cf2\"><strong> (Gold-Coating)<\/strong>, care: <\/span><span class=\"cf1\">\u00eembun<\/span><span class=\"cf2\">\u0103t\u0103\u021be\u0219te<\/span> <span class=\"cf2\">estetica<\/span><span class=\"cf2\"> sub <\/span><span class=\"cf2\">restaur\u0103rile<\/span> <span class=\"cf2\">ceramice<\/span><span class=\"cf2\">,\u00a0<\/span><span class=\"cf2\">reduce <\/span><span class=\"cf2\">opacitatea<\/span> <span class=\"cf2\">metalic\u0103<\/span><span class=\"cf2\">, <\/span><span class=\"cf2\">optimizeaz\u0103<\/span> <span class=\"cf2\">adaptarea<\/span> <span class=\"cf2\">cimentului<\/span><span class=\"cf2\">, <\/span><span class=\"cf2\">limiteaz\u0103<\/span> <span class=\"cf2\">reten\u021bia<\/span> <span class=\"cf2\">bacterian\u0103<\/span><span class=\"cf2\"> la <\/span><span class=\"cf2\">marginea<\/span> <span class=\"cf2\">protetic\u0103<\/span><span class=\"cf2\">.<\/span><\/p>\n<p>&nbsp;<\/p>\n<p class=\"pf0\"><span class=\"cf2\">Diametrele<\/span> <span class=\"cf2\">disponibile<\/span><span class=\"cf2\"> (<\/span><span class=\"cf1\">\u00d8 3 mm, \u00d8 4 mm <\/span><span class=\"cf2\">\u0219i<\/span> <span class=\"cf1\">\u00d8 5 mm) permit <\/span><span class=\"cf1\">selec<\/span><span class=\"cf2\">\u021bia<\/span> <span class=\"cf2\">bontului<\/span> <span class=\"cf1\">\u00een<\/span> <span class=\"cf1\">func<\/span><span class=\"cf2\">\u021bie<\/span><span class=\"cf2\"> de <\/span><span class=\"cf2\">platforma<\/span> <span class=\"cf2\">implantului<\/span> <span class=\"cf2\">\u0219i<\/span><span class=\"cf2\"> de <\/span><span class=\"cf2\">anatomia<\/span> <span class=\"cf2\">\u021besuturilor<\/span> <span class=\"cf2\">periimplantare<\/span><span class=\"cf2\">:<\/span><\/p>\n<p class=\"pf0\"><strong><span class=\"cf2\">GC-DC3 <\/span><\/strong><span class=\"cf3\">\u2013 <\/span><span class=\"cf1\">\u00d8 3 mm <\/span><span class=\"cf1\">pentru<\/span> <span class=\"cf1\">implanturi<\/span><span class=\"cf1\"> cu <\/span><span class=\"cf1\">platform<\/span><span class=\"cf2\">\u0103<\/span> <span class=\"cf2\">redus\u0103<\/span><span class=\"cf2\">, zone <\/span><span class=\"cf2\">frontale<\/span> <span class=\"cf2\">sau<\/span> <span class=\"cf2\">spa\u021biu<\/span> <span class=\"cf2\">limitat<\/span><span class=\"cf2\">.<\/span><\/p>\n<p class=\"pf0\"><strong><span class=\"cf2\">GC-DC4 <\/span><\/strong><span class=\"cf3\">\u2013 <\/span><span class=\"cf1\">\u00d8 4 mm <\/span><span class=\"cf1\">pentru<\/span> <span class=\"cf1\">platforma<\/span><span class=\"cf1\"> standard Deep Conical; <\/span><span class=\"cf1\">uz<\/span><span class=\"cf1\"> general.<\/span><\/p>\n<p class=\"pf0\"><strong><span class=\"cf1\">GC-DC5 <\/span><\/strong><span class=\"cf3\">\u2013 <\/span><span class=\"cf1\">\u00d8 5 mm <\/span><span class=\"cf1\">pentru<\/span> <span class=\"cf1\">platforme<\/span> <span class=\"cf1\">largi<\/span><span class=\"cf1\">, <\/span><span class=\"cf1\">restaur<\/span><span class=\"cf2\">\u0103ri<\/span> <span class=\"cf2\">complexe<\/span> <span class=\"cf2\">sau<\/span> <span class=\"cf2\">coroane<\/span><span class=\"cf2\"> de <\/span><span class=\"cf2\">volum<\/span><span class=\"cf2\"> mare.<\/span><\/p>\n<p class=\"pf0\"><strong><span class=\"cf2\">Bonturile<\/span><span class=\"cf2\"> Gold-Coated sunt <\/span><span class=\"cf2\">preferate<\/span> <span class=\"cf1\">\u00een<\/span> <span class=\"cf1\">restaur<\/span><span class=\"cf2\">\u0103rile<\/span> <span class=\"cf2\">estetice<\/span><span class=\"cf2\">, <\/span><span class=\"cf2\">mai<\/span><span class=\"cf2\"> ales <\/span><span class=\"cf1\">\u00een<\/span><span class=\"cf1\"> zona <\/span><span class=\"cf1\">vizibil<\/span><span class=\"cf2\">\u0103<\/span><span class=\"cf2\">, <\/span><\/strong><span class=\"cf2\">unde<\/span> <span class=\"cf2\">evitarea<\/span> <span class=\"cf2\">umbrei<\/span> <span class=\"cf2\">metalice<\/span><span class=\"cf2\"> la <\/span><span class=\"cf2\">nivel<\/span><span class=\"cf2\"> gingival <\/span><span class=\"cf2\">este<\/span> <span class=\"cf2\">important\u0103<\/span><span class=\"cf2\">.<\/span><\/p>\n<p><!--StartFragment --><\/p>\n<h3 class=\"pf0\"><strong><span class=\"cf0\">Specifica<\/span><span class=\"cf0\">\u021bii cheie Bonturi protetice drepte GC-DC cu Hex, Gold-Coated, Deep Conical:<\/span><\/strong><\/h3>\n<ul>\n<li class=\"pf0\"><span class=\"cf0\">Hex antirota\u021bional pentru stabilitate superioar\u0103<\/span><\/li>\n<li class=\"pf0\"><span class=\"cf0\">Strat aurit pentru estetic\u0103 optim\u0103<\/span><\/li>\n<li class=\"pf0\"><span class=\"cf0\">Adaptare excelent\u0103 la restaur\u0103rile ceramice<\/span><\/li>\n<li class=\"pf0\"><span class=\"cf0\">Compatibilitate complet\u0103 cu protetica DC<\/span><\/li>\n<li class=\"pf0\"><span class=\"cf0\">Margin\u0103 <\/span><span class=\"cf0\">protetic\u0103<\/span> <span class=\"cf0\">curat\u0103<\/span> <span class=\"cf0\">\u0219i<\/span> <span class=\"cf0\">biocompatibil\u0103<\/span><\/li>\n<\/ul>\n<h3 class=\"pf0\"><strong><span class=\"cf0\">Beneficii<\/span> <span class=\"cf0\">pentru<\/span> <span class=\"cf0\">medici:<\/span><\/strong><\/h3>\n<ul>\n<li class=\"pf0\"><span class=\"cf0\">Versatilitate<\/span> <span class=\"cf0\">protetic\u0103<\/span><span class=\"cf0\"> mare<\/span><\/li>\n<li class=\"pf0\"><span class=\"cf0\">Adaptare<\/span> <span class=\"cf0\">precis\u0103<\/span><span class=\"cf0\"> la implant<\/span><\/li>\n<li class=\"pf0\"><span class=\"cf0\">Estetic\u0103<\/span> <span class=\"cf0\">superioar\u0103<\/span> <span class=\"cf1\">\u00een<\/span> <span class=\"cf1\">restaur<\/span><span class=\"cf2\">\u0103rile<\/span> <span class=\"cf2\">cimentate<\/span><\/li>\n<li class=\"pf0\"><span class=\"cf2\">Disponibile<\/span> <span class=\"cf1\">\u00een<\/span><span class=\"cf1\"> multiple diametre<\/span><\/li>\n<\/ul>\n<p><!--StartFragment --><\/p>\n<h3 class=\"pf0\"><strong><span class=\"cf0\">Beneficii pentru pacien<\/span><span class=\"cf0\">\u021bi:<\/span><\/strong><\/h3>\n<ul>\n<li class=\"pf0\"><span class=\"cf0\">Restaur\u0103ri estetice, f\u0103r\u0103 reflex metalic<\/span><\/li>\n<li class=\"pf0\"><span class=\"cf0\">Stabilitate \u0219i confort pe termen lung<\/span><\/li>\n<li class=\"pf0\"><span class=\"cf0\">Margine gingival\u0103 s\u0103n\u0103toas\u0103 \u0219i curat\u0103<\/span><\/li>\n<\/ul>\n<p><!--EndFragment --><\/p>\n<p><!--EndFragment --><\/p>\n<p><!--EndFragment --><\/p>\n","protected":false},"excerpt":{"rendered":"<p><!--StartFragment --><\/p>\n<p class=\"pf0\"><span class=\"cf0\">Bonturile<\/span> <span class=\"cf0\">drepte<\/span><span class=\"cf0\"> cu Hex GC-DC sunt <\/span><span class=\"cf0\">elemente<\/span> <span class=\"cf0\">protetice<\/span><span class=\"cf0\"> de <\/span><span class=\"cf0\">precizie<\/span><span class=\"cf0\">, <\/span><span class=\"cf0\">utilizate<\/span> <span class=\"cf0\">\u00een<\/span> <span class=\"cf0\">restaur<\/span><span class=\"cf1\">\u0103rile<\/span> <span class=\"cf1\">pe<\/span> <span class=\"cf1\">implanturi<\/span><span class=\"cf1\"> Deep Conical. <\/span><span class=\"cf1\">Acestea<\/span> <span class=\"cf1\">ofer\u0103<\/span> <span class=\"cf1\">stabilitate<\/span> <span class=\"cf1\">antirota\u021bional\u0103<\/span> <span class=\"cf1\">prin<\/span> <span class=\"cf1\">hexul<\/span><span class=\"cf1\"> intern <\/span><span class=\"cf1\">\u0219i<\/span><span class=\"cf1\"> o <\/span><span class=\"cf1\">reten\u021bie<\/span> <span class=\"cf1\">superioar\u0103<\/span><span class=\"cf1\"> a <\/span><span class=\"cf1\">cimentului<\/span> <span class=\"cf1\">datorit\u0103<\/span> <span class=\"cf1\">stratului<\/span> <span class=\"cf1\">aurit<\/span><span class=\"cf1\"> (Gold-Coated), <\/span><span class=\"cf1\">asigur<\/span><span class=\"cf0\">\u00e2nd<\/span><span class=\"cf0\"> o <\/span><span class=\"cf0\">restaurare<\/span> <span class=\"cf0\">final<\/span><span class=\"cf1\">\u0103<\/span> <span class=\"cf1\">durabil\u0103<\/span> <span class=\"cf1\">\u0219i<\/span> <span class=\"cf1\">estetic\u0103<\/span><span class=\"cf1\">.<\/span><\/p>\n<p><!--EndFragment --><\/p>\n","protected":false},"featured_media":9759,"comment_status":"closed","ping_status":"closed","template":"","meta":{"_kad_blocks_custom_css":"","_kad_blocks_head_custom_js":"","_kad_blocks_body_custom_js":"","_kad_blocks_footer_custom_js":"","_kadence_starter_templates_imported_post":false,"_kad_post_transparent":"default","_kad_post_title":"","_kad_post_layout":"default","_kad_post_sidebar_id":"","_kad_post_content_style":"default","_kad_post_vertical_padding":"default","_kad_post_feature":"","_kad_post_feature_position":"","_kad_post_header":false,"_kad_post_footer":false,"_kad_post_classname":""},"product_brand":[482],"product_cat":[75,35],"product_tag":[470],"product_partner":[],"class_list":{"0":"post-6762","1":"product","2":"type-product","3":"status-publish","4":"has-post-thumbnail","6":"product_brand-southern-implants","7":"product_cat-bonturi-protetice","8":"product_cat-protetica-dentara","9":"product_tag-preorder","11":"first","12":"instock","13":"taxable","14":"shipping-taxable","15":"purchasable","16":"product-type-simple","17":"entry","18":"content-bg","19":"loop-entry"},"taxonomy_info":{"product_brand":[{"value":482,"label":"Southern Implants"}],"product_cat":[{"value":75,"label":"Bonturi protetice"},{"value":35,"label":"Protetic\u0103 dentar\u0103"}],"product_tag":[{"value":470,"label":"#preorder"}]},"featured_image_src_large":["https:\/\/gursk.ro\/shop\/wp-content\/uploads\/2025\/09\/Bonturi-protetice-drepte-GC-DC3.png",720,720,false],"author_info":[],"comment_info":0,"_links":{"self":[{"href":"https:\/\/gursk.ro\/shop\/wp-json\/wp\/v2\/product\/6762","targetHints":{"allow":["GET"]}}],"collection":[{"href":"https:\/\/gursk.ro\/shop\/wp-json\/wp\/v2\/product"}],"about":[{"href":"https:\/\/gursk.ro\/shop\/wp-json\/wp\/v2\/types\/product"}],"replies":[{"embeddable":true,"href":"https:\/\/gursk.ro\/shop\/wp-json\/wp\/v2\/comments?post=6762"}],"version-history":[{"count":1,"href":"https:\/\/gursk.ro\/shop\/wp-json\/wp\/v2\/product\/6762\/revisions"}],"predecessor-version":[{"id":9753,"href":"https:\/\/gursk.ro\/shop\/wp-json\/wp\/v2\/product\/6762\/revisions\/9753"}],"wp:featuredmedia":[{"embeddable":true,"href":"https:\/\/gursk.ro\/shop\/wp-json\/wp\/v2\/media\/9759"}],"wp:attachment":[{"href":"https:\/\/gursk.ro\/shop\/wp-json\/wp\/v2\/media?parent=6762"}],"wp:term":[{"taxonomy":"product_brand","embeddable":true,"href":"https:\/\/gursk.ro\/shop\/wp-json\/wp\/v2\/product_brand?post=6762"},{"taxonomy":"product_cat","embeddable":true,"href":"https:\/\/gursk.ro\/shop\/wp-json\/wp\/v2\/product_cat?post=6762"},{"taxonomy":"product_tag","embeddable":true,"href":"https:\/\/gursk.ro\/shop\/wp-json\/wp\/v2\/product_tag?post=6762"},{"taxonomy":"product_partner","embeddable":true,"href":"https:\/\/gursk.ro\/shop\/wp-json\/wp\/v2\/product_partner?post=6762"}],"curies":[{"name":"wp","href":"https:\/\/api.w.org\/{rel}","templated":true}]}}