{"id":6755,"date":"2025-09-18T18:45:55","date_gmt":"2025-09-18T15:45:55","guid":{"rendered":"https:\/\/gursk.ro\/shop\/?post_type=product&#038;p=6755"},"modified":"2026-05-04T10:26:51","modified_gmt":"2026-05-04T07:26:51","slug":"bont-de-transfer-ict-dc4-w","status":"publish","type":"product","link":"https:\/\/gursk.ro\/shop\/produs\/bont-de-transfer-ict-dc4-w\/","title":{"rendered":"Bont de transfer ICT-DC4-W (Wide Platform) pentru tehnica de amprentare cu lingur\u0103 \u00eenchis\u0103"},"content":{"rendered":"<p><!--StartFragment --><\/p>\n<p class=\"pf0\"><span class=\"cf0\">Acest bont de transfer ICT-DC4-W (Wide Platform) pentru tehnica de amprentare cu lingur\u0103 \u00eenchis\u0103, dezvoltat<\/span><span class=\"cf0\">\u00a0de Southern Implants <strong>pentru cazurile ce necesit\u0103 stabilitate coronar\u0103 crescut\u0103 \u0219i suport protetic extins <\/strong>&#8211; <\/span><span class=\"cf1\">de regul<\/span><span class=\"cf0\">\u0103 <\/span><span class=\"cf2\">\u00een<\/span> <span class=\"cf2\">zonele<\/span> <span class=\"cf2\">laterale<\/span> <span class=\"cf2\">sau<\/span> <span class=\"cf2\">\u00een<\/span> <span class=\"cf2\">restaur<\/span><span class=\"cf3\">\u0103rile<\/span> <span class=\"cf3\">complexe<\/span><span class=\"cf3\"> cu <\/span><span class=\"cf3\">volum<\/span> <span class=\"cf3\">tisular<\/span><span class=\"cf3\"> important. <\/span><span class=\"cf3\">Prin<\/span> <span class=\"cf3\">designul<\/span> <span class=\"cf3\">s\u0103u<\/span> <span class=\"cf3\">optimizat<\/span> <span class=\"cf3\">pentru<\/span> <span class=\"cf3\">tehnica<\/span><span class=\"cf3\"> de <\/span><span class=\"cf3\">amprentare<\/span><span class=\"cf3\"> cu <\/span><span class=\"cf3\">lingur\u0103<\/span> <span class=\"cf2\">\u00eenchis<\/span><span class=\"cf3\">\u0103<\/span><span class=\"cf3\"> (closed tray), ICT-DC4-W <\/span><strong><span class=\"cf3\">permite<\/span> <span class=\"cf3\">captarea<\/span> <span class=\"cf3\">exact\u0103<\/span><span class=\"cf3\"> a <\/span><span class=\"cf3\">pozi\u021biei<\/span> <span class=\"cf3\">tridimensionale<\/span><span class=\"cf3\"> a <\/span><span class=\"cf3\">implantului<\/span><span class=\"cf3\">, <\/span><span class=\"cf3\">fiind<\/span><span class=\"cf3\"> ideal <\/span><span class=\"cf2\">\u00een<\/span> <span class=\"cf2\">situa<\/span><span class=\"cf3\">\u021biile<\/span> <span class=\"cf3\">clinice<\/span> <span class=\"cf3\">unde<\/span> <span class=\"cf3\">accesul<\/span> <span class=\"cf3\">este<\/span> <span class=\"cf3\">limitat<\/span> <span class=\"cf3\">sau<\/span> <span class=\"cf3\">unde<\/span> <span class=\"cf3\">tehnica<\/span><span class=\"cf3\"> pick-up nu <\/span><span class=\"cf3\">este<\/span> <span class=\"cf3\">indicat\u0103<\/span><span class=\"cf3\">. <\/span><\/strong><span class=\"cf3\">Conexiunea<\/span><span class=\"cf3\"> Deep Conical Wide Platform <\/span><span class=\"cf3\">ofer\u0103<\/span> <strong><span class=\"cf3\">stabilitate<\/span> <span class=\"cf3\">antirota\u021bional\u0103<\/span> <span class=\"cf3\">superioar\u0103<\/span><span class=\"cf3\">, <\/span><\/strong><span class=\"cf3\">iar<\/span> <span class=\"cf3\">bontul<\/span><span class=\"cf3\"> se <\/span><span class=\"cf3\">ata\u0219eaz\u0103<\/span> <span class=\"cf3\">ferm<\/span><span class=\"cf3\">, <\/span><span class=\"cf3\">f\u0103r\u0103<\/span><span class=\"cf3\"> micro-<\/span><span class=\"cf3\">mi\u0219c\u0103ri<\/span><span class=\"cf3\">, <\/span><span class=\"cf3\">asigur<\/span><span class=\"cf2\">\u00e2nd<\/span><span class=\"cf2\"> un <strong>transfer tridimensional precis <\/strong><\/span><strong><span class=\"cf2\">c<\/span><span class=\"cf3\">\u0103tre<\/span> <span class=\"cf3\">analogul<\/span> <span class=\"cf3\">protetic<\/span><span class=\"cf3\">.<\/span><\/strong><\/p>\n<p class=\"pf0\"><span class=\"cf3\">Diametrul<\/span> <span class=\"cf3\">coronar<\/span><span class=\"cf3\"> Wide Platform (<\/span><span class=\"cf2\">\u00d8 3.5\/4 mm) <\/span><span class=\"cf2\">este<\/span> <span class=\"cf2\">utilizat<\/span> <span class=\"cf2\">\u00een<\/span><span class=\"cf2\"> special <\/span><strong><span class=\"cf2\">pentru<\/span> <span class=\"cf2\">implanturile<\/span><span class=\"cf2\"> cu <\/span><span class=\"cf2\">diametru<\/span><\/strong><span class=\"cf2\"><strong> mare<\/strong>, <\/span><span class=\"cf2\">acolo<\/span> <span class=\"cf2\">unde<\/span> <span class=\"cf2\">este<\/span> <span class=\"cf2\">necesar<\/span><span class=\"cf3\">\u0103<\/span><span class=\"cf3\"> o <\/span><span class=\"cf3\">emergen\u021b\u0103<\/span> <span class=\"cf3\">gingival\u0103<\/span> <span class=\"cf3\">ampl\u0103<\/span> <span class=\"cf3\">sau<\/span> <span class=\"cf3\">suport<\/span> <span class=\"cf3\">pentru<\/span> <span class=\"cf3\">restaur\u0103ri<\/span><span class=\"cf3\"> cu <\/span><span class=\"cf3\">volum<\/span> <span class=\"cf3\">crescut<\/span><span class=\"cf3\">. <\/span><strong><span class=\"cf3\">Fabricat<\/span><\/strong><span class=\"cf3\"><strong> din titan medical,<\/strong> ICT-DC4-W <\/span><span class=\"cf3\">este<\/span> <span class=\"cf3\">rezistent<\/span><span class=\"cf3\">, <\/span><span class=\"cf3\">sterilizabil<\/span> <span class=\"cf3\">repetat<\/span> <span class=\"cf3\">\u0219i<\/span> <span class=\"cf3\">complet<\/span> <span class=\"cf3\">integrat<\/span> <span class=\"cf2\">\u00een<\/span> <span class=\"cf2\">fluxul<\/span> <span class=\"cf2\">protetic<\/span><span class=\"cf2\"> Deep Conical \/ INVERTA\u00ae.<\/span><\/p>\n<p><!--StartFragment --><\/p>\n<h3 class=\"pf0\"><strong><span class=\"cf0\">Specifica<\/span><span class=\"cf0\">\u021bii cheie bont de transfer ICT-DC4-W (Wide Platform) pentru tehnica de amprentare cu lingur\u0103 \u00eenchis\u0103:<\/span><\/strong><\/h3>\n<ul>\n<li class=\"pf0\"><span class=\"cf0\">Fixare stabil\u0103, antirota\u021bional\u0103<\/span><\/li>\n<li class=\"pf0\"><span class=\"cf0\">Geometrie optimizat\u0103 pentru precizie <\/span><span class=\"cf1\">\u00een<\/span> <span class=\"cf1\">amprent<\/span><span class=\"cf2\">\u0103<\/span><\/li>\n<li class=\"pf0\"><span class=\"cf2\">Transfer <\/span><span class=\"cf2\">fidel<\/span> <span class=\"cf2\">c\u0103tre<\/span> <span class=\"cf2\">analogul<\/span> <span class=\"cf2\">protetic<\/span><\/li>\n<li class=\"pf0\"><span class=\"cf2\">Compatibilitate<\/span> <span class=\"cf2\">perfect\u0103<\/span><span class=\"cf2\"> cu <\/span><span class=\"cf2\">fluxul<\/span> <span class=\"cf2\">protetic<\/span><span class=\"cf2\"> DC-W<\/span><\/li>\n<li class=\"pf0\"><span class=\"cf2\">Rezisten\u021b\u0103<\/span> <span class=\"cf2\">ridicat\u0103<\/span><span class=\"cf2\"> la <\/span><span class=\"cf2\">sterilizare<\/span> <span class=\"cf2\">repetat\u0103<\/span><\/li>\n<\/ul>\n<h3 class=\"pf0\"><strong><span class=\"cf2\">Beneficii<\/span> <span class=\"cf2\">pentru<\/span> <span class=\"cf2\">medici:<\/span><\/strong><\/h3>\n<ul>\n<li class=\"pf0\"><span class=\"cf2\">Amprentare<\/span> <span class=\"cf2\">rapid\u0103<\/span> <span class=\"cf2\">\u0219i<\/span> <span class=\"cf2\">predictibil\u0103<\/span><\/li>\n<li class=\"pf0\"><span class=\"cf2\">U\u0219or<\/span><span class=\"cf2\"> de <\/span><span class=\"cf2\">plasat<\/span> <span class=\"cf2\">chiar<\/span> <span class=\"cf2\">\u0219i<\/span> <span class=\"cf1\">\u00een<\/span> <span class=\"cf1\">spa<\/span><span class=\"cf2\">\u021bii<\/span> <span class=\"cf2\">reduse<\/span><\/li>\n<li class=\"pf0\"><span class=\"cf2\">Precizie<\/span> <span class=\"cf2\">ridicat\u0103<\/span> <span class=\"cf1\">\u00een<\/span> <span class=\"cf1\">restaur<\/span><span class=\"cf2\">\u0103ri<\/span><span class=\"cf2\"> cu <\/span><span class=\"cf2\">platform\u0103<\/span> <span class=\"cf2\">larg\u0103<\/span><\/li>\n<li class=\"pf0\"><span class=\"cf2\">Elimin\u0103<\/span> <span class=\"cf2\">riscul<\/span> <span class=\"cf2\">erorilor<\/span><span class=\"cf2\"> la transfer<\/span><\/li>\n<\/ul>\n<h3 class=\"pf0\"><strong><span class=\"cf2\">Beneficii<\/span> <span class=\"cf2\">pentru<\/span> <span class=\"cf2\">pacien\u021bi:<\/span><\/strong><\/h3>\n<ul>\n<li class=\"pf0\"><span class=\"cf2\">Procedur\u0103<\/span> <span class=\"cf2\">confortabil\u0103<\/span> <span class=\"cf2\">\u0219i<\/span> <span class=\"cf2\">scurt\u0103<\/span><\/li>\n<li class=\"pf0\"><span class=\"cf2\">Restaur\u0103ri<\/span> <span class=\"cf2\">protetice<\/span> <span class=\"cf2\">adaptate<\/span><span class=\"cf2\"> exact<\/span><\/li>\n<li class=\"pf0\"><span class=\"cf2\">Reducerea<\/span> <span class=\"cf2\">riscului<\/span><span class=\"cf2\"> de <\/span><span class=\"cf2\">reamprentare<\/span><\/li>\n<li class=\"pf0\"><span class=\"cf2\">Integrare<\/span> <span class=\"cf2\">biomecanic\u0103<\/span><span class=\"cf2\"> stabil\u0103<\/span><\/li>\n<\/ul>\n<p><!--EndFragment --><\/p>\n<p><!--EndFragment --><\/p>\n","protected":false},"excerpt":{"rendered":"<p><!--StartFragment --><\/p>\n<p class=\"pf0\"><span class=\"cf0\">ICT-DC4-W este un bont de transfer pentru amprentare cu lingur<\/span><span class=\"cf0\">\u0103 <\/span><span class=\"cf1\">\u00eenchis<\/span><span class=\"cf2\">\u0103<\/span><span class=\"cf2\"> (closed tray), <\/span><span class=\"cf2\">proiectat<\/span> <span class=\"cf2\">pentru<\/span> <span class=\"cf2\">implanturile<\/span><span class=\"cf2\"> cu <\/span><span class=\"cf2\">conexiune<\/span><span class=\"cf2\"> Deep Conical Wide Platform. <\/span><span class=\"cf2\">Asigur\u0103<\/span> <span class=\"cf2\">reproducerea<\/span> <span class=\"cf2\">fidel\u0103<\/span><span class=\"cf2\"> a <\/span><span class=\"cf2\">pozi\u021biei<\/span> <span class=\"cf2\">implantului<\/span> <span class=\"cf1\">\u00een<\/span> <span class=\"cf1\">modelele<\/span><span class=\"cf1\"> de <\/span><span class=\"cf1\">laborator<\/span><span class=\"cf1\">, <\/span><span class=\"cf1\">fiind<\/span> <span class=\"cf1\">adaptat<\/span> <span class=\"cf1\">platformelor<\/span> <span class=\"cf1\">largi<\/span> <span class=\"cf1\">utilizate<\/span> <span class=\"cf1\">\u00een<\/span> <span class=\"cf1\">restaur<\/span><span class=\"cf2\">\u0103rile<\/span> <span class=\"cf2\">protetice<\/span> <span class=\"cf2\">complexe<\/span><span class=\"cf2\">.<\/span><\/p>\n<p><!--EndFragment --><\/p>\n","protected":false},"featured_media":9751,"comment_status":"closed","ping_status":"closed","template":"","meta":{"_kad_blocks_custom_css":"","_kad_blocks_head_custom_js":"","_kad_blocks_body_custom_js":"","_kad_blocks_footer_custom_js":"","_kadence_starter_templates_imported_post":false,"_kad_post_transparent":"default","_kad_post_title":"","_kad_post_layout":"default","_kad_post_sidebar_id":"","_kad_post_content_style":"default","_kad_post_vertical_padding":"default","_kad_post_feature":"","_kad_post_feature_position":"","_kad_post_header":false,"_kad_post_footer":false,"_kad_post_classname":""},"product_brand":[482],"product_cat":[186,35],"product_tag":[470],"product_partner":[],"class_list":{"0":"post-6755","1":"product","2":"type-product","3":"status-publish","4":"has-post-thumbnail","6":"product_brand-southern-implants","7":"product_cat-bonturi-si-dispozitive-transfer","8":"product_cat-protetica-dentara","9":"product_tag-preorder","11":"first","12":"instock","13":"taxable","14":"shipping-taxable","15":"purchasable","16":"product-type-simple","17":"entry","18":"content-bg","19":"loop-entry"},"taxonomy_info":{"product_brand":[{"value":482,"label":"Southern Implants"}],"product_cat":[{"value":186,"label":"Bonturi de transfer \/ Dispozitive de transfer"},{"value":35,"label":"Protetic\u0103 dentar\u0103"}],"product_tag":[{"value":470,"label":"#preorder"}]},"featured_image_src_large":["https:\/\/gursk.ro\/shop\/wp-content\/uploads\/2025\/09\/Bonturi-de-transfer-ICT-DC4-W.png",720,720,false],"author_info":[],"comment_info":0,"_links":{"self":[{"href":"https:\/\/gursk.ro\/shop\/wp-json\/wp\/v2\/product\/6755","targetHints":{"allow":["GET"]}}],"collection":[{"href":"https:\/\/gursk.ro\/shop\/wp-json\/wp\/v2\/product"}],"about":[{"href":"https:\/\/gursk.ro\/shop\/wp-json\/wp\/v2\/types\/product"}],"replies":[{"embeddable":true,"href":"https:\/\/gursk.ro\/shop\/wp-json\/wp\/v2\/comments?post=6755"}],"version-history":[{"count":1,"href":"https:\/\/gursk.ro\/shop\/wp-json\/wp\/v2\/product\/6755\/revisions"}],"predecessor-version":[{"id":9752,"href":"https:\/\/gursk.ro\/shop\/wp-json\/wp\/v2\/product\/6755\/revisions\/9752"}],"wp:featuredmedia":[{"embeddable":true,"href":"https:\/\/gursk.ro\/shop\/wp-json\/wp\/v2\/media\/9751"}],"wp:attachment":[{"href":"https:\/\/gursk.ro\/shop\/wp-json\/wp\/v2\/media?parent=6755"}],"wp:term":[{"taxonomy":"product_brand","embeddable":true,"href":"https:\/\/gursk.ro\/shop\/wp-json\/wp\/v2\/product_brand?post=6755"},{"taxonomy":"product_cat","embeddable":true,"href":"https:\/\/gursk.ro\/shop\/wp-json\/wp\/v2\/product_cat?post=6755"},{"taxonomy":"product_tag","embeddable":true,"href":"https:\/\/gursk.ro\/shop\/wp-json\/wp\/v2\/product_tag?post=6755"},{"taxonomy":"product_partner","embeddable":true,"href":"https:\/\/gursk.ro\/shop\/wp-json\/wp\/v2\/product_partner?post=6755"}],"curies":[{"name":"wp","href":"https:\/\/api.w.org\/{rel}","templated":true}]}}