{"id":6753,"date":"2025-09-18T18:45:55","date_gmt":"2025-09-18T15:45:55","guid":{"rendered":"https:\/\/gursk.ro\/shop\/?post_type=product&#038;p=6753"},"modified":"2026-05-04T10:26:50","modified_gmt":"2026-05-04T07:26:50","slug":"bonturi-de-transfer-ict-dc","status":"publish","type":"product","link":"https:\/\/gursk.ro\/shop\/produs\/bonturi-de-transfer-ict-dc\/","title":{"rendered":"Bonturi de transfer ICT-DC Deep Conical\u00a0pentru tehnica de amprentare cu lingur\u0103 \u00eenchis\u0103"},"content":{"rendered":"<p><!--StartFragment --><\/p>\n<p class=\"pf0\"><span class=\"cf0\">Bonturile<\/span><span class=\"cf0\"> de transfer din <\/span><span class=\"cf0\">seria<\/span><span class=\"cf0\"> ICT-DC sunt <\/span><span class=\"cf0\">proiectate<\/span> <span class=\"cf0\">pentru<\/span> <strong><span class=\"cf0\">amprentarea<\/span> <span class=\"cf0\">conven<\/span><span class=\"cf1\">\u021bional\u0103<\/span><span class=\"cf1\"> de <\/span><span class=\"cf0\">\u00eenalt<\/span><span class=\"cf1\">\u0103<\/span> <span class=\"cf1\">precizie<\/span> <span class=\"cf0\">\u00een<\/span> <span class=\"cf0\">tehnica<\/span><span class=\"cf0\"> cu <\/span><span class=\"cf0\">lingur<\/span><span class=\"cf1\">\u0103<\/span> <span class=\"cf0\">\u00eenchis<\/span><span class=\"cf1\">\u0103<\/span><\/strong><span class=\"cf1\"><strong> (closed-tray)<\/strong>, <\/span><span class=\"cf1\">metod\u0103<\/span> <span class=\"cf1\">utilizat\u0103<\/span> <span class=\"cf1\">frecvent<\/span> <span class=\"cf0\">\u00een<\/span> <span class=\"cf0\">restaur<\/span><span class=\"cf1\">\u0103rile<\/span> <span class=\"cf1\">implantare<\/span><span class=\"cf1\"> standard, <\/span><span class=\"cf0\">\u00een<\/span><span class=\"cf0\"> special <\/span><span class=\"cf0\">atunci<\/span> <span class=\"cf0\">c\u00e2nd<\/span> <span class=\"cf0\">accesul<\/span><span class=\"cf0\"> intraoral <\/span><span class=\"cf0\">este<\/span> <span class=\"cf0\">limitat<\/span> <span class=\"cf0\">sau<\/span> <span class=\"cf0\">c\u00e2nd<\/span><span class=\"cf0\"> se <\/span><span class=\"cf0\">dore<\/span><span class=\"cf1\">\u0219te<\/span><span class=\"cf1\"> o <\/span><span class=\"cf1\">procedur\u0103<\/span> <span class=\"cf1\">simpl\u0103<\/span><span class=\"cf1\">, <\/span><span class=\"cf1\">rapid\u0103<\/span> <span class=\"cf1\">\u0219i<\/span> <span class=\"cf1\">predictibil\u0103<\/span><span class=\"cf1\">.<\/span><span class=\"cf1\">Ele<\/span><span class=\"cf1\"> se <\/span><span class=\"cf1\">ata\u0219eaz\u0103<\/span> <span class=\"cf1\">ferm<\/span> <span class=\"cf1\">pe<\/span> <strong><span class=\"cf1\">conexiunea<\/span><\/strong><span class=\"cf1\"><strong> Deep Conical (DC)<\/strong>, <\/span><strong><span class=\"cf1\">asigur<\/span><span class=\"cf0\">\u00e2nd<\/span> <span class=\"cf0\">stabilitate<\/span> <span class=\"cf0\">antirota<\/span><span class=\"cf1\">\u021bional\u0103<\/span> <span class=\"cf1\">\u0219i<\/span><span class=\"cf1\"> transfer <\/span><span class=\"cf1\">fidel<\/span><span class=\"cf1\"> al <\/span><span class=\"cf1\">pozi\u021biei<\/span> <span class=\"cf1\">tridimensionale<\/span><span class=\"cf1\"> a <\/span><span class=\"cf1\">implantului<\/span> <span class=\"cf1\">c\u0103tre<\/span> <span class=\"cf1\">analogul<\/span> <span class=\"cf1\">protetic<\/span><span class=\"cf1\"> din <\/span><span class=\"cf1\">laborator<\/span><\/strong><span class=\"cf1\"><strong>.<\/strong> <\/span><span class=\"cf1\">Geometria<\/span><span class=\"cf1\"> lor <\/span><span class=\"cf1\">permite<\/span> <span class=\"cf1\">recapturarea<\/span> <span class=\"cf1\">exact\u0103<\/span><span class=\"cf1\"> a <\/span><span class=\"cf1\">pozi\u021biei<\/span> <span class=\"cf0\">\u00een<\/span> <span class=\"cf0\">amprent<\/span><span class=\"cf1\">\u0103<\/span><span class=\"cf1\">, <\/span><span class=\"cf1\">reduc<\/span><span class=\"cf0\">\u00e2nd<\/span> <span class=\"cf0\">erorile<\/span> <span class=\"cf0\">protetice<\/span> <span class=\"cf1\">\u0219i<\/span> <span class=\"cf1\">optimiz<\/span><span class=\"cf0\">\u00e2nd<\/span> <span class=\"cf0\">adaptarea<\/span> <span class=\"cf0\">restaur<\/span><span class=\"cf1\">\u0103rii<\/span><span class=\"cf1\"> finale. <\/span><span class=\"cf1\">Diametrele<\/span> <span class=\"cf1\">disponibile<\/span> <span class=\"cf1\">corespund<\/span> <span class=\"cf1\">platformelor<\/span> <span class=\"cf1\">implantare<\/span><span class=\"cf1\"> DC:<\/span><\/p>\n<p class=\"pf0\"><strong><span class=\"cf1\">ICT-DC3 <\/span><\/strong><span class=\"cf2\">\u2013 <\/span><span class=\"cf0\">\u00d8 3 mm: <\/span><span class=\"cf0\">pentru<\/span> <span class=\"cf0\">implanturi<\/span><span class=\"cf0\"> cu <\/span><span class=\"cf0\">platform<\/span><span class=\"cf1\">\u0103<\/span> <span class=\"cf1\">redus\u0103<\/span><span class=\"cf1\"> (front, <\/span><span class=\"cf1\">anatomii<\/span> <span class=\"cf0\">\u00eenguste<\/span><span class=\"cf0\">).<\/span><\/p>\n<p class=\"pf0\"><strong><span class=\"cf0\">ICT-DC4 <\/span><\/strong><span class=\"cf2\">\u2013 <\/span><span class=\"cf0\">\u00d8 4 mm: <\/span><span class=\"cf0\">pentru<\/span> <span class=\"cf0\">platforma<\/span><span class=\"cf0\"> standard Deep Conical, <\/span><span class=\"cf0\">utilizat<\/span><span class=\"cf1\">\u0103<\/span> <span class=\"cf0\">\u00een<\/span> <span class=\"cf0\">majoritatea<\/span> <span class=\"cf0\">cazurilor<\/span> <span class=\"cf0\">protetice<\/span><span class=\"cf0\">.<\/span><\/p>\n<p class=\"pf0\"><span class=\"cf0\"><strong>Fabricate din titan medical<\/strong> de <\/span><span class=\"cf0\">\u00eenalt<\/span><span class=\"cf1\">\u0103<\/span> <span class=\"cf1\">puritate<\/span><span class=\"cf1\">, <\/span><span class=\"cf1\">aceste<\/span> <span class=\"cf1\">bonturi<\/span> <span class=\"cf1\">ofer\u0103<\/span> <span class=\"cf1\">durabilitate<\/span><span class=\"cf1\">, <\/span><span class=\"cf1\">stabilitate<\/span> <span class=\"cf1\">mecanic\u0103<\/span> <span class=\"cf1\">\u0219i<\/span> <span class=\"cf1\">rezisten\u021b\u0103<\/span><span class=\"cf1\"> la <\/span><span class=\"cf1\">sterilizare<\/span> <span class=\"cf1\">repetat\u0103<\/span><span class=\"cf1\">, <\/span><span class=\"cf1\">integr<\/span><span class=\"cf0\">\u00e2ndu<\/span><span class=\"cf0\">-se perfect <\/span><span class=\"cf0\">\u00een<\/span> <span class=\"cf0\">ecosistemul<\/span> <span class=\"cf0\">protetic<\/span><span class=\"cf0\"> INVERTA\u00ae.<\/span><\/p>\n<p><!--StartFragment --><\/p>\n<h3 class=\"pf0\"><strong><span class=\"cf0\">Specifica<\/span><span class=\"cf1\">\u021bii<\/span> <span class=\"cf1\">cheie bonturi de transfer ICT-DC Deep Conical pentru tehnica de amprentare cu lingur\u0103 \u00eenchis\u0103:<\/span><\/strong><\/h3>\n<ul>\n<li class=\"pf0\"><span class=\"cf1\">Fixare<\/span> <span class=\"cf1\">stabil\u0103<\/span><span class=\"cf1\">, <\/span><span class=\"cf1\">f\u0103r\u0103<\/span><span class=\"cf1\"> micro-<\/span><span class=\"cf1\">mi\u0219c\u0103ri<\/span><\/li>\n<li class=\"pf0\"><span class=\"cf1\">Transfer tridimensional exact al <\/span><span class=\"cf1\">implantului<\/span><\/li>\n<li class=\"pf0\"><span class=\"cf1\">Integrare<\/span> <span class=\"cf1\">complet\u0103<\/span> <span class=\"cf0\">\u00een<\/span> <span class=\"cf0\">fluxul<\/span> <span class=\"cf0\">protetic<\/span><span class=\"cf0\"> INVERTA\u00ae<\/span><\/li>\n<li class=\"pf0\"><span class=\"cf0\">Proiectare<\/span> <span class=\"cf0\">optimizat<\/span><span class=\"cf1\">\u0103<\/span> <span class=\"cf1\">pentru<\/span> <span class=\"cf1\">reproducerea<\/span> <span class=\"cf1\">fidel\u0103<\/span><span class=\"cf1\"> a <\/span><span class=\"cf1\">axului<\/span><\/li>\n<li class=\"pf0\"><span class=\"cf1\">Rezisten\u021b\u0103<\/span> <span class=\"cf1\">ridicat\u0103<\/span><span class=\"cf1\"> la <\/span><span class=\"cf1\">steriliz\u0103ri<\/span> <span class=\"cf1\">repetate<\/span><\/li>\n<\/ul>\n<h3 class=\"pf0\"><strong><span class=\"cf1\">Beneficii<\/span> <span class=\"cf1\">pentru<\/span> <span class=\"cf1\">medici:<\/span><\/strong><\/h3>\n<ul>\n<li class=\"pf0\"><span class=\"cf1\">Tehnic\u0103<\/span> <span class=\"cf1\">rapid\u0103<\/span> <span class=\"cf1\">\u0219i<\/span> <span class=\"cf1\">predictibil\u0103<\/span><\/li>\n<li class=\"pf0\"><span class=\"cf1\">Pozi\u021bionare<\/span> <span class=\"cf1\">facil\u0103<\/span> <span class=\"cf0\">\u00een<\/span> <span class=\"cf0\">cavitatea<\/span> <span class=\"cf0\">oral<\/span><span class=\"cf1\">\u0103<\/span><\/li>\n<li class=\"pf0\"><span class=\"cf1\">Compatibilitate<\/span><span class=\"cf1\"> cu <\/span><span class=\"cf1\">analogii<\/span><span class=\"cf1\"> DC standard<\/span><\/li>\n<li class=\"pf0\"><span class=\"cf1\">Reducerea<\/span> <span class=\"cf1\">erorilor<\/span> <span class=\"cf0\">\u00een<\/span> <span class=\"cf0\">adaptarea<\/span> <span class=\"cf0\">restaur<\/span><span class=\"cf1\">\u0103rii<\/span><\/li>\n<\/ul>\n<h3 class=\"pf0\"><span class=\"cf1\">Beneficii<\/span> <span class=\"cf1\">pentru<\/span> <span class=\"cf1\">pacien\u021bi:<\/span><\/h3>\n<ul>\n<li class=\"pf0\"><span class=\"cf1\">Procedur\u0103<\/span> <span class=\"cf1\">confortabil\u0103<\/span><span class=\"cf1\">, <\/span><span class=\"cf1\">atraumatic\u0103<\/span><\/li>\n<li class=\"pf0\"><span class=\"cf1\">Amprentare<\/span> <span class=\"cf1\">mai<\/span> <span class=\"cf1\">rapid\u0103<\/span> <span class=\"cf1\">\u0219i<\/span> <span class=\"cf1\">mai<\/span> <span class=\"cf1\">simpl\u0103<\/span><\/li>\n<li class=\"pf0\"><span class=\"cf1\">Risc<\/span> <span class=\"cf1\">redus<\/span><span class=\"cf1\"> de <\/span><span class=\"cf1\">reamprentare<\/span><\/li>\n<li class=\"pf0\"><span class=\"cf1\">Adaptare<\/span> <span class=\"cf1\">protetic\u0103<\/span> <span class=\"cf1\">precis\u0103<\/span> <span class=\"cf1\">\u0219i<\/span><span class=\"cf1\"> stabil\u0103<\/span><\/li>\n<\/ul>\n<p><!--EndFragment --><\/p>\n<p>&nbsp;<\/p>\n<p><!--EndFragment --><\/p>\n<p>&nbsp;<\/p>\n","protected":false},"excerpt":{"rendered":"<p><!--StartFragment --><\/p>\n<p class=\"pf0\"><span class=\"cf0\">ICT-DC3 <\/span><span class=\"cf1\">\u0219i<\/span><span class=\"cf1\"> ICT-DC4 sunt <\/span><span class=\"cf1\">bonturi<\/span><span class=\"cf1\"> de transfer <\/span><span class=\"cf1\">pentru<\/span> <span class=\"cf1\">tehnica<\/span><span class=\"cf1\"> de <\/span><span class=\"cf1\">amprentare<\/span><span class=\"cf1\"> cu <\/span><span class=\"cf1\">lingur\u0103<\/span> <span class=\"cf0\">\u00eenchis<\/span><span class=\"cf1\">\u0103<\/span><span class=\"cf1\"> (closed tray), special <\/span><span class=\"cf1\">concepute<\/span> <span class=\"cf1\">pentru<\/span> <span class=\"cf1\">implanturile<\/span><span class=\"cf1\"> cu <\/span><span class=\"cf1\">conexiune<\/span><span class=\"cf1\"> Deep Conical. <\/span><span class=\"cf1\">Acestea<\/span><span class=\"cf1\"> permit <\/span><span class=\"cf1\">reproducerea<\/span> <span class=\"cf1\">exact\u0103<\/span><span class=\"cf1\"> a <\/span><span class=\"cf1\">pozi\u021biei<\/span> <span class=\"cf1\">implantului<\/span> <span class=\"cf0\">\u00een<\/span> <span class=\"cf0\">modelele<\/span><span class=\"cf0\"> de <\/span><span class=\"cf0\">laborator<\/span><span class=\"cf0\">, <\/span><span class=\"cf0\">oferind<\/span><span class=\"cf0\"> un flux <\/span><span class=\"cf0\">protetic<\/span><span class=\"cf0\"> analogic precis <\/span><span class=\"cf1\">\u0219i<\/span> <span class=\"cf1\">predictibil<\/span><span class=\"cf1\">.<\/span><\/p>\n<p><!--EndFragment --><\/p>\n","protected":false},"featured_media":9749,"comment_status":"closed","ping_status":"closed","template":"","meta":{"_kad_blocks_custom_css":"","_kad_blocks_head_custom_js":"","_kad_blocks_body_custom_js":"","_kad_blocks_footer_custom_js":"","_kadence_starter_templates_imported_post":false,"_kad_post_transparent":"default","_kad_post_title":"","_kad_post_layout":"default","_kad_post_sidebar_id":"","_kad_post_content_style":"default","_kad_post_vertical_padding":"default","_kad_post_feature":"","_kad_post_feature_position":"","_kad_post_header":false,"_kad_post_footer":false,"_kad_post_classname":""},"product_brand":[482],"product_cat":[186,35],"product_tag":[470],"product_partner":[],"class_list":{"0":"post-6753","1":"product","2":"type-product","3":"status-publish","4":"has-post-thumbnail","6":"product_brand-southern-implants","7":"product_cat-bonturi-si-dispozitive-transfer","8":"product_cat-protetica-dentara","9":"product_tag-preorder","11":"first","12":"instock","13":"taxable","14":"shipping-taxable","15":"purchasable","16":"product-type-simple","17":"entry","18":"content-bg","19":"loop-entry"},"taxonomy_info":{"product_brand":[{"value":482,"label":"Southern Implants"}],"product_cat":[{"value":186,"label":"Bonturi de transfer \/ Dispozitive de transfer"},{"value":35,"label":"Protetic\u0103 dentar\u0103"}],"product_tag":[{"value":470,"label":"#preorder"}]},"featured_image_src_large":["https:\/\/gursk.ro\/shop\/wp-content\/uploads\/2025\/09\/Bonturi-de-transfer-ICT-DC3.png",720,720,false],"author_info":[],"comment_info":0,"_links":{"self":[{"href":"https:\/\/gursk.ro\/shop\/wp-json\/wp\/v2\/product\/6753","targetHints":{"allow":["GET"]}}],"collection":[{"href":"https:\/\/gursk.ro\/shop\/wp-json\/wp\/v2\/product"}],"about":[{"href":"https:\/\/gursk.ro\/shop\/wp-json\/wp\/v2\/types\/product"}],"replies":[{"embeddable":true,"href":"https:\/\/gursk.ro\/shop\/wp-json\/wp\/v2\/comments?post=6753"}],"version-history":[{"count":1,"href":"https:\/\/gursk.ro\/shop\/wp-json\/wp\/v2\/product\/6753\/revisions"}],"predecessor-version":[{"id":9711,"href":"https:\/\/gursk.ro\/shop\/wp-json\/wp\/v2\/product\/6753\/revisions\/9711"}],"wp:featuredmedia":[{"embeddable":true,"href":"https:\/\/gursk.ro\/shop\/wp-json\/wp\/v2\/media\/9749"}],"wp:attachment":[{"href":"https:\/\/gursk.ro\/shop\/wp-json\/wp\/v2\/media?parent=6753"}],"wp:term":[{"taxonomy":"product_brand","embeddable":true,"href":"https:\/\/gursk.ro\/shop\/wp-json\/wp\/v2\/product_brand?post=6753"},{"taxonomy":"product_cat","embeddable":true,"href":"https:\/\/gursk.ro\/shop\/wp-json\/wp\/v2\/product_cat?post=6753"},{"taxonomy":"product_tag","embeddable":true,"href":"https:\/\/gursk.ro\/shop\/wp-json\/wp\/v2\/product_tag?post=6753"},{"taxonomy":"product_partner","embeddable":true,"href":"https:\/\/gursk.ro\/shop\/wp-json\/wp\/v2\/product_partner?post=6753"}],"curies":[{"name":"wp","href":"https:\/\/api.w.org\/{rel}","templated":true}]}}