{"id":6748,"date":"2025-09-18T18:45:54","date_gmt":"2025-09-18T15:45:54","guid":{"rendered":"https:\/\/gursk.ro\/shop\/?post_type=product&#038;p=6748"},"modified":"2026-05-04T10:26:50","modified_gmt":"2026-05-04T07:26:50","slug":"bont-de-transfer-ic-dc4-w","status":"publish","type":"product","link":"https:\/\/gursk.ro\/shop\/produs\/bont-de-transfer-ic-dc4-w\/","title":{"rendered":"Bont de transfer IC-DC4-W (Wide Platform) pentru tehnica de amprentare cu lingur\u0103 deschis\u0103 (\u00d8 3.5 \/ 4 mm)"},"content":{"rendered":"<p>Acest bont de transfer <strong>IC-DC4-W<\/strong> <!--StartFragment --><span class=\"cf0\">face <\/span><span class=\"cf0\">parte<\/span><span class=\"cf0\"> din <\/span><span class=\"cf0\">sistemul<\/span> <span class=\"cf0\">protetic<\/span><span class=\"cf0\"> INVERTA\u00ae Deep Conical <\/span><span class=\"cf1\">\u0219i<\/span> <span class=\"cf1\">este<\/span> <strong><span class=\"cf1\">conceput<\/span> <span class=\"cf1\">pentru<\/span> <span class=\"cf1\">procedurile<\/span><span class=\"cf1\"> de <\/span><span class=\"cf1\">amprentare<\/span><span class=\"cf1\"> cu <\/span><span class=\"cf1\">lingur\u0103<\/span> <span class=\"cf1\">deschis\u0103<\/span><span class=\"cf1\">, <\/span><span class=\"cf1\">atunci<\/span> <span class=\"cf1\">c<\/span><span class=\"cf0\">\u00e2nd<\/span> <span class=\"cf0\">este<\/span> <span class=\"cf0\">necesar<\/span><span class=\"cf1\">\u0103<\/span><span class=\"cf1\"> o <\/span><span class=\"cf1\">acurate\u021be<\/span> <span class=\"cf1\">ridicat\u0103<\/span> <span class=\"cf0\">\u00een<\/span> <span class=\"cf0\">reproducerea<\/span> <span class=\"cf0\">pozi<\/span><span class=\"cf1\">\u021biei<\/span> <span class=\"cf1\">tridimensionale<\/span><span class=\"cf1\"> a <\/span><span class=\"cf1\">implantului<\/span><\/strong><span class=\"cf1\"><strong>.<\/strong> <\/span><span class=\"cf1\">Varianta<\/span><span class=\"cf1\"> Wide <\/span><span class=\"cf1\">prezint\u0103<\/span><span class=\"cf1\"> un <\/span><span class=\"cf1\">diametru<\/span> <span class=\"cf1\">coronar<\/span> <span class=\"cf1\">extins<\/span> <span class=\"cf1\">fa\u021b\u0103<\/span><span class=\"cf1\"> de IC-DC4 standard, <\/span><span class=\"cf1\">ceea<\/span> <span class=\"cf1\">ce<\/span> <strong><span class=\"cf0\">\u00eel<\/span> <span class=\"cf0\">recomand<\/span><span class=\"cf1\">\u0103<\/span> <span class=\"cf0\">\u00een<\/span> <span class=\"cf0\">urm<\/span><span class=\"cf1\">\u0103toarele<\/span> <span class=\"cf1\">situa\u021bii<\/span> <span class=\"cf1\">clinice<\/span><span class=\"cf1\">: <\/span><span class=\"cf1\">biotip<\/span><span class=\"cf1\"> gingival <\/span><span class=\"cf1\">gros<\/span> <span class=\"cf1\">sau<\/span> <span class=\"cf1\">\u021besut<\/span> <span class=\"cf1\">moale<\/span> <span class=\"cf1\">voluminos<\/span><span class=\"cf1\">, <\/span><span class=\"cf1\">implanturi<\/span> <span class=\"cf1\">inserate<\/span> <span class=\"cf1\">subcrestal<\/span><span class=\"cf1\">, <\/span><span class=\"cf1\">necesar<\/span> <span class=\"cf1\">crescut<\/span><span class=\"cf1\"> de <\/span><span class=\"cf1\">stabilitate<\/span><span class=\"cf1\"> a <\/span><span class=\"cf1\">bontului<\/span> <span class=\"cf0\">\u00een<\/span> <span class=\"cf0\">materialul<\/span><span class=\"cf0\"> de <\/span><span class=\"cf0\">amprent<\/span><span class=\"cf1\">\u0103<\/span><span class=\"cf1\">, <\/span><span class=\"cf1\">identificare<\/span> <span class=\"cf1\">\u0219i<\/span> <span class=\"cf1\">manipulare<\/span> <span class=\"cf1\">clinic\u0103<\/span> <span class=\"cf1\">mai<\/span> <span class=\"cf1\">u\u0219oar\u0103<\/span><span class=\"cf1\">.<\/span><\/strong><\/p>\n<p class=\"pf0\"><span class=\"cf1\">Fixarea<\/span> <span class=\"cf1\">bontului<\/span> <span class=\"cf1\">pe<\/span><span class=\"cf1\"> implant se <\/span><span class=\"cf1\">realizeaz\u0103<\/span> <span class=\"cf1\">prin<\/span> <span class=\"cf1\">\u0219urubul<\/span> <span class=\"cf1\">dedicat<\/span><span class=\"cf1\">, care <\/span><span class=\"cf1\">permite<\/span> <span class=\"cf1\">blocarea<\/span> <span class=\"cf1\">acestuia<\/span> <span class=\"cf0\">\u00een<\/span> <span class=\"cf0\">materialul<\/span><span class=\"cf0\"> de <\/span><span class=\"cf0\">amprent<\/span><span class=\"cf1\">\u0103<\/span><span class=\"cf1\">, <\/span><span class=\"cf1\">asigur<\/span><span class=\"cf0\">\u00e2nd<\/span> <span class=\"cf0\">transferul<\/span> <span class=\"cf0\">fidel<\/span><span class=\"cf0\"> al <\/span><span class=\"cf0\">pozi<\/span><span class=\"cf1\">\u021biei<\/span> <span class=\"cf1\">implantului<\/span><span class=\"cf1\">, al <\/span><span class=\"cf1\">axului<\/span> <span class=\"cf1\">\u0219i<\/span><span class=\"cf1\"> al <\/span><span class=\"cf1\">nivelului<\/span><span class=\"cf1\"> de <\/span><span class=\"cf1\">inserare<\/span> <span class=\"cf1\">c\u0103tre<\/span> <span class=\"cf1\">laborator<\/span><span class=\"cf1\">. <\/span><span class=\"cf1\">Conexiunea<\/span><span class=\"cf1\"> Deep Conical <\/span><span class=\"cf1\">ofer\u0103<\/span><span class=\"cf1\"> o <\/span><span class=\"cf1\">potrivire<\/span> <span class=\"cf1\">precis\u0103<\/span> <span class=\"cf1\">\u0219i<\/span> <span class=\"cf1\">stabil\u0103<\/span><span class=\"cf1\">, <\/span><span class=\"cf1\">reduc<\/span><span class=\"cf0\">\u00e2nd<\/span> <span class=\"cf0\">riscul<\/span> <span class=\"cf0\">erorilor<\/span><span class=\"cf0\"> de <\/span><span class=\"cf0\">pozi<\/span><span class=\"cf1\">\u021bionare<\/span> <span class=\"cf1\">\u0219i<\/span> <span class=\"cf1\">cresc<\/span><span class=\"cf0\">\u00e2nd<\/span> <span class=\"cf0\">predictibilitatea<\/span> <span class=\"cf0\">restaur<\/span><span class=\"cf1\">\u0103rii<\/span> <span class=\"cf1\">protetice<\/span><span class=\"cf1\"> finale.<\/span><\/p>\n<p><!--StartFragment --><\/p>\n<h3 class=\"pf0\"><strong><span class=\"cf0\">Specifica<\/span><span class=\"cf1\">\u021bii<\/span> <span class=\"cf1\">cheie bont de transfer IC-DC4-W (Wide Platform) pentru tehnica de amprentare cu lingur\u0103 deschis\u0103 (\u00d8 3.5 \/ 4 mm):<\/span><\/strong><\/h3>\n<ul>\n<li class=\"pf0\"><span class=\"cf1\">Transfer <\/span><span class=\"cf1\">fidel<\/span><span class=\"cf1\"> al <\/span><span class=\"cf1\">pozi\u021biei<\/span> <span class=\"cf1\">implantului<\/span><\/li>\n<li class=\"pf0\"><span class=\"cf1\">Stabilitate<\/span> <span class=\"cf1\">superioar\u0103<\/span> <span class=\"cf0\">\u00een<\/span> <span class=\"cf0\">materialul<\/span><span class=\"cf0\"> de <\/span><span class=\"cf0\">amprent<\/span><span class=\"cf1\">\u0103<\/span><\/li>\n<li class=\"pf0\"><span class=\"cf1\">Recomandat<\/span> <span class=\"cf1\">pentru<\/span> <span class=\"cf1\">biotip<\/span><span class=\"cf1\"> gingival <\/span><span class=\"cf1\">gros<\/span><\/li>\n<li class=\"pf0\"><span class=\"cf1\">Compatibilitate<\/span> <span class=\"cf1\">complet\u0103<\/span><span class=\"cf1\"> cu <\/span><span class=\"cf1\">sistemul<\/span><span class=\"cf1\"> DC<\/span><\/li>\n<\/ul>\n<h3 class=\"pf0\"><strong><span class=\"cf1\">Beneficii<\/span> <span class=\"cf1\">pentru<\/span> <span class=\"cf1\">medici:<\/span><\/strong><\/h3>\n<ul>\n<li class=\"pf0\"><span class=\"cf1\">Amprentare<\/span> <span class=\"cf1\">predictibil\u0103<\/span> <span class=\"cf0\">\u00een<\/span> <span class=\"cf0\">cazuri<\/span> <span class=\"cf0\">complexe<\/span><\/li>\n<li class=\"pf0\"><span class=\"cf0\">Vizibilitate<\/span> <span class=\"cf1\">\u0219i<\/span> <span class=\"cf1\">manipulare<\/span> <span class=\"cf1\">clinic\u0103<\/span> <span class=\"cf0\">\u00eembun<\/span><span class=\"cf1\">\u0103t\u0103\u021bite<\/span><\/li>\n<li class=\"pf0\"><span class=\"cf1\">Reducerea<\/span> <span class=\"cf1\">erorilor<\/span> <span class=\"cf1\">protetice<\/span><\/li>\n<li class=\"pf0\"><span class=\"cf1\">Flux clinic <\/span><span class=\"cf1\">sigur<\/span> <span class=\"cf1\">\u0219i<\/span> <span class=\"cf1\">eficient<\/span><\/li>\n<\/ul>\n<h3 class=\"pf0\"><strong><span class=\"cf1\">Beneficii<\/span> <span class=\"cf1\">pentru<\/span> <span class=\"cf1\">pacien\u021bi:<\/span><\/strong><\/h3>\n<ul>\n<li class=\"pf0\"><span class=\"cf1\">Restaur\u0103ri<\/span><span class=\"cf1\"> finale <\/span><span class=\"cf1\">mai<\/span><span class=\"cf1\"> bine <\/span><span class=\"cf1\">adaptate<\/span><\/li>\n<li class=\"pf0\"><span class=\"cf1\">Mai <\/span><span class=\"cf1\">pu\u021bine<\/span> <span class=\"cf1\">ajust\u0103ri<\/span> <span class=\"cf1\">ulterioare<\/span><\/li>\n<li class=\"pf0\"><span class=\"cf1\">Confort<\/span> <span class=\"cf1\">crescut<\/span> <span class=\"cf0\">\u00een<\/span> <span class=\"cf0\">etapa<\/span> <span class=\"cf0\">protetic<\/span><span class=\"cf1\">\u0103<\/span><\/li>\n<li class=\"pf0\"><span class=\"cf1\">Rezultate<\/span> <span class=\"cf1\">func\u021bionale<\/span> <span class=\"cf1\">\u0219i<\/span> <span class=\"cf1\">estetice<\/span><span class=\"cf1\"> stabile<\/span><\/li>\n<\/ul>\n<p><!--EndFragment --><\/p>\n<p><!--EndFragment --><\/p>\n","protected":false},"excerpt":{"rendered":"<p><!--StartFragment --><\/p>\n<p class=\"pf0\"><span class=\"cf0\">IC-DC4-W <\/span><span class=\"cf0\">este<\/span><span class=\"cf0\"> un <\/span><span class=\"cf0\">bont<\/span><span class=\"cf0\"> de transfer <\/span><span class=\"cf0\">pentru<\/span> <span class=\"cf0\">amprentare<\/span><span class=\"cf0\"> cu <\/span><span class=\"cf0\">lingur<\/span><span class=\"cf1\">\u0103<\/span> <span class=\"cf1\">deschis\u0103<\/span><span class=\"cf1\">, <\/span><span class=\"cf1\">varianta<\/span><span class=\"cf1\">\u00a0Wide, <\/span><span class=\"cf1\">destinat<\/span> <span class=\"cf1\">implanturilor<\/span><span class=\"cf1\"> INVERTA<\/span><span class=\"cf0\">\u00ae \/ Deep Conical cu <\/span><span class=\"cf0\">platform<\/span><span class=\"cf1\">\u0103<\/span> <span class=\"cf0\">\u00d8 3.5 \/ 4 mm, <\/span><span class=\"cf0\">utilizat<\/span> <span class=\"cf0\">pentru<\/span> <span class=\"cf0\">transferul<\/span><span class=\"cf0\"> precis al <\/span><span class=\"cf0\">pozi<\/span><span class=\"cf1\">\u021biei<\/span> <span class=\"cf1\">implantului<\/span> <span class=\"cf0\">\u00een<\/span> <span class=\"cf0\">situa<\/span><span class=\"cf1\">\u021bii<\/span> <span class=\"cf1\">clinice<\/span><span class=\"cf1\"> cu <\/span><span class=\"cf1\">\u021besut<\/span> <span class=\"cf1\">moale<\/span> <span class=\"cf1\">voluminos<\/span> <span class=\"cf1\">sau<\/span> <span class=\"cf1\">necesar<\/span> <span class=\"cf1\">crescut<\/span><span class=\"cf1\"> de <\/span><span class=\"cf1\">stabilitate<\/span> <span class=\"cf0\">\u00een<\/span> <span class=\"cf0\">amprent<\/span><span class=\"cf1\">\u0103<\/span><span class=\"cf1\">.<\/span><\/p>\n<p><!--EndFragment --><\/p>\n","protected":false},"featured_media":9826,"comment_status":"closed","ping_status":"closed","template":"","meta":{"_kad_blocks_custom_css":"","_kad_blocks_head_custom_js":"","_kad_blocks_body_custom_js":"","_kad_blocks_footer_custom_js":"","_kadence_starter_templates_imported_post":false,"_kad_post_transparent":"default","_kad_post_title":"","_kad_post_layout":"default","_kad_post_sidebar_id":"","_kad_post_content_style":"default","_kad_post_vertical_padding":"default","_kad_post_feature":"","_kad_post_feature_position":"","_kad_post_header":false,"_kad_post_footer":false,"_kad_post_classname":""},"product_brand":[482],"product_cat":[186,35],"product_tag":[470],"product_partner":[],"class_list":{"0":"post-6748","1":"product","2":"type-product","3":"status-publish","4":"has-post-thumbnail","6":"product_brand-southern-implants","7":"product_cat-bonturi-si-dispozitive-transfer","8":"product_cat-protetica-dentara","9":"product_tag-preorder","11":"first","12":"instock","13":"taxable","14":"shipping-taxable","15":"purchasable","16":"product-type-simple","17":"entry","18":"content-bg","19":"loop-entry"},"taxonomy_info":{"product_brand":[{"value":482,"label":"Southern Implants"}],"product_cat":[{"value":186,"label":"Bonturi de transfer \/ Dispozitive de transfer"},{"value":35,"label":"Protetic\u0103 dentar\u0103"}],"product_tag":[{"value":470,"label":"#preorder"}]},"featured_image_src_large":["https:\/\/gursk.ro\/shop\/wp-content\/uploads\/2025\/09\/Bont-de-transfer-IC-DC4-W.png",720,720,false],"author_info":[],"comment_info":0,"_links":{"self":[{"href":"https:\/\/gursk.ro\/shop\/wp-json\/wp\/v2\/product\/6748","targetHints":{"allow":["GET"]}}],"collection":[{"href":"https:\/\/gursk.ro\/shop\/wp-json\/wp\/v2\/product"}],"about":[{"href":"https:\/\/gursk.ro\/shop\/wp-json\/wp\/v2\/types\/product"}],"replies":[{"embeddable":true,"href":"https:\/\/gursk.ro\/shop\/wp-json\/wp\/v2\/comments?post=6748"}],"version-history":[{"count":1,"href":"https:\/\/gursk.ro\/shop\/wp-json\/wp\/v2\/product\/6748\/revisions"}],"predecessor-version":[{"id":9825,"href":"https:\/\/gursk.ro\/shop\/wp-json\/wp\/v2\/product\/6748\/revisions\/9825"}],"wp:featuredmedia":[{"embeddable":true,"href":"https:\/\/gursk.ro\/shop\/wp-json\/wp\/v2\/media\/9826"}],"wp:attachment":[{"href":"https:\/\/gursk.ro\/shop\/wp-json\/wp\/v2\/media?parent=6748"}],"wp:term":[{"taxonomy":"product_brand","embeddable":true,"href":"https:\/\/gursk.ro\/shop\/wp-json\/wp\/v2\/product_brand?post=6748"},{"taxonomy":"product_cat","embeddable":true,"href":"https:\/\/gursk.ro\/shop\/wp-json\/wp\/v2\/product_cat?post=6748"},{"taxonomy":"product_tag","embeddable":true,"href":"https:\/\/gursk.ro\/shop\/wp-json\/wp\/v2\/product_tag?post=6748"},{"taxonomy":"product_partner","embeddable":true,"href":"https:\/\/gursk.ro\/shop\/wp-json\/wp\/v2\/product_partner?post=6748"}],"curies":[{"name":"wp","href":"https:\/\/api.w.org\/{rel}","templated":true}]}}