{"id":6739,"date":"2025-09-18T18:45:54","date_gmt":"2025-09-18T15:45:54","guid":{"rendered":"https:\/\/gursk.ro\/shop\/?post_type=product&#038;p=6739"},"modified":"2026-05-04T10:26:50","modified_gmt":"2026-05-04T07:26:50","slug":"bonturi-de-vindecare-ha-dc5-w","status":"publish","type":"product","link":"https:\/\/gursk.ro\/shop\/produs\/bonturi-de-vindecare-ha-dc5-w\/","title":{"rendered":"Bonturi de vindecare HA-DC5-W INVERTA\u00ae Deep Conical Wide (\u00d8 5 mm)"},"content":{"rendered":"<p><!--StartFragment --><\/p>\n<p class=\"pf0\"><span class=\"cf0\">Aceste bonturi de vindecare HA-DC5-W sunt <strong>proiectate pentru implanturile cu conexiune Deep Conical Wide<\/strong>, <\/span><strong><span class=\"cf0\">utilizate<\/span> <span class=\"cf0\">frecvent<\/span> <span class=\"cf1\">\u00een<\/span><span class=\"cf1\"> zone <\/span><span class=\"cf1\">posterioare<\/span> <span class=\"cf1\">sau<\/span> <span class=\"cf1\">\u00een<\/span> <span class=\"cf1\">cazuri \u00een care<\/span>\u00a0<span class=\"cf1\">restaurarea<\/span> <span class=\"cf1\">final<\/span><span class=\"cf2\">\u0103<\/span> <span class=\"cf2\">necesit\u0103<\/span><span class=\"cf2\"> un suport gingival <\/span><span class=\"cf2\">extins<\/span><\/strong><span class=\"cf2\"><strong>.<\/strong> <\/span><span class=\"cf2\">Diametrul<\/span> <span class=\"cf2\">coronar<\/span> <span class=\"cf1\">\u00d8 5 mm <\/span><span class=\"cf1\">asigur<\/span><span class=\"cf2\">\u0103<\/span><span class=\"cf2\"> o <\/span><span class=\"cf2\">zon\u0103<\/span><span class=\"cf2\"> de <\/span><span class=\"cf2\">emergen\u021b\u0103<\/span> <span class=\"cf2\">ampl\u0103<\/span><span class=\"cf2\">, <\/span><span class=\"cf2\">ideal\u0103<\/span> <span class=\"cf2\">pentru<\/span><span class=\"cf2\">: <\/span><span class=\"cf2\">implanturi<\/span> <span class=\"cf2\">inserate<\/span> <span class=\"cf1\">\u00een<\/span> <span class=\"cf1\">zonele<\/span> <span class=\"cf1\">premolare<\/span><span class=\"cf1\">\/<\/span><span class=\"cf1\">molare<\/span><span class=\"cf1\">, <\/span><span class=\"cf1\">restaur<\/span><span class=\"cf2\">\u0103ri<\/span> <span class=\"cf2\">complexe<\/span><span class=\"cf2\"> care <\/span><span class=\"cf2\">necesit\u0103<\/span> <span class=\"cf2\">volum<\/span><span class=\"cf2\"> gingival <\/span><span class=\"cf2\">crescut<\/span><span class=\"cf2\">, <\/span><span class=\"cf2\">arhitecturi<\/span> <span class=\"cf2\">tisulare<\/span> <span class=\"cf2\">ce<\/span> <span class=\"cf2\">trebuie<\/span> <span class=\"cf2\">modelate<\/span> <span class=\"cf2\">progresiv<\/span> <span class=\"cf2\">pentru<\/span> <span class=\"cf2\">estetic\u0103<\/span> <span class=\"cf2\">\u0219i<\/span> <span class=\"cf2\">func\u021bie<\/span> <span class=\"cf2\">optim\u0103<\/span><span class=\"cf2\">.<\/span><\/p>\n<p class=\"pf0\"><span class=\"cf2\">Conexiunea<\/span><span class=\"cf2\"> Deep Conical <\/span><span class=\"cf2\">ofer\u0103<\/span> <span class=\"cf2\">stabilitate<\/span> <span class=\"cf2\">superioar\u0103<\/span> <span class=\"cf2\">\u0219i<\/span> <span class=\"cf2\">etan\u0219are<\/span> <span class=\"cf2\">mecanic\u0103<\/span> <span class=\"cf2\">excelent\u0103<\/span><span class=\"cf2\">, <\/span><span class=\"cf2\">protej<\/span><span class=\"cf1\">\u00e2nd<\/span><span class=\"cf1\"> zona peri-<\/span><span class=\"cf1\">implantar<\/span><span class=\"cf2\">\u0103<\/span><span class=\"cf2\"> de micro-<\/span><span class=\"cf2\">mi\u0219c\u0103ri<\/span> <span class=\"cf2\">\u0219i<\/span> <span class=\"cf2\">p\u0103trunderea<\/span> <span class=\"cf2\">contaminan\u021bilor<\/span> <span class=\"cf1\">\u00een<\/span> <span class=\"cf1\">faza<\/span> <span class=\"cf1\">critic<\/span><span class=\"cf2\">\u0103<\/span><span class=\"cf2\"> de <\/span><span class=\"cf2\">vindecare<\/span><span class=\"cf2\">.<\/span><\/p>\n<p class=\"pf0\"><span class=\"cf2\">Suprafa\u021ba<\/span> <span class=\"cf2\">polisat\u0103<\/span><span class=\"cf2\"> reduce <\/span><span class=\"cf2\">acumularea<\/span> <span class=\"cf2\">pl\u0103cii<\/span> <span class=\"cf2\">bacteriene<\/span> <span class=\"cf2\">\u0219i<\/span> <span class=\"cf2\">sus\u021bine<\/span><span class=\"cf2\"> o <\/span><span class=\"cf2\">vindecare<\/span> <span class=\"cf2\">curat\u0103<\/span><span class=\"cf2\">. <\/span><span class=\"cf2\">Cele <\/span><span class=\"cf2\">trei<\/span> <span class=\"cf1\">\u00een<\/span><span class=\"cf2\">\u0103l\u021bimi<\/span> <span class=\"cf2\">disponibile<\/span><span class=\"cf2\"> sunt <\/span><span class=\"cf2\">utilizate<\/span> <span class=\"cf1\">\u00een<\/span> <span class=\"cf1\">func<\/span><span class=\"cf2\">\u021bie<\/span><span class=\"cf2\"> de <\/span><span class=\"cf2\">contextul<\/span><span class=\"cf2\"> clinic:<\/span><\/p>\n<p class=\"pf0\"><span class=\"cf2\"><strong>HA-DC5-W2<\/strong> (2 mm) <\/span><span class=\"cf3\">\u2013 <\/span><span class=\"cf3\">pentru<\/span> <span class=\"cf3\">biotip<\/span><span class=\"cf3\"> gingival <\/span><span class=\"cf3\">sub<\/span><span class=\"cf2\">\u021bire<\/span> <span class=\"cf2\">sau<\/span> <span class=\"cf2\">implanturi<\/span> <span class=\"cf2\">pozi\u021bionate<\/span><span class=\"cf2\"> crestal.<\/span><\/p>\n<p class=\"pf0\"><span class=\"cf2\"><strong>HA-DC5-W4<\/strong> (4 mm) <\/span><span class=\"cf3\">\u2013 <\/span><span class=\"cf3\">op<\/span><span class=\"cf2\">\u021biunea<\/span><span class=\"cf2\"> standard <\/span><span class=\"cf2\">pentru<\/span> <span class=\"cf2\">majoritatea<\/span> <span class=\"cf2\">cazurilor<\/span><span class=\"cf2\">, <\/span><span class=\"cf2\">echilibr<\/span><span class=\"cf1\">\u00e2nd<\/span> <span class=\"cf1\">emergen<\/span><span class=\"cf2\">\u021ba<\/span> <span class=\"cf2\">gingival\u0103<\/span> <span class=\"cf2\">\u0219i<\/span> <span class=\"cf2\">confortul<\/span><span class=\"cf2\">.<\/span><\/p>\n<p class=\"pf0\"><span class=\"cf2\"><strong>HA-DC5-W6<\/strong> (6 mm) <\/span><span class=\"cf3\">\u2013 <\/span><span class=\"cf3\">recomandat<\/span> <span class=\"cf3\">pentru<\/span> <span class=\"cf3\">biotip<\/span><span class=\"cf3\"> gingival <\/span><span class=\"cf3\">gros<\/span><span class=\"cf3\">, <\/span><span class=\"cf3\">implanturi<\/span> <span class=\"cf3\">inserate<\/span> <span class=\"cf3\">ad<\/span><span class=\"cf1\">\u00e2nc<\/span> <span class=\"cf1\">sau<\/span> <span class=\"cf1\">necesitate<\/span><span class=\"cf1\"> de <\/span><span class=\"cf1\">emergen<\/span><span class=\"cf2\">\u021b\u0103<\/span> <span class=\"cf2\">vertical\u0103<\/span> <span class=\"cf2\">crescut\u0103<\/span><span class=\"cf2\">.<\/span><\/p>\n<p class=\"pf0\"><span class=\"cf2\">Prin<\/span> <span class=\"cf2\">modelarea<\/span> <span class=\"cf2\">treptat\u0103<\/span><span class=\"cf2\"> a <\/span><span class=\"cf2\">conturului<\/span><span class=\"cf2\"> gingival, <\/span><span class=\"cf2\">aceste<\/span> <span class=\"cf2\">bonturi<\/span> <span class=\"cf2\">faciliteaz\u0103<\/span> <span class=\"cf2\">integrarea<\/span> <span class=\"cf2\">restaur\u0103rii<\/span><span class=\"cf2\"> definitive <\/span><span class=\"cf2\">\u0219i<\/span> <span class=\"cf2\">reduc<\/span> <span class=\"cf2\">ajust\u0103rile<\/span> <span class=\"cf2\">protetice<\/span> <span class=\"cf2\">ulterioare<\/span><span class=\"cf2\">.<!--StartFragment --><\/span><\/p>\n<h3 class=\"pf0\"><strong><span class=\"cf0\">Specifica<\/span><span class=\"cf0\">\u021bii cheie bonturi de vindecare HA-DC5-W INVERTA\u00ae Deep Conical Wide (\u00d8 5 mm):<\/span><\/strong><\/h3>\n<ul>\n<li class=\"pf0\"><span class=\"cf0\">Etan\u0219are conic\u0103 pentru stabilitate mecanic\u0103<\/span><\/li>\n<li class=\"pf0\"><span class=\"cf0\">Emergen\u021b\u0103 gingival\u0103 larg\u0103 <\/span><span class=\"cf0\">pentru<\/span> <span class=\"cf0\">restaur\u0103ri<\/span> <span class=\"cf0\">complexe<\/span><\/li>\n<li class=\"pf0\"><span class=\"cf0\">Profil<\/span> <span class=\"cf0\">adaptabil<\/span><span class=\"cf0\"> la <\/span><span class=\"cf0\">diferite<\/span> <span class=\"cf0\">biotipuri<\/span><\/li>\n<li class=\"pf0\"><span class=\"cf0\">Suprafa\u021b\u0103<\/span> <span class=\"cf0\">polisat\u0103<\/span> <span class=\"cf0\">pentru<\/span> <span class=\"cf0\">igien\u0103<\/span> <span class=\"cf0\">superioar\u0103<\/span><\/li>\n<li class=\"pf0\"><span class=\"cf0\">Conexiune<\/span> <span class=\"cf0\">stabil\u0103<\/span> <span class=\"cf0\">ce<\/span> <span class=\"cf0\">previne<\/span><span class=\"cf0\"> micro-<\/span><span class=\"cf0\">mi\u0219c\u0103rile<\/span><\/li>\n<\/ul>\n<h3 class=\"pf0\"><strong><span class=\"cf0\">Beneficii<\/span> <span class=\"cf0\">pentru<\/span> <span class=\"cf0\">medici:<\/span><\/strong><\/h3>\n<ul>\n<li class=\"pf0\"><span class=\"cf0\">Flexibilitate<\/span> <span class=\"cf0\">datorat\u0103<\/span> <span class=\"cf0\">celor<\/span> <span class=\"cf0\">trei<\/span> <span class=\"cf1\">\u00een<\/span><span class=\"cf2\">\u0103l\u021bimi<\/span><\/li>\n<li class=\"pf0\"><span class=\"cf2\">Control <\/span><span class=\"cf2\">predictibil<\/span> <span class=\"cf2\">asupra<\/span> <span class=\"cf2\">emergen\u021bei<\/span> <span class=\"cf2\">gingivale<\/span><\/li>\n<li class=\"pf0\"><span class=\"cf2\">Manipulare<\/span> <span class=\"cf2\">u\u0219oar\u0103<\/span> <span class=\"cf2\">\u0219i<\/span> <span class=\"cf2\">stabilitate<\/span> <span class=\"cf2\">excelent\u0103<\/span><\/li>\n<li class=\"pf0\"><span class=\"cf2\">Integrare<\/span> <span class=\"cf2\">complet\u0103<\/span> <span class=\"cf1\">\u00een<\/span> <span class=\"cf1\">fluxul<\/span> <span class=\"cf1\">protetic<\/span><span class=\"cf1\"> INVERTA\u00ae<\/span><\/li>\n<\/ul>\n<h3 class=\"pf0\"><strong><span class=\"cf1\">Beneficii<\/span> <span class=\"cf1\">pentru<\/span> <span class=\"cf1\">pacien<\/span><span class=\"cf2\">\u021bi:<\/span><\/strong><\/h3>\n<ul>\n<li class=\"pf0\"><span class=\"cf2\">Vindecare<\/span> <span class=\"cf2\">stabil\u0103<\/span> <span class=\"cf2\">\u0219i<\/span> <span class=\"cf2\">confortabil\u0103<\/span><\/li>\n<li class=\"pf0\"><span class=\"cf2\">Contur<\/span><span class=\"cf2\"> gingival <\/span><span class=\"cf2\">estetic<\/span> <span class=\"cf2\">\u0219i<\/span><span class=\"cf2\"> natural<\/span><\/li>\n<li class=\"pf0\"><span class=\"cf2\">Risc<\/span> <span class=\"cf2\">redus<\/span><span class=\"cf2\"> de <\/span><span class=\"cf2\">irita\u021bie<\/span><span class=\"cf2\"> peri-<\/span><span class=\"cf2\">implantar\u0103<\/span><\/li>\n<li class=\"pf0\"><span class=\"cf2\">Restaur\u0103ri<\/span><span class=\"cf2\"> finale cu <\/span><span class=\"cf2\">adaptare<\/span><span class=\"cf2\"> optim\u0103<\/span><\/li>\n<\/ul>\n<p class=\"pf0\"><span class=\"cf2\"><!--EndFragment --><br \/>\n<\/span><\/p>\n<p><!--EndFragment --><\/p>\n","protected":false},"excerpt":{"rendered":"<p><!--StartFragment --><\/p>\n<p class=\"pf0\"><span class=\"cf0\">Bonturile<\/span><span class=\"cf0\"> de <\/span><span class=\"cf0\">vindecare<\/span><span class=\"cf0\"> HA-DC5-W (\u00d8 5 mm) sunt <\/span><span class=\"cf0\">componente<\/span> <span class=\"cf0\">specializate<\/span> <span class=\"cf0\">pentru<\/span> <span class=\"cf0\">modelarea<\/span> <span class=\"cf1\">\u021besutului<\/span> <span class=\"cf1\">moale<\/span> <span class=\"cf0\">\u00een<\/span> <span class=\"cf0\">jurul<\/span> <span class=\"cf0\">implanturilor<\/span><span class=\"cf0\"> INVERTA\u00ae <\/span><span class=\"cf1\">\u0219i<\/span><span class=\"cf1\"> Deep Conical cu <\/span><span class=\"cf1\">platform\u0103<\/span> <span class=\"cf1\">larg\u0103<\/span><span class=\"cf1\">. <\/span><span class=\"cf1\">Ele<\/span> <span class=\"cf1\">ofer\u0103<\/span><span class=\"cf1\"> un <\/span><span class=\"cf1\">profil<\/span><span class=\"cf1\"> gingival <\/span><span class=\"cf1\">stabil<\/span><span class=\"cf1\">, <\/span><span class=\"cf1\">larg<\/span> <span class=\"cf1\">\u0219i<\/span> <span class=\"cf1\">predictibil<\/span><span class=\"cf1\">, <\/span><span class=\"cf1\">fiind<\/span> <span class=\"cf1\">disponibile<\/span> <span class=\"cf0\">\u00een<\/span> <span class=\"cf0\">\u00een<\/span><span class=\"cf1\">\u0103l\u021bimi<\/span><span class=\"cf1\"> de 2 mm, 4 mm <\/span><span class=\"cf1\">\u0219i<\/span><span class=\"cf1\"> 6 mm <\/span><span class=\"cf1\">pentru<\/span><span class=\"cf1\"> a <\/span><span class=\"cf1\">r\u0103spunde<\/span> <span class=\"cf1\">diferitelor<\/span> <span class=\"cf1\">biotipuri<\/span> <span class=\"cf1\">gingivale<\/span> <span class=\"cf1\">\u0219i<\/span> <span class=\"cf1\">pozi\u021bii<\/span><span class=\"cf1\"> de <\/span><span class=\"cf1\">inserare<\/span><span class=\"cf1\"> a <\/span><span class=\"cf1\">implantului<\/span><span class=\"cf1\">.<\/span><\/p>\n<p><!--EndFragment --><\/p>\n","protected":false},"featured_media":9648,"comment_status":"closed","ping_status":"closed","template":"","meta":{"_kad_blocks_custom_css":"","_kad_blocks_head_custom_js":"","_kad_blocks_body_custom_js":"","_kad_blocks_footer_custom_js":"","_kadence_starter_templates_imported_post":false,"_kad_post_transparent":"default","_kad_post_title":"","_kad_post_layout":"default","_kad_post_sidebar_id":"","_kad_post_content_style":"default","_kad_post_vertical_padding":"default","_kad_post_feature":"","_kad_post_feature_position":"","_kad_post_header":false,"_kad_post_footer":false,"_kad_post_classname":""},"product_brand":[482],"product_cat":[136,35],"product_tag":[470],"product_partner":[],"class_list":{"0":"post-6739","1":"product","2":"type-product","3":"status-publish","4":"has-post-thumbnail","6":"product_brand-southern-implants","7":"product_cat-bonturi-de-vindecare","8":"product_cat-protetica-dentara","9":"product_tag-preorder","11":"first","12":"instock","13":"taxable","14":"shipping-taxable","15":"purchasable","16":"product-type-simple","17":"entry","18":"content-bg","19":"loop-entry"},"taxonomy_info":{"product_brand":[{"value":482,"label":"Southern Implants"}],"product_cat":[{"value":136,"label":"Bonturi de vindecare"},{"value":35,"label":"Protetic\u0103 dentar\u0103"}],"product_tag":[{"value":470,"label":"#preorder"}]},"featured_image_src_large":["https:\/\/gursk.ro\/shop\/wp-content\/uploads\/2025\/09\/Bonturi-de-vindecare-HA-DC5-W2.png",720,720,false],"author_info":[],"comment_info":0,"_links":{"self":[{"href":"https:\/\/gursk.ro\/shop\/wp-json\/wp\/v2\/product\/6739","targetHints":{"allow":["GET"]}}],"collection":[{"href":"https:\/\/gursk.ro\/shop\/wp-json\/wp\/v2\/product"}],"about":[{"href":"https:\/\/gursk.ro\/shop\/wp-json\/wp\/v2\/types\/product"}],"replies":[{"embeddable":true,"href":"https:\/\/gursk.ro\/shop\/wp-json\/wp\/v2\/comments?post=6739"}],"version-history":[{"count":1,"href":"https:\/\/gursk.ro\/shop\/wp-json\/wp\/v2\/product\/6739\/revisions"}],"predecessor-version":[{"id":9647,"href":"https:\/\/gursk.ro\/shop\/wp-json\/wp\/v2\/product\/6739\/revisions\/9647"}],"wp:featuredmedia":[{"embeddable":true,"href":"https:\/\/gursk.ro\/shop\/wp-json\/wp\/v2\/media\/9648"}],"wp:attachment":[{"href":"https:\/\/gursk.ro\/shop\/wp-json\/wp\/v2\/media?parent=6739"}],"wp:term":[{"taxonomy":"product_brand","embeddable":true,"href":"https:\/\/gursk.ro\/shop\/wp-json\/wp\/v2\/product_brand?post=6739"},{"taxonomy":"product_cat","embeddable":true,"href":"https:\/\/gursk.ro\/shop\/wp-json\/wp\/v2\/product_cat?post=6739"},{"taxonomy":"product_tag","embeddable":true,"href":"https:\/\/gursk.ro\/shop\/wp-json\/wp\/v2\/product_tag?post=6739"},{"taxonomy":"product_partner","embeddable":true,"href":"https:\/\/gursk.ro\/shop\/wp-json\/wp\/v2\/product_partner?post=6739"}],"curies":[{"name":"wp","href":"https:\/\/api.w.org\/{rel}","templated":true}]}}