{"id":6736,"date":"2025-09-18T18:45:38","date_gmt":"2025-09-18T15:45:38","guid":{"rendered":"https:\/\/gursk.ro\/shop\/?post_type=product&#038;p=6736"},"modified":"2026-05-04T10:26:50","modified_gmt":"2026-05-04T07:26:50","slug":"bonturi-de-vindecare-ha-dc5","status":"publish","type":"product","link":"https:\/\/gursk.ro\/shop\/produs\/bonturi-de-vindecare-ha-dc5\/","title":{"rendered":"Bonturi de vindecare HA-DC5 INVERTA\u00ae Deep Conical (\u00d8 5 mm)"},"content":{"rendered":"<p><!--StartFragment --><\/p>\n<p class=\"pf0\"><span class=\"cf0\">Bonturile de vindecare din seria HA-DC5 sunt proiectate pentru implanturile Southern Implants cu <\/span><span class=\"cf0\">conexiune<\/span><span class=\"cf0\"> Deep Conical, categorie<\/span>\u00a0<span class=\"cf0\">ce<\/span> <span class=\"cf0\">asigur\u0103<\/span><span class=\"cf0\"> o <\/span><span class=\"cf0\">interfa\u021b\u0103<\/span> <span class=\"cf0\">mecanic\u0103<\/span> <span class=\"cf0\">stabil\u0103<\/span> <span class=\"cf0\">\u0219i<\/span><span class=\"cf0\"> o <\/span><span class=\"cf0\">etan\u0219eitate<\/span> <span class=\"cf0\">superioar\u0103<\/span><span class=\"cf0\">, <\/span><span class=\"cf0\">esen\u021biale<\/span> <span class=\"cf0\">pentru<\/span> <span class=\"cf0\">faza<\/span><span class=\"cf0\"> de <\/span><span class=\"cf0\">vindecare<\/span><span class=\"cf0\"> peri-<\/span><span class=\"cf0\">implantar\u0103<\/span><span class=\"cf0\">. <\/span><strong><span class=\"cf0\">Diametrul<\/span> <span class=\"cf0\">coronar<\/span> <span class=\"cf1\">\u00d8 5 mm <\/span><span class=\"cf1\">este<\/span> <span class=\"cf1\">recomandat<\/span> <span class=\"cf1\">\u00een<\/span><span class=\"cf1\"> special <\/span><span class=\"cf1\">pentru<\/span><span class=\"cf1\"> zone <\/span><span class=\"cf1\">posterioare<\/span><span class=\"cf1\"> (<\/span><span class=\"cf1\">premolari<\/span> <span class=\"cf2\">\u0219i<\/span> <span class=\"cf2\">molari<\/span><span class=\"cf2\">) <\/span><span class=\"cf2\">sau<\/span> <span class=\"cf1\">\u00een<\/span> <span class=\"cf1\">situa<\/span><span class=\"cf2\">\u021biile<\/span> <span class=\"cf1\">\u00een<\/span><span class=\"cf1\"> care <\/span><span class=\"cf1\">restaurarea<\/span> <span class=\"cf1\">protetic<\/span><span class=\"cf2\">\u0103<\/span> <span class=\"cf2\">necesit\u0103<\/span><span class=\"cf2\"> un <\/span><span class=\"cf2\">profil<\/span><span class=\"cf2\"> gingival <\/span><span class=\"cf2\">mai<\/span> <span class=\"cf2\">larg<\/span><\/strong><span class=\"cf2\">, <\/span><span class=\"cf2\">pentru<\/span> <span class=\"cf2\">suport<\/span> <span class=\"cf2\">func\u021bional<\/span> <span class=\"cf2\">\u0219i<\/span> <span class=\"cf2\">estetic<\/span> <span class=\"cf1\">\u00eembun<\/span><span class=\"cf2\">\u0103t\u0103\u021bit<\/span><span class=\"cf2\">. <\/span><span class=\"cf2\">Cele <\/span><span class=\"cf2\">trei<\/span> <span class=\"cf2\">variante<\/span><span class=\"cf2\"> de <\/span><span class=\"cf1\">\u00een<\/span><span class=\"cf2\">\u0103l\u021bime<\/span><span class=\"cf2\"> permit <\/span><span class=\"cf2\">selectarea<\/span> <span class=\"cf2\">componentelor<\/span> <span class=\"cf1\">\u00een<\/span> <span class=\"cf1\">func<\/span><span class=\"cf2\">\u021bie<\/span><span class=\"cf2\"> de <\/span><span class=\"cf2\">anatomia<\/span> <span class=\"cf2\">pacientului<\/span> <span class=\"cf2\">\u0219i<\/span> <span class=\"cf2\">pozi\u021bia<\/span> <span class=\"cf2\">implantului<\/span><span class=\"cf2\">:<\/span><\/p>\n<p class=\"pf0\"><span class=\"cf2\"><strong>HA-DC5-2<\/strong> (2 mm) <\/span><span class=\"cf3\">\u2013 ideal <\/span><span class=\"cf3\">pentru<\/span> <span class=\"cf3\">biotip<\/span><span class=\"cf3\"> gingival <\/span><span class=\"cf3\">sub<\/span><span class=\"cf2\">\u021bire<\/span><span class=\"cf2\">, <\/span><span class=\"cf2\">nivel<\/span><span class=\"cf2\"> crestal <\/span><span class=\"cf2\">sau<\/span> <span class=\"cf2\">inserare<\/span><span class=\"cf2\"> minim <\/span><span class=\"cf2\">subcrestal\u0103<\/span><span class=\"cf2\">.<\/span><\/p>\n<p class=\"pf0\"><span class=\"cf2\"><strong>HA-DC5-4<\/strong> (4 mm) <\/span><span class=\"cf3\">\u2013 <\/span><span class=\"cf3\">op<\/span><span class=\"cf2\">\u021biunea<\/span><span class=\"cf2\"> standard <\/span><span class=\"cf2\">pentru<\/span> <span class=\"cf2\">majoritatea<\/span> <span class=\"cf2\">cazurilor<\/span> <span class=\"cf2\">clinice<\/span><span class=\"cf2\">.<\/span><\/p>\n<p class=\"pf0\"><span class=\"cf2\"><strong>HA-DC5-6<\/strong> (6 mm) <\/span><span class=\"cf3\">\u2013 <\/span><span class=\"cf3\">recomandat<\/span> <span class=\"cf3\">pentru<\/span> <span class=\"cf3\">biotip<\/span> <span class=\"cf3\">gros<\/span><span class=\"cf3\">, <\/span><span class=\"cf3\">implanturi<\/span> <span class=\"cf3\">ad<\/span><span class=\"cf1\">\u00e2nci<\/span> <span class=\"cf1\">sau<\/span> <span class=\"cf1\">necesar<\/span><span class=\"cf1\"> de <\/span><span class=\"cf1\">emergen<\/span><span class=\"cf2\">\u021b\u0103<\/span> <span class=\"cf2\">vertical\u0103<\/span> <span class=\"cf2\">extins\u0103<\/span><span class=\"cf2\">.<\/span><\/p>\n<p class=\"pf0\"><span class=\"cf2\">Suprafa\u021ba<\/span> <span class=\"cf2\">polisat\u0103<\/span> <span class=\"cf2\">minimizeaz\u0103<\/span> <span class=\"cf2\">aderen\u021ba<\/span> <span class=\"cf2\">bacterian\u0103<\/span> <span class=\"cf2\">\u0219i<\/span> <span class=\"cf2\">favorizeaz\u0103<\/span> <span class=\"cf2\">vindecarea<\/span> <span class=\"cf2\">biologic\u0103<\/span><span class=\"cf2\">. Fabricate din <strong>titan medical (Grad 4\/5)<\/strong>, <\/span><span class=\"cf2\">aceste<\/span> <span class=\"cf2\">bonturi<\/span> <span class=\"cf2\">ofer\u0103<\/span> <span class=\"cf2\">rezisten\u021b\u0103<\/span> <span class=\"cf2\">excelent\u0103<\/span> <span class=\"cf2\">\u0219i<\/span> <span class=\"cf2\">biocompatibilitate<\/span> <span class=\"cf2\">ridicat\u0103<\/span><span class=\"cf2\">. <\/span><span class=\"cf2\">Prin<\/span> <span class=\"cf2\">modelarea<\/span> <span class=\"cf2\">predictibil\u0103<\/span><span class=\"cf2\"> a <\/span><span class=\"cf2\">conturului<\/span><span class=\"cf2\"> gingival, <\/span><span class=\"cf2\">seria<\/span><span class=\"cf2\"> HA-DC5 <\/span><span class=\"cf2\">faciliteaz\u0103<\/span> <span class=\"cf2\">adaptarea<\/span> <span class=\"cf2\">restaur\u0103rilor<\/span><span class=\"cf2\"> finale <\/span><span class=\"cf2\">\u0219i<\/span><span class=\"cf2\"> reduce <\/span><span class=\"cf2\">ajust\u0103rile<\/span> <span class=\"cf1\">\u00een<\/span> <span class=\"cf1\">etapa<\/span> <span class=\"cf1\">protetic<\/span><span class=\"cf2\">\u0103<\/span><span class=\"cf2\">.<\/span><\/p>\n<p><!--StartFragment --><\/p>\n<p>&nbsp;<\/p>\n<h3 class=\"pf0\"><strong><span class=\"cf0\">Specifica<\/span><span class=\"cf0\">\u021bii cheie bonturi de vindecare HA-DC5 INVERTA\u00ae Deep Conical (\u00d8 5 mm):<\/span><\/strong><\/h3>\n<ul>\n<li class=\"pf0\"><span class=\"cf0\">Stabilitate peri-implantar\u0103 superioar\u0103 datorit\u0103 DC<\/span><\/li>\n<li class=\"pf0\"><span class=\"cf0\">Profil gingival <\/span><span class=\"cf0\">extins<\/span> <span class=\"cf0\">pentru<\/span> <span class=\"cf0\">restaur\u0103ri<\/span> <span class=\"cf0\">complexe<\/span><\/li>\n<li class=\"pf0\"><span class=\"cf0\">Etan\u0219are<\/span> <span class=\"cf0\">mecanic\u0103<\/span> <span class=\"cf0\">excelent\u0103<\/span> <span class=\"cf0\">\u0219i<\/span> <span class=\"cf0\">reducerea<\/span><span class=\"cf0\"> micro-<\/span><span class=\"cf0\">mi\u0219c\u0103rilor<\/span><\/li>\n<li class=\"pf0\"><span class=\"cf0\">Suprafa\u021b\u0103<\/span> <span class=\"cf0\">polisat\u0103<\/span> <span class=\"cf0\">pentru<\/span> <span class=\"cf0\">igien\u0103<\/span> <span class=\"cf0\">\u0219i<\/span> <span class=\"cf0\">vindecare<\/span> <span class=\"cf0\">optim\u0103<\/span><\/li>\n<li class=\"pf0\"><span class=\"cf0\">Adaptare<\/span><span class=\"cf0\"> la <\/span><span class=\"cf0\">biotipuri<\/span> <span class=\"cf0\">gingivale<\/span><span class=\"cf0\"> variate<\/span><\/li>\n<\/ul>\n<h3 class=\"pf0\"><strong><span class=\"cf0\">Beneficii<\/span> <span class=\"cf0\">pentru<\/span> <span class=\"cf0\">medici:<\/span><\/strong><\/h3>\n<ul>\n<li class=\"pf0\"><span class=\"cf0\">Alegere<\/span> <span class=\"cf0\">flexibil\u0103<\/span><span class=\"cf0\"> a <\/span><span class=\"cf1\">\u00een<\/span><span class=\"cf2\">\u0103l\u021bimii<\/span> <span class=\"cf2\">corecte<\/span><\/li>\n<li class=\"pf0\"><span class=\"cf2\">Modelarea<\/span> <span class=\"cf2\">predicitibil\u0103<\/span><span class=\"cf2\"> a <\/span><span class=\"cf2\">emergen\u021bei<\/span> <span class=\"cf2\">gingivale<\/span><\/li>\n<li class=\"pf0\"><span class=\"cf2\">Manipulare<\/span> <span class=\"cf2\">u\u0219oar\u0103<\/span> <span class=\"cf2\">\u0219i<\/span> <span class=\"cf2\">stabil\u0103<\/span><\/li>\n<li class=\"pf0\"><span class=\"cf2\">Integrare<\/span> <span class=\"cf2\">complet\u0103<\/span> <span class=\"cf1\">\u00een<\/span> <span class=\"cf1\">fluxul<\/span> <span class=\"cf1\">protetic<\/span><span class=\"cf1\"> INVERTA\u00ae<\/span><\/li>\n<\/ul>\n<h3 class=\"pf0\"><strong><span class=\"cf1\">Beneficii<\/span> <span class=\"cf1\">pentru<\/span> <span class=\"cf1\">pacien<\/span><span class=\"cf2\">\u021bi:<\/span><\/strong><\/h3>\n<ul>\n<li class=\"pf0\"><span class=\"cf2\">Vindecare<\/span> <span class=\"cf2\">confortabil\u0103<\/span> <span class=\"cf2\">\u0219i<\/span> <span class=\"cf2\">stabil\u0103<\/span><\/li>\n<li class=\"pf0\"><span class=\"cf2\">Contur<\/span><span class=\"cf2\"> gingival <\/span><span class=\"cf2\">armonios<\/span> <span class=\"cf2\">\u0219i<\/span><span class=\"cf2\"> natural<\/span><\/li>\n<li class=\"pf0\"><span class=\"cf2\">Restaur\u0103ri<\/span><span class=\"cf2\"> finale cu <\/span><span class=\"cf2\">adaptare<\/span> <span class=\"cf2\">superioar\u0103<\/span><\/li>\n<li class=\"pf0\"><span class=\"cf2\">Reducerea<\/span> <span class=\"cf2\">riscului<\/span><span class=\"cf2\"> de <\/span><span class=\"cf2\">inflama\u021bie<\/span><span class=\"cf2\"> peri-implantar\u0103<\/span><\/li>\n<\/ul>\n<p><!--EndFragment --><\/p>\n<p><!--EndFragment --><\/p>\n","protected":false},"excerpt":{"rendered":"<p><!--StartFragment --><\/p>\n<p class=\"pf0\"><span class=\"cf0\">Bonturile<\/span><span class=\"cf0\"> de <\/span><span class=\"cf0\">vindecare<\/span><span class=\"cf0\"> HA-DC5 (\u00d8 5 mm) sunt <\/span><span class=\"cf0\">utilizate<\/span> <span class=\"cf0\">pentru<\/span> <span class=\"cf0\">modelarea<\/span> <span class=\"cf1\">\u021besutului<\/span> <span class=\"cf1\">moale<\/span> <span class=\"cf0\">\u00een<\/span> <span class=\"cf0\">jurul<\/span> <span class=\"cf0\">implanturilor<\/span><span class=\"cf0\"> cu <\/span><span class=\"cf0\">conexiune<\/span><span class=\"cf0\"> Deep Conical, <\/span><span class=\"cf0\">oferind<\/span><span class=\"cf0\"> un <\/span><span class=\"cf0\">profil<\/span><span class=\"cf0\"> gingival <\/span><span class=\"cf0\">stabil<\/span><span class=\"cf0\">, <\/span><span class=\"cf0\">larg<\/span> <span class=\"cf1\">\u0219i<\/span> <span class=\"cf1\">predictibil<\/span> <span class=\"cf0\">\u00eenaintea<\/span> <span class=\"cf0\">etapei<\/span> <span class=\"cf0\">protetice<\/span><span class=\"cf0\">. <\/span><span class=\"cf0\">Disponibile<\/span> <span class=\"cf0\">\u00een<\/span> <span class=\"cf0\">\u00een<\/span><span class=\"cf1\">\u0103l\u021bimile<\/span><span class=\"cf1\"> 2 mm, 4 mm <\/span><span class=\"cf1\">\u0219i<\/span><span class=\"cf1\"> 6 mm, <\/span><span class=\"cf1\">acestea<\/span><span class=\"cf1\"> permit <\/span><span class=\"cf1\">adaptarea<\/span> <span class=\"cf1\">optim\u0103<\/span><span class=\"cf1\"> la <\/span><span class=\"cf1\">biotipul<\/span><span class=\"cf1\"> gingival <\/span><span class=\"cf1\">\u0219i<\/span><span class=\"cf1\"> la <\/span><span class=\"cf1\">ad<\/span><span class=\"cf0\">\u00e2ncimea<\/span><span class=\"cf0\"> de <\/span><span class=\"cf0\">inserare<\/span><span class=\"cf0\"> a <\/span><span class=\"cf0\">implantului<\/span><span class=\"cf0\">.<\/span><\/p>\n<p><!--EndFragment --><\/p>\n","protected":false},"featured_media":9641,"comment_status":"closed","ping_status":"closed","template":"","meta":{"_kad_blocks_custom_css":"","_kad_blocks_head_custom_js":"","_kad_blocks_body_custom_js":"","_kad_blocks_footer_custom_js":"","_kadence_starter_templates_imported_post":false,"_kad_post_transparent":"default","_kad_post_title":"","_kad_post_layout":"default","_kad_post_sidebar_id":"","_kad_post_content_style":"default","_kad_post_vertical_padding":"default","_kad_post_feature":"","_kad_post_feature_position":"","_kad_post_header":false,"_kad_post_footer":false,"_kad_post_classname":""},"product_brand":[482],"product_cat":[136,35],"product_tag":[470],"product_partner":[],"class_list":{"0":"post-6736","1":"product","2":"type-product","3":"status-publish","4":"has-post-thumbnail","6":"product_brand-southern-implants","7":"product_cat-bonturi-de-vindecare","8":"product_cat-protetica-dentara","9":"product_tag-preorder","11":"first","12":"instock","13":"taxable","14":"shipping-taxable","15":"purchasable","16":"product-type-simple","17":"entry","18":"content-bg","19":"loop-entry"},"taxonomy_info":{"product_brand":[{"value":482,"label":"Southern Implants"}],"product_cat":[{"value":136,"label":"Bonturi de vindecare"},{"value":35,"label":"Protetic\u0103 dentar\u0103"}],"product_tag":[{"value":470,"label":"#preorder"}]},"featured_image_src_large":["https:\/\/gursk.ro\/shop\/wp-content\/uploads\/2025\/09\/Bonturi-de-vindecareHA-DC5-2.png",720,720,false],"author_info":[],"comment_info":0,"_links":{"self":[{"href":"https:\/\/gursk.ro\/shop\/wp-json\/wp\/v2\/product\/6736","targetHints":{"allow":["GET"]}}],"collection":[{"href":"https:\/\/gursk.ro\/shop\/wp-json\/wp\/v2\/product"}],"about":[{"href":"https:\/\/gursk.ro\/shop\/wp-json\/wp\/v2\/types\/product"}],"replies":[{"embeddable":true,"href":"https:\/\/gursk.ro\/shop\/wp-json\/wp\/v2\/comments?post=6736"}],"version-history":[{"count":1,"href":"https:\/\/gursk.ro\/shop\/wp-json\/wp\/v2\/product\/6736\/revisions"}],"predecessor-version":[{"id":9640,"href":"https:\/\/gursk.ro\/shop\/wp-json\/wp\/v2\/product\/6736\/revisions\/9640"}],"wp:featuredmedia":[{"embeddable":true,"href":"https:\/\/gursk.ro\/shop\/wp-json\/wp\/v2\/media\/9641"}],"wp:attachment":[{"href":"https:\/\/gursk.ro\/shop\/wp-json\/wp\/v2\/media?parent=6736"}],"wp:term":[{"taxonomy":"product_brand","embeddable":true,"href":"https:\/\/gursk.ro\/shop\/wp-json\/wp\/v2\/product_brand?post=6736"},{"taxonomy":"product_cat","embeddable":true,"href":"https:\/\/gursk.ro\/shop\/wp-json\/wp\/v2\/product_cat?post=6736"},{"taxonomy":"product_tag","embeddable":true,"href":"https:\/\/gursk.ro\/shop\/wp-json\/wp\/v2\/product_tag?post=6736"},{"taxonomy":"product_partner","embeddable":true,"href":"https:\/\/gursk.ro\/shop\/wp-json\/wp\/v2\/product_partner?post=6736"}],"curies":[{"name":"wp","href":"https:\/\/api.w.org\/{rel}","templated":true}]}}