{"id":6718,"date":"2025-09-18T18:45:07","date_gmt":"2025-09-18T15:45:07","guid":{"rendered":"https:\/\/gursk.ro\/shop\/?post_type=product&#038;p=6718"},"modified":"2026-05-04T10:26:50","modified_gmt":"2026-05-04T07:26:50","slug":"bonturi-de-vindecare-ha-dc3","status":"publish","type":"product","link":"https:\/\/gursk.ro\/shop\/produs\/bonturi-de-vindecare-ha-dc3\/","title":{"rendered":"Bonturi de vindecare HA-DC3 INVERTA\u00ae Deep Conical (\u00d8 3.5 mm)"},"content":{"rendered":"<p><!--StartFragment --><\/p>\n<p class=\"pf0\"><span class=\"cf0\">Bonturile<\/span><span class=\"cf0\"> de <\/span><span class=\"cf0\">vindecare<\/span><span class=\"cf0\"> HA-DC3 sunt <\/span><span class=\"cf0\">componente<\/span> <span class=\"cf0\">esen<\/span><span class=\"cf1\">\u021biale<\/span> <span class=\"cf0\">\u00een<\/span> <span class=\"cf0\">etapa<\/span><span class=\"cf0\"> de <\/span><span class=\"cf0\">vindecare<\/span> <span class=\"cf1\">\u0219i<\/span> <span class=\"cf1\">maturare<\/span> <span class=\"cf1\">tisular\u0103<\/span> <span class=\"cf1\">pentru<\/span> <span class=\"cf1\">implanturile<\/span><span class=\"cf1\"> cu <\/span><span class=\"cf1\">conexiune<\/span><span class=\"cf1\"> Deep Conical din <\/span><span class=\"cf1\">seria<\/span><span class=\"cf1\"> INVERTA<\/span><span class=\"cf0\">\u00ae. <\/span><span class=\"cf0\">Designul<\/span><span class=\"cf0\"> lor <\/span><span class=\"cf0\">urm<\/span><span class=\"cf1\">\u0103re\u0219te<\/span> <span class=\"cf1\">s\u0103<\/span> <span class=\"cf1\">reproduc\u0103<\/span><span class=\"cf1\"> forma <\/span><span class=\"cf1\">final\u0103<\/span><span class=\"cf1\"> a <\/span><span class=\"cf1\">profilului<\/span> <span class=\"cf1\">protetic<\/span><span class=\"cf1\">, <\/span><span class=\"cf1\">oferind<\/span><span class=\"cf1\"> o <\/span><span class=\"cf1\">emergen\u021b\u0103<\/span> <span class=\"cf1\">gingival\u0103<\/span> <span class=\"cf1\">stabil\u0103<\/span><span class=\"cf1\">, <\/span><span class=\"cf1\">curat\u0103<\/span> <span class=\"cf1\">\u0219i<\/span><span class=\"cf1\"> bine <\/span><span class=\"cf1\">conturat\u0103<\/span> <span class=\"cf0\">\u00eenaintea<\/span> <span class=\"cf0\">realiz<\/span><span class=\"cf1\">\u0103rii<\/span> <span class=\"cf1\">restaur\u0103rii<\/span><span class=\"cf1\"> definitive. <\/span><span class=\"cf1\">Diametrul<\/span> <span class=\"cf1\">coronar<\/span><span class=\"cf1\"> de <\/span><span class=\"cf0\">\u00d8 3.5 mm <\/span><span class=\"cf0\">este<\/span> <span class=\"cf0\">optim<\/span> <span class=\"cf0\">pentru<\/span> <span class=\"cf0\">implanturile<\/span><span class=\"cf0\"> cu <\/span><span class=\"cf0\">diametru<\/span><span class=\"cf0\"> mic <\/span><span class=\"cf1\">\u0219i<\/span> <span class=\"cf1\">mediu<\/span><span class=\"cf1\">, <\/span><span class=\"cf1\">unde<\/span> <span class=\"cf1\">este<\/span> <span class=\"cf1\">necesar\u0103<\/span><span class=\"cf1\"> o <\/span><span class=\"cf1\">manipulare<\/span> <span class=\"cf1\">delicat\u0103<\/span><span class=\"cf1\"> a <\/span><span class=\"cf1\">\u021besuturilor<\/span> <span class=\"cf1\">pentru<\/span><span class=\"cf1\"> a <\/span><span class=\"cf1\">ob\u021bine<\/span><span class=\"cf1\"> o <\/span><span class=\"cf1\">integrare<\/span> <span class=\"cf1\">armonioas\u0103<\/span> <span class=\"cf0\">\u00een<\/span> <span class=\"cf0\">linia<\/span> <span class=\"cf0\">z\u00e2mbetului<\/span> <span class=\"cf0\">sau<\/span> <span class=\"cf0\">\u00een<\/span><span class=\"cf0\"> zone <\/span><span class=\"cf0\">estetice<\/span><span class=\"cf0\">.<\/span><\/p>\n<p class=\"pf0\"><span class=\"cf0\">Cele <\/span><span class=\"cf0\">trei<\/span> <span class=\"cf0\">variante<\/span><span class=\"cf0\"> de <\/span><span class=\"cf0\">\u00een<\/span><span class=\"cf1\">\u0103l\u021bime<\/span><span class=\"cf1\"> au <\/span><span class=\"cf1\">indica\u021bii<\/span> <span class=\"cf1\">clinice<\/span> <span class=\"cf1\">clare<\/span><span class=\"cf1\">:<\/span><\/p>\n<p class=\"pf0\"><span class=\"cf1\"><strong>HA-DC3-2<\/strong> (2 mm) <\/span><span class=\"cf2\">\u2013 ideal <\/span><span class=\"cf2\">pentru<\/span> <span class=\"cf2\">biotip<\/span><span class=\"cf2\"> gingival <\/span><span class=\"cf2\">sub<\/span><span class=\"cf1\">\u021bire<\/span><span class=\"cf1\">, <\/span><span class=\"cf1\">mucoas\u0103<\/span> <span class=\"cf1\">redus\u0103<\/span> <span class=\"cf1\">sau<\/span> <span class=\"cf1\">c<\/span><span class=\"cf0\">\u00e2nd<\/span> <span class=\"cf0\">implantul<\/span> <span class=\"cf0\">este<\/span> <span class=\"cf0\">plasat<\/span> <span class=\"cf0\">aproape<\/span><span class=\"cf0\"> de <\/span><span class=\"cf0\">nivelul<\/span> <span class=\"cf0\">crestei<\/span><span class=\"cf0\">.<\/span><\/p>\n<p class=\"pf0\"><span class=\"cf0\"><strong>HA-DC3-4<\/strong> (4 mm) <\/span><span class=\"cf2\">\u2013 <\/span><span class=\"cf2\">op<\/span><span class=\"cf1\">\u021biunea<\/span><span class=\"cf1\"> standard <\/span><span class=\"cf1\">pentru<\/span> <span class=\"cf1\">majoritatea<\/span> <span class=\"cf1\">cazurilor<\/span><span class=\"cf1\">, <\/span><span class=\"cf1\">asigur<\/span><span class=\"cf0\">\u00e2nd<\/span><span class=\"cf0\"> un <\/span><span class=\"cf0\">profil<\/span><span class=\"cf0\"> de <\/span><span class=\"cf0\">emergen<\/span><span class=\"cf1\">\u021b\u0103<\/span> <span class=\"cf1\">echilibrat<\/span> <span class=\"cf1\">\u0219i<\/span><span class=\"cf1\"> o <\/span><span class=\"cf1\">manipulare<\/span> <span class=\"cf1\">previzibil\u0103<\/span><span class=\"cf1\"> a <\/span><span class=\"cf1\">\u021besutului<\/span> <span class=\"cf1\">moale<\/span><span class=\"cf1\">.<\/span><\/p>\n<p class=\"pf0\"><span class=\"cf1\"><strong>HA-DC3-6<\/strong> (6 mm) <\/span><span class=\"cf2\">\u2013 <\/span><span class=\"cf2\">recomandat<\/span> <span class=\"cf0\">\u00een<\/span> <span class=\"cf0\">cazurile<\/span><span class=\"cf0\"> cu <\/span><span class=\"cf1\">\u021besut<\/span> <span class=\"cf1\">moale<\/span> <span class=\"cf1\">gros<\/span><span class=\"cf1\">, <\/span><span class=\"cf1\">implanturi<\/span> <span class=\"cf1\">inserate<\/span> <span class=\"cf1\">mai<\/span> <span class=\"cf1\">subcrestal<\/span> <span class=\"cf1\">sau<\/span> <span class=\"cf1\">atunci<\/span> <span class=\"cf1\">c<\/span><span class=\"cf0\">\u00e2nd<\/span> <span class=\"cf0\">este<\/span> <span class=\"cf0\">necesar<\/span><span class=\"cf1\">\u0103<\/span><span class=\"cf1\"> o <\/span><span class=\"cf1\">modelare<\/span> <span class=\"cf1\">vertical\u0103<\/span> <span class=\"cf1\">accentuat\u0103<\/span><span class=\"cf1\">.<\/span><\/p>\n<p class=\"pf0\"><span class=\"cf1\"><strong>Fabricate din titan medica<\/strong>l, cu <\/span><span class=\"cf1\">suprafa\u021b\u0103<\/span> <span class=\"cf1\">polisat\u0103<\/span> <span class=\"cf1\">neted\u0103<\/span><span class=\"cf1\">, <\/span><span class=\"cf1\">aceste<\/span> <span class=\"cf1\">bonturi<\/span> <span class=\"cf1\">reduc<\/span> <span class=\"cf1\">reten\u021bia<\/span> <span class=\"cf1\">pl\u0103cii<\/span> <span class=\"cf1\">bacteriene<\/span><span class=\"cf1\">, <\/span><span class=\"cf1\">favorizeaz\u0103<\/span> <span class=\"cf1\">gingia<\/span> <span class=\"cf1\">s\u0103n\u0103toas\u0103<\/span> <span class=\"cf1\">\u0219i<\/span> <span class=\"cf1\">minimizeaz\u0103<\/span> <span class=\"cf1\">irita\u021bia<\/span><span class=\"cf1\"> peri-<\/span><span class=\"cf1\">implantar\u0103<\/span><span class=\"cf1\">. <\/span><span class=\"cf1\">Conexiunea<\/span><span class=\"cf1\"> Deep Conical (DC) <\/span><span class=\"cf1\">asigur\u0103<\/span><span class=\"cf1\"> o <\/span><span class=\"cf1\">potrivire<\/span> <span class=\"cf1\">precis\u0103<\/span><span class=\"cf1\">, <\/span><span class=\"cf1\">stabilitate<\/span> <span class=\"cf1\">excelent\u0103<\/span><span class=\"cf1\">, <\/span><span class=\"cf1\">etan\u0219eitate<\/span> <span class=\"cf1\">mecanic\u0103<\/span> <span class=\"cf1\">\u0219i<\/span> <span class=\"cf1\">protec\u021bie<\/span> <span class=\"cf0\">\u00eempotriva<\/span><span class=\"cf0\"> micro-<\/span><span class=\"cf0\">mi<\/span><span class=\"cf1\">\u0219c\u0103rilor<\/span><span class=\"cf1\">. <\/span><span class=\"cf1\">HA-DC3 <\/span><span class=\"cf1\">faciliteaz\u0103<\/span> <span class=\"cf1\">faza<\/span> <span class=\"cf1\">protetic\u0103<\/span> <span class=\"cf1\">prin<\/span> <span class=\"cf1\">profilarea<\/span> <span class=\"cf1\">natural\u0103<\/span><span class=\"cf1\"> a <\/span><span class=\"cf1\">gingiei<\/span><span class=\"cf1\">, <\/span><span class=\"cf1\">reduc<\/span><span class=\"cf0\">\u00e2nd<\/span> <span class=\"cf0\">ajust<\/span><span class=\"cf1\">\u0103rile<\/span> <span class=\"cf1\">ulterioare<\/span><span class=\"cf1\"> ale <\/span><span class=\"cf1\">bontului<\/span> <span class=\"cf1\">definitiv<\/span> <span class=\"cf1\">\u0219i<\/span> <span class=\"cf0\">\u00eembun<\/span><span class=\"cf1\">\u0103t\u0103\u021bind<\/span> <span class=\"cf1\">adaptarea<\/span> <span class=\"cf1\">restaur\u0103rilor<\/span> <span class=\"cf1\">personalizate<\/span><span class=\"cf1\"> CAD\/CAM.<br \/>\n<\/span><\/p>\n<h3 class=\"pf0\"><strong><span class=\"cf0\">Specifica<\/span><span class=\"cf1\">\u021bii<\/span> <span class=\"cf1\">cheie bonturi de vindecare HA-DC3 INVERTA\u00ae Deep Conical (\u00d8 3.5 mm):<\/span><\/strong><\/h3>\n<ul>\n<li class=\"pf0\"><span class=\"cf1\">Contureaz\u0103<\/span> <span class=\"cf1\">emergen\u021ba<\/span> <span class=\"cf1\">gingival\u0103<\/span> <span class=\"cf0\">\u00een<\/span><span class=\"cf0\"> mod <\/span><span class=\"cf0\">predictibil<\/span><\/li>\n<li class=\"pf0\"><span class=\"cf0\">Protejeaz<\/span><span class=\"cf1\">\u0103<\/span> <span class=\"cf1\">conexiunea<\/span> <span class=\"cf1\">implantului<\/span> <span class=\"cf0\">\u00een<\/span> <span class=\"cf0\">vindecare<\/span><\/li>\n<li class=\"pf0\"><span class=\"cf0\">Etan<\/span><span class=\"cf1\">\u0219eitate<\/span> <span class=\"cf1\">conic\u0103<\/span> <span class=\"cf1\">pentru<\/span> <span class=\"cf1\">stabilitate<\/span> <span class=\"cf1\">\u0219i<\/span> <span class=\"cf1\">igien\u0103<\/span><\/li>\n<li class=\"pf0\"><span class=\"cf1\">Adaptabilitate<\/span><span class=\"cf1\"> la <\/span><span class=\"cf1\">biotipuri<\/span> <span class=\"cf1\">gingivale<\/span><span class=\"cf1\"> variate<\/span><\/li>\n<li class=\"pf0\"><span class=\"cf1\">Integrare<\/span> <span class=\"cf1\">perfect\u0103<\/span> <span class=\"cf0\">\u00een<\/span> <span class=\"cf0\">fluxul<\/span> <span class=\"cf0\">protetic<\/span><span class=\"cf0\"> INVERTA\u00ae<\/span><\/li>\n<\/ul>\n<h3 class=\"pf0\"><strong><span class=\"cf0\">Beneficii<\/span> <span class=\"cf0\">pentru<\/span> <span class=\"cf0\">medici:<\/span><\/strong><\/h3>\n<ul>\n<li class=\"pf0\"><span class=\"cf0\">Control precis al <\/span><span class=\"cf0\">model<\/span><span class=\"cf1\">\u0103rii<\/span> <span class=\"cf1\">gingiei<\/span><\/li>\n<li class=\"pf0\"><span class=\"cf1\">Alegerea<\/span> <span class=\"cf0\">\u00een<\/span><span class=\"cf1\">\u0103l\u021bimii<\/span> <span class=\"cf1\">potrivite<\/span> <span class=\"cf0\">\u00een<\/span> <span class=\"cf0\">func<\/span><span class=\"cf1\">\u021bie<\/span><span class=\"cf1\"> de <\/span><span class=\"cf1\">anatomie<\/span><\/li>\n<li class=\"pf0\"><span class=\"cf1\">Manipulare<\/span> <span class=\"cf1\">simpl\u0103<\/span> <span class=\"cf1\">\u0219i<\/span> <span class=\"cf1\">stabil\u0103<\/span><\/li>\n<li class=\"pf0\"><span class=\"cf1\">Reducerea<\/span> <span class=\"cf1\">ajust\u0103rilor<\/span> <span class=\"cf1\">protetice<\/span> <span class=\"cf1\">ulterioare<\/span><\/li>\n<\/ul>\n<h3 class=\"pf0\"><strong><span class=\"cf1\">Beneficii<\/span> <span class=\"cf1\">pentru<\/span> <span class=\"cf1\">pacien\u021bi:<\/span><\/strong><\/h3>\n<ul>\n<li class=\"pf0\"><span class=\"cf1\">Profil<\/span><span class=\"cf1\"> gingival natural <\/span><span class=\"cf1\">\u0219i<\/span> <span class=\"cf1\">estetic<\/span><\/li>\n<li class=\"pf0\"><span class=\"cf1\">Vindecare<\/span> <span class=\"cf1\">confortabil\u0103<\/span> <span class=\"cf1\">\u0219i<\/span><span class=\"cf1\"> minim <\/span><span class=\"cf1\">traumatizant\u0103<\/span><\/li>\n<li class=\"pf0\"><span class=\"cf1\">Restaur\u0103ri<\/span><span class=\"cf1\"> finale cu <\/span><span class=\"cf1\">adaptare<\/span> <span class=\"cf1\">superioar\u0103<\/span><\/li>\n<li class=\"pf0\"><span class=\"cf1\">Reducerea<\/span> <span class=\"cf1\">riscului<\/span><span class=\"cf1\"> de <\/span><span class=\"cf1\">inflama\u021bie<\/span><span class=\"cf1\"> peri-implantar\u0103<\/span><\/li>\n<\/ul>\n<p>&nbsp;<\/p>\n<p>&nbsp;<\/p>\n<p><!--EndFragment --><\/p>\n","protected":false},"excerpt":{"rendered":"<p><!--StartFragment --><\/p>\n<p class=\"pf0\"><span class=\"cf0\">Bonturile<\/span><span class=\"cf0\"> de <\/span><span class=\"cf0\">vindecare<\/span><span class=\"cf0\"> HA-DC3 (\u00d8 3.5 mm) sunt <\/span><span class=\"cf0\">concepute<\/span> <span class=\"cf0\">pentru<\/span> <span class=\"cf0\">profilarea<\/span> <span class=\"cf1\">\u021besutului<\/span> <span class=\"cf1\">moale<\/span> <span class=\"cf0\">\u00een<\/span> <span class=\"cf0\">jurul<\/span> <span class=\"cf0\">implanturilor<\/span><span class=\"cf0\"> cu <\/span><span class=\"cf0\">conexiune<\/span><span class=\"cf0\"> Deep Conical, <\/span><span class=\"cf0\">caracteristic<\/span><span class=\"cf1\">\u0103<\/span> <span class=\"cf1\">sistemului<\/span><span class=\"cf1\"> INVERTA<\/span><span class=\"cf0\">\u00ae. <\/span><span class=\"cf0\">Disponibile<\/span> <span class=\"cf0\">\u00een<\/span> <span class=\"cf0\">trei<\/span> <span class=\"cf0\">\u00een<\/span><span class=\"cf1\">\u0103l\u021bimi<\/span><span class=\"cf1\"> (2 mm, 4 mm, 6 mm), <\/span><span class=\"cf1\">acestea<\/span><span class=\"cf1\"> permit <\/span><span class=\"cf1\">modelarea<\/span> <span class=\"cf1\">predictibil\u0103<\/span><span class=\"cf1\"> a <\/span><span class=\"cf1\">emergen\u021bei<\/span> <span class=\"cf1\">gingivale<\/span> <span class=\"cf1\">\u0219i<\/span> <span class=\"cf1\">protejeaz\u0103<\/span> <span class=\"cf1\">conexiunea<\/span> <span class=\"cf1\">implantului<\/span> <span class=\"cf0\">\u00een<\/span> <span class=\"cf0\">faza<\/span><span class=\"cf0\"> de <\/span><span class=\"cf0\">vindecare<\/span><span class=\"cf0\">.<\/span><\/p>\n<p><!--EndFragment --><\/p>\n","protected":false},"featured_media":9543,"comment_status":"closed","ping_status":"closed","template":"","meta":{"_kad_blocks_custom_css":"","_kad_blocks_head_custom_js":"","_kad_blocks_body_custom_js":"","_kad_blocks_footer_custom_js":"","_kadence_starter_templates_imported_post":false,"_kad_post_transparent":"default","_kad_post_title":"","_kad_post_layout":"default","_kad_post_sidebar_id":"","_kad_post_content_style":"default","_kad_post_vertical_padding":"default","_kad_post_feature":"","_kad_post_feature_position":"","_kad_post_header":false,"_kad_post_footer":false,"_kad_post_classname":""},"product_brand":[482],"product_cat":[136,35],"product_tag":[470],"product_partner":[],"class_list":{"0":"post-6718","1":"product","2":"type-product","3":"status-publish","4":"has-post-thumbnail","6":"product_brand-southern-implants","7":"product_cat-bonturi-de-vindecare","8":"product_cat-protetica-dentara","9":"product_tag-preorder","11":"first","12":"instock","13":"taxable","14":"shipping-taxable","15":"purchasable","16":"product-type-simple","17":"entry","18":"content-bg","19":"loop-entry"},"taxonomy_info":{"product_brand":[{"value":482,"label":"Southern Implants"}],"product_cat":[{"value":136,"label":"Bonturi de vindecare"},{"value":35,"label":"Protetic\u0103 dentar\u0103"}],"product_tag":[{"value":470,"label":"#preorder"}]},"featured_image_src_large":["https:\/\/gursk.ro\/shop\/wp-content\/uploads\/2025\/09\/Bonturi-de-vindecare-HA-DC3-2.png",720,720,false],"author_info":[],"comment_info":0,"_links":{"self":[{"href":"https:\/\/gursk.ro\/shop\/wp-json\/wp\/v2\/product\/6718","targetHints":{"allow":["GET"]}}],"collection":[{"href":"https:\/\/gursk.ro\/shop\/wp-json\/wp\/v2\/product"}],"about":[{"href":"https:\/\/gursk.ro\/shop\/wp-json\/wp\/v2\/types\/product"}],"replies":[{"embeddable":true,"href":"https:\/\/gursk.ro\/shop\/wp-json\/wp\/v2\/comments?post=6718"}],"version-history":[{"count":1,"href":"https:\/\/gursk.ro\/shop\/wp-json\/wp\/v2\/product\/6718\/revisions"}],"predecessor-version":[{"id":9537,"href":"https:\/\/gursk.ro\/shop\/wp-json\/wp\/v2\/product\/6718\/revisions\/9537"}],"wp:featuredmedia":[{"embeddable":true,"href":"https:\/\/gursk.ro\/shop\/wp-json\/wp\/v2\/media\/9543"}],"wp:attachment":[{"href":"https:\/\/gursk.ro\/shop\/wp-json\/wp\/v2\/media?parent=6718"}],"wp:term":[{"taxonomy":"product_brand","embeddable":true,"href":"https:\/\/gursk.ro\/shop\/wp-json\/wp\/v2\/product_brand?post=6718"},{"taxonomy":"product_cat","embeddable":true,"href":"https:\/\/gursk.ro\/shop\/wp-json\/wp\/v2\/product_cat?post=6718"},{"taxonomy":"product_tag","embeddable":true,"href":"https:\/\/gursk.ro\/shop\/wp-json\/wp\/v2\/product_tag?post=6718"},{"taxonomy":"product_partner","embeddable":true,"href":"https:\/\/gursk.ro\/shop\/wp-json\/wp\/v2\/product_partner?post=6718"}],"curies":[{"name":"wp","href":"https:\/\/api.w.org\/{rel}","templated":true}]}}