{"id":6690,"date":"2025-09-18T18:44:51","date_gmt":"2025-09-18T15:44:51","guid":{"rendered":"https:\/\/gursk.ro\/shop\/?post_type=product&#038;p=6690"},"modified":"2026-02-17T18:25:11","modified_gmt":"2026-02-17T15:25:11","slug":"meladem-53-sistem-demineralizare-melag","status":"publish","type":"product","link":"https:\/\/gursk.ro\/shop\/produs\/meladem-53-sistem-demineralizare-melag\/","title":{"rendered":"Meladem 53 sistem demineralizare Melag"},"content":{"rendered":"<p><strong>Meladem 53 sistem demineralizare Melag<\/strong> func\u021bioneaz\u0103 pe baza principiului de schimb ionic testat \u0219i dovedit, produc\u00e2nd <strong>ap\u0103 demineralizat\u0103 de \u00eenalt\u0103 calitate utilizat\u0103 \u00een procesele de cur\u0103\u021bare, dezinfec\u021bie \u0219i sterilizare din domeniul medical. <\/strong>Sistemul a fost proiectat pentru a r\u0103spunde cerin\u021belor cabinetelor medicale\u00a0care necesit\u0103 volume mari de ap\u0103 purificat\u0103.<\/p>\n<p>Prin performan\u021ba sa ridicat\u0103 \u0219i serviciul profesional de regenerare, MELAdem 53 asigur\u0103 o calitate constant\u0103 a apei, protej\u00e2nd echipamentele \u0219i garant\u00e2nd eficien\u021ba proceselor de sterilizare. <strong>Capacitatea unui cartu\u0219 este de p\u00e2n\u0103 la 2800 litri de ap\u0103 demineralizat\u0103 de \u00eenalt\u0103 puritate <\/strong>(\u00een condi\u021bii de duritate medie a apei de la robinet).<\/p>\n<p>&nbsp;<\/p>\n<p>&nbsp;<\/p>\n<div class=\"entry-content-asset videofit\"><iframe title=\"Regenerating the Water Treatment Unit MELAdem 53  | MELAG MELAtherm 10 Evolution Tutorial\" width=\"720\" height=\"405\" src=\"https:\/\/www.youtube.com\/embed\/J8fEMioOU5A?feature=oembed\" frameborder=\"0\" allow=\"accelerometer; autoplay; clipboard-write; encrypted-media; gyroscope; picture-in-picture; web-share\" referrerpolicy=\"strict-origin-when-cross-origin\" allowfullscreen><\/iframe><\/div>\n<p><strong>\u00a0<\/strong><\/p>\n<h3><strong>Cum func\u021bioneaz\u0103 Meladem 53 sistem demineralizare Melag<\/strong><\/h3>\n<p>Sistemul MELAdem 53 utilizeaz\u0103 dou\u0103 cartu\u0219e de schimb ionic de mare capacitate, umplute cu r\u0103\u0219in\u0103 mixt\u0103 regenerabil\u0103. Un cartu\u0219 este conectat la sterilizatorul cu abur \u0219i\/sau la unitatea MELAtherm, asigur\u00e2nd alimentarea continu\u0103 cu ap\u0103 demineralizat\u0103.<\/p>\n<p>Al doilea cartu\u0219 r\u0103m\u00e2ne \u00een rezerv\u0103 \u0219i intr\u0103 \u00een func\u021biune atunci c\u00e2nd primul este epuizat. Cartu\u0219ul utilizat este apoi trimis pentru regenerare profesional\u0103, urm\u00e2nd s\u0103 fie reintrodus \u00een circuit la schimbul urm\u0103tor.<\/p>\n<p>Aceast\u0103 alternan\u021b\u0103 simplific\u0103 \u00eentre\u021binerea \u0219i asigur\u0103 o disponibilitate permanent\u0103 a apei pure, f\u0103r\u0103 \u00eentreruperi \u00een fluxul de lucru.<\/p>\n<h3><strong>Diferen\u021biatori cheie pentru Meladem 53 sistem demineralizare Melag:<\/strong><\/h3>\n<ul>\n<li>Unitate standard pentru practici cu cerin\u021be ridicate de volum \u0219i calitate a apei<\/li>\n<li>Proces sigur, documentat \u0219i complet regenerabil<\/li>\n<li>Compatibil cu toate sistemele Melag \u0219i alte echipamente de sterilizare<\/li>\n<li>Eficien\u021b\u0103 opera\u021bional\u0103 crescut\u0103 \u0219i costuri reduse de \u00eentre\u021binere.<\/li>\n<\/ul>\n<h3><strong>Capacitate \u0219i performan\u021b\u0103:<\/strong><\/h3>\n<ul>\n<li>Capacitatea unui cartu\u0219: p\u00e2n\u0103 la 2800 litri de ap\u0103 demineralizat\u0103 de \u00eenalt\u0103 puritate (\u00een condi\u021bii de duritate medie a apei de la robinet).<\/li>\n<li>Debit ridicat, potrivit pentru alimentarea simultan\u0103 a unuia sau mai multor sterilizatoare cu abur, \u00een plus fa\u021b\u0103 de MELAtherm.<\/li>\n<li>Calitate constant\u0103 a apei conform standardelor pentru sterilizare medical\u0103 (conductivitate &lt; 15 \u00b5S\/cm).<\/li>\n<li>Proces complet controlat \u0219i sigur, cu regenerare cartu\u0219e efectuat\u0103 exclusiv de tehnicieni specializa\u021bi.<\/li>\n<\/ul>\n<h3><strong>Serviciu de regenerare profesional\u0103 a cartu\u0219elor:<\/strong><\/h3>\n<p>Regenerarea sistemului de schimb ionic este esen\u021bial\u0103 pentru men\u021binerea performan\u021bei MELAdem 53. Produsul vine cu\u00a0un serviciu complet de regenerare cartu\u0219e, care include:<\/p>\n<ul>\n<li>Ridicare \u0219i livrare gratuit\u0103 a cartu\u0219elor direct de la loca\u021bia clientului<\/li>\n<li>Utilizarea r\u0103\u0219inii mixte originale cu durat\u0103 lung\u0103 de via\u021b\u0103<\/li>\n<li>Cur\u0103\u021bare complet\u0103 \u0219i inspec\u021bie final\u0103 a cartu\u0219ului \u00eenainte de re\u00eenc\u0103rcare<\/li>\n<li>Proces rapid \u0219i trasabil, efectuat de speciali\u0219ti autoriza\u021bi<\/li>\n<li>Instruc\u021biuni video pentru manipulare \u0219i \u00eenlocuire f\u0103r\u0103 erori<\/li>\n<li>Posibilitate de stocare a cartu\u0219elor regenerate p\u00e2n\u0103 la 18 luni.<\/li>\n<\/ul>\n<h3><strong>Beneficii pentru medici:<\/strong><\/h3>\n<ul>\n<li>Sistem automat de alimentare cu ap\u0103 demineralizat\u0103 pentru sterilizatoare \u0219i sp\u0103l\u0103toare medicale<\/li>\n<li>Performan\u021b\u0103 constant\u0103 \u0219i fiabilitate ridicat\u0103<\/li>\n<li>Economie de timp \u2013 regenerarea este gestionat\u0103 complet de furnizor<\/li>\n<li>Prelungirea duratei de via\u021b\u0103 a echipamentelor de sterilizare<\/li>\n<li>Compatibilitate extins\u0103 cu echipamente Melag \u0219i alte m\u0103rci recunoscute.<\/li>\n<\/ul>\n<h3><strong>Beneficii pentru pacien\u021bi:<\/strong><\/h3>\n<ul>\n<li>Sterilizare sigur\u0103, \u00een conformitate cu standardele de igien\u0103 medical\u0103<\/li>\n<li>Reducerea riscului de contaminare datorit\u0103 utiliz\u0103rii apei de \u00eenalt\u0103 puritate.<\/li>\n<\/ul>\n<p>&nbsp;<\/p>\n<p>&nbsp;<\/p>\n","protected":false},"excerpt":{"rendered":"<p>MELAdem 53 este un sistem de demineralizare prin schimb ionic conceput pentru clinici medicale cu volum mare, care au nevoie de ap\u0103 de \u00eenalt\u0103 puritate. Dispozitivul asigur\u0103 p\u00e2n\u0103 la 2800 litri de ap\u0103 demineralizat\u0103 per cartu\u0219, protej\u00e2nd echipamentele \u0219i garant\u00e2nd eficien\u021ba proceselor de cur\u0103\u021bare, dezinfec\u021bie \u0219i sterilizare.<\/p>\n<p>Sistemul include dou\u0103 cartu\u0219e regenerabile, care func\u021bioneaz\u0103 alternativ, asigur\u00e2nd continuitate total\u0103. Regenerarea este realizat\u0103 profesional, cu r\u0103\u0219in\u0103 original\u0103 Melag, iar cartu\u0219ele sunt ridicate \u0219i returnate gratuit.<\/p>\n","protected":false},"featured_media":32715,"comment_status":"closed","ping_status":"closed","template":"","meta":{"_kad_blocks_custom_css":"","_kad_blocks_head_custom_js":"","_kad_blocks_body_custom_js":"","_kad_blocks_footer_custom_js":"","_kadence_starter_templates_imported_post":false,"_kad_post_transparent":"default","_kad_post_title":"","_kad_post_layout":"default","_kad_post_sidebar_id":"","_kad_post_content_style":"default","_kad_post_vertical_padding":"default","_kad_post_feature":"","_kad_post_feature_position":"","_kad_post_header":false,"_kad_post_footer":false,"_kad_post_classname":""},"product_brand":[513],"product_cat":[54,134],"product_tag":[470],"product_partner":[],"class_list":{"0":"post-6690","1":"product","2":"type-product","3":"status-publish","4":"has-post-thumbnail","6":"product_brand-melag-romania","7":"product_cat-echipamente-stomatologice","8":"product_cat-sisteme-si-aparate-sterilizare","9":"product_tag-preorder","11":"first","12":"outofstock","13":"taxable","14":"shipping-taxable","15":"product-type-simple","16":"entry","17":"content-bg","18":"loop-entry"},"taxonomy_info":{"product_brand":[{"value":513,"label":"MELAG"}],"product_cat":[{"value":54,"label":"Echipamente Stomatologice"},{"value":134,"label":"Sisteme sterilizare \/ Aparate sterilizare"}],"product_tag":[{"value":470,"label":"#preorder"}]},"featured_image_src_large":["https:\/\/gursk.ro\/shop\/wp-content\/uploads\/2025\/09\/Meladem-53-sistem-demineralizare-Melag.png",720,720,false],"author_info":[],"comment_info":0,"_links":{"self":[{"href":"https:\/\/gursk.ro\/shop\/wp-json\/wp\/v2\/product\/6690","targetHints":{"allow":["GET"]}}],"collection":[{"href":"https:\/\/gursk.ro\/shop\/wp-json\/wp\/v2\/product"}],"about":[{"href":"https:\/\/gursk.ro\/shop\/wp-json\/wp\/v2\/types\/product"}],"replies":[{"embeddable":true,"href":"https:\/\/gursk.ro\/shop\/wp-json\/wp\/v2\/comments?post=6690"}],"wp:featuredmedia":[{"embeddable":true,"href":"https:\/\/gursk.ro\/shop\/wp-json\/wp\/v2\/media\/32715"}],"wp:attachment":[{"href":"https:\/\/gursk.ro\/shop\/wp-json\/wp\/v2\/media?parent=6690"}],"wp:term":[{"taxonomy":"product_brand","embeddable":true,"href":"https:\/\/gursk.ro\/shop\/wp-json\/wp\/v2\/product_brand?post=6690"},{"taxonomy":"product_cat","embeddable":true,"href":"https:\/\/gursk.ro\/shop\/wp-json\/wp\/v2\/product_cat?post=6690"},{"taxonomy":"product_tag","embeddable":true,"href":"https:\/\/gursk.ro\/shop\/wp-json\/wp\/v2\/product_tag?post=6690"},{"taxonomy":"product_partner","embeddable":true,"href":"https:\/\/gursk.ro\/shop\/wp-json\/wp\/v2\/product_partner?post=6690"}],"curies":[{"name":"wp","href":"https:\/\/api.w.org\/{rel}","templated":true}]}}