{"id":6677,"date":"2025-09-18T18:44:50","date_gmt":"2025-09-18T15:44:50","guid":{"rendered":"https:\/\/gursk.ro\/shop\/?post_type=product&#038;p=6677"},"modified":"2026-02-11T19:08:56","modified_gmt":"2026-02-11T16:08:56","slug":"masina-de-spalare-dezinfectare-melatherm-10-evolution-dtb","status":"publish","type":"product","link":"https:\/\/gursk.ro\/shop\/produs\/masina-de-spalare-dezinfectare-melatherm-10-evolution-dtb\/","title":{"rendered":"Ma\u0219ina de sp\u0103lare dezinfectare instrumentar MELAtherm\u00ae 10 Evolution DTB"},"content":{"rendered":"<p>Ma\u0219ina de sp\u0103lare-dezinfectare instrumentar MELAtherm\u00ae 10 Evolution DTB este recomandat\u0103 clinicilor \u0219i laboratoarelor stomatologice care doresc un <strong>proces de cur\u0103\u021bare \u0219i dezinfectare rapid, complet \u0219i perfect documentat<\/strong> \u2013 f\u0103r\u0103 compromisuri. <strong>Cu peste 80 de co\u0219uri \u0219i accesorii disponibile<\/strong>, Ma\u0219ina de sp\u0103lare dezinfectare MELAtherm\u00ae 10 se adapteaz\u0103 u\u0219or oric\u0103rui tip de cabinet \u2013 de la stomatologie general\u0103 p\u00e2n\u0103 la chirurgie, ortodon\u021bie sau implantologie. Astfel, MELAtherm 10 Evolution nu este un echipament \u201estandard\u201d, ci un <strong>sistem modular<\/strong>, care poate fi extins \u0219i personalizat pentru fiecare cabinet, asigur\u00e2nd sp\u0103larea corect\u0103 a tuturor instrumentelor \u2014 inclusiv a celor cu cavit\u0103\u021bi interne, dificil de cur\u0103\u021bat manual.<\/p>\n<p>Pentru medicii stomatologi, ma\u0219ina de sp\u0103lare-dezinfectare instrumentar MELAtherm\u00ae 10 Evolution DTB aduce avantaje esen\u021biale: cur\u0103\u021barea automat\u0103 \u0219i documentat\u0103 a instrumentarului rotativ \u0219i a pieselor de m\u00e2n\u0103 elimin\u0103 riscurile asociate sp\u0103l\u0103rii manuale, cre\u0219te durata de via\u021b\u0103 a instrumentelor \u0219i asigur\u0103 conformitatea cu normele stricte de igien\u0103 cerute de DSP \u0219i de\u00a0 standardele europene.<\/p>\n<p>Modelul MELAtherm\u00ae 10 Evolution DTB reune\u0219te tehnologia german\u0103 de precizie MELAG cu operarea intuitiv\u0103 \u0219i un <strong>consum optim de resurse<\/strong>, oferind <strong>performan\u021be ridicate chiar \u0219i \u00een spa\u021bii compacte.<\/strong> Datorit\u0103 versiunii DTB (alimentare monofazic\u0103 230 V), aparatul poate fi instalat u\u0219or \u00een orice cabinet, f\u0103r\u0103 adapt\u0103ri speciale ale infrastructurii electrice.<\/p>\n<p>&nbsp;<\/p>\n<div class=\"entry-content-asset videofit\"><iframe title=\"Washer Disinfector: MELAtherm 10 Evolution | MELAG Product Highlights\" width=\"720\" height=\"405\" src=\"https:\/\/www.youtube.com\/embed\/Ixd5G2uvp2c?start=3&#038;feature=oembed\" frameborder=\"0\" allow=\"accelerometer; autoplay; clipboard-write; encrypted-media; gyroscope; picture-in-picture; web-share\" referrerpolicy=\"strict-origin-when-cross-origin\" allowfullscreen><\/iframe><\/div>\n<h3 style=\"display: block; width: 100%; clear: both;\"><strong>Ma\u0219ina de sp\u0103lare-dezinfectare MELAtherm\u00ae 10 Evolution DTB aduce eficien\u021b\u0103 \u0219i economii \u00een cabinetele stomatologice<\/strong><\/h3>\n<ul>\n<li>Ciclu complet \u00een ~60 min.<\/li>\n<li>Consum redus de ap\u0103 \u0219i energie (~1 \u20ac per ciclu)<\/li>\n<li>Uscare rapid\u0103 \u2192 instrumente gata imediat pentru sterilizare<\/li>\n<li>Integrare sub blat \u2192 economie de spa\u021biu \u00een cabinet<\/li>\n<li>Adaptabil la orice tip de instrumentar<\/li>\n<li>Compatibil cu piese rotative, t\u0103vi DIN, instrumente chirurgicale<\/li>\n<li>Configurabil pentru stomatologie general\u0103, ortodon\u021bie, implantologie<\/li>\n<li>Conformitate \u0219i standarde: conform DIN EN ISO 15883-1\/-2, certificare CE \/ T\u00dcV \/ ISO 13485<\/li>\n<li>Recomandat de autorit\u0103\u021bi sanitare (DSP).<\/li>\n<li>Documentare digital\u0103 pentru audituri \u0219i inspec\u021bii.<\/li>\n<\/ul>\n<h3><strong>Motivele pentru care tot mai mul\u021bi medici aleg ma\u0219ina de sp\u0103lare dezinfectare MELAtherm:<\/strong><\/h3>\n<p>&nbsp;<\/p>\n<div class=\"entry-content-asset videofit\"><iframe title=\"How to use a Washer-Disinfector | MELAG MELAtherm 10 Evolution Tutorial\" width=\"720\" height=\"405\" src=\"https:\/\/www.youtube.com\/embed\/M-YVAUE1NUE?feature=oembed\" frameborder=\"0\" allow=\"accelerometer; autoplay; clipboard-write; encrypted-media; gyroscope; picture-in-picture; web-share\" referrerpolicy=\"strict-origin-when-cross-origin\" allowfullscreen><\/iframe><\/div>\n<h3><\/h3>\n<ul>\n<li><strong>Cur\u0103\u021bare impecabil\u0103 cu sistemul AquaBoost<\/strong><br \/>\nTehnologia cu dubl\u0103 presiune garanteaz\u0103 o cur\u0103\u021bare cu p\u00e2n\u0103 la 44 % mai eficient\u0103 dec\u00e2t metodele conven\u021bionale, chiar \u0219i pentru instrumente cu forme complexe.<\/li>\n<li><strong>Uscare activ\u0103, interioar\u0103 \u0219i exterioar\u0103<\/strong><br \/>\nInstrumentele ies complet uscate \u0219i gata de utilizare imediat dup\u0103 ciclu \u2013 f\u0103r\u0103 risc de coroziune, recontaminare sau manipul\u0103ri suplimentare.<\/li>\n<li><strong>Operare intuitiv\u0103 prin ecranul Smart-Touch<\/strong><br \/>\nInterfa\u021ba modern\u0103 cu ghid video integrat permite personalului s\u0103 foloseasc\u0103 aparatul rapid \u0219i corect, f\u0103r\u0103 perioade lungi de instruire.<\/li>\n<li><strong>Trasabilitate \u0219i control digital al fiec\u0103rui ciclu<\/strong><br \/>\nToate procesele sunt documentate automat pe dispozitiv, iar aprobarea se realizeaz\u0103 electronic prin func\u021bia ProControl, pentru o conformitate total\u0103 cu cerin\u021bele DSP \u0219i ISO 15883.<\/li>\n<li><strong>Economie de spa\u021biu \u0219i consum redus<\/strong><br \/>\nDesignul compact permite integrarea sub blat, iar eficien\u021ba energetic\u0103 \u0219i optimizarea agen\u021bilor de proces men\u021bin costurile reduse \u2013 aproximativ 1 \u20ac per ciclu complet.<\/li>\n<li><strong>Flexibilitate \u0219i compatibilitate total\u0103<\/strong><br \/>\nCu o gam\u0103 de peste 80 de co\u0219uri, suporturi \u0219i accesorii dedicate, MELAtherm\u00ae 10 Evolution DTB ofer\u0103 o adaptabilitate complet\u0103 la nevoile oric\u0103rui tip de cabinet medical. Sistemul modular permite configurarea individual\u0103 a camerei de sp\u0103lare, astfel \u00eenc\u00e2t fiecare tip de instrumentar \u2013 de la oglinzi, sonde \u0219i pense p\u00e2n\u0103 la turbine, piese de m\u00e2n\u0103 \u0219i instrumente chirurgicale \u2013 s\u0103 beneficieze de o cur\u0103\u021bare \u0219i dezinfectare optim\u0103. Fie c\u0103 vorbim despre stomatologie general\u0103, chirurgie oral\u0103, ortodon\u021bie sau implantologie, echipamentul poate fi ajustat rapid prin \u00eenlocuirea sau combinarea co\u0219urilor \u0219i adaptorilor specializa\u021bi.<\/li>\n<\/ul>\n<p><strong>Rezultatul?<\/strong> <strong>Un flux de sterilizare mai rapid, mai sigur \u0219i complet digitalizat.<\/strong><br \/>\nMELAtherm 10 Evolution DTB nu este doar un echipament de sp\u0103lare-dezinfectare \u2013 este un partener de \u00eencredere \u00een igiena zilnic\u0103 a cabinetului dumneavoastr\u0103.<\/p>\n<div class=\"entry-content-asset videofit\"><iframe title=\"Programs Washer-Disinfector | MELAG MELAtherm 10 Evolution Tutorial\" width=\"720\" height=\"405\" src=\"https:\/\/www.youtube.com\/embed\/FLLRGjfDycw?feature=oembed\" frameborder=\"0\" allow=\"accelerometer; autoplay; clipboard-write; encrypted-media; gyroscope; picture-in-picture; web-share\" referrerpolicy=\"strict-origin-when-cross-origin\" allowfullscreen><\/iframe><\/div>\n<h3><strong>Beneficii pentru medici:<\/strong><\/h3>\n<p>Cu ajutorul tehnologiei MELAG, MELAtherm\u00ae 10 Evolution DTB transform\u0103 procedurile de igienizare \u00eentr-un proces digital controlat, oferind medicilor mai mult timp pentru pacien\u021bi \u0219i o siguran\u021b\u0103 deplin\u0103 \u00een utilizarea instrumentarului.<\/p>\n<ul>\n<li><strong>Siguran\u021b\u0103 maxim\u0103 pentru pacien\u021bi \u0219i pentru echip\u0103<\/strong><\/li>\n<\/ul>\n<p>MELAtherm\u00ae 10 Evolution DTB asigur\u0103 o cur\u0103\u021bare \u0219i dezinfectare complet automatizat\u0103, elimin\u00e2nd riscurile asociate sp\u0103l\u0103rii manuale.<br \/>\nPrin respectarea standardelor interna\u021bionale DIN EN ISO 15883-1 \u0219i -2, dispozitivul garanteaz\u0103 o igien\u0103 de nivel spitalicesc \u2013 esen\u021bial\u0103 \u00een stomatologie, unde infec\u021biile trebuie eliminate complet.<\/p>\n<ul>\n<li><strong>Economie de timp \u0219i eficien\u021b\u0103 opera\u021bional\u0103<\/strong><\/li>\n<\/ul>\n<p>Un singur ciclu de aproximativ 60 de minute cur\u0103\u021b\u0103, dezinfecteaz\u0103 \u0219i usuc\u0103 complet instrumentele.<br \/>\nPersonalul medical poate dedica mai mult timp \u00eengrijirii pacien\u021bilor, \u00een timp ce fluxul de sterilizare r\u0103m\u00e2ne constant, controlat \u0219i previzibil.<\/p>\n<ul>\n<li><strong>Prelungirea duratei de via\u021b\u0103 a instrumentarului<\/strong><\/li>\n<\/ul>\n<p>Sistemul de cur\u0103\u021bare controlat\u0103 AquaBoost \u0219i uscarea activ\u0103 protejeaz\u0103 instrumentele delicate, prevenind coroziunea \u0219i uzura mecanic\u0103.<br \/>\nRezultatul: o durat\u0103 de utilizare mai mare pentru piese de m\u00e2n\u0103, turbine, cle\u0219ti \u0219i instrumente fine, reduc\u00e2nd costurile de \u00eenlocuire.<\/p>\n<ul>\n<li><strong>Operare intuitiv\u0103 \u0219i instruire minim\u0103<\/strong><\/li>\n<\/ul>\n<p>Ecranul tactil Smart-Touch ofer\u0103 un mod de utilizare simplu \u0219i logic, cu tutoriale video integrate. Astfel, chiar \u0219i personalul nou poate \u00eenv\u0103\u021ba rapid s\u0103 foloseasc\u0103 aparatul corect, f\u0103r\u0103 erori \u0219i f\u0103r\u0103 perioade lungi de formare.<\/p>\n<ul>\n<li><strong data-start=\"684\" data-end=\"710\">Trasabilitate complet\u0103 \u0219i conformitate legal\u0103<\/strong><\/li>\n<\/ul>\n<p>Fiecare ciclu este \u00eenregistrat \u0219i aprobat digital prin func\u021bia ProControl\u00ae, oferind dovada clar\u0103 a procesului de dezinfec\u021bie. Datele pot fi salvate pe USB, re\u021bea LAN sau card CF, asigur\u00e2nd conformitatea cu cerin\u021bele DSP \u0219i standardele europene de sterilizare.<\/p>\n<ul>\n<li><strong data-start=\"684\" data-end=\"710\">Adaptabilitate la orice tip de cabinet stomatologic<\/strong><\/li>\n<\/ul>\n<p>Cu o gam\u0103 de peste 80 de co\u0219uri \u0219i accesorii, MELAtherm 10 Evolution DTB se poate personaliza pentru orice specialitate: stomatologie general\u0103, chirurgie oral\u0103, ortodon\u021bie sau implantologie. Sistemul modular permite cur\u0103\u021barea optim\u0103 a tuturor tipurilor de instrumente \u2013 inclusiv a celor rotative \u0219i tubulare.<\/p>\n<ul>\n<li><strong data-start=\"684\" data-end=\"710\">Economie de spa\u021biu \u0219i economie de resurse<\/strong><\/li>\n<\/ul>\n<p>Designul compact permite integrarea sub blat, chiar \u0219i \u00een cabinetele cu spa\u021biu limitat. Consumul optim de ap\u0103 \u0219i energie (\u2248 1 \u20ac per ciclu) face din MELAtherm 10 Evolution DTB o solu\u021bie economic\u0103 \u0219i sustenabil\u0103 pe termen lung.<\/p>\n<ul>\n<li><strong data-start=\"684\" data-end=\"710\">Compatibilitate cu fluxurile digitale moderne<\/strong><\/li>\n<\/ul>\n<p>Prin aplica\u021bia MELAconnect\u00ae, medicii pot verifica \u00een timp real starea aparatului sau finalizarea ciclurilor, direct de pe telefon sau computer. Aceast\u0103 integrare digital\u0103 simplific\u0103 documentarea \u0219i permite o monitorizare transparent\u0103 a procesului de sterilizare.<\/p>\n<ul>\n<li><strong data-start=\"684\" data-end=\"710\">Construit pentru durabilitate \u0219i \u00eencredere<\/strong><\/li>\n<\/ul>\n<p>Fabricat \u00een Germania, MELAtherm 10 Evolution DTB respect\u0103 cele mai stricte norme de calitate (ISO 13485, CE, T\u00dcV) \u0219i este g\u00e2ndit pentru o durat\u0103 de via\u021b\u0103 de peste 10 ani. Este un partener fiabil pentru cabinetele care doresc siguran\u021b\u0103, eficien\u021b\u0103 \u0219i control deplin asupra igienei.<\/p>\n<h3><strong>Beneficii pentru pacien\u021bi:<\/strong><\/h3>\n<p>Prin utilizarea MELAtherm\u00ae 10 Evolution DTB, pacien\u021bii beneficiaz\u0103 de un nivel superior de siguran\u021b\u0103, deoarece fiecare instrument este sp\u0103lat, dezinfectat \u0219i uscat conform standardelor europene:<\/p>\n<ul>\n<li>Risc minim de infec\u021bii \u00eencruci\u0219ate datorit\u0103 dezinfect\u0103rii termice controlate<\/li>\n<li>Siguran\u021b\u0103 100% \u00een utilizarea instrumentarului steril<\/li>\n<li>Proceduri medicale desf\u0103\u0219urate \u00eentr-un mediu perfect igienic<\/li>\n<li>\u00cencredere sporit\u0103 \u00een cabinet \u0219i \u00een calitatea actului medical<\/li>\n<li>Respectarea celor mai stricte standarde europene de igien\u0103.<\/li>\n<\/ul>\n<p>Gursk este partener \u0219i distribuitor oficial <a href=\"https:\/\/www.melag.com\/en\" target=\"_blank\" rel=\"noopener\">MELAG<\/a> \u00een Rom\u00e2nia \u0219i ofer\u0103 consultan\u021b\u0103 specializat\u0103, instalare profesional\u0103 \u0219i service autorizat pentru toate echipamentele din portofoliul MELAG.<\/p>\n<p>&nbsp;<\/p>\n","protected":false},"excerpt":{"rendered":"<p>Cu ma\u0219ina de sp\u0103lare-dezinfectare instrumentar MELAtherm\u00ae 10 Evolution DTB , procesul complet de cur\u0103\u021bare, dezinfectare \u0219i uscare a instrumentarului se finalizeaz\u0103 \u00een aproximativ 60 de minute, asigur\u00e2nd eficien\u021b\u0103 opera\u021bional\u0103, costuri reduse, siguran\u021b\u0103 maxim\u0103 \u0219i conformitate deplin\u0103 cu standardele europene de igien\u0103.<\/p>\n","protected":false},"featured_media":8413,"comment_status":"closed","ping_status":"closed","template":"","meta":{"_kad_blocks_custom_css":"","_kad_blocks_head_custom_js":"","_kad_blocks_body_custom_js":"","_kad_blocks_footer_custom_js":"","_kadence_starter_templates_imported_post":false,"_kad_post_transparent":"default","_kad_post_title":"","_kad_post_layout":"default","_kad_post_sidebar_id":"","_kad_post_content_style":"default","_kad_post_vertical_padding":"default","_kad_post_feature":"","_kad_post_feature_position":"","_kad_post_header":false,"_kad_post_footer":false,"_kad_post_classname":""},"product_brand":[513],"product_cat":[54,134],"product_tag":[470],"product_partner":[],"class_list":{"0":"post-6677","1":"product","2":"type-product","3":"status-publish","4":"has-post-thumbnail","6":"product_brand-melag-romania","7":"product_cat-echipamente-stomatologice","8":"product_cat-sisteme-si-aparate-sterilizare","9":"product_tag-preorder","11":"first","12":"outofstock","13":"taxable","14":"shipping-taxable","15":"product-type-simple","16":"entry","17":"content-bg","18":"loop-entry"},"taxonomy_info":{"product_brand":[{"value":513,"label":"MELAG"}],"product_cat":[{"value":54,"label":"Echipamente Stomatologice"},{"value":134,"label":"Sisteme sterilizare \/ Aparate sterilizare"}],"product_tag":[{"value":470,"label":"#preorder"}]},"featured_image_src_large":["https:\/\/gursk.ro\/shop\/wp-content\/uploads\/2025\/09\/Masina-de-spalare-dezinfectare-MELAtherm\u00ae-10.avif",983,893,false],"author_info":[],"comment_info":0,"_links":{"self":[{"href":"https:\/\/gursk.ro\/shop\/wp-json\/wp\/v2\/product\/6677","targetHints":{"allow":["GET"]}}],"collection":[{"href":"https:\/\/gursk.ro\/shop\/wp-json\/wp\/v2\/product"}],"about":[{"href":"https:\/\/gursk.ro\/shop\/wp-json\/wp\/v2\/types\/product"}],"replies":[{"embeddable":true,"href":"https:\/\/gursk.ro\/shop\/wp-json\/wp\/v2\/comments?post=6677"}],"wp:featuredmedia":[{"embeddable":true,"href":"https:\/\/gursk.ro\/shop\/wp-json\/wp\/v2\/media\/8413"}],"wp:attachment":[{"href":"https:\/\/gursk.ro\/shop\/wp-json\/wp\/v2\/media?parent=6677"}],"wp:term":[{"taxonomy":"product_brand","embeddable":true,"href":"https:\/\/gursk.ro\/shop\/wp-json\/wp\/v2\/product_brand?post=6677"},{"taxonomy":"product_cat","embeddable":true,"href":"https:\/\/gursk.ro\/shop\/wp-json\/wp\/v2\/product_cat?post=6677"},{"taxonomy":"product_tag","embeddable":true,"href":"https:\/\/gursk.ro\/shop\/wp-json\/wp\/v2\/product_tag?post=6677"},{"taxonomy":"product_partner","embeddable":true,"href":"https:\/\/gursk.ro\/shop\/wp-json\/wp\/v2\/product_partner?post=6677"}],"curies":[{"name":"wp","href":"https:\/\/api.w.org\/{rel}","templated":true}]}}