{"id":6532,"date":"2026-01-16T17:09:51","date_gmt":"2026-01-16T14:09:51","guid":{"rendered":"https:\/\/gursk.ro\/shop\/?post_type=product&#038;p=6532"},"modified":"2026-03-09T17:25:08","modified_gmt":"2026-03-09T14:25:08","slug":"g0932116-fir-sutura-dafilon-albastru-neresorbabil-din-monofilament-de-poliamida-6-0-45cm-18-ds16-2","status":"publish","type":"product","link":"https:\/\/gursk.ro\/shop\/produs\/g0932116-fir-sutura-dafilon-albastru-neresorbabil-din-monofilament-de-poliamida-6-0-45cm-18-ds16-2\/","title":{"rendered":"Fir de Sutur\u0103 DAFILON Albastru, neresorbabil, G0932116"},"content":{"rendered":"<p>Fir de Sutur\u0103 DAFILON Albastru, neresorbabil, din monofilament de poliamid\u0103.<\/p>\n<p>&nbsp;<\/p>\n<p><strong>Dimensiuni<\/strong>:<\/p>\n<ul>\n<li>Grosime: 6\/0<\/li>\n<li>Lungime: 45cm \/ 18&#8221;<\/li>\n<li>Ac: DS16 *<\/li>\n<\/ul>\n","protected":false},"excerpt":{"rendered":"<p>Fir de Sutur\u0103 DAFILON albastru, neresorbabil, din monofilament de poliamid\u0103, grosime 6\/0, lungime 45CM 18&#8221;, ac tip DS16 *<\/p>\n","protected":false},"featured_media":10631,"comment_status":"closed","ping_status":"closed","template":"","meta":{"_kad_blocks_custom_css":"","_kad_blocks_head_custom_js":"","_kad_blocks_body_custom_js":"","_kad_blocks_footer_custom_js":"","_kadence_starter_templates_imported_post":false,"_kad_post_transparent":"default","_kad_post_title":"","_kad_post_layout":"default","_kad_post_sidebar_id":"","_kad_post_content_style":"default","_kad_post_vertical_padding":"default","_kad_post_feature":"","_kad_post_feature_position":"","_kad_post_header":false,"_kad_post_footer":false,"_kad_post_classname":""},"product_brand":[394],"product_cat":[50,88],"product_tag":[469],"product_partner":[],"class_list":{"0":"post-6532","1":"product","2":"type-product","3":"status-publish","4":"has-post-thumbnail","6":"product_brand-b-braun","7":"product_cat-biomateriale-si-materiale-de-sutura","8":"product_cat-fire-sutura","9":"product_tag-onlineorder","11":"first","12":"instock","13":"taxable","14":"shipping-taxable","15":"purchasable","16":"product-type-simple","17":"entry","18":"content-bg","19":"loop-entry"},"taxonomy_info":{"product_brand":[{"value":394,"label":"B Braun"}],"product_cat":[{"value":50,"label":"Biomateriale \u0219i materiale de sutur\u0103"},{"value":88,"label":"Fire sutur\u0103"}],"product_tag":[{"value":469,"label":"#onlineorder"}]},"featured_image_src_large":["https:\/\/gursk.ro\/shop\/wp-content\/uploads\/2026\/01\/Dafilon-fir-de-sutura.jpg",720,720,false],"author_info":[],"comment_info":0,"_links":{"self":[{"href":"https:\/\/gursk.ro\/shop\/wp-json\/wp\/v2\/product\/6532","targetHints":{"allow":["GET"]}}],"collection":[{"href":"https:\/\/gursk.ro\/shop\/wp-json\/wp\/v2\/product"}],"about":[{"href":"https:\/\/gursk.ro\/shop\/wp-json\/wp\/v2\/types\/product"}],"replies":[{"embeddable":true,"href":"https:\/\/gursk.ro\/shop\/wp-json\/wp\/v2\/comments?post=6532"}],"version-history":[{"count":1,"href":"https:\/\/gursk.ro\/shop\/wp-json\/wp\/v2\/product\/6532\/revisions"}],"predecessor-version":[{"id":10629,"href":"https:\/\/gursk.ro\/shop\/wp-json\/wp\/v2\/product\/6532\/revisions\/10629"}],"wp:featuredmedia":[{"embeddable":true,"href":"https:\/\/gursk.ro\/shop\/wp-json\/wp\/v2\/media\/10631"}],"wp:attachment":[{"href":"https:\/\/gursk.ro\/shop\/wp-json\/wp\/v2\/media?parent=6532"}],"wp:term":[{"taxonomy":"product_brand","embeddable":true,"href":"https:\/\/gursk.ro\/shop\/wp-json\/wp\/v2\/product_brand?post=6532"},{"taxonomy":"product_cat","embeddable":true,"href":"https:\/\/gursk.ro\/shop\/wp-json\/wp\/v2\/product_cat?post=6532"},{"taxonomy":"product_tag","embeddable":true,"href":"https:\/\/gursk.ro\/shop\/wp-json\/wp\/v2\/product_tag?post=6532"},{"taxonomy":"product_partner","embeddable":true,"href":"https:\/\/gursk.ro\/shop\/wp-json\/wp\/v2\/product_partner?post=6532"}],"curies":[{"name":"wp","href":"https:\/\/api.w.org\/{rel}","templated":true}]}}