{"id":6517,"date":"2026-01-16T17:09:51","date_gmt":"2026-01-16T14:09:51","guid":{"rendered":"https:\/\/gursk.ro\/shop\/?post_type=product&#038;p=6517"},"modified":"2026-01-31T14:28:55","modified_gmt":"2026-01-31T11:28:55","slug":"g0760137-fir-sutura-silkam-negru-neresorbabil-din-matase-impletita-4-0-75cm-30-hr17","status":"publish","type":"product","link":"https:\/\/gursk.ro\/shop\/produs\/g0760137-fir-sutura-silkam-negru-neresorbabil-din-matase-impletita-4-0-75cm-30-hr17\/","title":{"rendered":"Fir de Sutur\u0103 SILKAM, negru, neresorbabil, 4\/0, 75CM, HR17, G0760137"},"content":{"rendered":"<p>Fir de Sutur\u0103 SILKAM<\/p>\n<h3>Specifica\u021bii:<\/h3>\n<p>&nbsp;<\/p>\n<ul>\n<li>Tip: neresorbabil<\/li>\n<li>Material: m\u0103tase \u00eempletit\u0103<\/li>\n<li>Grosime: 4\/0<\/li>\n<li>Lungime: 75cm \/ 30&#8221;<\/li>\n<li>Tip ac: HR17 *<\/li>\n<\/ul>\n","protected":false},"excerpt":{"rendered":"<p>Fir de Sutur\u0103 SILKAM, negru, neresorbabil, din m\u0103tase \u00eempletit\u0103, grosime 4\/0, 75cm, cod G0760137<\/p>\n","protected":false},"featured_media":10633,"comment_status":"closed","ping_status":"closed","template":"","meta":{"_kad_blocks_custom_css":"","_kad_blocks_head_custom_js":"","_kad_blocks_body_custom_js":"","_kad_blocks_footer_custom_js":"","_kadence_starter_templates_imported_post":false,"_kad_post_transparent":"default","_kad_post_title":"","_kad_post_layout":"default","_kad_post_sidebar_id":"","_kad_post_content_style":"default","_kad_post_vertical_padding":"default","_kad_post_feature":"","_kad_post_feature_position":"","_kad_post_header":false,"_kad_post_footer":false,"_kad_post_classname":""},"product_brand":[394],"product_cat":[50,88],"product_tag":[469],"product_partner":[],"class_list":{"0":"post-6517","1":"product","2":"type-product","3":"status-publish","4":"has-post-thumbnail","6":"product_brand-b-braun","7":"product_cat-biomateriale-si-materiale-de-sutura","8":"product_cat-fire-sutura","9":"product_tag-onlineorder","11":"first","12":"instock","13":"taxable","14":"shipping-taxable","15":"purchasable","16":"product-type-simple","17":"entry","18":"content-bg","19":"loop-entry"},"taxonomy_info":{"product_brand":[{"value":394,"label":"B Braun"}],"product_cat":[{"value":50,"label":"Biomateriale \u0219i materiale de sutur\u0103"},{"value":88,"label":"Fire sutur\u0103"}],"product_tag":[{"value":469,"label":"#onlineorder"}]},"featured_image_src_large":["https:\/\/gursk.ro\/shop\/wp-content\/uploads\/2026\/01\/fir-de-sutura-silkam-neresorbabil.jpg",720,720,false],"author_info":[],"comment_info":0,"_links":{"self":[{"href":"https:\/\/gursk.ro\/shop\/wp-json\/wp\/v2\/product\/6517","targetHints":{"allow":["GET"]}}],"collection":[{"href":"https:\/\/gursk.ro\/shop\/wp-json\/wp\/v2\/product"}],"about":[{"href":"https:\/\/gursk.ro\/shop\/wp-json\/wp\/v2\/types\/product"}],"replies":[{"embeddable":true,"href":"https:\/\/gursk.ro\/shop\/wp-json\/wp\/v2\/comments?post=6517"}],"version-history":[{"count":1,"href":"https:\/\/gursk.ro\/shop\/wp-json\/wp\/v2\/product\/6517\/revisions"}],"predecessor-version":[{"id":10632,"href":"https:\/\/gursk.ro\/shop\/wp-json\/wp\/v2\/product\/6517\/revisions\/10632"}],"wp:featuredmedia":[{"embeddable":true,"href":"https:\/\/gursk.ro\/shop\/wp-json\/wp\/v2\/media\/10633"}],"wp:attachment":[{"href":"https:\/\/gursk.ro\/shop\/wp-json\/wp\/v2\/media?parent=6517"}],"wp:term":[{"taxonomy":"product_brand","embeddable":true,"href":"https:\/\/gursk.ro\/shop\/wp-json\/wp\/v2\/product_brand?post=6517"},{"taxonomy":"product_cat","embeddable":true,"href":"https:\/\/gursk.ro\/shop\/wp-json\/wp\/v2\/product_cat?post=6517"},{"taxonomy":"product_tag","embeddable":true,"href":"https:\/\/gursk.ro\/shop\/wp-json\/wp\/v2\/product_tag?post=6517"},{"taxonomy":"product_partner","embeddable":true,"href":"https:\/\/gursk.ro\/shop\/wp-json\/wp\/v2\/product_partner?post=6517"}],"curies":[{"name":"wp","href":"https:\/\/api.w.org\/{rel}","templated":true}]}}