{"id":6497,"date":"2025-09-18T18:42:58","date_gmt":"2025-09-18T15:42:58","guid":{"rendered":"https:\/\/gursk.ro\/shop\/?post_type=product&#038;p=6497"},"modified":"2026-01-28T11:35:39","modified_gmt":"2026-01-28T08:35:39","slug":"unit-dentar-ajax","status":"publish","type":"product","link":"https:\/\/gursk.ro\/shop\/produs\/unit-dentar-ajax\/","title":{"rendered":"Unit dentar Ajax"},"content":{"rendered":"<p class=\"pf0\"><span class=\"cf0\">Unitul dentar Ajax redefine\u0219te ergonomia \u0219i eficien\u021ba <\/span><span class=\"cf1\">\u00een<\/span> <span class=\"cf1\">cabinetul<\/span> <span class=\"cf1\">stomatologic<\/span><span class=\"cf1\">, <\/span><span class=\"cf1\">oferind<\/span> <span class=\"cf1\">solu<\/span><span class=\"cf2\">\u021bii<\/span><span class=\"cf2\"> integrate care <\/span><span class=\"cf1\">\u00eembin<\/span><span class=\"cf2\">\u0103<\/span> <span class=\"cf2\">designul<\/span> <span class=\"cf2\">func\u021bional<\/span><span class=\"cf2\"> cu <\/span><span class=\"cf2\">tehnologia<\/span> <span class=\"cf2\">inteligent\u0103<\/span><span class=\"cf2\">. <\/span><span class=\"cf2\">Conceput<\/span> <span class=\"cf2\">pentru<\/span><span class=\"cf2\"> a <\/span><span class=\"cf2\">optimiza<\/span> <span class=\"cf2\">fluxul<\/span><span class=\"cf2\"> de <\/span><span class=\"cf2\">lucru<\/span><span class=\"cf2\">, <\/span><span class=\"cf2\">asigur\u0103<\/span> <span class=\"cf2\">pozi\u021bionare<\/span> <span class=\"cf2\">rapid\u0103<\/span><span class=\"cf2\">, <\/span><span class=\"cf2\">vizibilitate<\/span> <span class=\"cf2\">excelent\u0103<\/span><span class=\"cf2\">, <\/span><span class=\"cf2\">igien\u0103<\/span> <span class=\"cf2\">superioar\u0103<\/span> <span class=\"cf2\">\u0219i<\/span> <span class=\"cf2\">confort<\/span><span class=\"cf2\"> maxim <\/span><span class=\"cf2\">pentru<\/span> <span class=\"cf2\">pacient \u0219i pentru medic.<\/span><\/p>\n<h3 data-start=\"374\" data-end=\"411\"><strong data-start=\"378\" data-end=\"411\">Caracteristici principale pentru unit dentar Ajax:<\/strong><\/h3>\n<p><!--StartFragment --><\/p>\n<ul>\n<li class=\"pf0\"><span class=\"cf0\">Permite control complet al pozi\u021biei pacientului, prin <\/span><strong><span class=\"cf0\">scaunul<\/span> <span class=\"cf0\">Ergomotion<\/span><\/strong> <span class=\"cf2\">cu <\/span><span class=\"cf2\">tapi<\/span><span class=\"cf3\">\u021berie<\/span><span class=\"cf3\"> PU <\/span><span class=\"cf3\">f\u0103r\u0103<\/span> <span class=\"cf3\">cus\u0103turi, <\/span><span class=\"cf0\">ac\u021bionat<\/span><span class=\"cf0\"> electric, cu <\/span><strong><span class=\"cf0\">memorie<\/span> <span class=\"cf0\">digital\u0103<\/span> <span class=\"cf0\">\u0219i<\/span> 3\u00a0<span class=\"cf0\">pozi\u021bii<\/span> <span class=\"cf0\">programabile<\/span><span class=\"cf0\">.<\/span><\/strong><\/li>\n<li class=\"pf0\">Integreaz\u0103<strong> <span class=\"cf0\">iluminare<\/span><span class=\"cf0\"> LED cu <\/span><span class=\"cf0\">senzor<\/span> <\/strong><span class=\"cf1\">\u2013 <\/span><span class=\"cf1\">reglabil<\/span><span class=\"cf0\">\u0103<\/span> <span class=\"cf0\">pe<\/span> <span class=\"cf0\">trei<\/span> <span class=\"cf0\">niveluri<\/span><span class=\"cf0\"> de <\/span><span class=\"cf0\">intensitate<\/span><span class=\"cf0\">, cu <\/span><span class=\"cf0\">func\u021bie<\/span> <span class=\"cf0\">automat\u0103<\/span><span class=\"cf0\"> de <\/span><span class=\"cf0\">oprire<\/span><span class=\"cf0\"> la <\/span><span class=\"cf0\">activarea<\/span> <span class=\"cf0\">func\u021biilor<\/span><span class=\"cf0\"> de <\/span><span class=\"cf0\">memorie<\/span><span class=\"cf0\">.<\/span><\/li>\n<li class=\"pf0\">Ofer\u0103 <strong><span class=\"cf0\">instrumentar<\/span> <span class=\"cf0\">rotativ<\/span><span class=\"cf0\"> performant, <\/span><\/strong><span class=\"cf0\">inclusiv<\/span><strong> <span class=\"cf0\">dou\u0103<\/span><span class=\"cf0\"> turbine cu <\/span><span class=\"cf0\">fibr\u0103<\/span> <span class=\"cf0\">optic\u0103<\/span><span class=\"cf0\">, motor electric de <\/span><span class=\"cf2\">\u00eenalt<\/span><span class=\"cf3\">\u0103<\/span> <span class=\"cf3\">precizie<\/span><\/strong><span class=\"cf3\"><strong>, scaler Woodpecker cu LED,<\/strong> <\/span><span class=\"cf3\">piese<\/span> <span class=\"cf3\">contraunghi<\/span> <span class=\"cf3\">\u0219i<\/span> <span class=\"cf3\">turbin\u0103<\/span> <span class=\"cf3\">Kavo<\/span><span class=\"cf3\">.<\/span><\/li>\n<li class=\"pf0\">Este <span class=\"cf3\">echipat<\/span><span class=\"cf3\"> cu <\/span><strong><span class=\"cf3\">panouri<\/span><span class=\"cf3\"> de control separate <\/span><span class=\"cf3\">pentru<\/span><span class=\"cf3\"> medic <\/span><span class=\"cf3\">\u0219i<\/span> <span class=\"cf3\">asistent<\/span><\/strong><span class=\"cf3\"><strong>,<\/strong> cu 15 <\/span><span class=\"cf3\">func\u021bii<\/span> <span class=\"cf3\">pe<\/span> <span class=\"cf3\">partea<\/span> <span class=\"cf3\">medicului<\/span> <span class=\"cf3\">\u0219i<\/span><span class=\"cf3\"> 10 <\/span><span class=\"cf3\">func\u021bii<\/span> <span class=\"cf3\">pe<\/span> <span class=\"cf3\">partea<\/span> <span class=\"cf3\">asistentului<\/span><span class=\"cf3\">.<\/span><\/li>\n<li class=\"pf0\">Include <strong><span class=\"cf3\">negatoscop<\/span> <span class=\"cf3\">integrat<\/span><\/strong><span class=\"cf3\"> (X-ray viewer 24V)<\/span><span class=\"cf3\">, <\/span><span class=\"cf2\">\u00eenc<\/span><span class=\"cf3\">\u0103lzitor<\/span><span class=\"cf3\"> de <\/span><span class=\"cf3\">ap\u0103<\/span><span class=\"cf3\"> 24V, <\/span><span class=\"cf3\">sistem<\/span><span class=\"cf3\"> de <\/span><span class=\"cf3\">ap\u0103<\/span> <span class=\"cf3\">pur\u0103<\/span> <span class=\"cf3\">\u0219i<\/span> <span class=\"cf3\">sp\u0103tar<\/span> <span class=\"cf3\">metalic<\/span><span class=\"cf3\"> robust, <\/span><span class=\"cf3\">pentru<\/span> <span class=\"cf3\">siguran\u021b\u0103<\/span> <span class=\"cf3\">\u0219i<\/span> <span class=\"cf3\">durabilitate<\/span><span class=\"cf3\">.<\/span><\/li>\n<li class=\"pf0\">Beneficiaz\u0103<span class=\"cf3\"> de <\/span><strong><span class=\"cf3\">interac\u021biune<\/span> <span class=\"cf3\">inteligent\u0103<\/span> <span class=\"cf2\">\u00eentre<\/span> <span class=\"cf2\">scaun<\/span> <span class=\"cf3\">\u0219i<\/span> <span class=\"cf3\">lamp\u0103<\/span><\/strong><span class=\"cf3\">, care <\/span><span class=\"cf3\">ajusteaz\u0103<\/span><span class=\"cf3\"> automat <\/span><span class=\"cf3\">iluminarea<\/span> <span class=\"cf2\">\u00een<\/span> <span class=\"cf2\">func<\/span><span class=\"cf3\">\u021bie<\/span><span class=\"cf3\"> de <\/span><span class=\"cf3\">starea<\/span> <span class=\"cf3\">unitului<\/span><span class=\"cf3\">.<\/span><\/li>\n<li class=\"pf0\"><strong>Sistemul<span class=\"cf3\"> Ajax Intelligent Control <\/span><\/strong><span class=\"cf3\">ofer\u0103<\/span><span class=\"cf3\"> auto-<\/span><span class=\"cf3\">verificare<\/span><span class=\"cf3\"> la <\/span><span class=\"cf3\">pornire<\/span><span class=\"cf3\">, diagnostic intern <\/span><span class=\"cf3\">\u0219i<\/span> <span class=\"cf3\">buton<\/span> <span class=\"cf3\">inteligent<\/span><span class=\"cf3\"> de <\/span><span class=\"cf3\">resetare<\/span> <span class=\"cf3\">rapid\u0103<\/span><span class=\"cf3\"> (<\/span><span class=\"cf4\">\u201eR Button\u201d).<\/span><\/li>\n<li class=\"pf0\"><strong>Instrumentar Kavo<\/strong> <span class=\"cf1\">\u2013 turbin<\/span><span class=\"cf0\">\u0103 \u0219i pies\u0103 contraunghi de <\/span><span class=\"cf0\">calitate<\/span> <span class=\"cf0\">superioar\u0103<\/span><span class=\"cf0\">, <\/span><span class=\"cf0\">pentru<\/span> <span class=\"cf0\">performan\u021b\u0103<\/span> <span class=\"cf0\">\u0219i<\/span> <span class=\"cf0\">fiabilitate<\/span><span class=\"cf0\">.<\/span><\/li>\n<li class=\"pf0\"><strong>Iluminare<\/strong><span class=\"cf0\"><strong> Pebble LED<\/strong> (25.000 lux) <\/span><span class=\"cf1\">\u2013 <\/span><span class=\"cf1\">asigur<\/span><span class=\"cf0\">\u0103<\/span> <span class=\"cf0\">reproducerea<\/span> <span class=\"cf0\">corect\u0103<\/span><span class=\"cf0\"> a <\/span><span class=\"cf0\">culorilor<\/span> <span class=\"cf0\">\u0219i<\/span> <span class=\"cf0\">claritate<\/span> <span class=\"cf0\">maxim\u0103<\/span> <span class=\"cf2\">\u00een<\/span><span class=\"cf2\"> zona de <\/span><span class=\"cf2\">lucru<\/span><span class=\"cf2\">.<\/span><\/li>\n<li class=\"pf0\"><strong>Tetier\u0103 <span class=\"cf3\">articulat\u0103<\/span> <span class=\"cf3\">\u0219i<\/span> <span class=\"cf3\">cotiere<\/span> <span class=\"cf3\">reglabile<\/span><\/strong> <span class=\"cf4\">\u2013 <\/span><span class=\"cf4\">ofer<\/span><span class=\"cf3\">\u0103<\/span> <span class=\"cf3\">confort<\/span> <span class=\"cf3\">optim<\/span> <span class=\"cf3\">pacientului<\/span> <span class=\"cf2\">\u00een<\/span> <span class=\"cf2\">orice<\/span> <span class=\"cf2\">pozi<\/span><span class=\"cf3\">\u021bie<\/span><span class=\"cf3\">.<\/span><\/li>\n<li class=\"pf0\"><strong>Sistem<span class=\"cf3\"> de <\/span><span class=\"cf3\">aspira\u021bie<\/span> <span class=\"cf3\">eficient<\/span><\/strong> <span class=\"cf4\">\u2013 HVE <\/span><span class=\"cf3\">\u0219i<\/span><span class=\"cf3\"> ejector de <\/span><span class=\"cf3\">saliv\u0103<\/span><span class=\"cf3\"> integrate <\/span><span class=\"cf3\">pentru<\/span><span class=\"cf3\"> un <\/span><span class=\"cf3\">mediu<\/span> <span class=\"cf3\">curat<\/span> <span class=\"cf3\">\u0219i<\/span> <span class=\"cf3\">sigur<\/span><span class=\"cf3\">.<\/span><!--EndFragment --><\/li>\n<\/ul>\n<p><!--EndFragment --><\/p>\n<p><!--EndFragment --><\/p>\n<p data-start=\"49\" data-end=\"367\"><!--EndFragment --><\/p>\n<h3 data-start=\"1323\" data-end=\"1368\"><strong data-start=\"1327\" data-end=\"1368\">Eficien\u021b\u0103 \u00eembun\u0103t\u0103\u021bit\u0103 pentru medici:<\/strong><\/h3>\n<ul data-start=\"1369\" data-end=\"1724\">\n<li data-start=\"1369\" data-end=\"1518\">Spa\u021biu generos pentru mi\u0219care \u2013 Designul unitului permite un acces facil, oferind spa\u021biu amplu pentru picioarele medicului \u0219i ale asistentului.<\/li>\n<li data-start=\"1519\" data-end=\"1625\">Accesibilitate crescut\u0103 \u2013 Forma curbat\u0103 a sp\u0103tarului permite apropierea optim\u0103 de zona de tratament.<\/li>\n<li data-start=\"1626\" data-end=\"1724\">Motor de mare vitez\u0103 \u2013 Sp\u0103tarul poate fi resetat \u00een 7-9 secunde, optimiz\u00e2nd timpul de lucru.<\/li>\n<\/ul>\n<h3 data-start=\"1731\" data-end=\"1816\"><strong data-start=\"1735\" data-end=\"1816\">Ajax Intelligent Control System \u2013 Sistem inteligent pentru eficien\u021b\u0103 crescut\u0103<\/strong><\/h3>\n<ul data-start=\"1817\" data-end=\"2279\">\n<li data-start=\"1817\" data-end=\"1942\"><strong data-start=\"1819\" data-end=\"1849\">Auto-verificare la pornire<\/strong> \u2013 Sistemul detecteaz\u0103 automat eventualele defec\u021biuni \u0219i verific\u0103 performan\u021ba echipamentului.<\/li>\n<li data-start=\"1943\" data-end=\"2157\"><strong data-start=\"1945\" data-end=\"1995\">Interac\u021biune inteligent\u0103 \u00eentre lumin\u0103 \u0219i scaun<\/strong> \u2013 Lampa intraoral\u0103 se stinge automat la activarea func\u021biilor de memorie, resetare sau sp\u0103lare \u0219i revine la starea ini\u021bial\u0103 odat\u0103 cu atingerea pozi\u021biei presetate.<\/li>\n<li data-start=\"2158\" data-end=\"2279\"><strong data-start=\"2160\" data-end=\"2203\">Buton de resetare inteligent (R Button)<\/strong> \u2013 Permite revenirea rapid\u0103 la pozi\u021bia ini\u021bial\u0103, optimiz\u00e2nd timpul de lucru.<\/li>\n<\/ul>\n<h3 data-start=\"2286\" data-end=\"2320\"><strong data-start=\"2290\" data-end=\"2320\">Accesibilitate \u0219i confort:<\/strong><\/h3>\n<ul data-start=\"2321\" data-end=\"2699\">\n<li data-start=\"2321\" data-end=\"2415\"><strong data-start=\"2323\" data-end=\"2343\">Cotiere rotative<\/strong> \u2013 Cotierea dreapt\u0103 este mobil\u0103, facilit\u00e2nd accesul pacientului \u00een unit.<\/li>\n<li data-start=\"2416\" data-end=\"2544\"><strong data-start=\"2418\" data-end=\"2455\">\u00cen\u0103l\u021bime ultra-redus\u0103 a scaunului<\/strong> \u2013 Cu o \u00een\u0103l\u021bime minim\u0103 de 350 mm, unitul este ideal pentru copii \u0219i pacien\u021bii v\u00e2rstnici.<\/li>\n<li data-start=\"2545\" data-end=\"2699\"><strong data-start=\"2547\" data-end=\"2592\">Design ergonomic al scaunului pacientului<\/strong> \u2013 Scaunul se adapteaz\u0103 perfect formei corpului pacientului, reduc\u00e2nd disconfortul \u00een timpul tratamentului.<\/li>\n<\/ul>\n<p>&nbsp;<\/p>\n<h3><strong data-start=\"2710\" data-end=\"2755\">Fiabilitate, stabilitate \u0219i durabilitate:<\/strong><\/h3>\n<ul data-start=\"2756\" data-end=\"3270\">\n<li data-start=\"2756\" data-end=\"2891\"><strong data-start=\"2758\" data-end=\"2795\">Sp\u0103tar metalic de \u00eenalt\u0103 calitate<\/strong> \u2013 Fabricat din o\u021bel de 2,5 mm printr-un proces unic de presare, oferind o rigiditate excelent\u0103.<\/li>\n<li data-start=\"2892\" data-end=\"3002\"><strong data-start=\"2894\" data-end=\"2920\">Plac\u0103 din aliaj turnat<\/strong> \u2013 Fabricat\u0103 prin turnare de precizie din aluminiu, oferind o rezisten\u021b\u0103 ridicat\u0103.<\/li>\n<li data-start=\"3003\" data-end=\"3129\"><strong data-start=\"3005\" data-end=\"3046\">Buton inteligent de oprire de urgen\u021b\u0103<\/strong> \u2013 Design cu cap plat \u0219i canelur\u0103 intern\u0103 pentru prevenirea ap\u0103s\u0103rilor accidentale.<\/li>\n<li data-start=\"3130\" data-end=\"3270\"><strong data-start=\"3132\" data-end=\"3158\">Unitate de ap\u0103 stabil\u0103<\/strong> \u2013 Integrat\u0103 central \u00een structura unitului, oferind mai mult\u0103 stabilitate dec\u00e2t sistemele laterale tradi\u021bionale.<\/li>\n<\/ul>\n<h3><strong data-start=\"3719\" data-end=\"3762\">De ce s\u0103 alegi unitul dentar Ajax?<\/strong><\/h3>\n<ul data-start=\"3763\" data-end=\"4104\">\n<li data-start=\"3763\" data-end=\"3877\"><strong data-start=\"3765\" data-end=\"3788\">Tehnologie avansat\u0103<\/strong> \u2013 Integrarea celor mai recente inova\u021bii \u00een stomatologie pentru eficien\u021b\u0103 \u0219i fiabilitate.<\/li>\n<li data-start=\"3878\" data-end=\"3958\"><strong data-start=\"3880\" data-end=\"3900\">Design ergonomic<\/strong> \u2013 Optimizat pentru confortul medicului \u0219i al pacientului.<\/li>\n<li data-start=\"3959\" data-end=\"4104\"><strong data-start=\"3961\" data-end=\"3982\">Igien\u0103 superioar\u0103<\/strong> \u2013 Sistemele integrate de prevenire a infec\u021biilor \u0219i materialele de calitate contribuie la men\u021binerea unui mediu steril.<\/li>\n<\/ul>\n<p><!--StartFragment --><\/p>\n<p><!--StartFragment --><\/p>\n<p class=\"pf0\"><span class=\"cf0\">Unitul dentar Ajax este preferatul practicienilor: <\/span><span class=\"cf0\">accesibil<\/span><span class=\"cf0\">, robust, ergonomic, <\/span><span class=\"cf0\">simplu<\/span> <span class=\"cf0\">\u0219i<\/span> <span class=\"cf0\">inteligent<\/span> <span class=\"cf0\">proiectat<\/span><span class=\"cf0\">. <\/span><span class=\"cf0\">Cu <\/span><span class=\"cf0\">op\u021biuni<\/span><span class=\"cf0\"> multiple de <\/span><span class=\"cf0\">configurare<\/span> <span class=\"cf0\">\u0219i<\/span> <span class=\"cf0\">tehnologie<\/span> <span class=\"cf0\">integrat\u0103<\/span> <span class=\"cf0\">pentru<\/span> <span class=\"cf0\">eficien\u021b\u0103<\/span><span class=\"cf0\">, <\/span><span class=\"cf0\">confort<\/span> <span class=\"cf0\">\u0219i<\/span> <span class=\"cf0\">siguran\u021b\u0103<\/span><span class=\"cf0\">, Ajax <\/span><span class=\"cf0\">reprezint\u0103<\/span> <span class=\"cf0\">combina\u021bia<\/span> <span class=\"cf0\">ideal\u0103<\/span> <span class=\"cf1\">\u00eentre<\/span> <span class=\"cf1\">performan<\/span><span class=\"cf2\">\u021b\u0103<\/span><span class=\"cf2\">, <\/span><span class=\"cf2\">durabilitate<\/span> <span class=\"cf2\">\u0219i<\/span> <span class=\"cf2\">experien\u021b\u0103<\/span> <span class=\"cf2\">superioar\u0103<\/span> <span class=\"cf2\">pentru<\/span> <span class=\"cf2\">pacient<\/span><span class=\"cf2\">.<\/span><\/p>\n<h3 data-start=\"186\" data-end=\"217\"><strong data-start=\"190\" data-end=\"217\">Beneficii pentru medici<\/strong><\/h3>\n<ul data-start=\"218\" data-end=\"1196\">\n<li data-start=\"218\" data-end=\"397\">\n<p data-start=\"220\" data-end=\"397\"><strong data-start=\"220\" data-end=\"249\">Eficien\u021b\u0103 clinic\u0103 maxim\u0103:<\/strong> sistemul <strong data-start=\"259\" data-end=\"287\">Ajax Intelligent Control<\/strong> optimizeaz\u0103 fluxul de lucru prin auto-verificare la pornire, diagnostic intern \u0219i buton de resetare rapid\u0103.<\/p>\n<\/li>\n<li data-start=\"398\" data-end=\"572\">\n<p data-start=\"400\" data-end=\"572\"><strong data-start=\"400\" data-end=\"441\">Control precis \u0219i ergonomie avansat\u0103:<\/strong> scaunul <strong data-start=\"450\" data-end=\"464\">Ergomotion<\/strong> cu memorie digital\u0103 \u0219i 3 pozi\u021bii programabile permite o pozi\u021bionare rapid\u0103 \u0219i confortabil\u0103 a pacientului.<\/p>\n<\/li>\n<li data-start=\"573\" data-end=\"772\">\n<p data-start=\"575\" data-end=\"772\"><strong data-start=\"575\" data-end=\"600\">Tehnologie integrat\u0103:<\/strong> panouri de control separate pentru medic \u0219i asistent (15\/10 func\u021bii), instrumentar <strong data-start=\"684\" data-end=\"692\">KaVo<\/strong> de \u00eenalt\u0103 precizie \u0219i <strong data-start=\"715\" data-end=\"740\">scaler Woodpecker LED<\/strong> pentru performan\u021b\u0103 constant\u0103.<\/p>\n<\/li>\n<li data-start=\"773\" data-end=\"922\">\n<p data-start=\"775\" data-end=\"922\"><strong data-start=\"775\" data-end=\"805\">Vizibilitate \u0219i acurate\u021be:<\/strong> iluminare <strong data-start=\"816\" data-end=\"841\">Pebble LED 25.000 lux<\/strong> cu reproducere fidel\u0103 a culorilor \u0219i senzor automat de reglare a intensit\u0103\u021bii.<\/p>\n<\/li>\n<li data-start=\"923\" data-end=\"1059\">\n<p data-start=\"925\" data-end=\"1059\"><strong data-start=\"925\" data-end=\"953\">Accesibilitate crescut\u0103:<\/strong> designul ergonomic ofer\u0103 libertate de mi\u0219care, vizibilitate optim\u0103 \u0219i acces facil la zona de tratament.<\/p>\n<\/li>\n<li data-start=\"1060\" data-end=\"1196\">\n<p data-start=\"1062\" data-end=\"1196\"><strong data-start=\"1062\" data-end=\"1094\">Fiabilitate \u0219i durabilitate:<\/strong> structur\u0103 metalic\u0103 robust\u0103 \u0219i componente din aluminiu turnat, concepute pentru utilizare intensiv\u0103.<\/p>\n<\/li>\n<\/ul>\n<h3 data-start=\"1203\" data-end=\"1236\"><strong data-start=\"1207\" data-end=\"1236\">Beneficii pentru pacien\u021bi<\/strong><\/h3>\n<ul data-start=\"1237\" data-end=\"2115\">\n<li data-start=\"1237\" data-end=\"1424\">\n<p data-start=\"1239\" data-end=\"1424\"><strong data-start=\"1239\" data-end=\"1281\">Confort total \u00een timpul tratamentului:<\/strong> scaunul ultra-ergonomic, cu tapi\u021berie f\u0103r\u0103 cus\u0103turi \u0219i tetier\u0103 articulat\u0103, se adapteaz\u0103 formei corpului, reduc\u00e2nd presiunea \u0219i disconfortul.<\/p>\n<\/li>\n<li data-start=\"1425\" data-end=\"1586\">\n<p data-start=\"1427\" data-end=\"1586\"><strong data-start=\"1427\" data-end=\"1455\">Acces u\u0219or \u0219i siguran\u021b\u0103:<\/strong> cotierele rotative \u0219i \u00een\u0103l\u021bimea minim\u0103 de 350 mm permit accesul facil pentru copii, v\u00e2rstnici sau pacien\u021bi cu mobilitate redus\u0103.<\/p>\n<\/li>\n<li data-start=\"1587\" data-end=\"1755\">\n<p data-start=\"1589\" data-end=\"1755\"><strong data-start=\"1589\" data-end=\"1614\">Mediu curat \u0219i sigur:<\/strong> sistemul de ap\u0103 pur\u0103, aspira\u021bia dubl\u0103 (HVE + SE) \u0219i suprafe\u021bele antibacteriene contribuie la men\u021binerea igienei \u0219i prevenirii infec\u021biilor.<\/p>\n<\/li>\n<li data-start=\"1756\" data-end=\"1932\">\n<p data-start=\"1758\" data-end=\"1932\"><strong data-start=\"1758\" data-end=\"1797\">Experien\u021b\u0103 pl\u0103cut\u0103 \u0219i lini\u0219titoare:<\/strong> mi\u0219carea lin\u0103 \u0219i silen\u021bioas\u0103 a scaunului \u0219i iluminarea inteligent\u0103 creeaz\u0103 o atmosfer\u0103 confortabil\u0103 \u0219i reduc anxietatea pacientului.<\/p>\n<\/li>\n<li data-start=\"1933\" data-end=\"2115\">\n<p data-start=\"1935\" data-end=\"2115\"><strong data-start=\"1935\" data-end=\"1965\">Tratament precis \u0219i rapid:<\/strong> echipamentele performante \u0219i controlul digital contribuie la scurtarea timpului de tratament \u0219i la ob\u021binerea unor rezultate de calitate superioar\u0103.<\/p>\n<\/li>\n<\/ul>\n","protected":false},"excerpt":{"rendered":"<p><span class=\"cf0\">Unitul dentar Ajax combin\u0103 tehnologia avansat\u0103 cu un design ergonomic <\/span><span class=\"cf0\">pentru<\/span><span class=\"cf0\"> a <\/span><span class=\"cf0\">oferi<\/span> <span class=\"cf0\">medicilor<\/span> <span class=\"cf0\">stomatologi<\/span> <span class=\"cf0\">precizie<\/span><span class=\"cf0\">, <\/span><span class=\"cf0\">fiabilitate<\/span> <span class=\"cf0\">\u0219i<\/span> <span class=\"cf0\">confort<\/span><span class=\"cf0\">. Dotat cu un <\/span><span class=\"cf0\">scaun<\/span><span class=\"cf0\"> ultra-ergonomic, scaun medic, sistem de detartraj, 2 terminale turbin\u0103, <\/span><span class=\"cf0\">iluminare<\/span> <span class=\"cf0\">inteligent\u0103<\/span><span class=\"cf0\">, lamp\u0103 25.000 lux, motor electric de mare <\/span><span class=\"cf0\">vitez\u0103<\/span> <span class=\"cf0\">\u0219i<\/span> <span class=\"cf0\">sistem<\/span><span class=\"cf0\"> de control digital, <\/span><span class=\"cf0\">acest<\/span><span class=\"cf0\"> unit <\/span><span class=\"cf0\">optimizeaz\u0103<\/span> <span class=\"cf0\">fiecare<\/span> <span class=\"cf0\">procedur\u0103 medical\u0103. <\/span><span class=\"cf0\">Cu op\u021biuni multiple de configurare \u0219i tehnologie <\/span><span class=\"cf0\">integrat\u0103<\/span><span class=\"cf0\">, Ajax <\/span><span class=\"cf0\">reprezint\u0103<\/span> <span class=\"cf0\">combina\u021bia<\/span> optim\u0103 <span class=\"cf1\">\u00eentre<\/span> <span class=\"cf1\">performan<\/span><span class=\"cf2\">\u021b\u0103<\/span><span class=\"cf2\">, <\/span><span class=\"cf2\">durabilitate<\/span> <span class=\"cf2\">\u0219i<\/span> <span class=\"cf2\">experien\u021b\u0103<\/span> <span class=\"cf2\">superioar\u0103<\/span> <span class=\"cf2\">pentru<\/span> medic \u0219i <span class=\"cf2\">pacient<\/span><span class=\"cf2\">.<\/span><\/p>\n","protected":false},"featured_media":6526,"comment_status":"open","ping_status":"closed","template":"","meta":{"_kad_blocks_custom_css":"","_kad_blocks_head_custom_js":"","_kad_blocks_body_custom_js":"","_kad_blocks_footer_custom_js":"","_kadence_starter_templates_imported_post":false,"_kad_post_transparent":"default","_kad_post_title":"","_kad_post_layout":"default","_kad_post_sidebar_id":"","_kad_post_content_style":"default","_kad_post_vertical_padding":"default","_kad_post_feature":"","_kad_post_feature_position":"","_kad_post_header":false,"_kad_post_footer":false,"_kad_post_classname":""},"product_brand":[433],"product_cat":[54,16],"product_tag":[470],"product_partner":[],"class_list":{"0":"post-6497","1":"product","2":"type-product","3":"status-publish","4":"has-post-thumbnail","6":"product_brand-ajax","7":"product_cat-echipamente-stomatologice","8":"product_cat-unit-uri-dentare-gursk","9":"product_tag-preorder","11":"first","12":"instock","13":"purchasable","14":"product-type-simple","15":"entry","16":"content-bg","17":"loop-entry"},"taxonomy_info":{"product_brand":[{"value":433,"label":"AJAX"}],"product_cat":[{"value":54,"label":"Echipamente Stomatologice"},{"value":16,"label":"Unituri dentare"}],"product_tag":[{"value":470,"label":"#preorder"}]},"featured_image_src_large":["https:\/\/gursk.ro\/shop\/wp-content\/uploads\/2025\/02\/unit-ajax-poza-de-produs-scaled-1-1024x736.jpg",1024,736,true],"author_info":[],"comment_info":0,"_links":{"self":[{"href":"https:\/\/gursk.ro\/shop\/wp-json\/wp\/v2\/product\/6497","targetHints":{"allow":["GET"]}}],"collection":[{"href":"https:\/\/gursk.ro\/shop\/wp-json\/wp\/v2\/product"}],"about":[{"href":"https:\/\/gursk.ro\/shop\/wp-json\/wp\/v2\/types\/product"}],"replies":[{"embeddable":true,"href":"https:\/\/gursk.ro\/shop\/wp-json\/wp\/v2\/comments?post=6497"}],"version-history":[{"count":1,"href":"https:\/\/gursk.ro\/shop\/wp-json\/wp\/v2\/product\/6497\/revisions"}],"predecessor-version":[{"id":8397,"href":"https:\/\/gursk.ro\/shop\/wp-json\/wp\/v2\/product\/6497\/revisions\/8397"}],"wp:featuredmedia":[{"embeddable":true,"href":"https:\/\/gursk.ro\/shop\/wp-json\/wp\/v2\/media\/6526"}],"wp:attachment":[{"href":"https:\/\/gursk.ro\/shop\/wp-json\/wp\/v2\/media?parent=6497"}],"wp:term":[{"taxonomy":"product_brand","embeddable":true,"href":"https:\/\/gursk.ro\/shop\/wp-json\/wp\/v2\/product_brand?post=6497"},{"taxonomy":"product_cat","embeddable":true,"href":"https:\/\/gursk.ro\/shop\/wp-json\/wp\/v2\/product_cat?post=6497"},{"taxonomy":"product_tag","embeddable":true,"href":"https:\/\/gursk.ro\/shop\/wp-json\/wp\/v2\/product_tag?post=6497"},{"taxonomy":"product_partner","embeddable":true,"href":"https:\/\/gursk.ro\/shop\/wp-json\/wp\/v2\/product_partner?post=6497"}],"curies":[{"name":"wp","href":"https:\/\/api.w.org\/{rel}","templated":true}]}}