{"id":6495,"date":"2025-09-18T18:42:58","date_gmt":"2025-09-18T15:42:58","guid":{"rendered":"https:\/\/gursk.ro\/shop\/?post_type=product&#038;p=6495"},"modified":"2026-02-05T16:55:45","modified_gmt":"2026-02-05T13:55:45","slug":"lampa-chirurgicala-faro-b75","status":"publish","type":"product","link":"https:\/\/gursk.ro\/shop\/produs\/lampa-chirurgicala-faro-b75\/","title":{"rendered":"Lamp\u0103 chirurgical\u0103 Faro B75"},"content":{"rendered":"<p>Lampa chirurgical\u0103 Faro B75 combin\u0103\u00a0dou\u0103 module LED independente \u2014 unul circular pentru interven\u0163ii chirurgicale (p\u00e2n\u0103 la 110 000 lux la 1 m) \u015fi unul eliptic pentru interven\u0163ii stomatologice (p\u00e2n\u0103 la 50 000 lux la 700 mm) \u2014 pentru a oferi o claritate, confort vizual \u015fi versatilitate \u00een cabinet. Cu design modern, materiale de calitate medical\u0103 superioar\u0103, sistem touch-screen, senzor optic de control f\u0103r\u0103 atingere \u015fi op\u0163iune camer\u0103 digital\u0103 4K integrabil\u0103, <a href=\"https:\/\/faro.it\/en\/products\/illumination-led-and-halogen\/b75\/\" target=\"_blank\" rel=\"noopener\">Faro B75<\/a> se eviden\u021biaz\u0103 fa\u021b\u0103 de l\u0103mpile tradi\u021bionale prin modul dual, rotire &gt;360\u00b0, CRI ~98 \u015fi design compact-premium \u2014 o alegere ideal\u0103 pentru medici care doresc un echipament de top \u00een propriul cabinet.<\/p>\n<p>&nbsp;<\/p>\n<div class=\"entry-content-asset videofit\"><iframe title=\"Innovation meets functionality: Presenting B75\" width=\"720\" height=\"405\" src=\"https:\/\/www.youtube.com\/embed\/LHCOjqoSmEM?feature=oembed\" frameborder=\"0\" allow=\"accelerometer; autoplay; clipboard-write; encrypted-media; gyroscope; picture-in-picture; web-share\" referrerpolicy=\"strict-origin-when-cross-origin\" allowfullscreen><\/iframe><\/div>\n<p><strong>\u00a0<\/strong><\/p>\n<h3><strong>Caracteristici cheie pentru lampa chirurgical\u0103 Faro B75:<\/strong><\/h3>\n<ul>\n<li><strong>Mod dual integrat<\/strong> \u2013 permite utilizarea ca lamp\u0103 de chirurgie \u015fi de stomatologie f\u0103r\u0103 a schimba echipamentul.<\/li>\n<li><strong>Calitate superioar\u0103 a luminii<\/strong> \u2013 CRI 98 \u015fi intensitate foarte ridicat\u0103, care asigur\u0103 vizibilitate optim\u0103 \u015fi diferentierea clar\u0103 a structurilor biologice.<\/li>\n<li><strong>Control modern \u015fi personalizat<\/strong> \u2013 ecran touch-screen, senzor optic f\u0103r\u0103 contact, memorie func\u0163ii, op\u0163iuni de personalizare a temperaturii de culoare.<\/li>\n<li><strong>Design ergonomic \u015fi flexibil<\/strong> \u2013 bra\u0163 pantograf echilibrat, rotire &gt;360\u00b0, m\u00e2ner auto\u00adclavabil, carcas\u0103 tratat\u0103 anti-zg\u00e2riere (nano-tehnologie).<\/li>\n<li><strong>Integrare camer\u0103 4K <\/strong>\u2013 extinde func\u0163ionalitatea l\u0103mpii pentru documentare, tele-medicin\u0103 sau educa\u0163ie \u00een cabinet.<\/li>\n<li><strong>Construc\u0163ie premium <\/strong>\u2013 materialele \u015fi finisajele sunt g\u00e2ndite pentru durabilitate, \u00eentre\u021binere redus\u0103 \u015fi igien\u0103 facil\u0103.<\/li>\n<\/ul>\n<p>&nbsp;<\/p>\n<p><img fetchpriority=\"high\" decoding=\"async\" class=\"wp-image-11832 size-full\" src=\"https:\/\/gursk.ro\/shop\/wp-content\/uploads\/2025\/09\/FARO-LAMPADA-B75-CON-THEIATECH.jpg-1.webp\" alt=\"Lampa chirurgicala Faro B75\" width=\"795\" height=\"634\" srcset=\"https:\/\/gursk.ro\/shop\/wp-content\/uploads\/2025\/09\/FARO-LAMPADA-B75-CON-THEIATECH.jpg-1.webp 795w, https:\/\/gursk.ro\/shop\/wp-content\/uploads\/2025\/09\/FARO-LAMPADA-B75-CON-THEIATECH.jpg-1-300x239.webp 300w, https:\/\/gursk.ro\/shop\/wp-content\/uploads\/2025\/09\/FARO-LAMPADA-B75-CON-THEIATECH.jpg-1-768x612.webp 768w\" sizes=\"(max-width: 795px) 100vw, 795px\" \/><\/p>\n<h3><strong>Performan\u021b\u0103 optic\u0103 pentru lampa chirurgical\u0103 Faro B75:<\/strong><\/h3>\n<ul>\n<li><strong>Mod stomatologic: <\/strong>Spot eliptic: 200 \u00d7 100 mm la 700 mm distan\u021b\u0103 \/\u00a0Intensitate luminoas\u0103: p\u00e2n\u0103 la 50.000 lux<\/li>\n<li><strong>Mod chirurgical: <\/strong>Spot circular: \u00d8 250 mm la 1 m distan\u021b\u0103 \/ Intensitate luminoas\u0103: p\u00e2n\u0103 la 110.000 lux<\/li>\n<li><strong>Indice de redare a culorilor (CRI):<\/strong> 98<\/li>\n<li><strong>Temperaturi de culoare disponibile:<\/strong> 4.000 K, 5.000 K, 5.700 K, plus mod COMPOSAVE (pentru reducerea reflexiilor \u00een timpul polimeriz\u0103rii compozitelor)<\/li>\n<li><strong>Reglare intensitate: <\/strong>variabil\u0103, control electronic de precizie<\/li>\n<li><strong>Uniformitate a ilumin\u0103rii: <\/strong>f\u0103r\u0103 umbre \u00een c\u00e2mpul vizual<\/li>\n<li><strong>Camer\u0103 digital\u0103 integrabil\u0103 4K <\/strong>\u2013 foto (JPG) \u0219i video (MP4)<\/li>\n<li><strong>Sistem optic TheiaTech\u00ae <\/strong>\u2013 tehnologie proprie FARO pentru stabilitatea culorii \u0219i confort vizual sporit.<\/li>\n<\/ul>\n<h3><strong>Certific\u0103ri<\/strong><\/h3>\n<ul>\n<li>Certificare CE Medical Device conform Directivei 93\/42\/EEC<\/li>\n<li>Fabricat \u00een Italia, conform standardelor ISO 9001 \u0219i ISO 13485<\/li>\n<\/ul>\n<h3><strong>Beneficii pentru medici:\u00a0<\/strong><\/h3>\n<ul>\n<li><strong>Vizibilitate excep\u0163ional\u0103 \u00een zona de lucru, <\/strong>pentru interven\u0163ii chirurgicale sau tratamente complexe, datorit\u0103 intensit\u0103\u0163ii \u015fi red\u0103rii superioare a culorilor.<\/li>\n<li><strong>Flexibilitate \u00een utilizare: <\/strong>schimbare rapid\u0103 \u00eentre modul stomatologic \u015fi chirurgical, f\u0103r\u0103 a schimba aparatura.<\/li>\n<li><strong>Mai mult confort pentru medic: <\/strong>bra\u0163 echilibrat, rotire complet\u0103, ergonomie optimizat\u0103 \u2014 lucru mai eficient \u015fi mai pu\u0163in obositor.<\/li>\n<li><strong>Echipament versatil \u015fi \u201epreg\u0103tit pentru viitor\u201d <\/strong>\u2013 op\u0163iune camer\u0103 video, control touch, fiabilitate ridicat\u0103.<\/li>\n<li><strong>Aparatur\u0103 premium: <\/strong>transmite \u00eencredere pacien\u0163ilor \u015fi ofer\u0103 o imaginea profesional\u0103.<\/li>\n<\/ul>\n<h3><strong>Beneficii pentru pacien\u0163i:<\/strong><\/h3>\n<ul>\n<li><strong>Interven\u0163ii efectuate \u00eentr-un mediu bine iluminat<\/strong>, cu vizibilitate optim\u0103, ceea ce contribuie la siguran\u0163\u0103 \u0219i precizie.<\/li>\n<li>Mai pu\u0163in\u0103 lumin\u0103 reflectat\u0103 deranjant, <strong>mai mult\u0103 aten\u0163ie asupra zonei tratate <\/strong>\u2014 pacientul simte profesionalism \u015fi confort.<\/li>\n<li><strong>Aparatura de ultim\u0103 genera\u021bie <\/strong>implic\u0103\u00a0un standard mai ridicat de tratament, ceea ce consolideaz\u0103 \u00eencrederea pacientului.<\/li>\n<\/ul>\n<p>&nbsp;<\/p>\n","protected":false},"excerpt":{"rendered":"<p>Faro B75 este o prima lamp\u0103 cu func\u021bie dual\u0103 \u2013 chirurgical\u0103 \u0219i stomatologic\u0103, \u00eentr-un singur echipament\u00a0de \u00eenalt\u0103 precizie (all in one). Faro B75 este conceput\u0103 pentru a oferi iluminarea optim\u0103 a c\u00e2mpului operator, claritate excep\u021bional\u0103 a detaliilor anatomice, fidelitate cromatic\u0103 ridicat\u0103 (CRI 98) \u0219i confort vizual superior \u00een timpul interven\u021biilor complexe. Dezvoltat\u0103 de FARO, lider global \u00een domeniul solu\u0163iilor de iluminare medical\u0103 \u015fi stomatologic\u0103, cu peste 70 de ani de experien\u021b\u0103 \u00een proiectarea \u015fi produc\u0163ia de echipamente medicale, B75 este destinat\u0103 cabinetelor stomatologice moderne, clinicilor de chirurgie oral\u0103 \u0219i centrelor de implantologie care impun cele mai stricte standarde de performan\u021b\u0103 \u0219i\u00a0siguran\u021b\u0103.<\/p>\n","protected":false},"featured_media":11833,"comment_status":"closed","ping_status":"closed","template":"","meta":{"_kad_blocks_custom_css":"","_kad_blocks_head_custom_js":"","_kad_blocks_body_custom_js":"","_kad_blocks_footer_custom_js":"","_kadence_starter_templates_imported_post":false,"_kad_post_transparent":"default","_kad_post_title":"","_kad_post_layout":"default","_kad_post_sidebar_id":"","_kad_post_content_style":"default","_kad_post_vertical_padding":"default","_kad_post_feature":"","_kad_post_feature_position":"","_kad_post_header":false,"_kad_post_footer":false,"_kad_post_classname":""},"product_brand":[402],"product_cat":[16],"product_tag":[470],"product_partner":[],"class_list":{"0":"post-6495","1":"product","2":"type-product","3":"status-publish","4":"has-post-thumbnail","6":"product_brand-faro","7":"product_cat-unit-uri-dentare-gursk","8":"product_tag-preorder","10":"first","11":"outofstock","12":"taxable","13":"shipping-taxable","14":"product-type-simple","15":"entry","16":"content-bg","17":"loop-entry"},"taxonomy_info":{"product_brand":[{"value":402,"label":"FARO"}],"product_cat":[{"value":16,"label":"Unituri dentare"}],"product_tag":[{"value":470,"label":"#preorder"}]},"featured_image_src_large":["https:\/\/gursk.ro\/shop\/wp-content\/uploads\/2025\/09\/Lampa-chirurgicala-Faro-B75-2.jpg",721,721,false],"author_info":[],"comment_info":0,"_links":{"self":[{"href":"https:\/\/gursk.ro\/shop\/wp-json\/wp\/v2\/product\/6495","targetHints":{"allow":["GET"]}}],"collection":[{"href":"https:\/\/gursk.ro\/shop\/wp-json\/wp\/v2\/product"}],"about":[{"href":"https:\/\/gursk.ro\/shop\/wp-json\/wp\/v2\/types\/product"}],"replies":[{"embeddable":true,"href":"https:\/\/gursk.ro\/shop\/wp-json\/wp\/v2\/comments?post=6495"}],"wp:featuredmedia":[{"embeddable":true,"href":"https:\/\/gursk.ro\/shop\/wp-json\/wp\/v2\/media\/11833"}],"wp:attachment":[{"href":"https:\/\/gursk.ro\/shop\/wp-json\/wp\/v2\/media?parent=6495"}],"wp:term":[{"taxonomy":"product_brand","embeddable":true,"href":"https:\/\/gursk.ro\/shop\/wp-json\/wp\/v2\/product_brand?post=6495"},{"taxonomy":"product_cat","embeddable":true,"href":"https:\/\/gursk.ro\/shop\/wp-json\/wp\/v2\/product_cat?post=6495"},{"taxonomy":"product_tag","embeddable":true,"href":"https:\/\/gursk.ro\/shop\/wp-json\/wp\/v2\/product_tag?post=6495"},{"taxonomy":"product_partner","embeddable":true,"href":"https:\/\/gursk.ro\/shop\/wp-json\/wp\/v2\/product_partner?post=6495"}],"curies":[{"name":"wp","href":"https:\/\/api.w.org\/{rel}","templated":true}]}}