{"id":6421,"date":"2025-09-18T18:42:02","date_gmt":"2025-09-18T15:42:02","guid":{"rendered":"https:\/\/gursk.ro\/shop\/?post_type=product&#038;p=6421"},"modified":"2026-05-04T10:26:44","modified_gmt":"2026-05-04T07:26:44","slug":"bonturi-de-vindecare-ha-sp55-pm","status":"publish","type":"product","link":"https:\/\/gursk.ro\/shop\/produs\/bonturi-de-vindecare-ha-sp55-pm\/","title":{"rendered":"Bonturi de vindecare HA-SP55-PM pentru implanturi SP1 (\u00d8 5.5 mm)"},"content":{"rendered":"<p><!--StartFragment --><\/p>\n<p class=\"pf0\"><strong><span class=\"cf0\">Bonturi<\/span><span class=\"cf0\">\u00a0de <\/span><span class=\"cf0\">vindecare<\/span><span class=\"cf0\"> HA-SP55-PM sunt <\/span><span class=\"cf0\">componente<\/span> <span class=\"cf0\">chirurgicale<\/span> <span class=\"cf0\">utilizate<\/span> <span class=\"cf0\">\u00een<\/span> <span class=\"cf0\">etapa<\/span><span class=\"cf0\"> de <\/span><span class=\"cf0\">vindecare<\/span><span class=\"cf0\"> a <\/span><span class=\"cf0\">implanturilor<\/span><\/strong><span class=\"cf0\"><strong> SP1<\/strong> cu <\/span><span class=\"cf0\">platform<\/span><span class=\"cf1\">\u0103<\/span> <span class=\"cf1\">larg\u0103<\/span> <span class=\"cf0\">\u00d8 5.5 mm, <\/span><span class=\"cf0\">fiind<\/span> <span class=\"cf0\">montate<\/span> <span class=\"cf0\">dup<\/span><span class=\"cf1\">\u0103<\/span> <span class=\"cf1\">osteointegrarea<\/span> <span class=\"cf1\">ini\u021bial\u0103<\/span> <span class=\"cf1\">sau<\/span><span class=\"cf1\"> direct la <\/span><span class=\"cf1\">inserarea<\/span> <span class=\"cf1\">implantului<\/span> <span class=\"cf0\">\u00een<\/span> <span class=\"cf0\">cadrul<\/span> <span class=\"cf0\">protocoalelor<\/span> <span class=\"cf0\">\u00een<\/span> <span class=\"cf0\">dou<\/span><span class=\"cf1\">\u0103<\/span> <span class=\"cf1\">etape<\/span><span class=\"cf1\">.<\/span><\/p>\n<p class=\"pf0\"><span class=\"cf1\">Prin<\/span> <span class=\"cf1\">designul<\/span><span class=\"cf1\"> lor <\/span><span class=\"cf1\">optimizat<\/span><span class=\"cf1\">, <\/span><span class=\"cf1\">bonturile<\/span><span class=\"cf1\"> HA-SP55-PM:<\/span><\/p>\n<ul>\n<li><span class=\"cf0\">modeleaz<\/span><span class=\"cf1\">\u0103<\/span> <span class=\"cf1\">\u021besutul<\/span> <span class=\"cf1\">moale<\/span> <span class=\"cf1\">periimplantar<\/span><span class=\"cf1\">, <\/span><span class=\"cf1\">form<\/span><span class=\"cf0\">\u00e2nd<\/span><span class=\"cf0\"> un <\/span><span class=\"cf0\">contur<\/span><span class=\"cf0\"> gingival <\/span><span class=\"cf0\">stabil<\/span> <span class=\"cf1\">\u0219i<\/span> <span class=\"cf1\">predictibil<\/span><span class=\"cf1\">;<\/span><\/li>\n<li><span class=\"cf0\">protejeaz<\/span><span class=\"cf1\">\u0103<\/span> <span class=\"cf1\">platforma<\/span> <span class=\"cf1\">implantului<\/span> <span class=\"cf0\">\u00eempotriva<\/span> <span class=\"cf0\">contamin<\/span><span class=\"cf1\">\u0103rii<\/span><span class=\"cf1\"> cu <\/span><span class=\"cf1\">bacterii<\/span> <span class=\"cf1\">\u0219i<\/span><span class=\"cf1\"> detritus;<\/span><\/li>\n<li><span class=\"cf0\">asigur<\/span><span class=\"cf1\">\u0103<\/span> <span class=\"cf1\">acces<\/span> <span class=\"cf1\">protetic<\/span> <span class=\"cf1\">facil<\/span><span class=\"cf1\">, <\/span><span class=\"cf1\">printr<\/span><span class=\"cf1\">-o <\/span><span class=\"cf1\">emergen\u021b\u0103<\/span> <span class=\"cf1\">gingival\u0103<\/span> <span class=\"cf1\">clar<\/span> <span class=\"cf1\">definit\u0103<\/span><span class=\"cf1\">;<\/span><\/li>\n<li><span class=\"cf0\">men<\/span><span class=\"cf1\">\u021bin<\/span> <span class=\"cf1\">integritatea<\/span> <span class=\"cf1\">conexiunii<\/span><span class=\"cf1\"> interne a <\/span><span class=\"cf1\">implantului<\/span> <span class=\"cf1\">pe<\/span> <span class=\"cf1\">toat\u0103<\/span> <span class=\"cf1\">durata<\/span> <span class=\"cf1\">vindec\u0103rii<\/span><span class=\"cf1\">.<\/span><\/li>\n<\/ul>\n<p class=\"pf0\"><span class=\"cf1\">Baza<\/span> <span class=\"cf1\">bontului<\/span> <span class=\"cf1\">este<\/span> <span class=\"cf1\">proiectat\u0103<\/span> <span class=\"cf1\">pentru<\/span> <span class=\"cf1\">adaptare<\/span> <span class=\"cf1\">perfect\u0103<\/span> <span class=\"cf1\">pe<\/span> <span class=\"cf1\">platforma<\/span><span class=\"cf1\"> SP1 <\/span><span class=\"cf0\">\u00d8 5.5 mm, <\/span><span class=\"cf0\">oferind<\/span> <span class=\"cf0\">stabilitate<\/span> <span class=\"cf0\">mecanic<\/span><span class=\"cf1\">\u0103<\/span> <span class=\"cf1\">\u0219i<\/span> <span class=\"cf1\">prevenind<\/span><span class=\"cf1\"> micro-<\/span><span class=\"cf1\">mi\u0219c\u0103rile<\/span> <span class=\"cf1\">ce<\/span><span class=\"cf1\"> pot <\/span><span class=\"cf1\">afecta<\/span> <span class=\"cf1\">osteointegrarea<\/span><span class=\"cf1\">. De <\/span><span class=\"cf1\">asemenea<\/span><span class=\"cf1\">, <\/span><span class=\"cf1\">suprafa\u021ba<\/span> <span class=\"cf1\">neted\u0103<\/span><span class=\"cf1\"> din<strong> titan medical<\/strong> reduce <\/span><span class=\"cf1\">reten\u021bia<\/span> <span class=\"cf1\">pl\u0103cii<\/span> <span class=\"cf1\">bacteriene<\/span> <span class=\"cf1\">\u0219i<\/span> <span class=\"cf1\">contribuie<\/span><span class=\"cf1\"> la <\/span><span class=\"cf1\">men\u021binerea<\/span> <span class=\"cf1\">s\u0103n\u0103t\u0103\u021bii<\/span> <span class=\"cf1\">\u021besuturilor<\/span> <span class=\"cf1\">moi<\/span><span class=\"cf1\">. <\/span><span class=\"cf1\">Gama de bonturi include <\/span><strong><span class=\"cf0\">\u00een<\/span><span class=\"cf1\">\u0103l\u021bimi<\/span><\/strong><span class=\"cf1\"><strong> multiple (2.5 mm | 3.5 mm | 4.5 mm | 5.5 mm)<\/strong>, <\/span><span class=\"cf1\">astfel<\/span> <span class=\"cf0\">\u00eenc\u00e2t<\/span> <span class=\"cf0\">medicul<\/span> <span class=\"cf0\">poate<\/span><span class=\"cf0\"> selecta <\/span><span class=\"cf0\">configura<\/span><span class=\"cf1\">\u021bia<\/span> <span class=\"cf1\">optim\u0103<\/span> <span class=\"cf0\">\u00een<\/span> <span class=\"cf0\">func<\/span><span class=\"cf1\">\u021bie<\/span><span class=\"cf1\"> de <\/span><span class=\"cf1\">grosimea<\/span> <span class=\"cf1\">\u021besutului<\/span> <span class=\"cf1\">moale<\/span> <span class=\"cf1\">\u0219i<\/span><span class=\"cf1\"> de <\/span><span class=\"cf1\">nivelul<\/span> <span class=\"cf1\">restaur\u0103rii<\/span> <span class=\"cf1\">planificate<\/span><span class=\"cf1\">.<\/span><\/p>\n<p>&nbsp;<\/p>\n<p><!--StartFragment --><\/p>\n<h3 class=\"pf0\"><strong><span class=\"cf0\">Specifica<\/span><span class=\"cf0\">\u021bii cheie pentru Bonturi de vindecare HA-SP55-PM pentru implanturi SP1 (\u00d8 5.5 mm):<\/span><\/strong><\/h3>\n<ul>\n<li class=\"pf0\"><span class=\"cf0\">Design adaptat platformei SP1 largi<\/span><\/li>\n<li class=\"pf0\"><span class=\"cf0\">Emergen\u021b\u0103 gingival\u0103 optimizat\u0103 pentru <\/span><span class=\"cf0\">protetica<\/span> <span class=\"cf0\">final\u0103<\/span><\/li>\n<li class=\"pf0\"><span class=\"cf0\">Stabilitate<\/span> <span class=\"cf0\">antirotativ\u0103<\/span> <span class=\"cf0\">\u0219i<\/span> <span class=\"cf0\">protec\u021bia<\/span> <span class=\"cf0\">conexiunii<\/span> <span class=\"cf0\">implantului<\/span><\/li>\n<li class=\"pf0\"><span class=\"cf0\">Compatibil<\/span><span class=\"cf0\"> cu <\/span><span class=\"cf0\">toate<\/span> <span class=\"cf0\">restaur\u0103rile<\/span><span class=\"cf0\"> definitive SP1<\/span><\/li>\n<\/ul>\n<h3 class=\"pf0\"><span class=\"cf2\">Beneficii<\/span> <span class=\"cf2\">pentru<\/span> <span class=\"cf2\">medici:<\/span><\/h3>\n<ul>\n<li class=\"pf0\"><span class=\"cf2\">Formarea<\/span> <span class=\"cf2\">unui<\/span> <span class=\"cf2\">contur<\/span><span class=\"cf2\"> gingival <\/span><span class=\"cf2\">predictibil<\/span><\/li>\n<li class=\"pf0\"><span class=\"cf2\">Sele<\/span><span class=\"cf3\">\u021bie<\/span> <span class=\"cf3\">u\u0219oar\u0103<\/span><span class=\"cf3\"> a <\/span><span class=\"cf2\">\u00een<\/span><span class=\"cf3\">\u0103l\u021bimii<\/span> <span class=\"cf3\">adecvate<\/span><\/li>\n<li class=\"pf0\"><span class=\"cf3\">Protejarea<\/span> <span class=\"cf3\">platformei<\/span> <span class=\"cf3\">\u0219i<\/span><span class=\"cf3\"> a <\/span><span class=\"cf3\">filetelor<\/span><span class=\"cf3\"> interne<\/span><\/li>\n<li class=\"pf0\"><span class=\"cf3\">Integrare<\/span> <span class=\"cf3\">perfect\u0103<\/span> <span class=\"cf2\">\u00een<\/span> <span class=\"cf2\">fluxul<\/span> <span class=\"cf2\">protetic<\/span><span class=\"cf2\"> SP1<\/span><\/li>\n<\/ul>\n<h3 class=\"pf0\"><strong><span class=\"cf2\">Beneficii<\/span> <span class=\"cf2\">pentru<\/span> <span class=\"cf2\">pacien<\/span><span class=\"cf3\">\u021bi:<\/span><\/strong><\/h3>\n<ul>\n<li class=\"pf0\"><span class=\"cf3\">Vindecare<\/span> <span class=\"cf3\">confortabil\u0103<\/span> <span class=\"cf3\">\u0219i<\/span> <span class=\"cf3\">stabil\u0103<\/span><\/li>\n<li class=\"pf0\"><span class=\"cf3\">Profil<\/span><span class=\"cf3\"> gingival <\/span><span class=\"cf3\">armonios<\/span> <span class=\"cf3\">pentru<\/span> <span class=\"cf3\">restaurarea<\/span> <span class=\"cf3\">final\u0103<\/span><\/li>\n<li class=\"pf0\"><span class=\"cf3\">Risc<\/span> <span class=\"cf3\">redus<\/span><span class=\"cf3\"> de <\/span><span class=\"cf3\">inflama\u021bie<\/span> <span class=\"cf3\">periimplantar\u0103<\/span><\/li>\n<li class=\"pf0\"><span class=\"cf3\">Estetic\u0103<\/span> <span class=\"cf3\">\u0219i<\/span> <span class=\"cf3\">func\u021bionalitate<\/span> <span class=\"cf2\">\u00eembun<\/span><span class=\"cf3\">\u0103t\u0103\u021bite<\/span><\/li>\n<\/ul>\n<p><!--EndFragment --><\/p>\n<p>&nbsp;<\/p>\n<p><!--EndFragment --><\/p>\n<p><!--EndFragment --><\/p>\n<p><!--EndFragment --><\/p>\n","protected":false},"excerpt":{"rendered":"<p><!--StartFragment --><\/p>\n<p class=\"pf0\"><span class=\"cf0\">HA-SP55-PM <\/span><span class=\"cf0\">este<\/span> <span class=\"cf0\">gama<\/span><span class=\"cf0\"> de <\/span><span class=\"cf0\">bonturi<\/span><span class=\"cf0\"> de <\/span><span class=\"cf0\">vindecare<\/span> <span class=\"cf0\">pentru<\/span> <span class=\"cf0\">implanturile<\/span><span class=\"cf0\"> Southern Implants Single Platform 1 (SP1) cu <\/span><span class=\"cf0\">platform<\/span><span class=\"cf1\">\u0103<\/span> <span class=\"cf1\">larg\u0103<\/span> <span class=\"cf0\">\u00d8 5.5 mm, <\/span><span class=\"cf0\">concepute<\/span> <span class=\"cf0\">pentru<\/span><span class=\"cf0\"> a <\/span><span class=\"cf0\">modela<\/span> <span class=\"cf1\">\u021besutul<\/span> <span class=\"cf1\">moale<\/span><span class=\"cf1\">, a <\/span><span class=\"cf1\">proteja<\/span> <span class=\"cf1\">conexiunea<\/span> <span class=\"cf1\">implantului<\/span> <span class=\"cf1\">\u0219i<\/span><span class=\"cf1\"> a <\/span><span class=\"cf1\">crea<\/span><span class=\"cf1\"> un <\/span><span class=\"cf1\">profil<\/span><span class=\"cf1\"> gingival <\/span><span class=\"cf1\">optim<\/span> <span class=\"cf0\">\u00eenaintea<\/span> <span class=\"cf0\">restaur<\/span><span class=\"cf1\">\u0103rii<\/span> <span class=\"cf1\">protetice<\/span><span class=\"cf1\">. <\/span><span class=\"cf1\">Disponibile<\/span> <span class=\"cf0\">\u00een<\/span> <span class=\"cf0\">mai<\/span> <span class=\"cf0\">multe<\/span> <span class=\"cf0\">\u00een<\/span><span class=\"cf1\">\u0103l\u021bimi (<span class=\"cf2\">2.5 mm | 3.5 mm | 4.5 mm | 5.5 mm)<\/span><\/span><span class=\"cf1\">, <\/span><span class=\"cf1\">aceste<\/span> <span class=\"cf1\">bonturi<\/span><span class=\"cf1\"> permit <\/span><span class=\"cf1\">adaptarea<\/span> <span class=\"cf1\">precis\u0103<\/span><span class=\"cf1\"> la <\/span><span class=\"cf1\">biotipul<\/span><span class=\"cf1\"> gingival al <\/span><span class=\"cf1\">fiec\u0103rui<\/span> <span class=\"cf1\">pacient<\/span><span class=\"cf1\">.<\/span><\/p>\n<p><!--EndFragment --><\/p>\n","protected":false},"featured_media":8886,"comment_status":"closed","ping_status":"closed","template":"","meta":{"_kad_blocks_custom_css":"","_kad_blocks_head_custom_js":"","_kad_blocks_body_custom_js":"","_kad_blocks_footer_custom_js":"","_kadence_starter_templates_imported_post":false,"_kad_post_transparent":"default","_kad_post_title":"","_kad_post_layout":"default","_kad_post_sidebar_id":"","_kad_post_content_style":"default","_kad_post_vertical_padding":"default","_kad_post_feature":"","_kad_post_feature_position":"","_kad_post_header":false,"_kad_post_footer":false,"_kad_post_classname":""},"product_brand":[482],"product_cat":[136,35],"product_tag":[470],"product_partner":[],"class_list":{"0":"post-6421","1":"product","2":"type-product","3":"status-publish","4":"has-post-thumbnail","6":"product_brand-southern-implants","7":"product_cat-bonturi-de-vindecare","8":"product_cat-protetica-dentara","9":"product_tag-preorder","11":"first","12":"instock","13":"taxable","14":"shipping-taxable","15":"purchasable","16":"product-type-simple","17":"entry","18":"content-bg","19":"loop-entry"},"taxonomy_info":{"product_brand":[{"value":482,"label":"Southern Implants"}],"product_cat":[{"value":136,"label":"Bonturi de vindecare"},{"value":35,"label":"Protetic\u0103 dentar\u0103"}],"product_tag":[{"value":470,"label":"#preorder"}]},"featured_image_src_large":["https:\/\/gursk.ro\/shop\/wp-content\/uploads\/2025\/09\/Bonturi-de-vindecare-HA-SP55-PM2.5.png",720,720,false],"author_info":[],"comment_info":0,"_links":{"self":[{"href":"https:\/\/gursk.ro\/shop\/wp-json\/wp\/v2\/product\/6421","targetHints":{"allow":["GET"]}}],"collection":[{"href":"https:\/\/gursk.ro\/shop\/wp-json\/wp\/v2\/product"}],"about":[{"href":"https:\/\/gursk.ro\/shop\/wp-json\/wp\/v2\/types\/product"}],"replies":[{"embeddable":true,"href":"https:\/\/gursk.ro\/shop\/wp-json\/wp\/v2\/comments?post=6421"}],"version-history":[{"count":1,"href":"https:\/\/gursk.ro\/shop\/wp-json\/wp\/v2\/product\/6421\/revisions"}],"predecessor-version":[{"id":8883,"href":"https:\/\/gursk.ro\/shop\/wp-json\/wp\/v2\/product\/6421\/revisions\/8883"}],"wp:featuredmedia":[{"embeddable":true,"href":"https:\/\/gursk.ro\/shop\/wp-json\/wp\/v2\/media\/8886"}],"wp:attachment":[{"href":"https:\/\/gursk.ro\/shop\/wp-json\/wp\/v2\/media?parent=6421"}],"wp:term":[{"taxonomy":"product_brand","embeddable":true,"href":"https:\/\/gursk.ro\/shop\/wp-json\/wp\/v2\/product_brand?post=6421"},{"taxonomy":"product_cat","embeddable":true,"href":"https:\/\/gursk.ro\/shop\/wp-json\/wp\/v2\/product_cat?post=6421"},{"taxonomy":"product_tag","embeddable":true,"href":"https:\/\/gursk.ro\/shop\/wp-json\/wp\/v2\/product_tag?post=6421"},{"taxonomy":"product_partner","embeddable":true,"href":"https:\/\/gursk.ro\/shop\/wp-json\/wp\/v2\/product_partner?post=6421"}],"curies":[{"name":"wp","href":"https:\/\/api.w.org\/{rel}","templated":true}]}}