{"id":639,"date":"2025-09-18T17:26:46","date_gmt":"2025-09-18T14:26:46","guid":{"rendered":"https:\/\/gursk.ro\/shop\/?post_type=product&#038;p=639"},"modified":"2026-05-04T10:25:28","modified_gmt":"2026-05-04T07:25:28","slug":"bt4013-fir-sutura-biotex-neresorbabil-ptfe-4-0-13mm-ac-ultrafine-3-8-45cm","status":"publish","type":"product","link":"https:\/\/gursk.ro\/shop\/produs\/bt4013-fir-sutura-biotex-neresorbabil-ptfe-4-0-13mm-ac-ultrafine-3-8-45cm\/","title":{"rendered":"Fir sutura neresorbabil PTFE Biotex\u00ae 45 cm &#8211; USP 4-0 &#8211; Ac UltraFine 13 mm, curbura 3\/8"},"content":{"rendered":"<p class=\"pf0\"><span class=\"cf0\">Conceput special pentru chirurgia oral<\/span><span class=\"cf0\">\u0103 \u0219i implantologie, fir sutur\u0103 neresorbabil PTFE Biotex\u00ae<\/span><span class=\"cf1\">\u00a0<\/span><span class=\"cf1\">combin<\/span><span class=\"cf2\">\u0103<\/span> <span class=\"cf2\">precizia<\/span> <span class=\"cf2\">tehnologic\u0103<\/span><span class=\"cf2\"> cu o <\/span><span class=\"cf2\">biocompatibilitate<\/span> <span class=\"cf2\">excep\u021bional\u0103<\/span><span class=\"cf2\">. <\/span><span class=\"cf2\">Structura<\/span> <span class=\"cf2\">sa<\/span> <span class=\"cf2\">monofilamentar\u0103<\/span><span class=\"cf2\"> din 100% PTFE (<\/span><span class=\"cf2\">politetrafluoretilen\u0103<\/span><span class=\"cf2\">) <\/span><span class=\"cf2\">previne<\/span> <span class=\"cf2\">absorb\u021bia<\/span> <span class=\"cf2\">fluidelor<\/span> <span class=\"cf2\">\u0219i<\/span> <span class=\"cf2\">migrarea<\/span> <span class=\"cf2\">bacteriilor<\/span><span class=\"cf2\">, <\/span><span class=\"cf2\">oferind<\/span><span class=\"cf2\"> o <\/span><span class=\"cf2\">barier\u0103<\/span> <span class=\"cf2\">eficient\u0103<\/span> <span class=\"cf1\">\u00eempotriva<\/span> <span class=\"cf1\">contamin<\/span><span class=\"cf2\">\u0103rii<\/span> <span class=\"cf2\">pl\u0103gii<\/span><span class=\"cf2\">. <\/span><span class=\"cf2\">Acul<\/span><span class=\"cf2\"> chirurgical <\/span><span class=\"cf2\">UltraFine<\/span><span class=\"cf2\"> din <\/span><span class=\"cf2\">o\u021bel<\/span> <span class=\"cf2\">inoxidabil<\/span><span class=\"cf2\">, cu <\/span><span class=\"cf2\">curbur\u0103<\/span><span class=\"cf2\"> de 3\/8 <\/span><span class=\"cf2\">\u0219i<\/span> <span class=\"cf2\">lungime<\/span><span class=\"cf2\"> de 13 mm, <\/span><span class=\"cf2\">permite<\/span><span class=\"cf2\"> o <\/span><span class=\"cf2\">penetrare<\/span> <span class=\"cf2\">u\u0219oar\u0103<\/span> <span class=\"cf2\">\u0219i<\/span> <span class=\"cf2\">controlat\u0103<\/span><span class=\"cf2\">, <\/span><span class=\"cf2\">reduc<\/span><span class=\"cf1\">\u00e2nd<\/span><span class=\"cf1\"> trauma <\/span><span class=\"cf1\">asupra<\/span> <span class=\"cf2\">\u021besuturilor<\/span> <span class=\"cf2\">moi<\/span><span class=\"cf2\">. Cu un calibru USP 4-0 (optim pentru suturi delicate \u0219i precise) \u0219i o lungime total\u0103 de 45 cm (lungime ideal\u0103 pentru majoritatea procedurilor orale \u0219i parodontale), <a href=\"https:\/\/purgo-europe.com\/biotex\/\" target=\"_blank\" rel=\"noopener\">Biotex<\/a><span class=\"cf1\">\u00ae <\/span><span class=\"cf1\">ofer<\/span>\u0103 combina\u021bia ideal\u0103 <span class=\"cf1\">\u00eentre<\/span> <span class=\"cf1\">fine<\/span>\u021be, rezisten\u021b\u0103 \u0219i confort operator. <\/span><span class=\"cf2\">Produsul<\/span> <span class=\"cf2\">este<\/span> <span class=\"cf2\">steril<\/span><span class=\"cf2\">, <\/span><span class=\"cf2\">necolorat<\/span> <span class=\"cf2\">\u0219i<\/span> <span class=\"cf2\">ambalat<\/span><span class=\"cf2\"> individual <\/span><span class=\"cf2\">pentru<\/span> <span class=\"cf2\">siguran\u021b\u0103<\/span> <span class=\"cf2\">maxim\u0103<\/span><span class=\"cf2\">, <\/span><span class=\"cf2\">fiind<\/span> <span class=\"cf2\">destinat<\/span> <span class=\"cf2\">unei<\/span> <span class=\"cf2\">singure<\/span> <span class=\"cf2\">utiliz\u0103ri<\/span><span class=\"cf2\">.<\/span><\/p>\n<p>&nbsp;<\/p>\n<p><!--EndFragment --><\/p>\n<div class=\"entry-content-asset videofit\"><iframe title=\"Biotex\u00ae: Non-Absorbable PTFE Suture\" width=\"720\" height=\"405\" src=\"https:\/\/www.youtube.com\/embed\/o51_QrLIwXk?feature=oembed\" frameborder=\"0\" allow=\"accelerometer; autoplay; clipboard-write; encrypted-media; gyroscope; picture-in-picture; web-share\" referrerpolicy=\"strict-origin-when-cross-origin\" allowfullscreen><\/iframe><\/div>\n<p><!--StartFragment --><\/p>\n<h3><\/h3>\n<h3 class=\"pf0\"><strong><span class=\"cf0\">Aplica<\/span><span class=\"cf0\">\u021bii clinice:<\/span><\/strong><\/h3>\n<ul>\n<li class=\"pf0\"><span class=\"cf0\">Chirurgie de implant dentar<\/span><\/li>\n<li class=\"pf0\"><span class=\"cf0\">Grefare osoas\u0103 \u0219i augmentare de <\/span><span class=\"cf0\">creast\u0103<\/span> <span class=\"cf0\">alveolar\u0103<\/span><\/li>\n<li class=\"pf0\"><span class=\"cf0\">Chirurgie<\/span> <span class=\"cf0\">parodontal\u0103<\/span> <span class=\"cf0\">\u0219i<\/span> <span class=\"cf0\">regenerare<\/span> <span class=\"cf0\">tisular\u0103<\/span> <span class=\"cf0\">ghidat\u0103<\/span><span class=\"cf0\"> (GTR)<\/span><\/li>\n<li class=\"pf0\"><span class=\"cf0\">Grefe<\/span><span class=\"cf0\"> de <\/span><span class=\"cf0\">\u021besut<\/span> <span class=\"cf0\">moale<\/span><\/li>\n<li class=\"pf0\"><span class=\"cf0\">Proceduri<\/span><span class=\"cf0\"> post-<\/span><span class=\"cf0\">extrac\u021bionale<\/span><span class=\"cf0\"> care <\/span><span class=\"cf0\">necesit\u0103<\/span> <span class=\"cf0\">stabilitate<\/span> <span class=\"cf0\">tisular\u0103<\/span><span class=\"cf0\"> prelungit\u0103<\/span><\/li>\n<\/ul>\n<p><!--EndFragment --><\/p>\n<h3><strong>Avantaje cheie pentru fir sutura neresorbabil PTFE Biotex\u00ae:<\/strong><\/h3>\n<p><!--StartFragment --><\/p>\n<ul>\n<li class=\"pf0\"><span class=\"cf0\">Material de ultim<\/span><span class=\"cf0\">\u0103 genera\u021bie: PTFE pur, superior firelor tradi\u021bionale (nylon, <\/span><span class=\"cf0\">ePTFE<\/span> <span class=\"cf0\">sau<\/span> <span class=\"cf0\">m\u0103tase<\/span><span class=\"cf0\">) <\/span><span class=\"cf0\">prin<\/span> <span class=\"cf0\">rezisten\u021b\u0103<\/span> <span class=\"cf0\">\u0219i<\/span> <span class=\"cf0\">compatibilitate<\/span> <span class=\"cf0\">tisular\u0103<\/span><span class=\"cf0\">.<\/span><\/li>\n<li class=\"pf0\"><span class=\"cf0\">Tehnologie<\/span> <span class=\"cf0\">avansat\u0103<\/span><span class=\"cf0\"> de <\/span><span class=\"cf0\">ata\u0219are<\/span><span class=\"cf0\"> ac-fir: reduce <\/span><span class=\"cf0\">riscul<\/span><span class=\"cf0\"> de <\/span><span class=\"cf0\">s<\/span><span class=\"cf1\">\u00e2ngerare<\/span> <span class=\"cf2\">\u0219i<\/span> <span class=\"cf1\">\u00eembun<\/span><span class=\"cf2\">\u0103t\u0103\u021be\u0219te<\/span> <span class=\"cf2\">precizia<\/span><span class=\"cf2\"> la <\/span><span class=\"cf2\">inser\u021bie<\/span><span class=\"cf2\">.<\/span><\/li>\n<li class=\"pf0\"><span class=\"cf2\">Rigiditate<\/span> <span class=\"cf2\">controlat\u0103<\/span><span class=\"cf2\"> a <\/span><span class=\"cf2\">acului<\/span><span class=\"cf2\">: <\/span><span class=\"cf2\">necesit\u0103<\/span><span class=\"cf2\"> cu 33% <\/span><span class=\"cf2\">mai<\/span> <span class=\"cf2\">mult\u0103<\/span> <span class=\"cf2\">for\u021b\u0103<\/span> <span class=\"cf2\">pentru<\/span><span class=\"cf2\"> a fi <\/span><span class=\"cf1\">\u00eendoit<\/span> <span class=\"cf1\">comparativ<\/span><span class=\"cf1\"> cu <\/span><span class=\"cf1\">alte<\/span> <span class=\"cf1\">produse<\/span> <span class=\"cf3\">\u2013 <\/span><span class=\"cf3\">asigur<\/span><span class=\"cf1\">\u00e2nd<\/span> <span class=\"cf1\">stabilitate<\/span> <span class=\"cf1\">perfect<\/span><span class=\"cf2\">\u0103<\/span> <span class=\"cf1\">\u00een<\/span> <span class=\"cf1\">manevrare<\/span><span class=\"cf1\">.<\/span><\/li>\n<li class=\"pf0\"><span class=\"cf1\">Suprafa<\/span><span class=\"cf2\">\u021b\u0103<\/span> <span class=\"cf2\">neporoas\u0103<\/span><span class=\"cf2\">, <\/span><span class=\"cf2\">antibacterian\u0103<\/span><span class=\"cf2\">: <\/span><span class=\"cf2\">elimin\u0103<\/span> <span class=\"cf2\">riscul<\/span><span class=\"cf2\"> de <\/span><span class=\"cf2\">contaminare<\/span> <span class=\"cf2\">capilar\u0103<\/span> <span class=\"cf2\">\u0219i<\/span> <span class=\"cf2\">faciliteaz\u0103<\/span><span class=\"cf2\"> o <\/span><span class=\"cf2\">vindecare<\/span> <span class=\"cf2\">curat\u0103<\/span><span class=\"cf2\">.<\/span><\/li>\n<li class=\"pf0\"><span class=\"cf2\">Design ergonomic al <\/span><span class=\"cf2\">acului<\/span><span class=\"cf2\">: <\/span><span class=\"cf2\">v<\/span><span class=\"cf1\">\u00e2rf<\/span> <span class=\"cf1\">triunghiular<\/span> <span class=\"cf1\">sub<\/span><span class=\"cf2\">\u021bire<\/span><span class=\"cf2\"> cu <\/span><span class=\"cf2\">t\u0103i\u0219<\/span> <span class=\"cf2\">inversat<\/span><span class=\"cf2\">, <\/span><span class=\"cf2\">optimizat<\/span> <span class=\"cf2\">pentru<\/span> <span class=\"cf2\">\u021besuturile<\/span> <span class=\"cf2\">moi<\/span><span class=\"cf2\"> din <\/span><span class=\"cf2\">cavitatea<\/span> <span class=\"cf2\">oral\u0103<\/span><span class=\"cf2\">.<\/span><\/li>\n<li class=\"pf0\"><span class=\"cf2\">F\u0103r\u0103<\/span> <span class=\"cf2\">reac\u021bii<\/span> <span class=\"cf2\">tisulare<\/span><span class=\"cf2\"> adverse: nu <\/span><span class=\"cf2\">provoac\u0103<\/span> <span class=\"cf2\">inflama\u021bie<\/span><span class=\"cf2\">, <\/span><span class=\"cf2\">irita\u021bie<\/span> <span class=\"cf2\">sau<\/span> <span class=\"cf2\">respingere<\/span> <span class=\"cf2\">local\u0103<\/span><span class=\"cf2\">.<\/span><\/li>\n<li class=\"pf0\"><span class=\"cf2\">Produs<\/span> <span class=\"cf2\">Purgo<\/span><span class=\"cf2\"> Biologics: <\/span><span class=\"cf2\">garan\u021bie<\/span><span class=\"cf2\"> a <\/span><span class=\"cf2\">calit\u0103\u021bii<\/span> <span class=\"cf2\">\u0219i<\/span> <span class=\"cf2\">siguran\u021bei<\/span> <span class=\"cf2\">clinice<\/span><span class=\"cf2\">, <\/span><span class=\"cf2\">sus\u021binut\u0103<\/span><span class=\"cf2\"> de <\/span><span class=\"cf2\">cercetare<\/span> <span class=\"cf2\">\u0219i<\/span> <span class=\"cf2\">testare<\/span> <span class=\"cf2\">riguroas\u0103<\/span><span class=\"cf2\">.<\/span><\/li>\n<\/ul>\n<p><!--EndFragment --><\/p>\n<p>&nbsp;<\/p>\n<p>&nbsp;<\/p>\n","protected":false},"excerpt":{"rendered":"<p>Firul de sutur\u0103 <span class=\"cf0\">Biotex<\/span><span class=\"cf1\">\u00ae PTFE <\/span><span class=\"cf1\">neresorbabil<\/span><span class=\"cf1\"> de la <\/span><span class=\"cf1\">Purgo<\/span>, calibru 4-0, lungime 45 cm, cu ac UltraFine de 13 mm, curbur\u0103 3\/8, ofer\u0103 chirurgilor o solu\u021bie premium pentru suturi stabile, curate \u0219i sigure <span class=\"cf1\">\u00een<\/span> <span class=\"cf1\">interven<\/span><span class=\"cf2\">\u021biile<\/span> <span class=\"cf2\">dentare<\/span> <span class=\"cf2\">\u0219i<\/span> <span class=\"cf2\">parodontale<\/span><span class=\"cf2\">. <\/span> Datorit\u0103 materialului de \u00eenalt\u0103 performan\u021b\u0103 \u2013 politetrafluoretilen\u0103 (PTFE) \u2013 acest fir asigur\u0103 o manipulare excelent\u0103, o vindecare rapid\u0103 a \u021besuturilor \u0219i un risc minim de inflama\u021bie sau infec\u021bie postoperatorie. Pre\u021bul afi\u0219at este pentru o singur\u0103 bucat\u0103.<\/p>\n<p><!--StartFragment --><\/p>\n<p>&nbsp;<\/p>\n","protected":false},"featured_media":8519,"comment_status":"closed","ping_status":"closed","template":"","meta":{"_kad_blocks_custom_css":"","_kad_blocks_head_custom_js":"","_kad_blocks_body_custom_js":"","_kad_blocks_footer_custom_js":"","_kadence_starter_templates_imported_post":false,"_kad_post_transparent":"","_kad_post_title":"","_kad_post_layout":"","_kad_post_sidebar_id":"","_kad_post_content_style":"","_kad_post_vertical_padding":"","_kad_post_feature":"","_kad_post_feature_position":"","_kad_post_header":false,"_kad_post_footer":false,"_kad_post_classname":""},"product_brand":[420],"product_cat":[50,88],"product_tag":[469,546],"product_partner":[],"class_list":{"0":"post-639","1":"product","2":"type-product","3":"status-publish","4":"has-post-thumbnail","6":"product_brand-purgo","7":"product_cat-biomateriale-si-materiale-de-sutura","8":"product_cat-fire-sutura","9":"product_tag-onlineorder","10":"product_tag-fir-de-sutura-stomatologie","12":"first","13":"instock","14":"taxable","15":"shipping-taxable","16":"purchasable","17":"product-type-simple","18":"entry","19":"content-bg","20":"loop-entry"},"taxonomy_info":{"product_brand":[{"value":420,"label":"PURGO"}],"product_cat":[{"value":50,"label":"Biomateriale \u0219i materiale de sutur\u0103"},{"value":88,"label":"Fire sutur\u0103"}],"product_tag":[{"value":469,"label":"#onlineorder"},{"value":546,"label":"fir de sutura stomatologie"}]},"featured_image_src_large":["https:\/\/gursk.ro\/shop\/wp-content\/uploads\/2020\/07\/MUSH2071-scaled-2-1024x1024.jpg",1024,1024,true],"author_info":[],"comment_info":0,"_links":{"self":[{"href":"https:\/\/gursk.ro\/shop\/wp-json\/wp\/v2\/product\/639","targetHints":{"allow":["GET"]}}],"collection":[{"href":"https:\/\/gursk.ro\/shop\/wp-json\/wp\/v2\/product"}],"about":[{"href":"https:\/\/gursk.ro\/shop\/wp-json\/wp\/v2\/types\/product"}],"replies":[{"embeddable":true,"href":"https:\/\/gursk.ro\/shop\/wp-json\/wp\/v2\/comments?post=639"}],"version-history":[{"count":0,"href":"https:\/\/gursk.ro\/shop\/wp-json\/wp\/v2\/product\/639\/revisions"}],"wp:featuredmedia":[{"embeddable":true,"href":"https:\/\/gursk.ro\/shop\/wp-json\/wp\/v2\/media\/8519"}],"wp:attachment":[{"href":"https:\/\/gursk.ro\/shop\/wp-json\/wp\/v2\/media?parent=639"}],"wp:term":[{"taxonomy":"product_brand","embeddable":true,"href":"https:\/\/gursk.ro\/shop\/wp-json\/wp\/v2\/product_brand?post=639"},{"taxonomy":"product_cat","embeddable":true,"href":"https:\/\/gursk.ro\/shop\/wp-json\/wp\/v2\/product_cat?post=639"},{"taxonomy":"product_tag","embeddable":true,"href":"https:\/\/gursk.ro\/shop\/wp-json\/wp\/v2\/product_tag?post=639"},{"taxonomy":"product_partner","embeddable":true,"href":"https:\/\/gursk.ro\/shop\/wp-json\/wp\/v2\/product_partner?post=639"}],"curies":[{"name":"wp","href":"https:\/\/api.w.org\/{rel}","templated":true}]}}