{"id":6272,"date":"2025-09-18T18:40:28","date_gmt":"2025-09-18T15:40:28","guid":{"rendered":"https:\/\/gursk.ro\/shop\/?post_type=product&#038;p=6272"},"modified":"2026-01-19T18:41:20","modified_gmt":"2026-01-19T15:41:20","slug":"bonturi-de-vindecare-wb","status":"publish","type":"product","link":"https:\/\/gursk.ro\/shop\/produs\/bonturi-de-vindecare-wb\/","title":{"rendered":"Bonturi de vindecare WB pentru implanturi zigomatice \u00d8 5,5 mm"},"content":{"rendered":"<p><!--StartFragment --><\/p>\n<p class=\"pf0\"><span class=\"cf0\">Bonturile<\/span><span class=\"cf0\">\u00a0de <\/span><span class=\"cf0\">vindecare<\/span><span class=\"cf0\"> WB (<!--StartFragment --><\/span><span class=\"cf0\">WB3, <!--StartFragment --><\/span><span class=\"cf0\">WB4, WB6, WB8) sunt<\/span>\u00a0<span class=\"cf0\">parte<\/span><span class=\"cf0\"> a <\/span><span class=\"cf0\">liniei<\/span><span class=\"cf0\"> de <\/span><span class=\"cf0\">componente<\/span> <span class=\"cf0\">protetice<\/span><span class=\"cf0\"> Southern Implants dedicate <\/span><span class=\"cf0\">implanturilor<\/span> <span class=\"cf0\">zigomatice<\/span><span class=\"cf0\">, pentru<\/span> <span class=\"cf0\"><strong>Wide Platform (\u00d8 5,5 mm)<\/strong>. <!--StartFragment --><\/span><span class=\"cf0\">Diametrul<\/span> <span class=\"cf0\">mai<\/span> <span class=\"cf0\">larg<\/span><span class=\"cf0\"> al <\/span><span class=\"cf0\">bonturilor<\/span><span class=\"cf0\"> WB\u00a0 (\u00een compara\u021bie cu TB2\/TB3 care au \u00d8 4,5 mm) <\/span><span class=\"cf0\">permit <\/span><span class=\"cf0\">modelarea<\/span> <span class=\"cf0\">corect<\/span><span class=\"cf1\">\u0103<\/span><span class=\"cf1\"> a <\/span><span class=\"cf1\">gingiei<\/span> <span class=\"cf0\">\u00een<\/span> <span class=\"cf0\">cazurile<\/span><span class=\"cf0\"> cu <\/span><span class=\"cf1\">\u021besut<\/span> <span class=\"cf1\">moale<\/span> <span class=\"cf1\">mai<\/span> <span class=\"cf1\">gros<\/span> <span class=\"cf1\">\u0219i<\/span> <span class=\"cf1\">asigur\u0103<\/span> <span class=\"cf1\">spa\u021biul<\/span> <span class=\"cf1\">necesar<\/span> <span class=\"cf1\">pentru<\/span> <span class=\"cf1\">restaur\u0103rile<\/span> <span class=\"cf1\">protetice<\/span><span class=\"cf1\"> care au <\/span><span class=\"cf1\">nevoie<\/span><span class=\"cf1\"> de o <\/span><span class=\"cf1\">zon\u0103<\/span><span class=\"cf1\"> de <\/span><span class=\"cf1\">emergen\u021b\u0103<\/span> <span class=\"cf1\">mai<\/span> <span class=\"cf1\">ampl\u0103<\/span><span class=\"cf1\">.<\/span><\/p>\n<p>&nbsp;<\/p>\n<p><!--StartFragment --><\/p>\n<p class=\"pf0\"><span class=\"cf0\">Proiectate<\/span><span class=\"cf0\"> pentru o fixare precis\u0103 pe conexiunea External Hex a implanturilor zigomatice, bonturile WB protejeaz\u0103 filetele interne ale implanturilor pe durata vindec\u0103rii \u0219i reduc riscul de contaminare bacterian\u0103 sau micro-mi\u0219c\u0103ri care pot afecta oseointegrarea<\/span><\/p>\n<p><!--EndFragment --><\/p>\n<p class=\"pf0\"><span class=\"cf0\"><!--EndFragment --><\/span><\/p>\n<p class=\"pf0\"><span class=\"cf1\">Fabricate<\/span><span class=\"cf1\"> conform <\/span><span class=\"cf1\">standardelor<\/span><span class=\"cf1\"> Southern Implants, din <strong>titan medical (Grad 4\/Grad 5)<\/strong>, <\/span><span class=\"cf1\">bonturile<\/span>\u00a0<span class=\"cf1\">prezint\u0103<\/span><span class=\"cf1\"> o <\/span><span class=\"cf1\">suprafa\u021b\u0103<\/span> <span class=\"cf1\">poli\u0219at\u0103<\/span><span class=\"cf1\">, <\/span><span class=\"cf1\">optimizat\u0103<\/span> <span class=\"cf1\">pentru<\/span> <span class=\"cf1\">contactul<\/span><span class=\"cf1\"> cu <\/span><span class=\"cf1\">\u021besuturile<\/span> <span class=\"cf1\">moi<\/span> <span class=\"cf1\">\u0219i<\/span> <span class=\"cf1\">pentru<\/span> <span class=\"cf1\">reducerea<\/span> <span class=\"cf1\">riscului<\/span><span class=\"cf1\"> de <\/span><span class=\"cf1\">inflama\u021bie<\/span> <span class=\"cf1\">periimplantar\u0103<\/span><span class=\"cf1\">. <\/span><span class=\"cf1\">Fiind<\/span><span class=\"cf1\"> dispozitive <\/span><span class=\"cf1\">critice <\/span><span class=\"cf0\">\u00een<\/span> <span class=\"cf0\">faza<\/span><span class=\"cf0\"> de <\/span><span class=\"cf0\">vindecare<\/span><span class=\"cf0\">, WB sunt <\/span><span class=\"cf0\">livrate<\/span> <span class=\"cf0\">steril<\/span><span class=\"cf0\">, <\/span><span class=\"cf0\">pentru<\/span> <span class=\"cf0\">utilizare<\/span> <span class=\"cf0\">unic<\/span><span class=\"cf1\">\u0103.\u00a0<\/span><\/p>\n<p><!--StartFragment --><\/p>\n<p>&nbsp;<\/p>\n<h3 class=\"pf0\"><strong><span class=\"cf0\">Specifica<\/span><span class=\"cf1\">\u021bii<\/span> <span class=\"cf1\">cheie pentru Bonturi de vindecare WB:<\/span><\/strong><\/h3>\n<ul>\n<li class=\"pf0\"><span class=\"cf1\">Platform\u0103<\/span><span class=\"cf1\"> Wide (<\/span><span class=\"cf0\">\u00d85,5 mm) <\/span><span class=\"cf0\">ideal<\/span><span class=\"cf1\">\u0103<\/span> <span class=\"cf1\">pentru<\/span> <span class=\"cf1\">restaur\u0103ri<\/span> <span class=\"cf1\">protetice<\/span><span class=\"cf1\"> de <\/span><span class=\"cf1\">volum<\/span> <span class=\"cf1\">mai<\/span><span class=\"cf1\"> mare.<\/span><\/li>\n<li class=\"pf0\"><span class=\"cf1\">Stabilitate<\/span> <span class=\"cf1\">crescut\u0103<\/span> <span class=\"cf1\">pe<\/span> <span class=\"cf1\">conexiunea<\/span><span class=\"cf1\"> External Hex, <\/span><span class=\"cf1\">previne<\/span>\u00a0<span class=\"cf1\">sl\u0103birea<\/span> <span class=\"cf1\">sau<\/span> <span class=\"cf1\">rota\u021bia<\/span><span class=\"cf1\">.<\/span><\/li>\n<li class=\"pf0\"><span class=\"cf1\">Design <\/span><span class=\"cf1\">optimizat<\/span> <span class=\"cf1\">pentru<\/span> <span class=\"cf1\">ghidarea<\/span> <span class=\"cf1\">profilului<\/span><span class=\"cf1\"> de <\/span><span class=\"cf1\">erup\u021bie<\/span> <span class=\"cf0\">\u00een<\/span> <span class=\"cf0\">reabilit<\/span><span class=\"cf1\">\u0103rile<\/span> <span class=\"cf1\">zigomatice<\/span><span class=\"cf1\">.<\/span><\/li>\n<li class=\"pf0\"><span class=\"cf1\">Compatibilitate<\/span> <span class=\"cf1\">complet\u0103<\/span><span class=\"cf1\"> cu <\/span><span class=\"cf0\">\u00eentregul<\/span> <span class=\"cf0\">ecosistem<\/span><span class=\"cf0\"> zigomatic Southern Implants.<\/span><\/li>\n<\/ul>\n<p><!--StartFragment --><\/p>\n<h3 class=\"pf0\"><strong><span class=\"cf0\">Beneficii<\/span> <span class=\"cf0\">pentru<\/span> <span class=\"cf0\">medici:<\/span><\/strong><\/h3>\n<ul>\n<li class=\"pf0\"><span class=\"cf0\">Permite<\/span> <span class=\"cf0\">modelarea<\/span> <span class=\"cf0\">predictibil<\/span><span class=\"cf1\">\u0103<\/span><span class=\"cf1\"> a <\/span><span class=\"cf1\">\u021besuturilor<\/span> <span class=\"cf1\">moi<\/span> <span class=\"cf0\">\u00een<\/span> <span class=\"cf0\">jurul<\/span> <span class=\"cf0\">implanturilor<\/span> <span class=\"cf0\">zigomatice<\/span> <span class=\"cf0\">largi<\/span><span class=\"cf0\">.<\/span><\/li>\n<li class=\"pf0\"><span class=\"cf0\">Protejeaz<\/span><span class=\"cf1\">\u0103<\/span> <span class=\"cf1\">integritatea<\/span> <span class=\"cf1\">mecanic\u0103<\/span><span class=\"cf1\"> a <\/span><span class=\"cf1\">implantului<\/span> <span class=\"cf0\">\u00een<\/span> <span class=\"cf0\">faza<\/span><span class=\"cf0\"> de <\/span><span class=\"cf0\">vindecare<\/span><span class=\"cf0\">.<\/span><\/li>\n<li class=\"pf0\"><span class=\"cf0\">Faciliteaz<\/span><span class=\"cf1\">\u0103<\/span> <span class=\"cf1\">protocolul<\/span> <span class=\"cf1\">protetic<\/span> <span class=\"cf1\">datorit\u0103<\/span> <span class=\"cf1\">emergen\u021bei<\/span> <span class=\"cf1\">corecte<\/span> <span class=\"cf1\">\u0219i<\/span> <span class=\"cf1\">vizibilit\u0103\u021bii<\/span><span class=\"cf1\"> optime.<\/span><\/li>\n<li class=\"pf0\"><span class=\"cf1\">Integrare<\/span> <span class=\"cf1\">total\u0103<\/span><span class=\"cf1\"> cu <\/span><span class=\"cf1\">toate<\/span> <span class=\"cf1\">componentelor<\/span> <span class=\"cf1\">zigomatice<\/span><span class=\"cf1\"> Southern Implants.<\/span><\/li>\n<\/ul>\n<h3 class=\"pf0\"><strong><span class=\"cf0\">Beneficii<\/span> <span class=\"cf0\">pentru<\/span> <span class=\"cf0\">pacien<\/span><span class=\"cf1\">\u021bi:<\/span><\/strong><\/h3>\n<ul>\n<li class=\"pf0\"><span class=\"cf1\">Vindecare<\/span> <span class=\"cf1\">stabil\u0103<\/span> <span class=\"cf1\">\u0219i<\/span> <span class=\"cf1\">confortabil\u0103<\/span><span class=\"cf1\">, <\/span><span class=\"cf1\">f\u0103r\u0103<\/span> <span class=\"cf1\">presiuni<\/span> <span class=\"cf1\">excesive<\/span> <span class=\"cf1\">asupra<\/span> <span class=\"cf1\">\u021besutului<\/span> <span class=\"cf1\">moale<\/span><span class=\"cf1\">.<\/span><\/li>\n<li class=\"pf0\"><span class=\"cf1\">Contur<\/span><span class=\"cf1\"> gingival natural <\/span><span class=\"cf1\">\u0219i<\/span> <span class=\"cf1\">corect<\/span><span class=\"cf1\">, <\/span><span class=\"cf1\">necesar<\/span> <span class=\"cf1\">pentru<\/span><span class=\"cf1\"> o <\/span><span class=\"cf1\">restaurare<\/span> <span class=\"cf1\">final\u0103<\/span> <span class=\"cf1\">func\u021bional\u0103<\/span><span class=\"cf1\">.<\/span><\/li>\n<li class=\"pf0\"><span class=\"cf1\">Reducerea<\/span> <span class=\"cf1\">riscului<\/span><span class=\"cf1\"> de <\/span><span class=\"cf1\">inflama\u021bie<\/span> <span class=\"cf1\">periimplantar\u0103<\/span><span class=\"cf1\">, <\/span><span class=\"cf1\">datorit\u0103<\/span> <span class=\"cf1\">suprafe\u021bei<\/span> <span class=\"cf1\">poli\u0219ate<\/span><span class=\"cf1\">.<\/span><\/li>\n<li class=\"pf0\"><span class=\"cf1\">Contribuie<\/span><span class=\"cf1\"> la <\/span><span class=\"cf1\">rezultate<\/span> <span class=\"cf1\">estetice<\/span> <span class=\"cf1\">\u0219i<\/span> <span class=\"cf1\">func\u021bionale<\/span> <span class=\"cf1\">predictibile<\/span> <span class=\"cf1\">pe<\/span><span class=\"cf1\"> termen lung.<\/span><\/li>\n<\/ul>\n<p><!--EndFragment --><\/p>\n<p><!--EndFragment --><\/p>\n<p><!--EndFragment --><\/p>\n","protected":false},"excerpt":{"rendered":"<p><!--StartFragment --><\/p>\n<p class=\"pf0\"><span class=\"cf0\">Bonturile de <\/span><span class=\"cf0\">vindecare<\/span><span class=\"cf0\"> WB cu <\/span><span class=\"cf0\">diametrul<\/span><span class=\"cf0\"> \u00d8 5,5 mm <\/span><span class=\"cf1\">\u0219i<\/span> <span class=\"cf0\">\u00een<\/span><span class=\"cf1\">\u0103l\u021bimi de la <span class=\"cf2\">3 mm, 4 mm, 6 mm la 8 mm sunt<\/span><\/span><span class=\"cf1\">\u00a0<\/span><span class=\"cf1\">concepute<\/span><span class=\"cf1\"> special <\/span><span class=\"cf1\">pentru<\/span> <span class=\"cf1\">implanturile<\/span> <span class=\"cf1\">zigomatice<\/span><span class=\"cf1\"> Southern Implants cu <\/span><span class=\"cf1\">platform\u0103<\/span> <span class=\"cf1\">l\u0103rgit\u0103<\/span><span class=\"cf1\">. <\/span><span class=\"cf1\">Asigur\u0103<\/span><span class=\"cf1\"> o <\/span><span class=\"cf1\">modelare<\/span> <span class=\"cf1\">gingival\u0103<\/span> <span class=\"cf1\">stabil\u0103<\/span><span class=\"cf1\">, <\/span><span class=\"cf1\">protec\u021bia<\/span> <span class=\"cf1\">conexiunii<\/span> <span class=\"cf1\">implantului<\/span> <span class=\"cf1\">\u0219i<\/span><span class=\"cf1\"> o <\/span><span class=\"cf1\">emergen\u021b\u0103<\/span> <span class=\"cf1\">corect\u0103<\/span> <span class=\"cf1\">pentru<\/span> <span class=\"cf1\">restaur\u0103ri<\/span> <span class=\"cf1\">protetice<\/span> <span class=\"cf0\">\u00een<\/span> <span class=\"cf0\">cazurile<\/span><span class=\"cf0\"> de <\/span><span class=\"cf0\">reconstruc<\/span><span class=\"cf1\">\u021bie<\/span><span class=\"cf1\"> cranio-<\/span><span class=\"cf1\">facial\u0103<\/span> <span class=\"cf1\">\u0219i<\/span> <span class=\"cf1\">atrofie<\/span> <span class=\"cf1\">sever\u0103<\/span> <span class=\"cf1\">maxilar\u0103<\/span><span class=\"cf1\">.<\/span><\/p>\n<p><!--EndFragment --><\/p>\n","protected":false},"featured_media":8565,"comment_status":"closed","ping_status":"closed","template":"","meta":{"_kad_blocks_custom_css":"","_kad_blocks_head_custom_js":"","_kad_blocks_body_custom_js":"","_kad_blocks_footer_custom_js":"","_kadence_starter_templates_imported_post":false,"_kad_post_transparent":"default","_kad_post_title":"","_kad_post_layout":"default","_kad_post_sidebar_id":"","_kad_post_content_style":"default","_kad_post_vertical_padding":"default","_kad_post_feature":"","_kad_post_feature_position":"","_kad_post_header":false,"_kad_post_footer":false,"_kad_post_classname":""},"product_brand":[482],"product_cat":[35,136],"product_tag":[470],"product_partner":[],"class_list":{"0":"post-6272","1":"product","2":"type-product","3":"status-publish","4":"has-post-thumbnail","6":"product_brand-southern-implants","7":"product_cat-protetica-dentara","8":"product_cat-bonturi-de-vindecare","9":"product_tag-preorder","11":"first","12":"instock","13":"taxable","14":"shipping-taxable","15":"product-type-variable","16":"entry","17":"content-bg","18":"loop-entry"},"taxonomy_info":{"product_brand":[{"value":482,"label":"Southern Implants"}],"product_cat":[{"value":35,"label":"Protetic\u0103 dentar\u0103"},{"value":136,"label":"Bonturi de vindecare"}],"product_tag":[{"value":470,"label":"#preorder"}]},"featured_image_src_large":["https:\/\/gursk.ro\/shop\/wp-content\/uploads\/2025\/09\/WB3-724x1024.png",724,1024,true],"author_info":[],"comment_info":0,"_links":{"self":[{"href":"https:\/\/gursk.ro\/shop\/wp-json\/wp\/v2\/product\/6272","targetHints":{"allow":["GET"]}}],"collection":[{"href":"https:\/\/gursk.ro\/shop\/wp-json\/wp\/v2\/product"}],"about":[{"href":"https:\/\/gursk.ro\/shop\/wp-json\/wp\/v2\/types\/product"}],"replies":[{"embeddable":true,"href":"https:\/\/gursk.ro\/shop\/wp-json\/wp\/v2\/comments?post=6272"}],"wp:featuredmedia":[{"embeddable":true,"href":"https:\/\/gursk.ro\/shop\/wp-json\/wp\/v2\/media\/8565"}],"wp:attachment":[{"href":"https:\/\/gursk.ro\/shop\/wp-json\/wp\/v2\/media?parent=6272"}],"wp:term":[{"taxonomy":"product_brand","embeddable":true,"href":"https:\/\/gursk.ro\/shop\/wp-json\/wp\/v2\/product_brand?post=6272"},{"taxonomy":"product_cat","embeddable":true,"href":"https:\/\/gursk.ro\/shop\/wp-json\/wp\/v2\/product_cat?post=6272"},{"taxonomy":"product_tag","embeddable":true,"href":"https:\/\/gursk.ro\/shop\/wp-json\/wp\/v2\/product_tag?post=6272"},{"taxonomy":"product_partner","embeddable":true,"href":"https:\/\/gursk.ro\/shop\/wp-json\/wp\/v2\/product_partner?post=6272"}],"curies":[{"name":"wp","href":"https:\/\/api.w.org\/{rel}","templated":true}]}}