{"id":6202,"date":"2025-09-18T18:38:09","date_gmt":"2025-09-18T15:38:09","guid":{"rendered":"https:\/\/gursk.ro\/shop\/?post_type=product&#038;p=6202"},"modified":"2026-01-31T14:28:42","modified_gmt":"2026-01-31T11:28:42","slug":"cbct-green-x-12-rc-5-yr-fp-w-vatech","status":"publish","type":"product","link":"https:\/\/gursk.ro\/shop\/produs\/cbct-green-x-12-rc-5-yr-fp-w-vatech\/","title":{"rendered":"CBCT GREEN X 12 RC , 5 YR FP W VATECH"},"content":{"rendered":"<p><strong>Green X 12<\/strong> este un sistem 4-\u00een-1 avansat care combin\u0103 imagistica Cone Beam CT (CBCT), panoramarea, scanarea modelelor 3D (CAD-CAM) \u0219i func\u021bii endodontice specializate, oferind o solu\u021bie complet\u0103 pentru diagnostic \u0219i tratament \u00een stomatologie.<\/p>\n<h4><strong>Tehnologii inovatoare incluse:<\/strong><\/h4>\n<ul>\n<li><strong>SMART FOCUS: 1 scanare, 5 imagini<\/strong><br \/>\nCu o singur\u0103 scanare, Green X 12 genereaz\u0103 5 imagini de \u00eenalt\u0103 rezolu\u021bie: trei imagini de 4&#215;4 cm, o imagine de 12&#215;8,5 cm \u0219i o imagine Auto PANO. Acest lucru reduce timpul de munc\u0103 pentru personal \u0219i minimizeaz\u0103 expunerea la radia\u021bii pentru pacien\u021bi, asigur\u00e2nd un flux de lucru mai eficient \u0219i rapid.<a href=\"https:\/\/gursk.ro\/shop\/wp-content\/uploads\/2025\/11\/1.webp\"><img fetchpriority=\"high\" decoding=\"async\" class=\"alignnone size-full wp-image-27130\" src=\"https:\/\/gursk.ro\/shop\/wp-content\/uploads\/2025\/11\/1.webp\" alt='' width=\"1920\" height=\"1080\" \/><\/a><\/li>\n<li><strong>Selectarea Multi-FOV<\/strong><br \/>\nDispozitivul ofer\u0103 5 op\u021biuni de c\u00e2mp vizual (FOV) \u00eentre 4&#215;4 cm \u0219i 12&#215;8,5 cm, toate cu doz\u0103 redus\u0103. Cu func\u021bia Double Scan, pute\u021bi extinde imaginea la 12&#215;14 cm pentru o analiz\u0103 complet\u0103 a arcului dentar, inclusiv articula\u021bia temporo-mandibular\u0103 (ATM).<\/li>\n<\/ul>\n<p><a href=\"https:\/\/gursk.ro\/shop\/wp-content\/uploads\/2025\/11\/Green-X-12.png\"><img decoding=\"async\" class=\"alignnone size-full wp-image-27131\" src=\"https:\/\/gursk.ro\/shop\/wp-content\/uploads\/2025\/11\/Green-X-12.png\" alt='' width=\"800\" height=\"450\" \/><\/a><\/p>\n<ul>\n<li><strong>Modul Endo cu cea mai \u00eenalt\u0103 rezolu\u021bie<\/strong><br \/>\nIdeal pentru endodon\u021bie, modul Endo ofer\u0103 imagini de volum de 4&#215;4 cm cu dimensiunea voxelului de 49,5 microni. Aceast\u0103 tehnologie permite diagnosticarea \u0219i tratamentul extrem de precis al regiunilor mici \u0219i detaliate.<\/li>\n<\/ul>\n<p><a href=\"https:\/\/gursk.ro\/shop\/wp-content\/uploads\/2025\/11\/2.webp\"><img decoding=\"async\" class=\"alignnone size-full wp-image-27132\" src=\"https:\/\/gursk.ro\/shop\/wp-content\/uploads\/2025\/11\/2.webp\" alt='' width=\"1920\" height=\"1080\" \/><\/a><\/p>\n<ul>\n<li><strong>INSIGHT 2.0 \/ Free FOV<\/strong><br \/>\nFunc\u021bia Insight Pan creeaz\u0103 o imagine panoramic\u0103 multistratificat\u0103 care ofer\u0103 o privire unic\u0103 \u00een profunzime. Insight 2.0 introduce FOV liber, permi\u021b\u00e2nd captarea exclusiv a zonei de interes.<\/li>\n<\/ul>\n<hr \/>\n<h4><strong>Specifica\u021bii tehnice:<\/strong><\/h4>\n<ul>\n<li><strong>Func\u021bii:<\/strong> CBCT, Pano, Scanare Model 3D<\/li>\n<li><strong>Dimensiune punct focal:<\/strong> 0,5 mm<\/li>\n<li><strong>Dimensiuni FOV:<\/strong>\n<ul>\n<li>4&#215;4 cm (endo, Smart Focus)<\/li>\n<li>8&#215;5 cm, 8&#215;8 cm<\/li>\n<li>12&#215;8,5 cm (Smart Focus)<\/li>\n<li>12&#215;14 cm (Double Scan)<\/li>\n<\/ul>\n<\/li>\n<li><strong>Dimensiune voxel:<\/strong>\n<ul>\n<li>0,049 mm (4&#215;4 cm)<\/li>\n<li>0,12 mm \/ 0,2 mm (8&#215;5\/8&#215;8 cm)<\/li>\n<li>0,2 mm \/ 0,3 mm (12&#215;8,5 cm)<\/li>\n<li>0,3 mm (Double Scan 12&#215;14 cm)<\/li>\n<\/ul>\n<\/li>\n<li><strong>Timp de scanare:<\/strong>\n<ul>\n<li>Panoram\u0103: 1,4 sec \/ 13,5 sec<\/li>\n<li>CBCT: 9 sec \/ 16,9 sec<\/li>\n<\/ul>\n<\/li>\n<li><strong>Scala Gray:<\/strong> 14 Bit<\/li>\n<\/ul>\n<hr \/>\n<p><strong>Green X 12<\/strong> reprezint\u0103 alegerea ideal\u0103 pentru cabinetele stomatologice moderne, combin\u00e2nd eficien\u021ba cu precizia, pentru o experien\u021b\u0103 optimizat\u0103 at\u00e2t pentru medic, c\u00e2t \u0219i pentru pacient.<\/p>\n<p>Specificatii<\/p>\n<div class=\"elementor-element elementor-element-9211994 elementor-widget elementor-widget-heading\" data-id=\"9211994\" data-element_type=\"widget\" data-widget_type=\"heading.default\">\n<div class=\"elementor-widget-container\">\n<h3 class=\"elementor-heading-title elementor-size-default\">Specifica\u021bii Green X 12<\/h3>\n<\/div>\n<\/div>\n<div class=\"elementor-element elementor-element-bb1d3cb e-flex e-con-boxed e-con e-child\" data-id=\"bb1d3cb\" data-element_type=\"container\">\n<div class=\"e-con-inner\">\n<div class=\"elementor-element elementor-element-9a9f5b3 elementor-widget elementor-widget-shortcode\" data-id=\"9a9f5b3\" data-element_type=\"widget\" data-widget_type=\"shortcode.default\">\n<div class=\"elementor-widget-container\">\n<div class=\"elementor-shortcode\">\n<table id=\"tablepress-82\" class=\"tablepress tablepress-id-82 prod-spec\">\n<tbody>\n<tr class=\"row-1\">\n<td class=\"column-1\">Func\u021bie (tip de dispozitiv)<\/td>\n<td class=\"column-2\">4 \u00een 1: Pano + CBCT + Ceph + scanare model<\/td>\n<\/tr>\n<tr class=\"row-2\">\n<td class=\"column-1\">Dimensiunea voxelului<\/td>\n<td class=\"column-2\">4\u00d74: 0,049 mm 8\u00d75, 8\u00d78: 0,12-0,2 mm 12\u00d78,5: 0,2-0,3 mm Double Scan 12&#215;14: 0,3 mm Smart Focus 12\u00d78,5: 0,2-0,3 mm Smart Focus 4\u00d74: 0,07 mm<\/td>\n<\/tr>\n<tr class=\"row-3\">\n<td class=\"column-1\">Dimensiunea punctului focal<\/td>\n<td class=\"column-2\">0,5 mm<\/td>\n<\/tr>\n<tr class=\"row-4\">\n<td class=\"column-1\">Dimensiunea FOV f\u0103r\u0103 \u00eembinare<\/td>\n<td class=\"column-2\">4\u00d74 (endo), 4\u00d74 (Smart Focus),8\u00d75, 8\u00d78, 12\u00d78.5 cm, 12\u00d78.5 cm (Smart Focus)<\/td>\n<\/tr>\n<tr class=\"row-5\">\n<td class=\"column-1\">FOV dubl\u0103 scanare<\/td>\n<td class=\"column-2\">12&#215;14 cm<\/td>\n<\/tr>\n<tr class=\"row-6\">\n<td class=\"column-1\">Auto Pano<\/td>\n<td class=\"column-2\">Da<\/td>\n<\/tr>\n<tr class=\"row-7\">\n<td class=\"column-1\">Timp de expunere<\/td>\n<td class=\"column-2\">Pano: 1.4-13.5 sec Ceph: 1,9-4,9 sec CBCT: 9-16.9 sec<\/td>\n<\/tr>\n<tr class=\"row-8\">\n<td class=\"column-1\">Gama dinamic\u0103<\/td>\n<td class=\"column-2\">14 bi\u021bi<\/td>\n<\/tr>\n<tr class=\"row-9\">\n<td class=\"column-1\">Tip panoramic<\/td>\n<td class=\"column-2\">Pano + Magic pan + Insight Pan cu FOV liber (senzor hibrid pentru 3D \u0219i 2D)<\/td>\n<\/tr>\n<tr class=\"row-10\">\n<td class=\"column-1\">Pozi\u021bionarea pacientului<\/td>\n<td class=\"column-2\">Pozi\u021bionare \u00een picioare, a\u0219ezat, \u00een scaun cu rotile, fa\u021b\u0103 \u00een fa\u021b\u0103<\/td>\n<\/tr>\n<tr class=\"row-11\">\n<td class=\"column-1\">Garan\u021bie<\/td>\n<td class=\"column-2\">Garan\u021bie de p\u00e2n\u0103 la 5 ani pentru toate piesele \u0219i p\u00e2n\u0103 la 10 ani pentru senzor \u0219i generator<\/td>\n<\/tr>\n<tr class=\"row-12\">\n<td class=\"column-1\">Dimensiune<\/td>\n<td class=\"column-2\">1085.0(L)\u00d71343.5(W)\u00d72345.4(H) mm<\/td>\n<\/tr>\n<tr class=\"row-13\">\n<td class=\"column-1\">Greutate<\/td>\n<td class=\"column-2\">217,9 kg (f\u0103r\u0103 Ceph) 242,9 kg (cu Ceph)<\/td>\n<\/tr>\n<tr class=\"row-14\">\n<td class=\"column-1\">SW<\/td>\n<td class=\"column-2\">EzDent-i \/ Ez3D-i \/ EzOrtho<\/td>\n<\/tr>\n<tr class=\"row-15\">\n<td class=\"column-1\">Caracteristici cheie<\/td>\n<td class=\"column-2\">Multi-FOV ~ Double Scan ~ Endo ~ Smart Focus \/ Zoom in ~ Insight Pan ~ Magic Pan ~ Model Scan ~ AutoPan<\/td>\n<\/tr>\n<\/tbody>\n<\/table>\n<\/div>\n<\/div>\n<\/div>\n<div class=\"elementor-element elementor-element-6b56c68 elementor-widget elementor-widget-text-editor\" data-id=\"6b56c68\" data-element_type=\"widget\" data-widget_type=\"text-editor.default\">\n<div class=\"elementor-widget-container\">\n<p>* Specifica\u021biile se pot modifica f\u0103r\u0103 notificare prealabil\u0103.<\/p>\n<\/div>\n<\/div>\n<\/div>\n<\/div>\n","protected":false},"excerpt":{"rendered":"<p><strong>Green X 12<\/strong> \u2013 tehnologia de imagistic\u0103 dentar\u0103 4-\u00een-1 de ultim\u0103 genera\u021bie! Beneficia\u021bi de imagini panoramice, CBCT, scan\u0103ri 3D de \u00eenalt\u0103 rezolu\u021bie \u0219i cel mai avansat modul Endo, toate \u00eentr-un singur dispozitiv. Cu func\u021bii inovatoare precum SMART FOCUS \u0219i selec\u021bia Multi-FOV, Green X 12 asigur\u0103 rezultate precise, timp redus de scanare \u0219i expunere minim\u0103 la radia\u021bii pentru pacien\u021bi. Solu\u021bia ideal\u0103 pentru diagnostic \u0219i tratamente dentare eficiente!<\/p>\n<div class=\"relative inline-flex items-center\"><\/div>\n","protected":false},"featured_media":6254,"comment_status":"closed","ping_status":"closed","template":"","meta":{"_kad_blocks_custom_css":"","_kad_blocks_head_custom_js":"","_kad_blocks_body_custom_js":"","_kad_blocks_footer_custom_js":"","_kadence_starter_templates_imported_post":false,"_kad_post_transparent":"","_kad_post_title":"","_kad_post_layout":"","_kad_post_sidebar_id":"","_kad_post_content_style":"","_kad_post_vertical_padding":"","_kad_post_feature":"","_kad_post_feature_position":"","_kad_post_header":false,"_kad_post_footer":false,"_kad_post_classname":""},"product_brand":[426],"product_cat":[15],"product_tag":[],"product_partner":[],"class_list":{"0":"post-6202","1":"product","2":"type-product","3":"status-publish","4":"has-post-thumbnail","6":"product_brand-vatech","7":"product_cat-uncategorized","9":"first","10":"outofstock","11":"taxable","12":"shipping-taxable","13":"product-type-simple","14":"entry","15":"content-bg","16":"loop-entry"},"taxonomy_info":{"product_brand":[{"value":426,"label":"VATECH"}],"product_cat":[{"value":15,"label":"Uncategorized"}]},"featured_image_src_large":["https:\/\/gursk.ro\/shop\/wp-content\/uploads\/2024\/11\/5-1024x1024.png",1024,1024,true],"author_info":[],"comment_info":0,"_links":{"self":[{"href":"https:\/\/gursk.ro\/shop\/wp-json\/wp\/v2\/product\/6202","targetHints":{"allow":["GET"]}}],"collection":[{"href":"https:\/\/gursk.ro\/shop\/wp-json\/wp\/v2\/product"}],"about":[{"href":"https:\/\/gursk.ro\/shop\/wp-json\/wp\/v2\/types\/product"}],"replies":[{"embeddable":true,"href":"https:\/\/gursk.ro\/shop\/wp-json\/wp\/v2\/comments?post=6202"}],"version-history":[{"count":0,"href":"https:\/\/gursk.ro\/shop\/wp-json\/wp\/v2\/product\/6202\/revisions"}],"wp:featuredmedia":[{"embeddable":true,"href":"https:\/\/gursk.ro\/shop\/wp-json\/wp\/v2\/media\/6254"}],"wp:attachment":[{"href":"https:\/\/gursk.ro\/shop\/wp-json\/wp\/v2\/media?parent=6202"}],"wp:term":[{"taxonomy":"product_brand","embeddable":true,"href":"https:\/\/gursk.ro\/shop\/wp-json\/wp\/v2\/product_brand?post=6202"},{"taxonomy":"product_cat","embeddable":true,"href":"https:\/\/gursk.ro\/shop\/wp-json\/wp\/v2\/product_cat?post=6202"},{"taxonomy":"product_tag","embeddable":true,"href":"https:\/\/gursk.ro\/shop\/wp-json\/wp\/v2\/product_tag?post=6202"},{"taxonomy":"product_partner","embeddable":true,"href":"https:\/\/gursk.ro\/shop\/wp-json\/wp\/v2\/product_partner?post=6202"}],"curies":[{"name":"wp","href":"https:\/\/api.w.org\/{rel}","templated":true}]}}