{"id":6199,"date":"2025-09-18T18:38:09","date_gmt":"2025-09-18T15:38:09","guid":{"rendered":"https:\/\/gursk.ro\/shop\/?post_type=product&#038;p=6199"},"modified":"2026-04-22T11:25:46","modified_gmt":"2026-04-22T08:25:46","slug":"membrana-colagen-resorbabila-the-cover-flex","status":"publish","type":"product","link":"https:\/\/gursk.ro\/shop\/produs\/membrana-colagen-resorbabila-the-cover-flex\/","title":{"rendered":"Membran\u0103 colagen resorbabil\u0103 The Cover\u2122 Flex"},"content":{"rendered":"<p>Membrana de colagen The Cover\u2122 Flex <!--StartFragment --><span class=\"cf1\">este<\/span><span class=\"cf1\"> o <\/span><span class=\"cf1\">membran<\/span><span class=\"cf2\">\u0103<\/span> <span class=\"cf2\">resorbabil\u0103<\/span><span class=\"cf2\"> din <\/span><span class=\"cf2\">colagen<\/span><span class=\"cf2\"> tip I (<\/span><span class=\"cf2\">origine<\/span> <span class=\"cf2\">porcin\u0103<\/span><span class=\"cf2\">), <\/span><span class=\"cf2\">destinat\u0103<\/span> <span class=\"cf2\">procedurilor<\/span><span class=\"cf2\"> de <\/span><span class=\"cf2\">regenerare<\/span> <span class=\"cf2\">tisular\u0103<\/span> <span class=\"cf2\">ghidat\u0103<\/span><span class=\"cf2\"> (GTR) <\/span><span class=\"cf2\">\u0219i<\/span> <span class=\"cf2\">regenerare<\/span> <span class=\"cf2\">osoas\u0103<\/span> <span class=\"cf2\">ghidat\u0103<\/span><span class=\"cf2\"> (GBR). Aceast\u0103 membran\u0103 ofer\u0103 o flexibilitate ridicat\u0103 \u0219i este u\u0219or de adaptat la defectele osoase neregulate, sus\u021bin\u00e2nd vindecarea eficient\u0103 a \u021besuturilor. <\/span><span class=\"cf2\">Fabricat\u0103<\/span> <span class=\"cf2\">printr<\/span><span class=\"cf2\">-o <\/span><span class=\"cf2\">tehnologie<\/span><span class=\"cf2\"> de auto-<\/span><span class=\"cf2\">asamblare<\/span><span class=\"cf2\"> (<\/span><span class=\"cf2\">reticulare<\/span> <span class=\"cf2\">fizic\u0103<\/span><span class=\"cf2\">, <\/span><span class=\"cf2\">f\u0103r\u0103<\/span> <span class=\"cf2\">agen\u021bi<\/span> <span class=\"cf2\">chimici<\/span><span class=\"cf2\">), <a href=\"https:\/\/us.purgobio.com\/the-cover\/\" target=\"_blank\" rel=\"noopener\">membrana de colagen The Cover Flex <\/a><\/span><span class=\"cf2\">ofer\u0103<\/span> <span class=\"cf2\">biocompatibilitate<\/span> <span class=\"cf2\">excelent\u0103<\/span><span class=\"cf2\">, <\/span><span class=\"cf2\">manipulare<\/span> <span class=\"cf2\">u\u0219oar\u0103<\/span> <span class=\"cf2\">\u0219i<\/span> <span class=\"cf2\">adaptare<\/span> <span class=\"cf2\">intuitiv\u0103<\/span> <span class=\"cf2\">pe<\/span> <span class=\"cf2\">contururi<\/span> <span class=\"cf2\">anatomice<\/span> <span class=\"cf2\">neregulate<\/span><span class=\"cf2\">.<\/span><\/p>\n<p>&nbsp;<\/p>\n<p><!--StartFragment --><\/p>\n<div class=\"entry-content-asset videofit\"><iframe title=\"[Hands on] The Cover\u2122 Flex \/ Stiff Resorbable Collagen Membrane\" width=\"720\" height=\"405\" src=\"https:\/\/www.youtube.com\/embed\/GcrWHZ2A0Gs?feature=oembed\" frameborder=\"0\" allow=\"accelerometer; autoplay; clipboard-write; encrypted-media; gyroscope; picture-in-picture; web-share\" referrerpolicy=\"strict-origin-when-cross-origin\" allowfullscreen><\/iframe><\/div>\n<h3><!--StartFragment --><\/h3>\n<h3><strong><span class=\"cf0\">Biocompatibilitate <\/span><span class=\"cf0\">\u0219i siguran\u021b\u0103<\/span><\/strong><\/h3>\n<p class=\"pf0\"><span class=\"cf0\">THE Cover<\/span><span class=\"cf1\">\u2122 <\/span><span class=\"cf1\">este<\/span><span class=\"cf1\"> o <\/span><span class=\"cf1\">membran<\/span><span class=\"cf2\">\u0103<\/span> <span class=\"cf2\">resorbabil\u0103<\/span><span class=\"cf2\"> din <\/span><span class=\"cf2\">colagen<\/span><span class=\"cf2\">, <\/span><span class=\"cf2\">alc\u0103tuit\u0103<\/span><span class=\"cf2\"> din <\/span><span class=\"cf2\">colagen<\/span><span class=\"cf2\"> de tip I de <\/span><span class=\"cf2\">origine<\/span> <span class=\"cf2\">porcin\u0103<\/span><span class=\"cf2\">. <\/span><span class=\"cf2\">Este <\/span><span class=\"cf2\">sigur\u0103<\/span> <span class=\"cf2\">\u0219i<\/span><span class=\"cf2\"> are <\/span><span class=\"cf2\">biocompatibilitate<\/span> <span class=\"cf2\">ridicat\u0103<\/span><span class=\"cf2\">, <\/span><span class=\"cf2\">fiind<\/span> <span class=\"cf2\">fabricat\u0103<\/span> <span class=\"cf2\">printr<\/span><span class=\"cf2\">-o <\/span><span class=\"cf2\">metod\u0103<\/span><span class=\"cf2\"> de <\/span><span class=\"cf2\">reticulare<\/span> <span class=\"cf2\">fizic\u0103<\/span> <span class=\"cf2\">intrinsec\u0103<\/span><span class=\"cf2\"> (Self-Assembly Technology) <\/span><span class=\"cf2\">dezvoltat\u0103<\/span><span class=\"cf2\"> de <\/span><a href=\"https:\/\/us.purgobio.com\/\" target=\"_blank\" rel=\"noopener\"><span class=\"cf2\">Purgo<\/span><\/a><span class=\"cf2\">, <\/span><span class=\"cf2\">f\u0103r\u0103<\/span> <span class=\"cf2\">utilizarea<\/span> <span class=\"cf2\">agen\u021bilor<\/span><span class=\"cf2\"> de <\/span><span class=\"cf2\">reticulare<\/span> <span class=\"cf2\">chimic\u0103<\/span><span class=\"cf2\">.<\/span><\/p>\n<h3><!--EndFragment --><\/h3>\n<h3><a href=\"https:\/\/gursk.ro\/shop\/wp-content\/uploads\/2026\/01\/1_the-cover-purgo-2-e1760360981319.png\"><img fetchpriority=\"high\" decoding=\"async\" class=\"alignnone wp-image-29856\" src=\"https:\/\/gursk.ro\/shop\/wp-content\/uploads\/2026\/01\/1_the-cover-purgo-2-e1760360981319.png\" alt=\"\" width=\"650\" height=\"563\" \/><\/a><\/h3>\n<p><!--StartFragment --><\/p>\n<p>&nbsp;<\/p>\n<h3 class=\"pf0\"><strong><span class=\"cf0\">Hidrofilie <\/span><span class=\"cf0\">\u0219i men\u021binerea morfologiei<\/span><\/strong><\/h3>\n<p class=\"pf0\"><span class=\"cf0\">THE Cover<\/span><span class=\"cf1\">\u2122 <\/span><span class=\"cf1\">este<\/span> <span class=\"cf1\">hidrofil<\/span><span class=\"cf2\">\u0103<\/span> <span class=\"cf2\">\u0219i<\/span> <span class=\"cf1\">\u00ee<\/span><span class=\"cf2\">\u0219i<\/span> <span class=\"cf2\">men\u021bine<\/span><span class=\"cf2\"> forma <\/span><span class=\"cf2\">chiar<\/span> <span class=\"cf2\">\u0219i<\/span> <span class=\"cf2\">dup\u0103<\/span> <span class=\"cf2\">ce<\/span> <span class=\"cf2\">este<\/span> <span class=\"cf2\">l\u0103sat\u0103<\/span><span class=\"cf2\"> la <\/span><span class=\"cf2\">temperatura<\/span> <span class=\"cf2\">camerei<\/span><span class=\"cf2\"> &gt;30 de minute <\/span><span class=\"cf2\">dup\u0103<\/span> <span class=\"cf2\">hidratare<\/span><span class=\"cf2\">.<\/span><\/p>\n<p>&nbsp;<\/p>\n<h4 class=\"pf0\"><span class=\"cf2\">Caracteristici<\/span> <span class=\"cf2\">cheie<\/span><span class=\"cf2\">:<\/span><\/h4>\n<ul>\n<li class=\"pf0\"><span class=\"cf2\">U\u0219or<\/span><span class=\"cf2\"> de <\/span><span class=\"cf2\">manevrat<\/span><\/li>\n<li class=\"pf0\"><span class=\"cf2\">Hidrofil\u0103<\/span><\/li>\n<li class=\"pf0\"><span class=\"cf2\">Men\u021binerea<\/span> <span class=\"cf2\">spa\u021biului<\/span><\/li>\n<li class=\"pf0\"><span class=\"cf2\">Flexibilitate<\/span> <span class=\"cf2\">\u0219i<\/span> <span class=\"cf2\">extensibilitate<\/span><span class=\"cf2\"> bune<\/span><\/li>\n<\/ul>\n<p><!--EndFragment --><\/p>\n<p><a href=\"https:\/\/gursk.ro\/shop\/wp-content\/uploads\/2026\/01\/download.\"><img decoding=\"async\" class=\"alignnone wp-image-29857\" src=\"https:\/\/gursk.ro\/shop\/wp-content\/uploads\/2026\/01\/download.\" alt=\"THE Cover\" width=\"650\" height=\"455\" \/><\/a><\/p>\n<p><!--EndFragment --><\/p>\n<h3><\/h3>\n<h3 class=\"pf0\"><strong><span class=\"cf0\">Propriet<\/span><span class=\"cf0\">\u0103\u021bi \u0219i specifica\u021bii pentru membrana de colagen The Cover\u2122 Flex\u00a0<\/span><\/strong><\/h3>\n<ul>\n<li class=\"pf0\"><span class=\"cf0\"><strong>Material:<\/strong> colagen tip I, origine porcin\u0103<\/span><\/li>\n<li class=\"pf0\"><span class=\"cf0\"><strong>Structur\u0103:<\/strong> fibrilar\u0103, auto-asamblat\u0103 (reticulare fizic\u0103, no chemical cross-linking)<\/span><\/li>\n<li class=\"pf0\"><span class=\"cf0\"><strong>Comportament la hidratare:<\/strong> hidrofil\u0103, <\/span><span class=\"cf1\">\u00ee<\/span><span class=\"cf2\">\u0219i<\/span> <span class=\"cf2\">men\u021bine<\/span><span class=\"cf2\"> forma &gt;30 minute<\/span><\/li>\n<li class=\"pf0\"><strong><span class=\"cf2\">Manipulare<\/span><span class=\"cf2\">: <\/span><\/strong><span class=\"cf2\">flexibil\u0103<\/span><span class=\"cf2\">, <\/span><span class=\"cf2\">extensibil\u0103<\/span><span class=\"cf2\">, <\/span><span class=\"cf2\">adaptare<\/span> <span class=\"cf2\">u\u0219oar\u0103<\/span> <span class=\"cf2\">pe<\/span> <span class=\"cf2\">suprafe\u021be<\/span> <span class=\"cf2\">neregulate<\/span><\/li>\n<li class=\"pf0\"><strong><span class=\"cf2\">Resorb\u021bie<\/span><span class=\"cf2\">: <\/span><\/strong><span class=\"cf2\">resorbabil\u0103<\/span><span class=\"cf2\"> (<\/span><span class=\"cf2\">timpul<\/span> <span class=\"cf2\">efectiv<\/span> <span class=\"cf2\">depinde<\/span><span class=\"cf2\"> de defect <\/span><span class=\"cf2\">\u0219i<\/span> <span class=\"cf1\">\u00eenc<\/span><span class=\"cf2\">\u0103rcare<\/span><span class=\"cf2\">; Flex <\/span><span class=\"cf2\">este<\/span> <span class=\"cf2\">orientat\u0103<\/span> <span class=\"cf2\">pe<\/span> <span class=\"cf2\">manipulare<\/span><span class=\"cf2\">\/<\/span><span class=\"cf2\">adaptare<\/span><span class=\"cf2\">, nu <\/span><span class=\"cf2\">pe<\/span> <span class=\"cf2\">men\u021binerea<\/span> <span class=\"cf2\">rigid\u0103<\/span><span class=\"cf2\"> a <\/span><span class=\"cf2\">spa\u021biului<\/span><span class=\"cf2\">)<\/span><\/li>\n<li class=\"pf0\"><strong><span class=\"cf2\">Sterilitate<\/span><span class=\"cf2\">: <\/span><\/strong><span class=\"cf2\">steril<\/span><span class=\"cf2\">, <\/span><span class=\"cf2\">pentru<\/span><span class=\"cf2\"> o <\/span><span class=\"cf2\">singur\u0103<\/span> <span class=\"cf2\">utilizare<\/span><\/li>\n<li class=\"pf0\"><strong><span class=\"cf2\">Ambalare<\/span><\/strong><span class=\"cf2\">: <\/span><span class=\"cf2\">plic<\/span> <span class=\"cf2\">steril<\/span><span class=\"cf2\"> individual; a se <\/span><span class=\"cf2\">p\u0103stra<\/span><span class=\"cf2\"> la <\/span><span class=\"cf2\">temperatura<\/span> <span class=\"cf2\">camerei<\/span><span class=\"cf2\">, <\/span><span class=\"cf2\">uscat<\/span><span class=\"cf2\">, <\/span><span class=\"cf2\">ferit<\/span><span class=\"cf2\"> de lumin\u0103.<\/span><\/li>\n<\/ul>\n<h3 class=\"pf0\"><strong><span class=\"cf2\">Indica\u021bii<\/span> <span class=\"cf2\">clinice:<\/span><\/strong><\/h3>\n<ul>\n<li class=\"pf0\"><span class=\"cf2\">Acoperire<\/span> <span class=\"cf2\">defecte<\/span> <span class=\"cf1\">\u00een<\/span><span class=\"cf1\"> <span class=\"cf2\">regenerare<\/span> <span class=\"cf2\">tisular\u0103<\/span> <span class=\"cf2\">ghidat\u0103<\/span><span class=\"cf2\"> (GTR) <\/span><span class=\"cf2\">\u0219i<\/span> <span class=\"cf2\">regenerare<\/span> <span class=\"cf2\">osoas\u0103<\/span> <span class=\"cf2\">ghidat\u0103<\/span><span class=\"cf2\"> (GBR)<\/span><\/span><\/li>\n<li class=\"pf0\"><span class=\"cf2\">Proceduri<\/span><span class=\"cf2\"> peri-<\/span><span class=\"cf2\">implantare<\/span> <span class=\"cf2\">\u0219i<\/span> <span class=\"cf2\">augment\u0103ri<\/span> <span class=\"cf2\">pentru<\/span> <span class=\"cf2\">implanturi<\/span><\/li>\n<li class=\"pf0\"><span class=\"cf2\">Sinus lift (lateral\/crestal) <\/span><span class=\"cf3\">\u2013 ca <\/span><span class=\"cf3\">barier<\/span><span class=\"cf2\">\u0103<\/span><span class=\"cf2\"> de <\/span><span class=\"cf2\">protec\u021bie<\/span><\/li>\n<li class=\"pf0\"><span class=\"cf2\">Recesii<\/span><span class=\"cf2\">\/gingival grafting <\/span><span class=\"cf3\">\u2013 ca <\/span><span class=\"cf3\">protec<\/span><span class=\"cf2\">\u021bie<\/span><span class=\"cf2\"> a <\/span><span class=\"cf2\">grefei<\/span><span class=\"cf2\"> (la <\/span><span class=\"cf2\">latitudinea<\/span> <span class=\"cf2\">clinicianului<\/span><span class=\"cf2\">).<\/span><\/li>\n<\/ul>\n<p>&nbsp;<\/p>\n<p><!--EndFragment --><\/p>\n<h3><\/h3>\n","protected":false},"excerpt":{"rendered":"<p>The Cover\u2122 Flex\u00a0 este o membran\u0103 resorbabil\u0103 din colagen tip I (origine porcin\u0103), destinat\u0103 procedurilor GBR\/GTR. Proiectat\u0103 pentru manipulare facil\u0103 \u0219i adaptare sigur\u0103 pe contururi anatomice neregulate, membrana este fabricat\u0103 f\u0103r\u0103 reticulare chimic\u0103, oferind biocompatibilitate excelent\u0103 \u0219i o vindecare predictibil\u0103 a \u021besuturilor.<\/p>\n","protected":false},"featured_media":33184,"comment_status":"closed","ping_status":"closed","template":"","meta":{"_kad_blocks_custom_css":"","_kad_blocks_head_custom_js":"","_kad_blocks_body_custom_js":"","_kad_blocks_footer_custom_js":"","_kadence_starter_templates_imported_post":false,"_kad_post_transparent":"default","_kad_post_title":"","_kad_post_layout":"default","_kad_post_sidebar_id":"","_kad_post_content_style":"default","_kad_post_vertical_padding":"default","_kad_post_feature":"","_kad_post_feature_position":"","_kad_post_header":false,"_kad_post_footer":false,"_kad_post_classname":""},"product_brand":[420],"product_cat":[50,52],"product_tag":[469,541],"product_partner":[],"class_list":{"0":"post-6199","1":"product","2":"type-product","3":"status-publish","4":"has-post-thumbnail","6":"product_brand-purgo","7":"product_cat-biomateriale-si-materiale-de-sutura","8":"product_cat-membrane","9":"product_tag-onlineorder","10":"product_tag-membrana-colagen-resorbabila","12":"first","13":"instock","14":"taxable","15":"shipping-taxable","16":"purchasable","17":"product-type-variable","18":"entry","19":"content-bg","20":"loop-entry"},"taxonomy_info":{"product_brand":[{"value":420,"label":"PURGO"}],"product_cat":[{"value":50,"label":"Biomateriale \u0219i materiale de sutur\u0103"},{"value":52,"label":"Membrane \u0219i Conuri"}],"product_tag":[{"value":469,"label":"#onlineorder"},{"value":541,"label":"membrana colagen resorbabila"}]},"featured_image_src_large":["https:\/\/gursk.ro\/shop\/wp-content\/uploads\/2025\/09\/Membrana-de-colagen-The-Cover-1.jpg",720,720,false],"author_info":[],"comment_info":0,"_links":{"self":[{"href":"https:\/\/gursk.ro\/shop\/wp-json\/wp\/v2\/product\/6199","targetHints":{"allow":["GET"]}}],"collection":[{"href":"https:\/\/gursk.ro\/shop\/wp-json\/wp\/v2\/product"}],"about":[{"href":"https:\/\/gursk.ro\/shop\/wp-json\/wp\/v2\/types\/product"}],"replies":[{"embeddable":true,"href":"https:\/\/gursk.ro\/shop\/wp-json\/wp\/v2\/comments?post=6199"}],"wp:featuredmedia":[{"embeddable":true,"href":"https:\/\/gursk.ro\/shop\/wp-json\/wp\/v2\/media\/33184"}],"wp:attachment":[{"href":"https:\/\/gursk.ro\/shop\/wp-json\/wp\/v2\/media?parent=6199"}],"wp:term":[{"taxonomy":"product_brand","embeddable":true,"href":"https:\/\/gursk.ro\/shop\/wp-json\/wp\/v2\/product_brand?post=6199"},{"taxonomy":"product_cat","embeddable":true,"href":"https:\/\/gursk.ro\/shop\/wp-json\/wp\/v2\/product_cat?post=6199"},{"taxonomy":"product_tag","embeddable":true,"href":"https:\/\/gursk.ro\/shop\/wp-json\/wp\/v2\/product_tag?post=6199"},{"taxonomy":"product_partner","embeddable":true,"href":"https:\/\/gursk.ro\/shop\/wp-json\/wp\/v2\/product_partner?post=6199"}],"curies":[{"name":"wp","href":"https:\/\/api.w.org\/{rel}","templated":true}]}}