{"id":6166,"date":"2025-09-18T18:37:42","date_gmt":"2025-09-18T15:37:42","guid":{"rendered":"https:\/\/gursk.ro\/shop\/?post_type=product&#038;p=6166"},"modified":"2026-01-31T14:28:39","modified_gmt":"2026-01-31T11:28:39","slug":"set-de-chiurete-pentru-implanturi-langer-l-db185-recall-set","status":"publish","type":"product","link":"https:\/\/gursk.ro\/shop\/produs\/set-de-chiurete-pentru-implanturi-langer-l-db185-recall-set\/","title":{"rendered":"Set de chiurete pentru implanturi Langer L &#8211; DB185 &#8211; RECALL SET"},"content":{"rendered":"<p>Setul de chiurete pentru implanturi <strong>Langer L<\/strong> (cod produs <strong>DB185<\/strong>) este conceput pentru proceduri parodontale \u0219i de \u00eentre\u021binere a implanturilor dentare. Aceste chiurete sunt fabricate din o\u021bel inoxidabil de \u00eenalt\u0103 calitate, asigur\u00e2nd durabilitate \u0219i performan\u021b\u0103 optim\u0103 \u00een timpul utiliz\u0103rii.<\/p>\n<p><strong>Specifica\u021bii:<\/strong><\/p>\n<ul>\n<li><strong>Cod produs:<\/strong> DB185<\/li>\n<li><strong>Model:<\/strong> Langer L<\/li>\n<li><strong>Material:<\/strong> O\u021bel inoxidabil<\/li>\n<li><strong>Utilizare:<\/strong> Proceduri parodontale \u0219i \u00eentre\u021binerea implanturilor dentare<\/li>\n<li><strong>Caracteristici:<\/strong>\n<ul>\n<li>Design ergonomic pentru o prindere confortabil\u0103<\/li>\n<li>V\u00e2rfuri special concepute pentru acces optim \u00een zonele dificile<\/li>\n<li>Rezisten\u021b\u0103 crescut\u0103 la coroziune<\/li>\n<\/ul>\n<\/li>\n<\/ul>\n","protected":false},"excerpt":{"rendered":"<p>Setul de chiurete pentru implanturi <strong>Langer L<\/strong> (cod produs <strong>DB185<\/strong>) este conceput pentru proceduri parodontale \u0219i de \u00eentre\u021binere a implanturilor dentare. Aceste chiurete sunt fabricate din o\u021bel inoxidabil de \u00eenalt\u0103 calitate, asigur\u00e2nd durabilitate \u0219i performan\u021b\u0103 optim\u0103 \u00een timpul utiliz\u0103rii.<\/p>\n","protected":false},"featured_media":6179,"comment_status":"closed","ping_status":"closed","template":"","meta":{"_kad_blocks_custom_css":"","_kad_blocks_head_custom_js":"","_kad_blocks_body_custom_js":"","_kad_blocks_footer_custom_js":"","_kadence_starter_templates_imported_post":false,"_kad_post_transparent":"","_kad_post_title":"","_kad_post_layout":"","_kad_post_sidebar_id":"","_kad_post_content_style":"","_kad_post_vertical_padding":"","_kad_post_feature":"","_kad_post_feature_position":"","_kad_post_header":false,"_kad_post_footer":false,"_kad_post_classname":""},"product_brand":[394],"product_cat":[15],"product_tag":[],"product_partner":[],"class_list":{"0":"post-6166","1":"product","2":"type-product","3":"status-publish","4":"has-post-thumbnail","6":"product_brand-b-braun","7":"product_cat-uncategorized","9":"first","10":"instock","11":"taxable","12":"shipping-taxable","13":"purchasable","14":"product-type-simple","15":"entry","16":"content-bg","17":"loop-entry"},"taxonomy_info":{"product_brand":[{"value":394,"label":"B Braun"}],"product_cat":[{"value":15,"label":"Uncategorized"}]},"featured_image_src_large":["https:\/\/gursk.ro\/shop\/wp-content\/uploads\/2024\/11\/db185-h1.jpg",1000,674,false],"author_info":[],"comment_info":0,"_links":{"self":[{"href":"https:\/\/gursk.ro\/shop\/wp-json\/wp\/v2\/product\/6166","targetHints":{"allow":["GET"]}}],"collection":[{"href":"https:\/\/gursk.ro\/shop\/wp-json\/wp\/v2\/product"}],"about":[{"href":"https:\/\/gursk.ro\/shop\/wp-json\/wp\/v2\/types\/product"}],"replies":[{"embeddable":true,"href":"https:\/\/gursk.ro\/shop\/wp-json\/wp\/v2\/comments?post=6166"}],"version-history":[{"count":0,"href":"https:\/\/gursk.ro\/shop\/wp-json\/wp\/v2\/product\/6166\/revisions"}],"wp:featuredmedia":[{"embeddable":true,"href":"https:\/\/gursk.ro\/shop\/wp-json\/wp\/v2\/media\/6179"}],"wp:attachment":[{"href":"https:\/\/gursk.ro\/shop\/wp-json\/wp\/v2\/media?parent=6166"}],"wp:term":[{"taxonomy":"product_brand","embeddable":true,"href":"https:\/\/gursk.ro\/shop\/wp-json\/wp\/v2\/product_brand?post=6166"},{"taxonomy":"product_cat","embeddable":true,"href":"https:\/\/gursk.ro\/shop\/wp-json\/wp\/v2\/product_cat?post=6166"},{"taxonomy":"product_tag","embeddable":true,"href":"https:\/\/gursk.ro\/shop\/wp-json\/wp\/v2\/product_tag?post=6166"},{"taxonomy":"product_partner","embeddable":true,"href":"https:\/\/gursk.ro\/shop\/wp-json\/wp\/v2\/product_partner?post=6166"}],"curies":[{"name":"wp","href":"https:\/\/api.w.org\/{rel}","templated":true}]}}