{"id":6163,"date":"2025-09-18T18:37:42","date_gmt":"2025-09-18T15:37:42","guid":{"rendered":"https:\/\/gursk.ro\/shop\/?post_type=product&#038;p=6163"},"modified":"2026-01-31T14:28:24","modified_gmt":"2026-01-31T11:28:24","slug":"g0932116-fir-sutura-dafilon-albastru-neresorbabil-din-monofilament-de-poliamida-6-0-45cm-18-ds16","status":"publish","type":"product","link":"https:\/\/gursk.ro\/shop\/produs\/g0932116-fir-sutura-dafilon-albastru-neresorbabil-din-monofilament-de-poliamida-6-0-45cm-18-ds16\/","title":{"rendered":"G0932116 &#8211;  FIR SUTURA DAFILON ALBASTRU NERESORBABIL DIN MONOFILAMENT DE POLIAMIDA 6\/0 45CM 18&#8221; DS16"},"content":{"rendered":"<p><strong>Dafilon \u2013 Fir de sutur\u0103 neresorbabil albastru, monofilament din poliamid\u0103<\/strong><\/p>\n<ul>\n<li><strong>Dimensiune fir:<\/strong> 6\/0 USP (0,7 metric)<\/li>\n<li><strong>Lungime:<\/strong> 45 cm<\/li>\n<li><strong>Ac:<\/strong> Triunghiular, curbura 3\/8, lungime 16 mm<\/li>\n<li><strong>Prezentare:<\/strong> 36 fire\/cutie<\/li>\n<\/ul>\n<p>Dafilon este un fir de sutur\u0103 neresorbabil, fabricat din poliamid\u0103 monofilament, de culoare albastr\u0103, destinat pentru aproximarea \u0219i ligatura \u021besuturilor moi \u00een diverse interven\u021bii chirurgicale. Acesta ofer\u0103 o manevrabilitate excelent\u0103 \u0219i o reac\u021bie tisular\u0103 minim\u0103.<\/p>\n","protected":false},"excerpt":{"rendered":"<p>Dafilon este un fir de sutur\u0103 neresorbabil, fabricat din poliamid\u0103 monofilament, de culoare albastr\u0103, destinat pentru aproximarea \u0219i ligatura \u021besuturilor moi \u00een diverse interven\u021bii chirurgicale. Acesta ofer\u0103 o manevrabilitate excelent\u0103 \u0219i o reac\u021bie tisular\u0103 minim\u0103.<\/p>\n","protected":false},"featured_media":6176,"comment_status":"closed","ping_status":"closed","template":"","meta":{"_kad_blocks_custom_css":"","_kad_blocks_head_custom_js":"","_kad_blocks_body_custom_js":"","_kad_blocks_footer_custom_js":"","_kadence_starter_templates_imported_post":false,"_kad_post_transparent":"","_kad_post_title":"","_kad_post_layout":"","_kad_post_sidebar_id":"","_kad_post_content_style":"","_kad_post_vertical_padding":"","_kad_post_feature":"","_kad_post_feature_position":"","_kad_post_header":false,"_kad_post_footer":false,"_kad_post_classname":""},"product_brand":[],"product_cat":[50,88],"product_tag":[469,546],"product_partner":[],"class_list":{"0":"post-6163","1":"product","2":"type-product","3":"status-publish","4":"has-post-thumbnail","6":"product_cat-biomateriale-si-materiale-de-sutura","7":"product_cat-fire-sutura","8":"product_tag-onlineorder","9":"product_tag-fir-de-sutura-stomatologie","11":"first","12":"outofstock","13":"taxable","14":"shipping-taxable","15":"purchasable","16":"product-type-simple","17":"entry","18":"content-bg","19":"loop-entry"},"taxonomy_info":{"product_cat":[{"value":50,"label":"Biomateriale \u0219i materiale de sutur\u0103"},{"value":88,"label":"Fire sutur\u0103"}],"product_tag":[{"value":469,"label":"#onlineorder"},{"value":546,"label":"fir de sutura stomatologie"}]},"featured_image_src_large":["https:\/\/gursk.ro\/shop\/wp-content\/uploads\/2024\/11\/dafilon-fir-sutura-neresorbabil-50-45cm-ds19-e1768578131819.jpg",359,359,false],"author_info":[],"comment_info":0,"_links":{"self":[{"href":"https:\/\/gursk.ro\/shop\/wp-json\/wp\/v2\/product\/6163","targetHints":{"allow":["GET"]}}],"collection":[{"href":"https:\/\/gursk.ro\/shop\/wp-json\/wp\/v2\/product"}],"about":[{"href":"https:\/\/gursk.ro\/shop\/wp-json\/wp\/v2\/types\/product"}],"replies":[{"embeddable":true,"href":"https:\/\/gursk.ro\/shop\/wp-json\/wp\/v2\/comments?post=6163"}],"version-history":[{"count":0,"href":"https:\/\/gursk.ro\/shop\/wp-json\/wp\/v2\/product\/6163\/revisions"}],"wp:featuredmedia":[{"embeddable":true,"href":"https:\/\/gursk.ro\/shop\/wp-json\/wp\/v2\/media\/6176"}],"wp:attachment":[{"href":"https:\/\/gursk.ro\/shop\/wp-json\/wp\/v2\/media?parent=6163"}],"wp:term":[{"taxonomy":"product_brand","embeddable":true,"href":"https:\/\/gursk.ro\/shop\/wp-json\/wp\/v2\/product_brand?post=6163"},{"taxonomy":"product_cat","embeddable":true,"href":"https:\/\/gursk.ro\/shop\/wp-json\/wp\/v2\/product_cat?post=6163"},{"taxonomy":"product_tag","embeddable":true,"href":"https:\/\/gursk.ro\/shop\/wp-json\/wp\/v2\/product_tag?post=6163"},{"taxonomy":"product_partner","embeddable":true,"href":"https:\/\/gursk.ro\/shop\/wp-json\/wp\/v2\/product_partner?post=6163"}],"curies":[{"name":"wp","href":"https:\/\/api.w.org\/{rel}","templated":true}]}}