{"id":6160,"date":"2025-09-18T18:37:42","date_gmt":"2025-09-18T15:37:42","guid":{"rendered":"https:\/\/gursk.ro\/shop\/?post_type=product&#038;p=6160"},"modified":"2026-01-31T14:28:24","modified_gmt":"2026-01-31T11:28:24","slug":"fir-sutura-dafilon-albastru-neresorbabil-din-monofilament-de-poliamida-4-0-45cm-18-ds19-g0932205","status":"publish","type":"product","link":"https:\/\/gursk.ro\/shop\/produs\/fir-sutura-dafilon-albastru-neresorbabil-din-monofilament-de-poliamida-4-0-45cm-18-ds19-g0932205\/","title":{"rendered":"FIR SUTURA DAFILON ALBASTRU NERESORBABIL DIN MONOFILAMENT DE POLIAMIDA 4\/0 45CM 18&#8221; DS19 &#8211; G0932205"},"content":{"rendered":"<p>Firul de sutur\u0103 <strong>Dafilon<\/strong> este un fir neresorbabil, monofilament, fabricat din poliamid\u0103, utilizat \u00een diverse proceduri chirurgicale pentru suturarea \u021besuturilor moi. Culoarea albastr\u0103 faciliteaz\u0103 vizibilitatea \u00een timpul interven\u021biilor.<\/p>\n<p><strong>Specifica\u021bii:<\/strong><\/p>\n<ul>\n<li><strong>Material:<\/strong> Poliamid\u0103 (nylon)<\/li>\n<li><strong>Tip:<\/strong> Monofilament neresorbabil<\/li>\n<li><strong>Culoare:<\/strong> Albastru<\/li>\n<li><strong>Grosime fir:<\/strong> 6\/0 USP (0.7 EP)<\/li>\n<li><strong>Lungime fir:<\/strong> 45 cm<\/li>\n<li><strong>Acul:<\/strong>\n<ul>\n<li>Tip: Triunghiular (t\u0103ietor)<\/li>\n<li>Curbur\u0103: 3\/8<\/li>\n<li>Lungime: 13 mm<\/li>\n<\/ul>\n<\/li>\n<\/ul>\n","protected":false},"excerpt":{"rendered":"<p>Firul de sutur\u0103 <strong>Dafilon<\/strong> este un fir neresorbabil, monofilament, fabricat din poliamid\u0103, utilizat \u00een diverse proceduri chirurgicale pentru suturarea \u021besuturilor moi. Culoarea albastr\u0103 faciliteaz\u0103 vizibilitatea \u00een timpul interven\u021biilor.<\/p>\n","protected":false},"featured_media":6175,"comment_status":"closed","ping_status":"closed","template":"","meta":{"_kad_blocks_custom_css":"","_kad_blocks_head_custom_js":"","_kad_blocks_body_custom_js":"","_kad_blocks_footer_custom_js":"","_kadence_starter_templates_imported_post":false,"_kad_post_transparent":"","_kad_post_title":"","_kad_post_layout":"","_kad_post_sidebar_id":"","_kad_post_content_style":"","_kad_post_vertical_padding":"","_kad_post_feature":"","_kad_post_feature_position":"","_kad_post_header":false,"_kad_post_footer":false,"_kad_post_classname":""},"product_brand":[394],"product_cat":[50,88],"product_tag":[469,546],"product_partner":[],"class_list":{"0":"post-6160","1":"product","2":"type-product","3":"status-publish","4":"has-post-thumbnail","6":"product_brand-b-braun","7":"product_cat-biomateriale-si-materiale-de-sutura","8":"product_cat-fire-sutura","9":"product_tag-onlineorder","10":"product_tag-fir-de-sutura-stomatologie","12":"first","13":"outofstock","14":"taxable","15":"shipping-taxable","16":"purchasable","17":"product-type-simple","18":"entry","19":"content-bg","20":"loop-entry"},"taxonomy_info":{"product_brand":[{"value":394,"label":"B Braun"}],"product_cat":[{"value":50,"label":"Biomateriale \u0219i materiale de sutur\u0103"},{"value":88,"label":"Fire sutur\u0103"}],"product_tag":[{"value":469,"label":"#onlineorder"},{"value":546,"label":"fir de sutura stomatologie"}]},"featured_image_src_large":["https:\/\/gursk.ro\/shop\/wp-content\/uploads\/2024\/11\/Dafilon-dettaglio-filo-ed-ago-600x401-1.jpg",600,401,false],"author_info":[],"comment_info":0,"_links":{"self":[{"href":"https:\/\/gursk.ro\/shop\/wp-json\/wp\/v2\/product\/6160","targetHints":{"allow":["GET"]}}],"collection":[{"href":"https:\/\/gursk.ro\/shop\/wp-json\/wp\/v2\/product"}],"about":[{"href":"https:\/\/gursk.ro\/shop\/wp-json\/wp\/v2\/types\/product"}],"replies":[{"embeddable":true,"href":"https:\/\/gursk.ro\/shop\/wp-json\/wp\/v2\/comments?post=6160"}],"version-history":[{"count":0,"href":"https:\/\/gursk.ro\/shop\/wp-json\/wp\/v2\/product\/6160\/revisions"}],"wp:featuredmedia":[{"embeddable":true,"href":"https:\/\/gursk.ro\/shop\/wp-json\/wp\/v2\/media\/6175"}],"wp:attachment":[{"href":"https:\/\/gursk.ro\/shop\/wp-json\/wp\/v2\/media?parent=6160"}],"wp:term":[{"taxonomy":"product_brand","embeddable":true,"href":"https:\/\/gursk.ro\/shop\/wp-json\/wp\/v2\/product_brand?post=6160"},{"taxonomy":"product_cat","embeddable":true,"href":"https:\/\/gursk.ro\/shop\/wp-json\/wp\/v2\/product_cat?post=6160"},{"taxonomy":"product_tag","embeddable":true,"href":"https:\/\/gursk.ro\/shop\/wp-json\/wp\/v2\/product_tag?post=6160"},{"taxonomy":"product_partner","embeddable":true,"href":"https:\/\/gursk.ro\/shop\/wp-json\/wp\/v2\/product_partner?post=6160"}],"curies":[{"name":"wp","href":"https:\/\/api.w.org\/{rel}","templated":true}]}}