{"id":6156,"date":"2025-09-18T18:37:41","date_gmt":"2025-09-18T15:37:41","guid":{"rendered":"https:\/\/gursk.ro\/shop\/?post_type=product&#038;p=6156"},"modified":"2026-01-31T14:28:24","modified_gmt":"2026-01-31T11:28:24","slug":"g2023303-fir-sutura-monosyn-nevopsit-resorbabil-din-monofilament-de-gliconat-4-0-45cm-18-ds16","status":"publish","type":"product","link":"https:\/\/gursk.ro\/shop\/produs\/g2023303-fir-sutura-monosyn-nevopsit-resorbabil-din-monofilament-de-gliconat-4-0-45cm-18-ds16\/","title":{"rendered":"G2023303 &#8211; FIR SUTURA MONOSYN NEVOPSIT RESORBABIL DIN MONOFILAMENT DE GLICONAT 4\/0 45CM 18&#8221; DS16"},"content":{"rendered":"<p>Firul de sutur\u0103 <strong>Monosyn G2023303<\/strong> este un fir resorbabil, transparent, fabricat din monofilament de gliconat, utilizat \u00een proceduri chirurgicale pentru ligaturarea \u0219i sutura \u021besuturilor moi. Acesta ofer\u0103 o manipulare excelent\u0103 \u0219i o rezisten\u021b\u0103 constant\u0103 p\u00e2n\u0103 la resorb\u021bia complet\u0103.<\/p>\n<p><strong>Specifica\u021bii:<\/strong><\/p>\n<ul>\n<li><strong>Tip:<\/strong> Monofilament resorbabil, nevopsit<\/li>\n<li><strong>Material:<\/strong> Gliconat<\/li>\n<li><strong>M\u0103rime fir:<\/strong> 4\/0 USP<\/li>\n<li><strong>Lungime:<\/strong> 45 cm<\/li>\n<li><strong>Acul:<\/strong> Triunghiular, DS16, cu lungime de 18 inch (aproximativ 45 mm)<\/li>\n<li><strong>Indica\u021bii:<\/strong> Ideal pentru sutura \u021besuturilor moi, utilizat \u00een diverse interven\u021bii chirurgicale<\/li>\n<\/ul>\n<p>Acest fir de sutur\u0103 este cunoscut pentru manipularea u\u0219oar\u0103 \u0219i capacitatea sa de a oferi o sutur\u0103 eficient\u0103 \u0219i de lung\u0103 durat\u0103.<\/p>\n","protected":false},"excerpt":{"rendered":"<p>Firul de sutur\u0103 <strong>Monosyn G2023303<\/strong> este un fir resorbabil, transparent, fabricat din monofilament de gliconat, utilizat \u00een proceduri chirurgicale pentru ligaturarea \u0219i sutura \u021besuturilor moi. Acesta ofer\u0103 o manipulare excelent\u0103 \u0219i o rezisten\u021b\u0103 constant\u0103 p\u00e2n\u0103 la resorb\u021bia complet\u0103.<\/p>\n","protected":false},"featured_media":6174,"comment_status":"closed","ping_status":"closed","template":"","meta":{"_kad_blocks_custom_css":"","_kad_blocks_head_custom_js":"","_kad_blocks_body_custom_js":"","_kad_blocks_footer_custom_js":"","_kadence_starter_templates_imported_post":false,"_kad_post_transparent":"","_kad_post_title":"","_kad_post_layout":"","_kad_post_sidebar_id":"","_kad_post_content_style":"","_kad_post_vertical_padding":"","_kad_post_feature":"","_kad_post_feature_position":"","_kad_post_header":false,"_kad_post_footer":false,"_kad_post_classname":""},"product_brand":[394],"product_cat":[50,88],"product_tag":[469,546],"product_partner":[],"class_list":{"0":"post-6156","1":"product","2":"type-product","3":"status-publish","4":"has-post-thumbnail","6":"product_brand-b-braun","7":"product_cat-biomateriale-si-materiale-de-sutura","8":"product_cat-fire-sutura","9":"product_tag-onlineorder","10":"product_tag-fir-de-sutura-stomatologie","12":"first","13":"outofstock","14":"taxable","15":"shipping-taxable","16":"purchasable","17":"product-type-simple","18":"entry","19":"content-bg","20":"loop-entry"},"taxonomy_info":{"product_brand":[{"value":394,"label":"B Braun"}],"product_cat":[{"value":50,"label":"Biomateriale \u0219i materiale de sutur\u0103"},{"value":88,"label":"Fire sutur\u0103"}],"product_tag":[{"value":469,"label":"#onlineorder"},{"value":546,"label":"fir de sutura stomatologie"}]},"featured_image_src_large":["https:\/\/gursk.ro\/shop\/wp-content\/uploads\/2024\/11\/monosyn-quick.jpeg",400,400,false],"author_info":[],"comment_info":0,"_links":{"self":[{"href":"https:\/\/gursk.ro\/shop\/wp-json\/wp\/v2\/product\/6156","targetHints":{"allow":["GET"]}}],"collection":[{"href":"https:\/\/gursk.ro\/shop\/wp-json\/wp\/v2\/product"}],"about":[{"href":"https:\/\/gursk.ro\/shop\/wp-json\/wp\/v2\/types\/product"}],"replies":[{"embeddable":true,"href":"https:\/\/gursk.ro\/shop\/wp-json\/wp\/v2\/comments?post=6156"}],"version-history":[{"count":0,"href":"https:\/\/gursk.ro\/shop\/wp-json\/wp\/v2\/product\/6156\/revisions"}],"wp:featuredmedia":[{"embeddable":true,"href":"https:\/\/gursk.ro\/shop\/wp-json\/wp\/v2\/media\/6174"}],"wp:attachment":[{"href":"https:\/\/gursk.ro\/shop\/wp-json\/wp\/v2\/media?parent=6156"}],"wp:term":[{"taxonomy":"product_brand","embeddable":true,"href":"https:\/\/gursk.ro\/shop\/wp-json\/wp\/v2\/product_brand?post=6156"},{"taxonomy":"product_cat","embeddable":true,"href":"https:\/\/gursk.ro\/shop\/wp-json\/wp\/v2\/product_cat?post=6156"},{"taxonomy":"product_tag","embeddable":true,"href":"https:\/\/gursk.ro\/shop\/wp-json\/wp\/v2\/product_tag?post=6156"},{"taxonomy":"product_partner","embeddable":true,"href":"https:\/\/gursk.ro\/shop\/wp-json\/wp\/v2\/product_partner?post=6156"}],"curies":[{"name":"wp","href":"https:\/\/api.w.org\/{rel}","templated":true}]}}