{"id":6115,"date":"2025-09-18T18:37:20","date_gmt":"2025-09-18T15:37:20","guid":{"rendered":"https:\/\/gursk.ro\/shop\/?post_type=product&#038;p=6115"},"modified":"2026-03-09T17:25:02","modified_gmt":"2026-03-09T14:25:02","slug":"dc400r-scaler-ergofill-wiland","status":"publish","type":"product","link":"https:\/\/gursk.ro\/shop\/produs\/dc400r-scaler-ergofill-wiland\/","title":{"rendered":"DC400R &#8211; SCALER ERGOFILL WILAND"},"content":{"rendered":"<p>Scalerul <strong>DC400R<\/strong> din gama <strong>ERGOFILL<\/strong> este un instrument stomatologic de \u00eenalt\u0103 calitate, conceput pentru \u00eendep\u0103rtarea eficient\u0103 a tartrului \u0219i a pl\u0103cii bacteriene. Designul s\u0103u ergonomic asigur\u0103 confort \u0219i precizie \u00een timpul utiliz\u0103rii.<\/p>\n<p><strong>Descriere detaliat\u0103:<\/strong><\/p>\n<ul>\n<li><strong>Design ergonomic:<\/strong> M\u00e2nerul special conceput ofer\u0103 o prindere sigur\u0103 \u0219i confortabil\u0103, reduc\u00e2nd oboseala m\u00e2inii \u0219i \u00eembun\u0103t\u0103\u021bind controlul \u00een timpul procedurilor.<\/li>\n<li><strong>Material de calitate superioar\u0103:<\/strong> Fabricat din o\u021bel inoxidabil de \u00eenalt\u0103 calitate, asigur\u00e2nd durabilitate \u0219i rezisten\u021b\u0103 la coroziune.<\/li>\n<li><strong>Cap\u0103t activ:<\/strong> Proiectat pentru a facilita accesul \u00een zonele dificile ale cavit\u0103\u021bii bucale, permi\u021b\u00e2nd \u00eendep\u0103rtarea precis\u0103 a depunerilor de pe suprafa\u021ba din\u021bilor.<\/li>\n<li><strong>Utilizare versatil\u0103:<\/strong> Ideal pentru proceduri de profilaxie \u0219i tratamente parodontale, contribuind la men\u021binerea s\u0103n\u0103t\u0103\u021bii orale optime.<\/li>\n<\/ul>\n","protected":false},"excerpt":{"rendered":"<p>Scalerul <strong>DC400R<\/strong> din gama <strong>ERGOFILL<\/strong> este un instrument stomatologic de \u00eenalt\u0103 calitate, conceput pentru \u00eendep\u0103rtarea eficient\u0103 a tartrului \u0219i a pl\u0103cii bacteriene. Designul s\u0103u ergonomic asigur\u0103 confort \u0219i precizie \u00een timpul utiliz\u0103rii.<\/p>\n","protected":false},"featured_media":6131,"comment_status":"closed","ping_status":"closed","template":"","meta":{"_kad_blocks_custom_css":"","_kad_blocks_head_custom_js":"","_kad_blocks_body_custom_js":"","_kad_blocks_footer_custom_js":"","_kadence_starter_templates_imported_post":false,"_kad_post_transparent":"","_kad_post_title":"","_kad_post_layout":"","_kad_post_sidebar_id":"","_kad_post_content_style":"","_kad_post_vertical_padding":"","_kad_post_feature":"","_kad_post_feature_position":"","_kad_post_header":false,"_kad_post_footer":false,"_kad_post_classname":""},"product_brand":[394],"product_cat":[15],"product_tag":[],"product_partner":[],"class_list":{"0":"post-6115","1":"product","2":"type-product","3":"status-publish","4":"has-post-thumbnail","6":"product_brand-b-braun","7":"product_cat-uncategorized","9":"first","10":"instock","11":"taxable","12":"shipping-taxable","13":"purchasable","14":"product-type-simple","15":"entry","16":"content-bg","17":"loop-entry"},"taxonomy_info":{"product_brand":[{"value":394,"label":"B Braun"}],"product_cat":[{"value":15,"label":"Uncategorized"}]},"featured_image_src_large":["https:\/\/gursk.ro\/shop\/wp-content\/uploads\/2024\/11\/big_DC400R.png",1000,1000,false],"author_info":[],"comment_info":0,"_links":{"self":[{"href":"https:\/\/gursk.ro\/shop\/wp-json\/wp\/v2\/product\/6115","targetHints":{"allow":["GET"]}}],"collection":[{"href":"https:\/\/gursk.ro\/shop\/wp-json\/wp\/v2\/product"}],"about":[{"href":"https:\/\/gursk.ro\/shop\/wp-json\/wp\/v2\/types\/product"}],"replies":[{"embeddable":true,"href":"https:\/\/gursk.ro\/shop\/wp-json\/wp\/v2\/comments?post=6115"}],"version-history":[{"count":0,"href":"https:\/\/gursk.ro\/shop\/wp-json\/wp\/v2\/product\/6115\/revisions"}],"wp:featuredmedia":[{"embeddable":true,"href":"https:\/\/gursk.ro\/shop\/wp-json\/wp\/v2\/media\/6131"}],"wp:attachment":[{"href":"https:\/\/gursk.ro\/shop\/wp-json\/wp\/v2\/media?parent=6115"}],"wp:term":[{"taxonomy":"product_brand","embeddable":true,"href":"https:\/\/gursk.ro\/shop\/wp-json\/wp\/v2\/product_brand?post=6115"},{"taxonomy":"product_cat","embeddable":true,"href":"https:\/\/gursk.ro\/shop\/wp-json\/wp\/v2\/product_cat?post=6115"},{"taxonomy":"product_tag","embeddable":true,"href":"https:\/\/gursk.ro\/shop\/wp-json\/wp\/v2\/product_tag?post=6115"},{"taxonomy":"product_partner","embeddable":true,"href":"https:\/\/gursk.ro\/shop\/wp-json\/wp\/v2\/product_partner?post=6115"}],"curies":[{"name":"wp","href":"https:\/\/api.w.org\/{rel}","templated":true}]}}