{"id":6113,"date":"2025-09-18T18:37:20","date_gmt":"2025-09-18T15:37:20","guid":{"rendered":"https:\/\/gursk.ro\/shop\/?post_type=product&#038;p=6113"},"modified":"2026-02-04T14:52:15","modified_gmt":"2026-02-04T11:52:15","slug":"seringa-anestezie-stomatologie-aspira-plus-ii-sl118r","status":"publish","type":"product","link":"https:\/\/gursk.ro\/shop\/produs\/seringa-anestezie-stomatologie-aspira-plus-ii-sl118r\/","title":{"rendered":"Sering\u0103 anestezie stomatologie Aspira Plus II SL118R"},"content":{"rendered":"<p>Seringa de anestezie <strong>Aspira Plus II SL118R<\/strong> este un instrument fiabil \u0219i eficient pentru administrarea precis\u0103 a anestezicelor \u00een interven\u021biile stomatologice. Dotat\u0103 cu m\u00e2ner de tip c\u00e2rlig \u0219i prindere pentru ac lung, permite o utilizare controlat\u0103 \u0219i comod\u0103 \u00een diverse proceduri medicale.<\/p>\n<p>&nbsp;<\/p>\n<p>Acest model de sering\u0103 ofer\u0103 stabilitate \u0219i precizie, fiind ideal pentru utilizare \u00een practici stomatologice unde controlul \u0219i fiabilitatea sunt esen\u021biale<\/p>\n","protected":false},"excerpt":{"rendered":"<p>Seringa de anestezie <strong>Aspira Plus II SL118R<\/strong> este un instrument fiabil \u0219i eficient pentru administrarea precis\u0103 a anestezicelor \u00een interven\u021biile stomatologice. Dotat\u0103 cu m\u00e2ner de tip c\u00e2rlig \u0219i prindere pentru ac lung, permite o utilizare controlat\u0103 \u0219i comod\u0103 \u00een diverse proceduri medicale.<\/p>\n","protected":false},"featured_media":6130,"comment_status":"closed","ping_status":"closed","template":"","meta":{"_kad_blocks_custom_css":"","_kad_blocks_head_custom_js":"","_kad_blocks_body_custom_js":"","_kad_blocks_footer_custom_js":"","_kadence_starter_templates_imported_post":false,"_kad_post_transparent":"default","_kad_post_title":"","_kad_post_layout":"default","_kad_post_sidebar_id":"","_kad_post_content_style":"default","_kad_post_vertical_padding":"default","_kad_post_feature":"","_kad_post_feature_position":"","_kad_post_header":false,"_kad_post_footer":false,"_kad_post_classname":""},"product_brand":[394],"product_cat":[694,25],"product_tag":[469],"product_partner":[],"class_list":{"0":"post-6113","1":"product","2":"type-product","3":"status-publish","4":"has-post-thumbnail","6":"product_brand-b-braun","7":"product_cat-alte-instrumente","8":"product_cat-instrumentar-stomatologie","9":"product_tag-onlineorder","11":"first","12":"instock","13":"taxable","14":"shipping-taxable","15":"purchasable","16":"product-type-simple","17":"entry","18":"content-bg","19":"loop-entry"},"taxonomy_info":{"product_brand":[{"value":394,"label":"B Braun"}],"product_cat":[{"value":694,"label":"Alte instrumente"},{"value":25,"label":"Instrumentar stomatologie"}],"product_tag":[{"value":469,"label":"#onlineorder"}]},"featured_image_src_large":["https:\/\/gursk.ro\/shop\/wp-content\/uploads\/2024\/11\/SL118R_06_1.jpg",800,266,false],"author_info":[],"comment_info":0,"_links":{"self":[{"href":"https:\/\/gursk.ro\/shop\/wp-json\/wp\/v2\/product\/6113","targetHints":{"allow":["GET"]}}],"collection":[{"href":"https:\/\/gursk.ro\/shop\/wp-json\/wp\/v2\/product"}],"about":[{"href":"https:\/\/gursk.ro\/shop\/wp-json\/wp\/v2\/types\/product"}],"replies":[{"embeddable":true,"href":"https:\/\/gursk.ro\/shop\/wp-json\/wp\/v2\/comments?post=6113"}],"version-history":[{"count":1,"href":"https:\/\/gursk.ro\/shop\/wp-json\/wp\/v2\/product\/6113\/revisions"}],"predecessor-version":[{"id":9431,"href":"https:\/\/gursk.ro\/shop\/wp-json\/wp\/v2\/product\/6113\/revisions\/9431"}],"wp:featuredmedia":[{"embeddable":true,"href":"https:\/\/gursk.ro\/shop\/wp-json\/wp\/v2\/media\/6130"}],"wp:attachment":[{"href":"https:\/\/gursk.ro\/shop\/wp-json\/wp\/v2\/media?parent=6113"}],"wp:term":[{"taxonomy":"product_brand","embeddable":true,"href":"https:\/\/gursk.ro\/shop\/wp-json\/wp\/v2\/product_brand?post=6113"},{"taxonomy":"product_cat","embeddable":true,"href":"https:\/\/gursk.ro\/shop\/wp-json\/wp\/v2\/product_cat?post=6113"},{"taxonomy":"product_tag","embeddable":true,"href":"https:\/\/gursk.ro\/shop\/wp-json\/wp\/v2\/product_tag?post=6113"},{"taxonomy":"product_partner","embeddable":true,"href":"https:\/\/gursk.ro\/shop\/wp-json\/wp\/v2\/product_partner?post=6113"}],"curies":[{"name":"wp","href":"https:\/\/api.w.org\/{rel}","templated":true}]}}