{"id":5752,"date":"2025-09-18T18:33:07","date_gmt":"2025-09-18T15:33:07","guid":{"rendered":"https:\/\/gursk.ro\/shop\/?post_type=product&#038;p=5752"},"modified":"2026-01-31T14:28:41","modified_gmt":"2026-01-31T11:28:41","slug":"echipament-radiologie-dentara-vatech-green-x-12","status":"publish","type":"product","link":"https:\/\/gursk.ro\/shop\/produs\/echipament-radiologie-dentara-vatech-green-x-12\/","title":{"rendered":"Echipament radiologie dentar\u0103 Vatech Green X\u2122 12"},"content":{"rendered":"<p>Echipament radiologie dentar\u0103 <strong>Vatech<\/strong> <strong>Green X 12<\/strong> este un sistem avansat de ultim\u0103 genera\u021bie 4-\u00een-1 avansat care combin\u0103 imagistica Cone Beam CT (CBCT), panoramarea, scanarea modelelor 3D (CAD-CAM) \u0219i func\u021bii endodontice specializate, oferind o solu\u021bie complet\u0103 pentru diagnostic \u0219i tratament \u00een stomatologie.<\/p>\n<p><!--StartFragment --><\/p>\n<p class=\"pf0\"><span class=\"cf0\">Green X<\/span><span class=\"cf1\">\u2122 12<\/span><!--EndFragment --> <!--StartFragment --><span class=\"cf0\">ofer<\/span><span class=\"cf0\">\u0103 capabilit\u0103\u021bi avansate de imagistic\u0103 pentru o varietate de proceduri dentare. Este conceput s\u0103 r\u0103spund\u0103 nevoilor medicilor stomatologi de toate specializ\u0103rile <\/span><span class=\"cf1\">\u2014 de la implantologie <\/span><span class=\"cf1\">p<\/span><span class=\"cf2\">\u00e2n<\/span><span class=\"cf3\">\u0103<\/span><span class=\"cf3\"> la <\/span><span class=\"cf3\">endodon\u021bie<\/span><span class=\"cf3\">.<\/span><\/p>\n<p>&nbsp;<\/p>\n<p><!--EndFragment --><\/p>\n<div class=\"entry-content-asset videofit\"><iframe title=\"Green X 12 - Level 1 Training (Hardware and Software)\" width=\"720\" height=\"405\" src=\"https:\/\/www.youtube.com\/embed\/sPXx5XsTIPI?list=PLBxR7VKPFACVGJA17eVk_8rvg1J1TMDqY\" frameborder=\"0\" allow=\"accelerometer; autoplay; clipboard-write; encrypted-media; gyroscope; picture-in-picture; web-share\" referrerpolicy=\"strict-origin-when-cross-origin\" allowfullscreen><\/iframe><\/div>\n<h3><\/h3>\n<h3><\/h3>\n<h3 class=\"clearAndWidth\"><strong>Tehnologii inovatoare incluse:<\/strong><\/h3>\n<h3><strong>1. SMART FOCUS: 1 scanare, 5 imagini<\/strong><\/h3>\n<p>Cu o singur\u0103 scanare, <span class=\"cf0\">Green X<\/span><span class=\"cf1\">\u2122<\/span> 12 genereaz\u0103 5 imagini de \u00eenalt\u0103 rezolu\u021bie: trei imagini de 4&#215;4 cm, o imagine de 12&#215;8,5 cm \u0219i o imagine Auto PANO. Acest lucru reduce timpul de munc\u0103 pentru personal \u0219i minimizeaz\u0103 expunerea la radia\u021bii pentru pacien\u021bi, asigur\u00e2nd un flux de lucru mai eficient \u0219i rapid.<\/p>\n<p>&nbsp;<\/p>\n<p>&nbsp;<\/p>\n<p><a href=\"https:\/\/gursk.ro\/shop\/wp-content\/uploads\/2025\/11\/1.webp\"><img fetchpriority=\"high\" decoding=\"async\" class=\"alignnone wp-image-27130 \" src=\"https:\/\/gursk.ro\/shop\/wp-content\/uploads\/2025\/11\/1.webp\" alt=\"\" width=\"1153\" height=\"648\" \/><\/a><\/p>\n<h3><\/h3>\n<h3><strong>2. Selectarea Multi-FOV <!--StartFragment --><span class=\"cf0\">(Multiple Field of View)<\/span><\/strong><\/h3>\n<h3><strong><!--EndFragment --><\/strong><\/h3>\n<p>Dispozitivul ofer\u0103 5 op\u021biuni de c\u00e2mp vizual (FOV) \u00eentre 4&#215;4 cm \u0219i 12&#215;8,5 cm, toate cu doz\u0103 redus\u0103. Cu func\u021bia Double Scan, pute\u021bi extinde imaginea la 12&#215;14 cm pentru o analiz\u0103 complet\u0103 a arcului dentar, inclusiv articula\u021bia temporo-mandibular\u0103 (ATM).<\/p>\n<p>&nbsp;<\/p>\n<p><a href=\"https:\/\/gursk.ro\/shop\/wp-content\/uploads\/2025\/11\/1_Green-X-12.png\"><img decoding=\"async\" class=\"alignnone wp-image-27131 size-full\" src=\"https:\/\/gursk.ro\/shop\/wp-content\/uploads\/2025\/11\/1_Green-X-12.png\" alt=\"\" width=\"800\" height=\"450\" \/><\/a><\/p>\n<p>&nbsp;<\/p>\n<h3><strong>3. Modul Endo &#8211; imagini cu rezolu\u021bie \u00eenalt\u0103<\/strong><\/h3>\n<p>Ideal pentru endodon\u021bie, modul Endo ofer\u0103 imagini de volum de 4&#215;4 cm cu dimensiunea voxelului de 49,5 microni. Aceast\u0103 tehnologie permite diagnosticarea \u0219i tratamentul extrem de precis al regiunilor mici \u0219i detaliate. <span class=\"cf0\">Ideal pentru utilizarea endodontic<\/span><span class=\"cf0\">\u0103, oferind imagini la rezolu\u021bie <\/span><span class=\"cf1\">\u00eenalt<\/span><span class=\"cf2\">\u0103<\/span><span class=\"cf2\">.<\/span><\/p>\n<p><!--StartFragment --><\/p>\n<p><!--EndFragment --> <!--StartFragment --><\/p>\n<p class=\"pf0\"><span class=\"cf0\">De asemenea, segmentarea AI ofer<\/span><span class=\"cf0\">\u0103 desen automat <\/span><span class=\"cf1\">\u00een<\/span> <span class=\"cf1\">dou<\/span><span class=\"cf2\">\u0103<\/span> <span class=\"cf2\">clicuri<\/span><span class=\"cf2\"> al <\/span><span class=\"cf2\">canalului<\/span><span class=\"cf2\"> radicular, cu <\/span><span class=\"cf2\">m\u0103surarea<\/span> <span class=\"cf2\">automat\u0103<\/span><span class=\"cf2\"> a <\/span><span class=\"cf2\">lungimii<\/span> <span class=\"cf2\">\u0219i<\/span> <span class=\"cf2\">diametrului<\/span> <span class=\"cf2\">acestuia<\/span><span class=\"cf2\">.<\/span><\/p>\n<p>&nbsp;<\/p>\n<p><!--EndFragment --><\/p>\n<p><a href=\"https:\/\/gursk.ro\/shop\/wp-content\/uploads\/2025\/11\/2.webp\"><img decoding=\"async\" class=\"alignnone wp-image-27132 \" src=\"https:\/\/gursk.ro\/shop\/wp-content\/uploads\/2025\/11\/2.webp\" alt=\"\" width=\"1168\" height=\"657\" \/><\/a><\/p>\n<p>&nbsp;<\/p>\n<h3><strong>4. INSIGHT 2.0 \/ Free FOV<\/strong><\/h3>\n<p>Func\u021bia Insight Pan creeaz\u0103 o imagine panoramic\u0103 multistratificat\u0103 care ofer\u0103 o privire unic\u0103 \u00een profunzime. Insight 2.0 introduce FOV liber, permi\u021b\u00e2nd captarea exclusiv a zonei de interes.<\/p>\n<p>&nbsp;<\/p>\n<p><!--StartFragment --><\/p>\n<h3 class=\"pf0\"><strong><span class=\"cf0\">Integrare cu software AI (Ez3D-i)<\/span><\/strong><\/h3>\n<p class=\"pf0\"><span class=\"cf0\">Softul Ez3D-i include instrumente AI precum segmentare automat<\/span><span class=\"cf0\">\u0103 anatomic\u0103, trasare intuitiv\u0103 a canalelor radiculare cu dou\u0103 clicuri (cu m\u0103surarea <\/span><span class=\"cf0\">lungimii<\/span> <span class=\"cf0\">\u0219i<\/span> <span class=\"cf0\">diametrului<\/span><span class=\"cf0\">) <\/span><span class=\"cf0\">\u0219i<\/span> <span class=\"cf0\">planificare<\/span><span class=\"cf0\"> de implant <\/span><span class=\"cf0\">inteligent\u0103<\/span><span class=\"cf0\"> cu <\/span><span class=\"cf0\">oglindire<\/span><span class=\"cf0\"> de <\/span><span class=\"cf0\">coroan\u0103<\/span><span class=\"cf0\">. <\/span><span class=\"cf0\">Pentru<\/span> <span class=\"cf0\">canalul<\/span><span class=\"cf0\"> mandibular, <\/span><span class=\"cf0\">softul<\/span> <span class=\"cf0\">detecteaz\u0103<\/span> <span class=\"cf0\">\u0219i<\/span> <span class=\"cf0\">traseaz\u0103<\/span><span class=\"cf0\"> automat <\/span><span class=\"cf0\">canalul<\/span><span class=\"cf0\"> mandibular, <\/span><span class=\"cf0\">sprijinind<\/span><span class=\"cf0\"> o <\/span><span class=\"cf0\">planificare<\/span> <span class=\"cf0\">mai<\/span> <span class=\"cf0\">sigur\u0103<\/span> <span class=\"cf0\">\u0219i<\/span> <span class=\"cf0\">reduc<\/span><span class=\"cf1\">\u00e2nd<\/span> <span class=\"cf1\">riscul<\/span><span class=\"cf1\"> de <\/span><span class=\"cf1\">leziuni<\/span> <span class=\"cf1\">nervoase<\/span><span class=\"cf1\">.<\/span><\/p>\n<p><!--StartFragment --><\/p>\n<p><!--EndFragment --><\/p>\n<p><!--EndFragment --><\/p>\n<p><!--StartFragment --><\/p>\n<h3 class=\"pf0\"><strong><span class=\"cf0\">Garan<\/span><span class=\"cf0\">\u021bie \u0219i fiabilitate<\/span><\/strong><\/h3>\n<p class=\"pf0\"><span class=\"cf0\">Green X<span class=\"cf1\">\u2122<\/span> 12 vine cu garan\u021bie complet\u0103 pentru piese de <\/span><span class=\"cf0\">p<\/span><span class=\"cf1\">\u00e2n<\/span><span class=\"cf2\">\u0103<\/span><span class=\"cf2\"> la 5 ani <\/span><span class=\"cf2\">\u0219i<\/span><span class=\"cf2\">, <\/span><span class=\"cf1\">\u00een<\/span><span class=\"cf1\"> plus, <\/span><span class=\"cf1\">garan<\/span><span class=\"cf2\">\u021bie<\/span> <span class=\"cf2\">extins\u0103<\/span><span class=\"cf2\"> de <\/span><span class=\"cf2\">p<\/span><span class=\"cf1\">\u00e2n<\/span><span class=\"cf2\">\u0103<\/span><span class=\"cf2\"> la 10 ani <\/span><span class=\"cf2\">pentru<\/span> <span class=\"cf2\">senzor<\/span> <span class=\"cf2\">\u0219i<\/span><span class=\"cf2\"> generator.<\/span><\/p>\n<p><!--EndFragment --><\/p>\n<p>&nbsp;<\/p>\n<div class=\"elementor-element elementor-element-bb1d3cb e-flex e-con-boxed e-con e-child\" data-id=\"bb1d3cb\" data-element_type=\"container\">\n<div class=\"e-con-inner\">\n<div class=\"elementor-element elementor-element-6b56c68 elementor-widget elementor-widget-text-editor\" data-id=\"6b56c68\" data-element_type=\"widget\" data-widget_type=\"text-editor.default\">\n<div class=\"elementor-widget-container\">\n<p>&nbsp;<\/p>\n<\/div>\n<h3 class=\"pf0\"><strong><span class=\"cf0\">Beneficii pentru medici:<\/span><\/strong><\/h3>\n<ul>\n<li class=\"pf0\"><strong><span class=\"cf0\">Diagnostic mai precis <\/span><span class=\"cf0\">\u0219i detaliat: <\/span><\/strong>CBCT ofer\u0103 imagini 3D ale structurilor osoase, din\u021bilor, nervilor \u0219i \u021besuturilor moi, ceea ce permite detectarea unor leziuni, canale radiculare complexe sau rela\u021bii anatomice care nu apar pe radiografii 2D.<\/li>\n<\/ul>\n<ul>\n<li class=\"pf0\"><strong><span class=\"cf0\">Planificare tratamente optimizat\u0103: <\/span><\/strong><span class=\"cf0\">c<\/span>u informa\u021bii volumetrice \u0219i m\u0103sur\u0103tori precise (<span class=\"cf1\" style=\"font-size: 1rem;\">\u00een<\/span><span class=\"cf2\" style=\"font-size: 1rem;\">\u0103l\u021bime, grosime osoas\u0103, orientare nervoas\u0103 etc.), medicul poate planifica mai sigur implanturi, interven\u021bii chirurgicale, endodon\u021bii sau ortodon\u021bie.<\/span><\/li>\n<\/ul>\n<ul>\n<li class=\"pf0\"><strong><span class=\"cf2\">Reducerea num\u0103rului de scan\u0103ri \/ eficien\u021b\u0103 crescut\u0103: <\/span><\/strong><span class=\"cf2\">f<\/span>unc\u021bia <span class=\"cf3\" style=\"font-size: 1rem;\">\u201eSmart Focus\u201d a Green X 12 permite ob<\/span><span class=\"cf2\" style=\"font-size: 1rem;\">\u021binerea simultan\u0103 a mai multor imagini (Full Arch + imagini detaliate 4<\/span><span class=\"cf1\" style=\"font-size: 1rem;\">\u00d74 + Auto Pano) cu o singur<\/span><span class=\"cf2\" style=\"font-size: 1rem;\">\u0103 scanare, ceea ce reduce timpul, expunerea \u0219i complexitatea fluxului de lucru.<\/span><\/li>\n<\/ul>\n<ul>\n<li class=\"pf0\"><strong><span class=\"cf2\">Flux de lucru mai eficient \u0219i mai rapid: <\/span><\/strong><span class=\"cf2\">c<\/span>ombina\u021bia de imagini multiple \u0219i software de navigare \/ vizualizare integrat\u0103 (One Viewer) ajut\u0103 personalul \u0219i medicul s\u0103 acceseze date multiple f\u0103r\u0103 a comuta <span class=\"cf1\" style=\"font-size: 1rem;\">\u00eentre aparate diferite.<\/span><\/li>\n<\/ul>\n<ul>\n<li class=\"pf0\"><strong><span class=\"cf1\">Extinderea portofoliului de servicii: <\/span><\/strong><span class=\"cf1\">d<\/span>ispun\u00e2nd de CBCT \u00een cabinet, po<span class=\"cf2\" style=\"font-size: 1rem;\">\u021bi aborda mai multe tipuri de tratamente (implantologie, endodon\u021bie complex\u0103, chirurgie, evalu\u0103ri TMJ etc.), ceea ce poate cre\u0219te atractivitatea clinicii.<\/span><\/li>\n<\/ul>\n<ul>\n<li class=\"pf0\"><strong><span class=\"cf2\">Avantaj competitiv \u0219i imagine modern\u0103: <\/span><\/strong><span class=\"cf2\">o<\/span>\u00a0tehnologie de ultim\u0103 genera\u021bie <span class=\"cf1\" style=\"font-size: 1rem;\">\u00een cabinet transmite \u00eencredere pacien<\/span><span class=\"cf2\" style=\"font-size: 1rem;\">\u021bilor \u0219i diferen\u021biaz\u0103 serviciile clinicii pe pia\u021b\u0103.<\/span><\/li>\n<\/ul>\n<ul>\n<li class=\"pf0\"><strong><span class=\"cf2\">Garan\u021bii extinse \/ fiabilitate: <\/span><\/strong><span class=\"cf2\">\u00ee<\/span>n cazul Green X 12, se ofer<span class=\"cf2\" style=\"font-size: 1rem;\">\u0103 garan\u021bie de 5 ani pentru piese <\/span><span class=\"cf1\" style=\"font-size: 1rem;\">\u00eentregi <\/span><span class=\"cf2\" style=\"font-size: 1rem;\">\u0219i garan\u021bie special\u0103 de 10 ani pentru senzor \u0219i generator <\/span><span class=\"cf3\" style=\"font-size: 1rem;\">\u2014 ceea ce reduce riscurile financiare pe termen lung.<\/span><\/li>\n<\/ul>\n<h3 class=\"pf0\"><strong><span class=\"cf3\">Avantaje pentru pacien<\/span><span class=\"cf2\">\u021bi<\/span><\/strong><\/h3>\n<ul>\n<li class=\"pf0\"><strong><span class=\"cf2\">Expunere redus\u0103 la radia\u021bii: <\/span><\/strong>CBCT implic\u0103 o doz\u0103 de radia\u021bii mai mic\u0103 comparativ cu CT medical conven\u021bional, pentru volume echivalente.<\/li>\n<\/ul>\n<ul>\n<li class=\"pf0\"><strong><span class=\"cf2\">Investigare complet\u0103 <\/span><span class=\"cf1\">\u00eentr-un singur examen: <\/span><\/strong><span class=\"cf1\">d<\/span>eoarece Green X 12 poate furniza simultan imagini panoramice <span class=\"cf2\" style=\"font-size: 1rem;\">\u0219i 3D (CT + Auto Pano) <\/span><span class=\"cf1\" style=\"font-size: 1rem;\">\u00eentr-o singur<\/span><span class=\"cf2\" style=\"font-size: 1rem;\">\u0103 scanare, pacientul nu trebuie s\u0103 suporte dou\u0103 expuneri separate.<\/span><\/li>\n<\/ul>\n<ul>\n<li class=\"pf0\"><strong><span class=\"cf2\">Durat\u0103 scurt\u0103 a procedurii: <\/span><\/strong><span class=\"cf2\">s<\/span>can\u0103rile CBCT sunt rapide, reduc<span class=\"cf1\" style=\"font-size: 1rem;\">\u00e2nd disconfortul <\/span><span class=\"cf2\" style=\"font-size: 1rem;\">\u0219i timpul petrecut <\/span><span class=\"cf1\" style=\"font-size: 1rem;\">\u00een aparatul de imagistic<\/span><span class=\"cf2\" style=\"font-size: 1rem;\">\u0103.<\/span><\/li>\n<\/ul>\n<ul>\n<li class=\"pf0\"><strong><span class=\"cf2\">Diagnostic mai corect \u0219i interven\u021bii mai sigure: <\/span><\/strong><span class=\"cf2\">v<\/span>izualizarea exact\u0103 a structurilor anatomice (ex: nerv mandibular, fosele nazale, grosimea osului) reduce riscul de complica\u021bii sau surprize chirurgicale.<\/li>\n<\/ul>\n<ul>\n<li class=\"pf0\"><strong><span class=\"cf2\">Explica\u021bii vizuale mai bune: <\/span><\/strong><span class=\"cf2\">i<\/span>maginile 3D pot fi explicate pacientului, ajut<span class=\"cf1\" style=\"font-size: 1rem;\">\u00e2ndu-l s<\/span><span class=\"cf2\" style=\"font-size: 1rem;\">\u0103 <\/span><span class=\"cf1\" style=\"font-size: 1rem;\">\u00een<\/span><span class=\"cf2\" style=\"font-size: 1rem;\">\u021beleag\u0103 boala sau tratamentul propus \u0219i s\u0103 accepte mai u\u0219or planul terapeutic.<\/span><\/li>\n<\/ul>\n<ul>\n<li class=\"pf0\"><strong><span class=\"cf2\">Tratament mai rapid \u0219i mai bun: <\/span><\/strong><span class=\"cf2\">c<\/span>u date precise, deciziile se pot lua mai repede \u0219i se pot evita retu\u015furi, reinterven\u021bii sau extensii de tratament, ceea ce <span class=\"cf1\" style=\"font-size: 1rem;\">\u00eenseamn<\/span><span class=\"cf2\" style=\"font-size: 1rem;\">\u0103 mai pu\u021bin stres, mai pu\u021bin timp \u0219i costuri reduse pentru pacient.<\/span><\/li>\n<\/ul>\n<\/div>\n<\/div>\n<\/div>\n","protected":false},"excerpt":{"rendered":"<p><span class=\"cf0\">Vatech Green X<\/span><span class=\"cf1\">\u2122<\/span><span class=\"cf0\"> 12 este un echipament de radiologie dentar\u0103 premium, cu <\/span><!--EndFragment -->tehnologie de imagistic\u0103 4-\u00een-1 de ultim\u0103 genera\u021bie. Beneficia\u021bi de imagini panoramice, CBCT, scan\u0103ri 3D de \u00eenalt\u0103 rezolu\u021bie \u0219i cel mai avansat modul Endo, toate \u00eentr-un singur dispozitiv. Cu func\u021bii inovatoare precum SMART FOCUS \u0219i selec\u021bia Multi-FOV, <span class=\"cf0\">Green X<\/span><span class=\"cf1\">\u2122<\/span><span class=\"cf0\"> 12<\/span> asigur\u0103 rezultate precise, timp redus de scanare \u0219i expunere minim\u0103 la radia\u021bii pentru pacien\u021bi. Ideal pentru implantologie, endodon\u021bie \u0219i chirurgie oral\u0103. <strong>Garan\u021bie integral\u0103 de 5 ani pentru toate piesele dispozitivului<span class=\"cf2\">\u00a0<\/span><span class=\"cf2\">\u0219i<\/span><span class=\"cf2\">, <\/span><span class=\"cf1\">\u00een<\/span><span class=\"cf1\"> plus, <\/span><span class=\"cf1\">garan<\/span><span class=\"cf2\">\u021bie<\/span> <span class=\"cf2\">extins\u0103<\/span><span class=\"cf2\"> de <\/span><span class=\"cf2\">p<\/span><span class=\"cf1\">\u00e2n<\/span><span class=\"cf2\">\u0103<\/span><span class=\"cf2\"> la 10 ani <\/span><span class=\"cf2\">pentru<\/span> <span class=\"cf2\">senzor<\/span> <span class=\"cf2\">\u0219i<\/span><span class=\"cf2\"> generator.<\/span><\/strong><\/p>\n","protected":false},"featured_media":11492,"comment_status":"closed","ping_status":"closed","template":"","meta":{"_kad_blocks_custom_css":"","_kad_blocks_head_custom_js":"","_kad_blocks_body_custom_js":"","_kad_blocks_footer_custom_js":"","_kadence_starter_templates_imported_post":false,"_kad_post_transparent":"default","_kad_post_title":"","_kad_post_layout":"default","_kad_post_sidebar_id":"","_kad_post_content_style":"default","_kad_post_vertical_padding":"default","_kad_post_feature":"","_kad_post_feature_position":"","_kad_post_header":false,"_kad_post_footer":false,"_kad_post_classname":""},"product_brand":[426],"product_cat":[492,54],"product_tag":[470],"product_partner":[],"class_list":{"0":"post-5752","1":"product","2":"type-product","3":"status-publish","4":"has-post-thumbnail","6":"product_brand-vatech","7":"product_cat-echipamente-radiologie-dentara","8":"product_cat-echipamente-stomatologice","9":"product_tag-preorder","11":"first","12":"outofstock","13":"taxable","14":"shipping-taxable","15":"product-type-simple","16":"entry","17":"content-bg","18":"loop-entry"},"taxonomy_info":{"product_brand":[{"value":426,"label":"VATECH"}],"product_cat":[{"value":492,"label":"Echipamente radiologie dentar\u0103"},{"value":54,"label":"Echipamente Stomatologice"}],"product_tag":[{"value":470,"label":"#preorder"}]},"featured_image_src_large":["https:\/\/gursk.ro\/shop\/wp-content\/uploads\/2025\/09\/Echipament-radiologie-dentara-Vatech-Green-X\u2122-12-2.jpg",721,721,false],"author_info":[],"comment_info":0,"_links":{"self":[{"href":"https:\/\/gursk.ro\/shop\/wp-json\/wp\/v2\/product\/5752","targetHints":{"allow":["GET"]}}],"collection":[{"href":"https:\/\/gursk.ro\/shop\/wp-json\/wp\/v2\/product"}],"about":[{"href":"https:\/\/gursk.ro\/shop\/wp-json\/wp\/v2\/types\/product"}],"replies":[{"embeddable":true,"href":"https:\/\/gursk.ro\/shop\/wp-json\/wp\/v2\/comments?post=5752"}],"version-history":[{"count":1,"href":"https:\/\/gursk.ro\/shop\/wp-json\/wp\/v2\/product\/5752\/revisions"}],"predecessor-version":[{"id":8418,"href":"https:\/\/gursk.ro\/shop\/wp-json\/wp\/v2\/product\/5752\/revisions\/8418"}],"wp:featuredmedia":[{"embeddable":true,"href":"https:\/\/gursk.ro\/shop\/wp-json\/wp\/v2\/media\/11492"}],"wp:attachment":[{"href":"https:\/\/gursk.ro\/shop\/wp-json\/wp\/v2\/media?parent=5752"}],"wp:term":[{"taxonomy":"product_brand","embeddable":true,"href":"https:\/\/gursk.ro\/shop\/wp-json\/wp\/v2\/product_brand?post=5752"},{"taxonomy":"product_cat","embeddable":true,"href":"https:\/\/gursk.ro\/shop\/wp-json\/wp\/v2\/product_cat?post=5752"},{"taxonomy":"product_tag","embeddable":true,"href":"https:\/\/gursk.ro\/shop\/wp-json\/wp\/v2\/product_tag?post=5752"},{"taxonomy":"product_partner","embeddable":true,"href":"https:\/\/gursk.ro\/shop\/wp-json\/wp\/v2\/product_partner?post=5752"}],"curies":[{"name":"wp","href":"https:\/\/api.w.org\/{rel}","templated":true}]}}