{"id":5677,"date":"2025-09-18T18:32:05","date_gmt":"2025-09-18T15:32:05","guid":{"rendered":"https:\/\/gursk.ro\/shop\/?post_type=product&#038;p=5677"},"modified":"2026-05-04T10:25:39","modified_gmt":"2026-05-04T07:25:39","slug":"f00069-kit-anse-apical-surgery-endo-success","status":"publish","type":"product","link":"https:\/\/gursk.ro\/shop\/produs\/f00069-kit-anse-apical-surgery-endo-success\/","title":{"rendered":"Kitul anse de chirurgie apical\u0103 Endo Success Acteon, F00069"},"content":{"rendered":"<p><strong>Kitul de chirurgie apical\u0103 Endo Success (F00069)<\/strong> de la Acteon este un set complet de instrumente concepute pentru a efectua interven\u021bii minim invazive \u00een chirurgia apical\u0103 endodontic\u0103.<\/p>\n<p>Acest kit include cinci v\u00e2rfuri ultrasonice cu diamante (AS3D, AS6D, AS9D, ASLD, ASRD) care sunt special dezvoltate pentru tratamente retrograde de precizie, permi\u021b\u00e2nd excizia \u021besutului cu pierderi minime de os \u0219i conservarea dintelui. De asemenea, v\u00e2rfurile sunt concepute pentru a facilita vizibilitatea optim\u0103 \u00een zona chirurgical\u0103, reduc\u00e2nd timpul de lucru \u0219i riscul de complica\u021bii postoperatorii. Kitul vine \u00eempreun\u0103 cu o cheie universal\u0103 \u0219i un suport metalic sterilizabil, ceea ce asigur\u0103 u\u0219urin\u021ba utiliz\u0103rii \u0219i cur\u0103\u021b\u0103rii.<\/p>\n<p>&nbsp;<\/p>\n<p>Recomandat \u00een special pentru chirurgia apical\u0103 de precizie \u0219i pentru medicii endodon\u021bi care doresc s\u0103 maximizeze succesul tratamentului retrograd.<\/p>\n","protected":false},"excerpt":{"rendered":"<p><strong>Endo Success Apical Surgery Kit (F00069)<\/strong> de la Acteon este un set avansat pentru chirurgia apical\u0103 minim invaziv\u0103, incluz\u00e2nd cinci v\u00e2rfuri ultrasonice diamantate \u0219i accesorii pentru tratamente retrograde eficiente \u0219i precise<\/p>\n","protected":false},"featured_media":5700,"comment_status":"closed","ping_status":"closed","template":"","meta":{"_kad_blocks_custom_css":"","_kad_blocks_head_custom_js":"","_kad_blocks_body_custom_js":"","_kad_blocks_footer_custom_js":"","_kadence_starter_templates_imported_post":false,"_kad_post_transparent":"default","_kad_post_title":"","_kad_post_layout":"default","_kad_post_sidebar_id":"","_kad_post_content_style":"default","_kad_post_vertical_padding":"default","_kad_post_feature":"","_kad_post_feature_position":"","_kad_post_header":false,"_kad_post_footer":false,"_kad_post_classname":""},"product_brand":[393],"product_cat":[19,18,54],"product_tag":[470],"product_partner":[],"class_list":{"0":"post-5677","1":"product","2":"type-product","3":"status-publish","4":"has-post-thumbnail","6":"product_brand-acteon","7":"product_cat-aparate-piezochirurgie","8":"product_cat-echipamente-chirurgie-si-accesorii","9":"product_cat-echipamente-stomatologice","10":"product_tag-preorder","12":"first","13":"outofstock","14":"taxable","15":"shipping-taxable","16":"purchasable","17":"product-type-simple","18":"entry","19":"content-bg","20":"loop-entry"},"taxonomy_info":{"product_brand":[{"value":393,"label":"ACTEON"}],"product_cat":[{"value":19,"label":"Aparate Piezochirurgie"},{"value":18,"label":"Echipamente de chirurgie dentar\u0103 \u0219i accesorii"},{"value":54,"label":"Echipamente Stomatologice"}],"product_tag":[{"value":470,"label":"#preorder"}]},"featured_image_src_large":["https:\/\/gursk.ro\/shop\/wp-content\/uploads\/2024\/09\/UK1118153_1200x1200-1024x1024.jpg",1024,1024,true],"author_info":[],"comment_info":0,"_links":{"self":[{"href":"https:\/\/gursk.ro\/shop\/wp-json\/wp\/v2\/product\/5677","targetHints":{"allow":["GET"]}}],"collection":[{"href":"https:\/\/gursk.ro\/shop\/wp-json\/wp\/v2\/product"}],"about":[{"href":"https:\/\/gursk.ro\/shop\/wp-json\/wp\/v2\/types\/product"}],"replies":[{"embeddable":true,"href":"https:\/\/gursk.ro\/shop\/wp-json\/wp\/v2\/comments?post=5677"}],"version-history":[{"count":1,"href":"https:\/\/gursk.ro\/shop\/wp-json\/wp\/v2\/product\/5677\/revisions"}],"predecessor-version":[{"id":10831,"href":"https:\/\/gursk.ro\/shop\/wp-json\/wp\/v2\/product\/5677\/revisions\/10831"}],"wp:featuredmedia":[{"embeddable":true,"href":"https:\/\/gursk.ro\/shop\/wp-json\/wp\/v2\/media\/5700"}],"wp:attachment":[{"href":"https:\/\/gursk.ro\/shop\/wp-json\/wp\/v2\/media?parent=5677"}],"wp:term":[{"taxonomy":"product_brand","embeddable":true,"href":"https:\/\/gursk.ro\/shop\/wp-json\/wp\/v2\/product_brand?post=5677"},{"taxonomy":"product_cat","embeddable":true,"href":"https:\/\/gursk.ro\/shop\/wp-json\/wp\/v2\/product_cat?post=5677"},{"taxonomy":"product_tag","embeddable":true,"href":"https:\/\/gursk.ro\/shop\/wp-json\/wp\/v2\/product_tag?post=5677"},{"taxonomy":"product_partner","embeddable":true,"href":"https:\/\/gursk.ro\/shop\/wp-json\/wp\/v2\/product_partner?post=5677"}],"curies":[{"name":"wp","href":"https:\/\/api.w.org\/{rel}","templated":true}]}}