{"id":543,"date":"2025-09-18T17:25:34","date_gmt":"2025-09-18T14:25:34","guid":{"rendered":"https:\/\/gursk.ro\/shop\/?post_type=product&#038;p=543"},"modified":"2026-05-09T10:25:30","modified_gmt":"2026-05-09T07:25:30","slug":"scanner-rainbow-prime","status":"publish","type":"product","link":"https:\/\/gursk.ro\/shop\/produs\/scanner-rainbow-prime\/","title":{"rendered":"SCANNER RAINBOW\u2122 PRIME"},"content":{"rendered":"<p>\n\tScannerul <strong>Rainbow&trade;&nbsp; Prime<\/strong> ofer\u0103 o capacitate de scanare precis\u0103 \u0219i precis\u0103 \u0219i performan\u021b\u0103 fiabil\u0103. Accesul la intrare f\u0103r\u0103 u\u0219i\u021b\u0103 face ca instalarea scanerului s\u0103 fie rapid\u0103 \u0219i u\u0219oar\u0103. Formatul de fi\u0219ier STL deschis permite compatibilitatea diferitelor programe CAD.<br \/>\n\tCre\u0219terea vitezei \u0219i scanarea extrem de precis\u0103 a datelor 3D sunt posibile datorit\u0103 sincroniz\u0103rii perfecte &icirc;ntre camere \u0219i dispozitiv, \u0219i tehnologia de prelucrare a datelor.<br \/>\n\tDiverse biblioteci de sisteme de implanturi Dentium, precum \u0219i alte biblioteci de sisteme de implanturi asigur\u0103 confortul designului protetic.<\/p>\n<p>\n\t<strong>CARACTERISTICI GENERALE:<\/strong><\/p>\n<p>\n\t&#8211; rezolu\u021bia camerei 2.0 MP<br \/>\n\t&#8211; Interfa\u021b\u0103 USB 3.0 de mare vitez\u0103<br \/>\n\t&#8211; tehnologie de lumin\u0103 structurat\u0103 (Acurate\u021be &lt;10\u339b)<br \/>\n\t&#8211; Zona de scanare larg\u0103 \u0219i profunzimea c&acirc;mpului de scanare<br \/>\n\t&#8211; Compatibilitatea articulatorului<br \/>\n\t&#8211; Sistem de scanare a luminii albe<br \/>\n\t&#8211; Accesoriu de scanare convenabil<\/p>\n<p>\n\t<strong>SPECIFICA\u021aII:<\/strong><\/p>\n<p>\n\t&#8211; Tipul scan\u0103rii: tehnologie cu lumin\u0103 alb\u0103<br \/>\n\t&#8211; Rezolu\u021bia camerei: 2.0 megapixeli (cu dou\u0103 camere)<br \/>\n\t&#8211; Timp de scanare: Single: 29 sec, 4 pod: 103 sec<br \/>\n\t&#8211;&nbsp;Precizie: &le;10\u339b<br \/>\n\t&#8211;&nbsp;Interfa\u021b\u0103:&nbsp;USB 3.0<br \/>\n\t&#8211;&nbsp;Formatul fi\u0219ierului: Deschide\u021bi STL<br \/>\n\t-Zon\u0103 de scanare (W X D X H):&nbsp;80 X 60 X 60 mm<br \/>\n\t&#8211;<strong>&nbsp;<\/strong>Dimensiuni:&nbsp;28 X 40 X 45 cm<br \/>\n\t&#8211; Greutate: 15kg<\/p>\n","protected":false},"excerpt":{"rendered":"<p> &nbsp; &nbsp;&nbsp;<\/p>\n","protected":false},"featured_media":591,"comment_status":"closed","ping_status":"closed","template":"","meta":{"_kad_blocks_custom_css":"","_kad_blocks_head_custom_js":"","_kad_blocks_body_custom_js":"","_kad_blocks_footer_custom_js":"","_kadence_starter_templates_imported_post":false,"_kad_post_transparent":"","_kad_post_title":"","_kad_post_layout":"","_kad_post_sidebar_id":"","_kad_post_content_style":"","_kad_post_vertical_padding":"","_kad_post_feature":"","_kad_post_feature_position":"","_kad_post_header":false,"_kad_post_footer":false,"_kad_post_classname":""},"product_brand":[397],"product_cat":[54],"product_tag":[],"product_partner":[],"class_list":{"0":"post-543","1":"product","2":"type-product","3":"status-publish","4":"has-post-thumbnail","6":"product_brand-dentium","7":"product_cat-echipamente-stomatologice","9":"first","10":"outofstock","11":"taxable","12":"shipping-taxable","13":"purchasable","14":"product-type-simple","15":"entry","16":"content-bg","17":"loop-entry"},"taxonomy_info":{"product_brand":[{"value":397,"label":"DENTIUM"}],"product_cat":[{"value":54,"label":"Echipamente Stomatologice"}]},"featured_image_src_large":["https:\/\/gursk.ro\/shop\/wp-content\/uploads\/2020\/07\/1376479_big-1024x1024.jpg",1024,1024,true],"author_info":[],"comment_info":0,"_links":{"self":[{"href":"https:\/\/gursk.ro\/shop\/wp-json\/wp\/v2\/product\/543","targetHints":{"allow":["GET"]}}],"collection":[{"href":"https:\/\/gursk.ro\/shop\/wp-json\/wp\/v2\/product"}],"about":[{"href":"https:\/\/gursk.ro\/shop\/wp-json\/wp\/v2\/types\/product"}],"replies":[{"embeddable":true,"href":"https:\/\/gursk.ro\/shop\/wp-json\/wp\/v2\/comments?post=543"}],"version-history":[{"count":0,"href":"https:\/\/gursk.ro\/shop\/wp-json\/wp\/v2\/product\/543\/revisions"}],"wp:featuredmedia":[{"embeddable":true,"href":"https:\/\/gursk.ro\/shop\/wp-json\/wp\/v2\/media\/591"}],"wp:attachment":[{"href":"https:\/\/gursk.ro\/shop\/wp-json\/wp\/v2\/media?parent=543"}],"wp:term":[{"taxonomy":"product_brand","embeddable":true,"href":"https:\/\/gursk.ro\/shop\/wp-json\/wp\/v2\/product_brand?post=543"},{"taxonomy":"product_cat","embeddable":true,"href":"https:\/\/gursk.ro\/shop\/wp-json\/wp\/v2\/product_cat?post=543"},{"taxonomy":"product_tag","embeddable":true,"href":"https:\/\/gursk.ro\/shop\/wp-json\/wp\/v2\/product_tag?post=543"},{"taxonomy":"product_partner","embeddable":true,"href":"https:\/\/gursk.ro\/shop\/wp-json\/wp\/v2\/product_partner?post=543"}],"curies":[{"name":"wp","href":"https:\/\/api.w.org\/{rel}","templated":true}]}}