{"id":5313,"date":"2025-09-18T18:27:46","date_gmt":"2025-09-18T15:27:46","guid":{"rendered":"https:\/\/gursk.ro\/shop\/?post_type=product&#038;p=5313"},"modified":"2026-01-23T17:18:28","modified_gmt":"2026-01-23T14:18:28","slug":"regendays-online","status":"publish","type":"product","link":"https:\/\/gursk.ro\/shop\/produs\/regendays-online\/","title":{"rendered":"Regendays Online"},"content":{"rendered":"","protected":false},"excerpt":{"rendered":"<p><strong>RegenDays \u2013 The Next Generation Tissue Management.<\/strong><\/p>\n<p>Pe 7 decembrie, inima capitalei va pulsa la ritmul celor mai recente descoperiri din stomatologie. <strong>RegenDays <\/strong>\u00a0transform\u0103 Bucure\u0219tiul \u00een locul de \u00eent\u00e2lnire al profesioni\u0219tilor pasiona\u021bi, dornici s\u0103 exploreze frontierele regener\u0103rii \u021besuturilor moi \u0219i dure.<\/p>\n<p><span class=\"TextRun SCXW136532137 BCX0\" lang=\"EN-US\" xml:lang=\"EN-US\" data-contrast=\"auto\"><span class=\"NormalTextRun SpellingErrorV2Themed SCXW136532137 BCX0\">Tariful<\/span> <span class=\"NormalTextRun SpellingErrorV2Themed SCXW136532137 BCX0\">ofer\u0103<\/span> <span class=\"NormalTextRun SpellingErrorV2Themed SCXW136532137 BCX0\">accesul<\/span><span class=\"NormalTextRun SCXW136532137 BCX0\"> la <\/span><span class=\"NormalTextRun SpellingErrorV2Themed SCXW136532137 BCX0\">conferin\u021b\u0103<\/span> <span class=\"NormalTextRun SpellingErrorV2Themed SCXW136532137 BCX0\">\u00een<\/span> <span class=\"NormalTextRun SpellingErrorV2Themed SCXW136532137 BCX0\">varianta<\/span><span class=\"NormalTextRun SCXW136532137 BCX0\"> Livestream <\/span><span class=\"NormalTextRun SpellingErrorV2Themed SCXW136532137 BCX0\">\u0219<\/span><span class=\"NormalTextRun SpellingErrorV2Themed SCXW136532137 BCX0\">i<\/span><span class=\"NormalTextRun SCXW136532137 BCX0\"> 30 de <\/span><span class=\"NormalTextRun SpellingErrorV2Themed SCXW136532137 BCX0\">zile<\/span> <span class=\"NormalTextRun SpellingErrorV2Themed SCXW136532137 BCX0\">\u00een<\/span> <span class=\"NormalTextRun SpellingErrorV2Themed SCXW136532137 BCX0\">varianta<\/span> <span class=\"NormalTextRun SpellingErrorV2Themed SCXW136532137 BCX0\">\u00eenregistrata<\/span><span class=\"NormalTextRun SCXW136532137 BCX0\">.<\/span><\/span><span class=\"EOP SCXW136532137 BCX0\" data-ccp-props=\"{&quot;201341983&quot;:0,&quot;335559739&quot;:160,&quot;335559740&quot;:279}\">\u00a0<\/span><\/p>\n","protected":false},"featured_media":5343,"comment_status":"open","ping_status":"closed","template":"","meta":{"_kad_blocks_custom_css":"","_kad_blocks_head_custom_js":"","_kad_blocks_body_custom_js":"","_kad_blocks_footer_custom_js":"","_kadence_starter_templates_imported_post":false,"_kad_post_transparent":"","_kad_post_title":"","_kad_post_layout":"","_kad_post_sidebar_id":"","_kad_post_content_style":"","_kad_post_vertical_padding":"","_kad_post_feature":"","_kad_post_feature_position":"","_kad_post_header":false,"_kad_post_footer":false,"_kad_post_classname":""},"product_brand":[],"product_cat":[378],"product_tag":[],"product_partner":[],"class_list":{"0":"post-5313","1":"product","2":"type-product","3":"status-publish","4":"has-post-thumbnail","6":"product_cat-regendays","8":"first","9":"instock","10":"taxable","11":"shipping-taxable","12":"purchasable","13":"product-type-simple","14":"entry","15":"content-bg","16":"loop-entry"},"taxonomy_info":{"product_cat":[{"value":378,"label":"regendays"}]},"featured_image_src_large":["https:\/\/gursk.ro\/shop\/wp-content\/uploads\/2023\/10\/kv-regendays-2023-declinari-dotori_kv-regendays-2023-1080x1080px-scaled-1-1024x1024.jpg",1024,1024,true],"author_info":[],"comment_info":0,"_links":{"self":[{"href":"https:\/\/gursk.ro\/shop\/wp-json\/wp\/v2\/product\/5313","targetHints":{"allow":["GET"]}}],"collection":[{"href":"https:\/\/gursk.ro\/shop\/wp-json\/wp\/v2\/product"}],"about":[{"href":"https:\/\/gursk.ro\/shop\/wp-json\/wp\/v2\/types\/product"}],"replies":[{"embeddable":true,"href":"https:\/\/gursk.ro\/shop\/wp-json\/wp\/v2\/comments?post=5313"}],"wp:featuredmedia":[{"embeddable":true,"href":"https:\/\/gursk.ro\/shop\/wp-json\/wp\/v2\/media\/5343"}],"wp:attachment":[{"href":"https:\/\/gursk.ro\/shop\/wp-json\/wp\/v2\/media?parent=5313"}],"wp:term":[{"taxonomy":"product_brand","embeddable":true,"href":"https:\/\/gursk.ro\/shop\/wp-json\/wp\/v2\/product_brand?post=5313"},{"taxonomy":"product_cat","embeddable":true,"href":"https:\/\/gursk.ro\/shop\/wp-json\/wp\/v2\/product_cat?post=5313"},{"taxonomy":"product_tag","embeddable":true,"href":"https:\/\/gursk.ro\/shop\/wp-json\/wp\/v2\/product_tag?post=5313"},{"taxonomy":"product_partner","embeddable":true,"href":"https:\/\/gursk.ro\/shop\/wp-json\/wp\/v2\/product_partner?post=5313"}],"curies":[{"name":"wp","href":"https:\/\/api.w.org\/{rel}","templated":true}]}}