{"id":5210,"date":"2025-09-18T18:26:39","date_gmt":"2025-09-18T15:26:39","guid":{"rendered":"https:\/\/gursk.ro\/shop\/?post_type=product&#038;p=5210"},"modified":"2026-05-04T10:26:25","modified_gmt":"2026-05-04T07:26:25","slug":"f87505-ansa-piezo-bs5-ii","status":"publish","type":"product","link":"https:\/\/gursk.ro\/shop\/produs\/f87505-ansa-piezo-bs5-ii\/","title":{"rendered":"Ans\u0103 BS5 2 Acteon, F87505"},"content":{"rendered":"<h3 style=\"font-weight: 400;\"><strong>Ansa BS5 2 \u2013 precizie ultrasonic\u0103 \u00een chirurgia osoas\u0103 modern\u0103<\/strong><\/h3>\n<p style=\"font-weight: 400;\">Tehnologia piezoelectric\u0103 Acteon ofer\u0103 o abordare superioar\u0103 \u00een chirurgia dentar\u0103, permi\u021b\u00e2nd sec\u021bionarea selectiv\u0103 a osului, cu protec\u021bia \u021besuturilor moi. Comparativ cu instrumentele rotative tradi\u021bionale, piezo-chirurgia asigur\u0103:<\/p>\n<ul style=\"font-weight: 400;\">\n<li>control chirurgical mai bun<\/li>\n<li>t\u0103ieturi precise \u0219i atraumatice<\/li>\n<li>risc redus de supra\u00eenc\u0103lzire osoas\u0103<\/li>\n<li>vindecare mai rapid\u0103 \u0219i confort postoperator crescut<\/li>\n<\/ul>\n<p style=\"font-weight: 400;\">Ansa\u00a0<strong>BS5 2<\/strong>\u00a0este proiectat\u0103 pentru manopere chirurgicale fine, unde precizia \u0219i siguran\u021ba sunt esen\u021biale.<\/p>\n<h3 style=\"font-weight: 400;\"><strong>Indica\u021bii de utilizare \u2013 la ce se folose\u0219te ansa BS5 2?<\/strong><\/h3>\n<h4 style=\"font-weight: 400;\"><strong>Osteotomii controlate \u00een implantologie<\/strong><\/h4>\n<p style=\"font-weight: 400;\">V\u00e2rful ultrasonic BS5 2 este utilizat pentru t\u0103ieturi precise \u00een os \u00een timpul:<\/p>\n<ul style=\"font-weight: 400;\">\n<li>preg\u0103tirii patului implantului<\/li>\n<li>remodel\u0103rii crestei alveolare<\/li>\n<li>corec\u021biilor osoase pre-implantare<\/li>\n<\/ul>\n<p style=\"font-weight: 400;\">Interven\u021biile devin mai atraumatice \u0219i mai predictibile, contribuind la succesul tratamentelor implantologice.<\/p>\n<h4 style=\"font-weight: 400;\"><strong>Chirurgie oral\u0103 minim invaziv\u0103<\/strong><\/h4>\n<p style=\"font-weight: 400;\">Ansa BS5 2 este recomandat\u0103 pentru interven\u021bii \u00een zone cu acces dificil, precum:<\/p>\n<ul style=\"font-weight: 400;\">\n<li>regiunea posterioar\u0103 mandibular\u0103<\/li>\n<li>zona molarilor superiori<\/li>\n<li>proximitatea sinusului maxilar<\/li>\n<\/ul>\n<p style=\"font-weight: 400;\">Designul s\u0103u permite manevrare sigur\u0103 \u0219i control optim \u00een c\u00e2mp operator restr\u00e2ns.<\/p>\n<h4 style=\"font-weight: 400;\"><strong>Siguran\u021b\u0103 crescut\u0103 l\u00e2ng\u0103 structuri anatomice sensibile<\/strong><\/h4>\n<p style=\"font-weight: 400;\">Un avantaj major al tehnologiei piezo este selectivitatea asupra \u021besutului dur. Astfel, BS5 2 poate fi utilizat \u00een apropierea:<\/p>\n<ul style=\"font-weight: 400;\">\n<li>nervului alveolar inferior<\/li>\n<li>membranei sinusale<\/li>\n<li>vaselor sanguine \u0219i \u021besuturilor moi<\/li>\n<\/ul>\n<p style=\"font-weight: 400;\">Riscul de complica\u021bii intraoperatorii este semnificativ redus.<\/p>\n<h4 style=\"font-weight: 400;\"><strong>Augment\u0103ri osoase \u0219i regenerare ghidat\u0103<\/strong><\/h4>\n<p style=\"font-weight: 400;\">Ansa BS5 2 este util\u0103 \u0219i \u00een proceduri de:<\/p>\n<ul style=\"font-weight: 400;\">\n<li>preg\u0103tire pentru grefe osoase<\/li>\n<li>augment\u0103ri verticale \u0219i orizontale<\/li>\n<li>regenerare osoas\u0103 ghidat\u0103 (GBR)<\/li>\n<\/ul>\n<p style=\"font-weight: 400;\">T\u0103ietura fin\u0103 \u0219i controlat\u0103 contribuie la integrarea optim\u0103 a materialelor de augmentare.<\/p>\n<h3 style=\"font-weight: 400;\"><strong>Avantajele ansei BS5 2<\/strong><\/h3>\n<p style=\"font-weight: 400;\">Utilizarea v\u00e2rfului BS5 2 ofer\u0103 beneficii importante \u00een practica stomatologic\u0103:<\/p>\n<ul style=\"font-weight: 400;\">\n<li>osteotomii fine \u0219i precise<\/li>\n<li>chirurgie minim invaziv\u0103, cu traum\u0103 redus\u0103<\/li>\n<li>protec\u021bie excelent\u0103 a \u021besuturilor moi<\/li>\n<li>control superior \u00een interven\u021bii implantologice<\/li>\n<li>vindecare mai rapid\u0103 \u0219i confort postoperator crescut<\/li>\n<li>compatibilitate perfect\u0103 cu sistemele de piezo-chirurgie Acteon<\/li>\n<\/ul>\n<p style=\"font-weight: 400;\">\n","protected":false},"excerpt":{"rendered":"<p style=\"font-weight: 400;\"><strong data-start=\"18\" data-end=\"47\">Ansa BS5 2 (cod F87505)<\/strong>\u00a0este un instrument chirurgical de \u00eenalt\u0103 precizie, destinat procedurilor de piezo-chirurgie dentar\u0103 care implic\u0103 interven\u021bii asupra \u021besutului osos. Conceput special pentru medicii stomatologi care practic\u0103 implantologie \u0219i chirurgie oral\u0103 avansat\u0103, acest v\u00e2rf permite osteotomii fine, remodel\u0103ri osoase controlate \u0219i interven\u021bii minim invazive, cu un nivel ridicat de siguran\u021b\u0103 \u00een zone anatomice sensibile.<\/p>\n","protected":false},"featured_media":5227,"comment_status":"closed","ping_status":"closed","template":"","meta":{"_kad_blocks_custom_css":"","_kad_blocks_head_custom_js":"","_kad_blocks_body_custom_js":"","_kad_blocks_footer_custom_js":"","_kadence_starter_templates_imported_post":false,"_kad_post_transparent":"default","_kad_post_title":"","_kad_post_layout":"default","_kad_post_sidebar_id":"","_kad_post_content_style":"default","_kad_post_vertical_padding":"default","_kad_post_feature":"","_kad_post_feature_position":"","_kad_post_header":false,"_kad_post_footer":false,"_kad_post_classname":""},"product_brand":[393],"product_cat":[19,18,54],"product_tag":[469],"product_partner":[],"class_list":{"0":"post-5210","1":"product","2":"type-product","3":"status-publish","4":"has-post-thumbnail","6":"product_brand-acteon","7":"product_cat-aparate-piezochirurgie","8":"product_cat-echipamente-chirurgie-si-accesorii","9":"product_cat-echipamente-stomatologice","10":"product_tag-onlineorder","12":"first","13":"instock","14":"taxable","15":"shipping-taxable","16":"purchasable","17":"product-type-simple","18":"entry","19":"content-bg","20":"loop-entry"},"taxonomy_info":{"product_brand":[{"value":393,"label":"ACTEON"}],"product_cat":[{"value":19,"label":"Aparate Piezochirurgie"},{"value":18,"label":"Echipamente de chirurgie dentar\u0103 \u0219i accesorii"},{"value":54,"label":"Echipamente Stomatologice"}],"product_tag":[{"value":469,"label":"#onlineorder"}]},"featured_image_src_large":["https:\/\/gursk.ro\/shop\/wp-content\/uploads\/2022\/10\/ansa-bs5-piezotome-cube.webp",548,548,false],"author_info":[],"comment_info":0,"_links":{"self":[{"href":"https:\/\/gursk.ro\/shop\/wp-json\/wp\/v2\/product\/5210","targetHints":{"allow":["GET"]}}],"collection":[{"href":"https:\/\/gursk.ro\/shop\/wp-json\/wp\/v2\/product"}],"about":[{"href":"https:\/\/gursk.ro\/shop\/wp-json\/wp\/v2\/types\/product"}],"replies":[{"embeddable":true,"href":"https:\/\/gursk.ro\/shop\/wp-json\/wp\/v2\/comments?post=5210"}],"version-history":[{"count":1,"href":"https:\/\/gursk.ro\/shop\/wp-json\/wp\/v2\/product\/5210\/revisions"}],"predecessor-version":[{"id":11323,"href":"https:\/\/gursk.ro\/shop\/wp-json\/wp\/v2\/product\/5210\/revisions\/11323"}],"wp:featuredmedia":[{"embeddable":true,"href":"https:\/\/gursk.ro\/shop\/wp-json\/wp\/v2\/media\/5227"}],"wp:attachment":[{"href":"https:\/\/gursk.ro\/shop\/wp-json\/wp\/v2\/media?parent=5210"}],"wp:term":[{"taxonomy":"product_brand","embeddable":true,"href":"https:\/\/gursk.ro\/shop\/wp-json\/wp\/v2\/product_brand?post=5210"},{"taxonomy":"product_cat","embeddable":true,"href":"https:\/\/gursk.ro\/shop\/wp-json\/wp\/v2\/product_cat?post=5210"},{"taxonomy":"product_tag","embeddable":true,"href":"https:\/\/gursk.ro\/shop\/wp-json\/wp\/v2\/product_tag?post=5210"},{"taxonomy":"product_partner","embeddable":true,"href":"https:\/\/gursk.ro\/shop\/wp-json\/wp\/v2\/product_partner?post=5210"}],"curies":[{"name":"wp","href":"https:\/\/api.w.org\/{rel}","templated":true}]}}