{"id":5167,"date":"2025-09-18T18:26:15","date_gmt":"2025-09-18T15:26:15","guid":{"rendered":"https:\/\/gursk.ro\/shop\/?post_type=product&#038;p=5167"},"modified":"2026-04-30T10:25:20","modified_gmt":"2026-04-30T07:25:20","slug":"xld2231-freza-linemann","status":"publish","type":"product","link":"https:\/\/gursk.ro\/shop\/produs\/xld2231-freza-linemann\/","title":{"rendered":"XLD2231 &#8211; FREZA LINEMANN"},"content":{"rendered":"<p><strong>Freza Lindemann XLD2231<\/strong> de la <strong>Dentium<\/strong> este un instrument chirurgical de \u00eenalt\u0103 precizie utilizat \u00een procedurile de osteotomie \u0219i preg\u0103tirea sitului pentru implanturi dentare. Aceasta este fabricat\u0103 din materiale de calitate superioar\u0103, asigur\u00e2nd o rezisten\u021b\u0103 ridicat\u0103 \u0219i o concentricitate perfect\u0103. Freza permite realizarea de t\u0103ieturi precise \u0219i controlate \u00een os, contribuind la succesul pe termen lung al tratamentelor dentare, \u00een special \u00een implantologie \u0219i chirurgie maxilo-facial\u0103.<\/p>\n","protected":false},"excerpt":{"rendered":"<p><strong>Freza Lindemann XLD2231<\/strong> de la Dentium este destinat\u0103 osteotomiilor precise \u0219i preg\u0103tirii osului pentru implanturi, oferind o performan\u021b\u0103 fiabil\u0103 \u00een chirurgie dentar\u0103.<\/p>\n","protected":false},"featured_media":5186,"comment_status":"closed","ping_status":"closed","template":"","meta":{"_kad_blocks_custom_css":"","_kad_blocks_head_custom_js":"","_kad_blocks_body_custom_js":"","_kad_blocks_footer_custom_js":"","_kadence_starter_templates_imported_post":false,"_kad_post_transparent":"","_kad_post_title":"","_kad_post_layout":"","_kad_post_sidebar_id":"","_kad_post_content_style":"","_kad_post_vertical_padding":"","_kad_post_feature":"","_kad_post_feature_position":"","_kad_post_header":false,"_kad_post_footer":false,"_kad_post_classname":""},"product_brand":[397],"product_cat":[147,48],"product_tag":[],"product_partner":[],"class_list":{"0":"post-5167","1":"product","2":"type-product","3":"status-publish","4":"has-post-thumbnail","6":"product_brand-dentium","7":"product_cat-instrumente-truse-si-instrumente-dentium-super-line","8":"product_cat-truse-si-instrumente-dentium-super-line","10":"first","11":"outofstock","12":"taxable","13":"shipping-taxable","14":"purchasable","15":"product-type-simple","16":"entry","17":"content-bg","18":"loop-entry"},"taxonomy_info":{"product_brand":[{"value":397,"label":"DENTIUM"}],"product_cat":[{"value":147,"label":"Instrumente"},{"value":48,"label":"Truse \u0219i instrumente"}]},"featured_image_src_large":["https:\/\/gursk.ro\/shop\/wp-content\/uploads\/2022\/10\/xld2231-1-1024x1024.png",1024,1024,true],"author_info":[],"comment_info":0,"_links":{"self":[{"href":"https:\/\/gursk.ro\/shop\/wp-json\/wp\/v2\/product\/5167","targetHints":{"allow":["GET"]}}],"collection":[{"href":"https:\/\/gursk.ro\/shop\/wp-json\/wp\/v2\/product"}],"about":[{"href":"https:\/\/gursk.ro\/shop\/wp-json\/wp\/v2\/types\/product"}],"replies":[{"embeddable":true,"href":"https:\/\/gursk.ro\/shop\/wp-json\/wp\/v2\/comments?post=5167"}],"version-history":[{"count":0,"href":"https:\/\/gursk.ro\/shop\/wp-json\/wp\/v2\/product\/5167\/revisions"}],"wp:featuredmedia":[{"embeddable":true,"href":"https:\/\/gursk.ro\/shop\/wp-json\/wp\/v2\/media\/5186"}],"wp:attachment":[{"href":"https:\/\/gursk.ro\/shop\/wp-json\/wp\/v2\/media?parent=5167"}],"wp:term":[{"taxonomy":"product_brand","embeddable":true,"href":"https:\/\/gursk.ro\/shop\/wp-json\/wp\/v2\/product_brand?post=5167"},{"taxonomy":"product_cat","embeddable":true,"href":"https:\/\/gursk.ro\/shop\/wp-json\/wp\/v2\/product_cat?post=5167"},{"taxonomy":"product_tag","embeddable":true,"href":"https:\/\/gursk.ro\/shop\/wp-json\/wp\/v2\/product_tag?post=5167"},{"taxonomy":"product_partner","embeddable":true,"href":"https:\/\/gursk.ro\/shop\/wp-json\/wp\/v2\/product_partner?post=5167"}],"curies":[{"name":"wp","href":"https:\/\/api.w.org\/{rel}","templated":true}]}}