{"id":5142,"date":"2025-09-18T18:24:23","date_gmt":"2025-09-18T15:24:23","guid":{"rendered":"https:\/\/gursk.ro\/shop\/?post_type=product&#038;p=5142"},"modified":"2026-04-16T02:26:00","modified_gmt":"2026-04-15T23:26:00","slug":"bloc-osos-legograft","status":"publish","type":"product","link":"https:\/\/gursk.ro\/shop\/produs\/bloc-osos-legograft\/","title":{"rendered":"Bloc osos LegoGraft\u2122"},"content":{"rendered":"<p>LegoGraft\u2122 este un bloc osos de origine porcin\u0103, utilizat \u00een proceduri de augmentare osoas\u0103 orizontal\u0103 \u0219i vertical\u0103, \u00een special \u00een implantologia dentar\u0103. <span style=\"font-size: 1rem;\">Structura macroporoas\u0103 interconectat\u0103 permite migrarea celular\u0103 \u0219i vasculariza\u021bia rapid\u0103, facilit\u00e2nd integrarea progresiv\u0103 \u0219i remodelarea osoas\u0103 controlat\u0103. Blocul prezint\u0103 stabilitate mecanic\u0103 adecvat\u0103 pentru fixare cu \u0219uruburi de osteosintez\u0103 \u0219i adaptare precis\u0103 la defectul osos.<\/span><\/p>\n<p>&nbsp;<\/p>\n<div class=\"entry-content-asset videofit\"><iframe title=\"LegoGraft\u00ae: Natural Bone Substitute with Collagen\" width=\"720\" height=\"405\" src=\"https:\/\/www.youtube.com\/embed\/4WWCzcTuuY8?feature=oembed\" frameborder=\"0\" allow=\"accelerometer; autoplay; clipboard-write; encrypted-media; gyroscope; picture-in-picture; web-share\" referrerpolicy=\"strict-origin-when-cross-origin\" allowfullscreen><\/iframe><\/div>\n<p>&nbsp;<\/p>\n<h3><\/h3>\n<h3><strong>U\u0219or de modelat<\/strong><\/h3>\n<p>Realizat din granule THE Graft\u2122 \u0219i colagen, LegoGraft\u2122 este mai u\u0219or de modelat dec\u00e2t granulele THE Graft\u2122 utilizate singure. Prin urmare, LegoGraft\u2122 ofer\u0103 propriet\u0103\u021bi de manipulare superioare comparativ cu THE Graft\u2122, permi\u021b\u00e2nd adaptareamaterialului de grefare la diferite forme ale defectului osos cu mai mult\u0103 u\u0219urin\u021b\u0103.<\/p>\n<p>&nbsp;<\/p>\n<p><a href=\"https:\/\/gursk.ro\/shop\/wp-content\/uploads\/2025\/11\/Bloc-osos-LegoGraftE284A2-Purgo-2.png\"><img fetchpriority=\"high\" decoding=\"async\" class=\"wp-image-29992 size-full\" src=\"https:\/\/gursk.ro\/shop\/wp-content\/uploads\/2025\/11\/Bloc-osos-LegoGraftE284A2-Purgo-2.png\" alt=\"\" width=\"1200\" height=\"400\" \/><\/a><\/p>\n<h3><strong>Osteoconductivitate optim\u0103<\/strong><\/h3>\n<p>P\u0103str\u00e2nd propriet\u0103\u021bi superioare de manipulare, LegoGraft\u2122\u00a0favorizeaz\u0103 formarea unui \u021besut osos suficient pentruinserarea implanturilor, men\u021bin\u00e2nd \u00een acela\u0219i timp volumul natural \u0219i o excelent\u0103 capacitate de aderen\u021b\u0103 <span class=\"cf3\">\u2014 <span class=\"cf3\">ceea <span class=\"cf3\">ce<span class=\"cf3\"> se traduce <span class=\"cf3\">printr<span class=\"cf3\">-un <span class=\"cf3\">timp<span class=\"cf3\"> minim <span class=\"cf3\">petrecut <span class=\"cf3\">pe <span class=\"cf3\">scaunul <span class=\"cf3\">pacientului<span class=\"cf3\">.<\/span><\/span><\/span><\/span><\/span><\/span><\/span><\/span><\/span><\/span><\/span><\/span><\/span><\/p>\n<p>&nbsp;<\/p>\n<p><a href=\"https:\/\/gursk.ro\/shop\/wp-content\/uploads\/2025\/11\/TGC_SEM-2048x789-1.png\"><img decoding=\"async\" class=\"wp-image-29990 \" src=\"https:\/\/gursk.ro\/shop\/wp-content\/uploads\/2025\/11\/TGC_SEM-2048x789-1.png\" alt=\"Bloc osos LegoGraft\u2122 Purgo\" width=\"1147\" height=\"442\" \/><\/a><\/p>\n<h3><\/h3>\n<h3><strong><span class=\"cf3\">Rezultate <span class=\"cf3\">clinice <span class=\"cf3\">previzibile<\/span><\/span><\/span><\/strong><\/h3>\n<p><span class=\"cf3\">Datorit\u0103 gradului ridicat de hidrofilicitate, <a href=\"https:\/\/us.purgobio.com\/the-graft-collagen\/\" target=\"_blank\" rel=\"noopener\">LegoGraft\u2122<\/a>\u00a0stabilizeaz\u0103 cheagul \u0219i contribuie la revascularizareamaterialului de gref\u0103 \u00een zona defectului, cresc\u00e2nd eficien\u021ba migra\u021biei celulare c\u0103tre substratul mineral. \u00cen consecin\u021b\u0103, se ob\u021bine o formare rapid\u0103 a osului \u0219i rezultate clinice predictibile.<\/span><\/p>\n<p>&nbsp;<\/p>\n<h3><strong>Indica\u021bii clinice:<\/strong><\/h3>\n<ul>\n<li>Augmentare creast\u0103 alveolar\u0103 (orizontal\u0103 \/ vertical\u0103)<\/li>\n<li>Reconstruc\u021bie defecte osoase extinse<\/li>\n<li>Proceduri de ridge augmentation pre-implantare<\/li>\n<li>Defecte osoase post-extrac\u021bionale cu pierdere volumetric\u0103 semnificativ\u0103<\/li>\n<\/ul>\n<h3><strong>Caracteristici biologice \u0219i structurale:<\/strong><\/h3>\n<ul>\n<li>Origine: os porcin natural, procesat \u0219i purificat<\/li>\n<li>Structur\u0103 3D similar\u0103 osului uman<\/li>\n<li>Porozitate ridicat\u0103, cu interconectivitate optim\u0103<\/li>\n<li>Osteoconductivitate demonstrat\u0103 clinic<\/li>\n<li>Integrare progresiv\u0103 prin remodelare fiziologic\u0103<\/li>\n<\/ul>\n<p>&nbsp;<\/p>\n<h3><strong>Beneficii pentru medici:<\/strong><\/h3>\n<ul>\n<li><strong>Manipulare facil\u0103: <\/strong>materialul colagenat este mai u\u0219or de modelat dec\u00e2t granulele standard, permit\u00e2nd adaptarea precis\u0103la conturul defectului f\u0103r\u0103 risip\u0103.<\/li>\n<li><strong>Fixare sigur\u0103: <\/strong>blocul poate fi fixat \u00een defect f\u0103r\u0103 a se disloca, reduc\u00e2nd riscul de deplasare.<\/li>\n<li><strong>Conservare volumetric\u0103: <\/strong>men\u021bine volumul alveolar \u00een timp, sprijinind medicina implantar\u0103 ulterioar\u0103.<\/li>\n<li><strong>Regenerare previzibil\u0103: <\/strong>datorit\u0103 hidrofilicit\u0103\u021bii ridicate, cheagul este stabilizat \u0219i se \u00eencurajeaz\u0103 revascularizarea \u0219imigrarea celular\u0103 c\u0103tre substratul mineral.<\/li>\n<li><strong>Reducerea timpului operator: <\/strong>manipulare mai rapid\u0103 \u0219i fixare facil\u0103 \u00een zona defectului contribuie la reducerea timpuluipe scaun pentru pacient.<\/li>\n<li><strong>Integrare biologic\u0103: <\/strong>materialul este remodelat treptat de celulele osoase, facilit\u00e2nd regenerarea osului propriu al pacientului.<\/li>\n<\/ul>\n<h3><strong>Beneficii pentru pacien\u021bi:<\/strong><\/h3>\n<ul>\n<li><strong>Vindecare natural\u0103: <\/strong>materialul este integrat organic \u0219i remodelat natural, minimiz\u00e2nd riscurile cu materiale artificialepersistente.<\/li>\n<li><strong>Estetic \u0219i func\u021bional: <\/strong>conservarea crestei alveolare contribuie la rezultate estetice \u0219i la stabilitatea restaur\u0103rilor viitoare.<\/li>\n<li><strong>Reducerea disconfortului: <\/strong>procedura poate fi mai eficient\u0103 \u0219i mai rapid\u0103, cu mai pu\u021bin traumatism \u00een zona chirurgical\u0103.<\/li>\n<li><strong>Predic\u021bie mai sigur\u0103: <\/strong>datorit\u0103 propriet\u0103\u021bilor biologice, se anticip\u0103 formarea rapid\u0103 a osului \u0219i rezultate consistente.<\/li>\n<\/ul>\n","protected":false},"excerpt":{"rendered":"<p><span class=\"cf0\">Blocul osos LegoGraft<\/span><span class=\"cf1\">\u2122 <\/span>de la Purgo este o xenogref\u0103 colagenat\u0103 de origine porcin\u0103, destinat\u0103 regener\u0103rii \u0219i conserv\u0103rii crestei alveolare dup\u0103 extrac\u021bii dentare. Combina\u021bia dintre matricea mineral\u0103 osoas\u0103 \u0219i colagen ofer\u0103 o manevrabilitate excelent\u0103, adaptare facil\u0103 la forma defectului, osteoconductivitate optim\u0103 \u0219i rezultate clinice rapide \u0219i previzibile.<\/p>\n","protected":false},"featured_media":33180,"comment_status":"closed","ping_status":"closed","template":"","meta":{"_kad_blocks_custom_css":"","_kad_blocks_head_custom_js":"","_kad_blocks_body_custom_js":"","_kad_blocks_footer_custom_js":"","_kadence_starter_templates_imported_post":false,"_kad_post_transparent":"default","_kad_post_title":"","_kad_post_layout":"default","_kad_post_sidebar_id":"","_kad_post_content_style":"default","_kad_post_vertical_padding":"default","_kad_post_feature":"","_kad_post_feature_position":"","_kad_post_header":false,"_kad_post_footer":false,"_kad_post_classname":""},"product_brand":[420],"product_cat":[50,168],"product_tag":[469],"product_partner":[],"class_list":{"0":"post-5142","1":"product","2":"type-product","3":"status-publish","4":"has-post-thumbnail","6":"product_brand-purgo","7":"product_cat-biomateriale-si-materiale-de-sutura","8":"product_cat-aditie-osoasa","9":"product_tag-onlineorder","11":"first","12":"instock","13":"taxable","14":"shipping-taxable","15":"purchasable","16":"product-type-variable","17":"entry","18":"content-bg","19":"loop-entry"},"taxonomy_info":{"product_brand":[{"value":420,"label":"PURGO"}],"product_cat":[{"value":50,"label":"Biomateriale \u0219i materiale de sutur\u0103"},{"value":168,"label":"Adi\u021bie osoas\u0103"}],"product_tag":[{"value":469,"label":"#onlineorder"}]},"featured_image_src_large":["https:\/\/gursk.ro\/shop\/wp-content\/uploads\/2025\/09\/Bloc-osos-LegoGraft-2.jpg",720,720,false],"author_info":[],"comment_info":0,"_links":{"self":[{"href":"https:\/\/gursk.ro\/shop\/wp-json\/wp\/v2\/product\/5142","targetHints":{"allow":["GET"]}}],"collection":[{"href":"https:\/\/gursk.ro\/shop\/wp-json\/wp\/v2\/product"}],"about":[{"href":"https:\/\/gursk.ro\/shop\/wp-json\/wp\/v2\/types\/product"}],"replies":[{"embeddable":true,"href":"https:\/\/gursk.ro\/shop\/wp-json\/wp\/v2\/comments?post=5142"}],"wp:featuredmedia":[{"embeddable":true,"href":"https:\/\/gursk.ro\/shop\/wp-json\/wp\/v2\/media\/33180"}],"wp:attachment":[{"href":"https:\/\/gursk.ro\/shop\/wp-json\/wp\/v2\/media?parent=5142"}],"wp:term":[{"taxonomy":"product_brand","embeddable":true,"href":"https:\/\/gursk.ro\/shop\/wp-json\/wp\/v2\/product_brand?post=5142"},{"taxonomy":"product_cat","embeddable":true,"href":"https:\/\/gursk.ro\/shop\/wp-json\/wp\/v2\/product_cat?post=5142"},{"taxonomy":"product_tag","embeddable":true,"href":"https:\/\/gursk.ro\/shop\/wp-json\/wp\/v2\/product_tag?post=5142"},{"taxonomy":"product_partner","embeddable":true,"href":"https:\/\/gursk.ro\/shop\/wp-json\/wp\/v2\/product_partner?post=5142"}],"curies":[{"name":"wp","href":"https:\/\/api.w.org\/{rel}","templated":true}]}}