{"id":5065,"date":"2025-09-18T18:07:17","date_gmt":"2025-09-18T15:07:17","guid":{"rendered":"https:\/\/gursk.ro\/shop\/?post_type=product&#038;p=5065"},"modified":"2026-05-09T10:25:31","modified_gmt":"2026-05-09T07:25:31","slug":"s1019t-daltita-chirurgie-13k-tg-titan-3-5-3mm-dowell","status":"publish","type":"product","link":"https:\/\/gursk.ro\/shop\/produs\/s1019t-daltita-chirurgie-13k-tg-titan-3-5-3mm-dowell\/","title":{"rendered":"S1019T &#8211; DALTITA CHIRURGIE &#8211; 13K\/TG &#8211; Titan &#8211; 3.5\/3mm &#8211; Dowell"},"content":{"rendered":"<p><strong>D\u0103lti\u021ba chirurgical\u0103 S1019T &#8211; 13K\/TG de la Dowell<\/strong> este un instrument de \u00eenalt\u0103 calitate, fabricat din titan, destinat remodel\u0103rii \u0219i \u00eendep\u0103rt\u0103rii osului \u00een timpul interven\u021biilor chirurgicale parodontale. Aceasta este conceput\u0103 pentru a oferi precizie \u00een procedurile de conturare osoas\u0103, av\u00e2nd v\u00e2rfuri de <strong>3.5 mm<\/strong> \u0219i <strong>3.0 mm<\/strong>, care permit manevrarea eficient\u0103 a instrumentului chiar \u0219i \u00een zone greu accesibile.<\/p>\n<h3>Caracteristici principale:<\/h3>\n<ul>\n<li><strong>Material:<\/strong> Titan<\/li>\n<li><strong>Dimensiuni v\u00e2rfuri:<\/strong> 3.5 mm \u0219i 3.0 mm<\/li>\n<li><strong>Utilizare:<\/strong> Remodelare osoas\u0103 \u0219i \u00eendep\u0103rtarea osului \u00een timpul chirurgiei parodontale<\/li>\n<li><strong>Design ergonomic:<\/strong> Asigur\u0103 o aderen\u021b\u0103 sigur\u0103 \u0219i un control precis<\/li>\n<\/ul>\n","protected":false},"excerpt":{"rendered":"<p><strong>D\u0103lti\u021ba chirurgical\u0103 S1019T &#8211; 13K\/TG<\/strong> din titan, cu v\u00e2rfuri de 3.5 mm \u0219i 3.0 mm, este utilizat\u0103 pentru conturarea \u0219i remodelarea osului \u00een timpul procedurilor parodontale.<\/p>\n","protected":false},"featured_media":5086,"comment_status":"closed","ping_status":"closed","template":"","meta":{"_kad_blocks_custom_css":"","_kad_blocks_head_custom_js":"","_kad_blocks_body_custom_js":"","_kad_blocks_footer_custom_js":"","_kadence_starter_templates_imported_post":false,"_kad_post_transparent":"","_kad_post_title":"","_kad_post_layout":"","_kad_post_sidebar_id":"","_kad_post_content_style":"","_kad_post_vertical_padding":"","_kad_post_feature":"","_kad_post_feature_position":"","_kad_post_header":false,"_kad_post_footer":false,"_kad_post_classname":""},"product_brand":[399],"product_cat":[25],"product_tag":[],"product_partner":[],"class_list":{"0":"post-5065","1":"product","2":"type-product","3":"status-publish","4":"has-post-thumbnail","6":"product_brand-dowell","7":"product_cat-instrumentar-stomatologie","9":"first","10":"instock","11":"taxable","12":"shipping-taxable","13":"purchasable","14":"product-type-simple","15":"entry","16":"content-bg","17":"loop-entry"},"taxonomy_info":{"product_brand":[{"value":399,"label":"DOWELL"}],"product_cat":[{"value":25,"label":"Instrumentar stomatologie"}]},"featured_image_src_large":["https:\/\/gursk.ro\/shop\/wp-content\/uploads\/2022\/10\/s1019t_12001t_surgical_chisels_13k-tg_-_titanium_3.5-3mm_0.webp",1000,1000,false],"author_info":[],"comment_info":0,"_links":{"self":[{"href":"https:\/\/gursk.ro\/shop\/wp-json\/wp\/v2\/product\/5065","targetHints":{"allow":["GET"]}}],"collection":[{"href":"https:\/\/gursk.ro\/shop\/wp-json\/wp\/v2\/product"}],"about":[{"href":"https:\/\/gursk.ro\/shop\/wp-json\/wp\/v2\/types\/product"}],"replies":[{"embeddable":true,"href":"https:\/\/gursk.ro\/shop\/wp-json\/wp\/v2\/comments?post=5065"}],"version-history":[{"count":0,"href":"https:\/\/gursk.ro\/shop\/wp-json\/wp\/v2\/product\/5065\/revisions"}],"wp:featuredmedia":[{"embeddable":true,"href":"https:\/\/gursk.ro\/shop\/wp-json\/wp\/v2\/media\/5086"}],"wp:attachment":[{"href":"https:\/\/gursk.ro\/shop\/wp-json\/wp\/v2\/media?parent=5065"}],"wp:term":[{"taxonomy":"product_brand","embeddable":true,"href":"https:\/\/gursk.ro\/shop\/wp-json\/wp\/v2\/product_brand?post=5065"},{"taxonomy":"product_cat","embeddable":true,"href":"https:\/\/gursk.ro\/shop\/wp-json\/wp\/v2\/product_cat?post=5065"},{"taxonomy":"product_tag","embeddable":true,"href":"https:\/\/gursk.ro\/shop\/wp-json\/wp\/v2\/product_tag?post=5065"},{"taxonomy":"product_partner","embeddable":true,"href":"https:\/\/gursk.ro\/shop\/wp-json\/wp\/v2\/product_partner?post=5065"}],"curies":[{"name":"wp","href":"https:\/\/api.w.org\/{rel}","templated":true}]}}