{"id":5055,"date":"2025-09-18T18:07:16","date_gmt":"2025-09-18T15:07:16","guid":{"rendered":"https:\/\/gursk.ro\/shop\/?post_type=product&#038;p=5055"},"modified":"2026-04-08T10:25:44","modified_gmt":"2026-04-08T07:25:44","slug":"pomcol-sistem-racire-pentru-recoltarea-sangelui","status":"publish","type":"product","link":"https:\/\/gursk.ro\/shop\/produs\/pomcol-sistem-racire-pentru-recoltarea-sangelui\/","title":{"rendered":"PomCol\u2122 \u2013 Sistem de r\u0103cire pentru recoltarea s\u00e2ngelui (Blood Draw Cooling System)"},"content":{"rendered":"<p><strong>PomCol\u2122<\/strong> este un <strong>accesoriu medical de r\u0103cire pentru recoltarea s\u00e2ngelui<\/strong>, conceput pentru a fi utilizat \u00een protocoalele PRF (Platelet-Rich Fibrin) conform conceptului original al lui Dr. Joseph Choukroun. Acest sistem de r\u0103cire se aplic\u0103 pe zona antebra\u021bului pacientului \u00een timpul <strong>puncturii venoase<\/strong>, men\u021bin\u00e2nd s\u00e2ngele la o temperatur\u0103 sc\u0103zut\u0103 \u00een momentul \u00een care acesta intr\u0103 \u00een tubul de recoltare. Prin r\u0103cirea s\u00e2ngelui <em>\u00een timpul colect\u0103rii<\/em>, PomCol\u2122 <strong>\u00eent\u00e2rzie coagularea<\/strong> \u0219i <strong>p\u0103streaz\u0103 fibrinogenul<\/strong> \u00een solu\u021bie, evit\u00e2nd consumul prematur al acestuia \u00eenainte de centrifugare. Aceast\u0103 abordare optimizeaz\u0103 procesul de preparare PRF, contribuind la <strong>formarea unor cheaguri de fibrin\u0103 mai mari<\/strong> \u0219i la <strong>cre\u0219terea volumului plasmatic ob\u021binut<\/strong>.<\/p>\n<p>&nbsp;<\/p>\n<div class=\"entry-content-asset videofit\"><iframe title=\"Pompac &amp; Pomcol EN\" width=\"720\" height=\"405\" src=\"https:\/\/www.youtube.com\/embed\/d-yaETJrSmI?feature=oembed\" frameborder=\"0\" allow=\"accelerometer; autoplay; clipboard-write; encrypted-media; gyroscope; picture-in-picture; web-share\" referrerpolicy=\"strict-origin-when-cross-origin\" allowfullscreen><\/iframe><\/div>\n<p>&nbsp;<\/p>\n<p>Sistemul este deosebit de util atunci c\u00e2nd se recolteaz\u0103 un num\u0103r mai mare de tuburi (de exemplu, 8 sau mai mult), deoarece men\u021binerea s\u00e2ngelui rece <em>pe parcursul punc\u021biilor multiple<\/em> asigur\u0103 un interval de manipulare mai lung \u0219i un control mai bun al procesului de coagulare.<\/p>\n<p>PomCol\u2122 reprezint\u0103 un element complementar esen\u021bial \u00een fluxul de lucru PRF, \u00eembun\u0103t\u0103\u021bind eficien\u021ba general\u0103 a recolt\u0103rii \u0219i contribuind la rezultate biologice superioare, \u00een special \u00een aplica\u021biile clinice de regenerare tisular\u0103, implantologie, parodontologie \u0219i chirurgie oral\u0103.<\/p>\n<p>&nbsp;<\/p>\n","protected":false},"excerpt":{"rendered":"<p>PomCol\u2122 este un accesoriu de r\u0103cire pentru recoltarea s\u00e2ngelui, utilizat \u00een protocoalele PRF pentru a \u00eent\u00e2rzia coagularea \u0219i a cre\u0219te volumul de fibrin\u0103 \u0219i plasm\u0103 ob\u021binute din probele sanguine.<\/p>\n","protected":false},"featured_media":5081,"comment_status":"closed","ping_status":"closed","template":"","meta":{"_kad_blocks_custom_css":"","_kad_blocks_head_custom_js":"","_kad_blocks_body_custom_js":"","_kad_blocks_footer_custom_js":"","_kadence_starter_templates_imported_post":false,"_kad_post_transparent":"default","_kad_post_title":"","_kad_post_layout":"default","_kad_post_sidebar_id":"","_kad_post_content_style":"default","_kad_post_vertical_padding":"default","_kad_post_feature":"","_kad_post_feature_position":"","_kad_post_header":false,"_kad_post_footer":false,"_kad_post_classname":""},"product_brand":[419],"product_cat":[448,18],"product_tag":[469],"product_partner":[],"class_list":{"0":"post-5055","1":"product","2":"type-product","3":"status-publish","4":"has-post-thumbnail","6":"product_brand-prf-process-choukroun","7":"product_cat-centrifuga-prf","8":"product_cat-echipamente-chirurgie-si-accesorii","9":"product_tag-onlineorder","11":"first","12":"instock","13":"taxable","14":"shipping-taxable","15":"purchasable","16":"product-type-simple","17":"entry","18":"content-bg","19":"loop-entry"},"taxonomy_info":{"product_brand":[{"value":419,"label":"PRF PROCESS CHOUKROUN"}],"product_cat":[{"value":448,"label":"Centrifug\u0103 PRF"},{"value":18,"label":"Echipamente de chirurgie dentar\u0103 \u0219i accesorii"}],"product_tag":[{"value":469,"label":"#onlineorder"}]},"featured_image_src_large":["https:\/\/gursk.ro\/shop\/wp-content\/uploads\/2022\/10\/POMCOL-from-Process-for-PRF-Dr-Joseph-Choukroun-2.jpg",600,600,false],"author_info":[],"comment_info":0,"_links":{"self":[{"href":"https:\/\/gursk.ro\/shop\/wp-json\/wp\/v2\/product\/5055","targetHints":{"allow":["GET"]}}],"collection":[{"href":"https:\/\/gursk.ro\/shop\/wp-json\/wp\/v2\/product"}],"about":[{"href":"https:\/\/gursk.ro\/shop\/wp-json\/wp\/v2\/types\/product"}],"replies":[{"embeddable":true,"href":"https:\/\/gursk.ro\/shop\/wp-json\/wp\/v2\/comments?post=5055"}],"wp:featuredmedia":[{"embeddable":true,"href":"https:\/\/gursk.ro\/shop\/wp-json\/wp\/v2\/media\/5081"}],"wp:attachment":[{"href":"https:\/\/gursk.ro\/shop\/wp-json\/wp\/v2\/media?parent=5055"}],"wp:term":[{"taxonomy":"product_brand","embeddable":true,"href":"https:\/\/gursk.ro\/shop\/wp-json\/wp\/v2\/product_brand?post=5055"},{"taxonomy":"product_cat","embeddable":true,"href":"https:\/\/gursk.ro\/shop\/wp-json\/wp\/v2\/product_cat?post=5055"},{"taxonomy":"product_tag","embeddable":true,"href":"https:\/\/gursk.ro\/shop\/wp-json\/wp\/v2\/product_tag?post=5055"},{"taxonomy":"product_partner","embeddable":true,"href":"https:\/\/gursk.ro\/shop\/wp-json\/wp\/v2\/product_partner?post=5055"}],"curies":[{"name":"wp","href":"https:\/\/api.w.org\/{rel}","templated":true}]}}