{"id":4539,"date":"2025-09-18T18:02:40","date_gmt":"2025-09-18T15:02:40","guid":{"rendered":"https:\/\/gursk.ro\/shop\/?post_type=product&#038;p=4539"},"modified":"2025-09-18T18:03:12","modified_gmt":"2025-09-18T15:03:12","slug":"microscop-corder-asom-520","status":"publish","type":"product","link":"https:\/\/gursk.ro\/shop\/produs\/microscop-corder-asom-520\/","title":{"rendered":"Microscop Corder ASOM-520"},"content":{"rendered":"<p>Configurare:<\/p>\n<ul>\n<li>Oglind\u0103 cu\u021bit de m\u00e2n\u0103 0-200\u00b0<\/li>\n<li>Bra\u021bul de echilibru<\/li>\n<li>Focalizarea obiectivului larg<\/li>\n<li>Consol\u0103 \u0219i bra\u021b transversal cu autoechilibrare<\/li>\n<li>Sistem de zoom continuu<\/li>\n<li>Portocaliu, filtru verde, punct mic<\/li>\n<li>Iluminare LED<\/li>\n<li>Actualiza\u021bi configura\u021bia cu sistem de camer\u0103 de \u00eenalt\u0103 defini\u021bie \u00eencorporat cu camer\u0103 \u0219i m\u00e2ner pentru func\u021bie video<\/li>\n<\/ul>\n","protected":false},"excerpt":{"rendered":"<p>Suprafa\u021ba optic\u0103:<\/p>\n<ul>\n<li>Calitate optic\u0103 de prim\u0103 clas\u0103<\/li>\n<li>Toate suprafe\u021bele optice adopt\u0103 cele mai recente lentile apocromatice reflectorizante cu acoperire multipl\u0103 (oglind\u0103 principal\u0103, oglind\u0103 asistent\u0103, obiectiv obiectiv, ocular \u0219i sistem de zoom)<\/li>\n<li>F\u0103r\u0103 distorsiuni de culoare \u0219i imagine, f\u0103r\u0103 abera\u021bii sferice, distorsiuni mici<\/li>\n<li>Claritate excelent\u0103, contrast, ad\u00e2ncime mare de c\u00e2mp, rezolu\u021bie \u00eenalt\u0103, luminozitate ridicat\u0103, sim\u021b tridimensional<\/li>\n<li>Performan\u021b\u0103 bun\u0103 de etan\u0219are, suprafa\u021ba oglinzii nu este u\u0219or de zg\u00e2riat, tratament anti-mucegai, atenuare optic\u0103 lent\u0103 (durat\u0103 de via\u021b\u0103 8-10 ani)<\/li>\n<\/ul>\n","protected":false},"featured_media":4588,"comment_status":"open","ping_status":"closed","template":"","meta":{"_kad_blocks_custom_css":"","_kad_blocks_head_custom_js":"","_kad_blocks_body_custom_js":"","_kad_blocks_footer_custom_js":"","_kadence_starter_templates_imported_post":false,"_kad_post_transparent":"","_kad_post_title":"","_kad_post_layout":"","_kad_post_sidebar_id":"","_kad_post_content_style":"","_kad_post_vertical_padding":"","_kad_post_feature":"","_kad_post_feature_position":"","_kad_post_header":false,"_kad_post_footer":false,"_kad_post_classname":""},"product_brand":[],"product_cat":[15],"product_tag":[],"product_partner":[],"class_list":{"0":"post-4539","1":"product","2":"type-product","3":"status-publish","4":"has-post-thumbnail","6":"product_cat-uncategorized","8":"first","9":"instock","10":"taxable","11":"shipping-taxable","12":"product-type-simple","13":"entry","14":"content-bg","15":"loop-entry"},"taxonomy_info":{"product_cat":[{"value":15,"label":"Uncategorized"}]},"featured_image_src_large":["https:\/\/gursk.ro\/shop\/wp-content\/uploads\/2022\/02\/Hf00809dbb5c44d8a96f0c7c5ca0326f2Y.jpg",1000,1000,false],"author_info":[],"comment_info":0,"_links":{"self":[{"href":"https:\/\/gursk.ro\/shop\/wp-json\/wp\/v2\/product\/4539","targetHints":{"allow":["GET"]}}],"collection":[{"href":"https:\/\/gursk.ro\/shop\/wp-json\/wp\/v2\/product"}],"about":[{"href":"https:\/\/gursk.ro\/shop\/wp-json\/wp\/v2\/types\/product"}],"replies":[{"embeddable":true,"href":"https:\/\/gursk.ro\/shop\/wp-json\/wp\/v2\/comments?post=4539"}],"version-history":[{"count":0,"href":"https:\/\/gursk.ro\/shop\/wp-json\/wp\/v2\/product\/4539\/revisions"}],"wp:featuredmedia":[{"embeddable":true,"href":"https:\/\/gursk.ro\/shop\/wp-json\/wp\/v2\/media\/4588"}],"wp:attachment":[{"href":"https:\/\/gursk.ro\/shop\/wp-json\/wp\/v2\/media?parent=4539"}],"wp:term":[{"taxonomy":"product_brand","embeddable":true,"href":"https:\/\/gursk.ro\/shop\/wp-json\/wp\/v2\/product_brand?post=4539"},{"taxonomy":"product_cat","embeddable":true,"href":"https:\/\/gursk.ro\/shop\/wp-json\/wp\/v2\/product_cat?post=4539"},{"taxonomy":"product_tag","embeddable":true,"href":"https:\/\/gursk.ro\/shop\/wp-json\/wp\/v2\/product_tag?post=4539"},{"taxonomy":"product_partner","embeddable":true,"href":"https:\/\/gursk.ro\/shop\/wp-json\/wp\/v2\/product_partner?post=4539"}],"curies":[{"name":"wp","href":"https:\/\/api.w.org\/{rel}","templated":true}]}}