{"id":4532,"date":"2025-09-18T18:02:39","date_gmt":"2025-09-18T15:02:39","guid":{"rendered":"https:\/\/gursk.ro\/shop\/?post_type=product&#038;p=4532"},"modified":"2025-09-18T18:03:05","modified_gmt":"2025-09-18T15:03:05","slug":"starlight-nano-3-0-sistem-de-iluminare-cu-led","status":"publish","type":"product","link":"https:\/\/gursk.ro\/shop\/produs\/starlight-nano-3-0-sistem-de-iluminare-cu-led\/","title":{"rendered":"StarLight Nano 3.0 &#8211; sistem de iluminare cu LED"},"content":{"rendered":"<p><strong>Sistem de iluminare cu LED Starlight Nano 3.0<\/strong><br \/>\nStarlight Nano 3.0 este un sistem mobil de iluminare cu LED, de \u00eenalt\u0103 performan\u021b\u0103,\u00a0 utilizate de profesioni\u0219tii din domeniul stomatologic. C\u00e2mpurile vizuale sunt iluminate uniform \u0219i f\u0103r\u0103 umbre, \u00eentr-un spectru asem\u0103n\u0103tor cu cel al luminii naturale, permi\u021b\u00e2nd efectuarea mult mai eficient\u0103 \u0219i mai confortabil\u0103 a numeroase activit\u0103\u021bi vizuale.<\/p>\n<p>Corpul compact al l\u0103mpii sistemului de iluminare cu LED StarLight Nano 3.0 con\u021bine 3 LED-uri: unul alb \u0219i dou\u0103 colorate. LED-ul alb garanteaz\u0103 iluminarea optim\u0103 a zonei de tratament. LED-ul de culoare portocalie este potrivit pentru prelucrarea materialelor, \u00eempiedic\u00e2nd astfel o reac\u021bie prematur\u0103 a agentului. Alternativ, este disponibil un LED de culoare albastr\u0103 sau verde. LED-ul albastru v\u0103 ajut\u0103 s\u0103 face\u021bi vizibile reziduurile de la materialele folosite, \u00een timp ce LED-ul verde este benefic \u00een cadrul proceselor de chirurgie oral\u0103. Astfel, nu mai este necesar un filtru de culoare suplimentar. Lampa poate fi operat\u0103 intuitiv prin ap\u0103sarea unor butoane. Puterea luminii LED-ului poate fi reglat\u0103 cu u\u0219urin\u021b\u0103, f\u0103r\u0103 probleme. La fel ca \u0219i ceilal\u021bi membri ai familiei StarLight, Nano 3.0 poate fi utlizat cu toate lupele standard.<\/p>\n<p>Nivelul ridicat de confort la purtare este asigurat de:<\/p>\n<ul>\n<li>Greutatea redus\u0103<\/li>\n<li>Designul compact<\/li>\n<li>Acumulatorul re\u00eenc\u0103rcabil puternic Ansmann.<\/li>\n<\/ul>\n<p>____________________<\/p>\n<p>Detalii despre sistemul de iluminare cu LED <strong>Starlight Nano 3.0<\/strong>:<\/p>\n<ul>\n<li>Lumin\u0103 focalizat\u0103, recomandat\u0103 pentru lupele cu magnifica\u021bie de p\u00e2n\u0103 la 3X;<\/li>\n<li>Asigur\u0103 o iluminare similar\u0103 cu cea natural\u0103 (35.000 Lux la o distan\u021b\u0103 de 250mm);<\/li>\n<li>LED-ul chihimblar este excelent \u00een timpul manoperelor c\u00e2nd este utilizat compozit fotopolimerizabil;<\/li>\n<li>LED-ul albastru este folosit pentru observarea rezidurilor de compozit \u00een timp ce LED-ul verde este excelent pentru aplica\u021bii chirurgicale;<\/li>\n<li>Diametrul capului de iluminare \u00d825mm;<\/li>\n<li>Greutatea capului de iluminare 8g;<\/li>\n<li>Acumulator litiu-polimer 3.700 mAh, 3.7V;<\/li>\n<li>Durata de utilizare aprox. 4 ore la iluminare cu intensitate maxim\u0103 sau 5-6 ore \u00een domeniul carcat albastru (cel uzual);<\/li>\n<li>Dimensiune bloc de comand\u0103 100 x 60 x 45 mm;<\/li>\n<li>Greutate bloc de comand\u0103 inclusiv acumulatorul 180g (82 g far\u0103 acumulator);<\/li>\n<li>Durata de \u00eenc\u0103rcare cca. 4-5 ore;<\/li>\n<li>Alimentare \u00eenc\u0103rc\u0103tor 220V \/ 50Hz;<\/li>\n<li>Setul con\u021bine: capul de iluminare, unitatea de comand\u0103, dispozitiv de fixare pe ram\u0103 sau lup\u0103, 2 acumulatori, \u00eenc\u0103rc\u0103torul pentru acumulator, diferite adaptoare pentru surse de curent din Europa, Marea Britanie, America \u0219i Asia, instruc\u021biuni de utilizare, cutie de protec\u021bie.<\/li>\n<\/ul>\n","protected":false},"excerpt":{"rendered":"<p>Starlight Nano 3.0 este un sistem mobil de iluminare cu LED, de \u00eenalt\u0103 performan\u021b\u0103,\u00a0 utilizate de profesioni\u0219tii din domeniul stomatologic.<\/p>\n","protected":false},"featured_media":4581,"comment_status":"open","ping_status":"closed","template":"","meta":{"_kad_blocks_custom_css":"","_kad_blocks_head_custom_js":"","_kad_blocks_body_custom_js":"","_kad_blocks_footer_custom_js":"","_kadence_starter_templates_imported_post":false,"_kad_post_transparent":"","_kad_post_title":"","_kad_post_layout":"","_kad_post_sidebar_id":"","_kad_post_content_style":"","_kad_post_vertical_padding":"","_kad_post_feature":"","_kad_post_feature_position":"","_kad_post_header":false,"_kad_post_footer":false,"_kad_post_classname":""},"product_brand":[],"product_cat":[368],"product_tag":[],"product_partner":[],"class_list":{"0":"post-4532","1":"product","2":"type-product","3":"status-publish","4":"has-post-thumbnail","6":"product_cat-lupe-stomatologice","8":"first","9":"instock","10":"taxable","11":"shipping-taxable","12":"product-type-simple","13":"entry","14":"content-bg","15":"loop-entry"},"taxonomy_info":{"product_cat":[{"value":368,"label":"Lupe Stomatologice"}]},"featured_image_src_large":["https:\/\/gursk.ro\/shop\/wp-content\/uploads\/2022\/02\/Nano-3-1-scaled-1-768x1024.jpg",768,1024,true],"author_info":[],"comment_info":0,"_links":{"self":[{"href":"https:\/\/gursk.ro\/shop\/wp-json\/wp\/v2\/product\/4532","targetHints":{"allow":["GET"]}}],"collection":[{"href":"https:\/\/gursk.ro\/shop\/wp-json\/wp\/v2\/product"}],"about":[{"href":"https:\/\/gursk.ro\/shop\/wp-json\/wp\/v2\/types\/product"}],"replies":[{"embeddable":true,"href":"https:\/\/gursk.ro\/shop\/wp-json\/wp\/v2\/comments?post=4532"}],"version-history":[{"count":0,"href":"https:\/\/gursk.ro\/shop\/wp-json\/wp\/v2\/product\/4532\/revisions"}],"wp:featuredmedia":[{"embeddable":true,"href":"https:\/\/gursk.ro\/shop\/wp-json\/wp\/v2\/media\/4581"}],"wp:attachment":[{"href":"https:\/\/gursk.ro\/shop\/wp-json\/wp\/v2\/media?parent=4532"}],"wp:term":[{"taxonomy":"product_brand","embeddable":true,"href":"https:\/\/gursk.ro\/shop\/wp-json\/wp\/v2\/product_brand?post=4532"},{"taxonomy":"product_cat","embeddable":true,"href":"https:\/\/gursk.ro\/shop\/wp-json\/wp\/v2\/product_cat?post=4532"},{"taxonomy":"product_tag","embeddable":true,"href":"https:\/\/gursk.ro\/shop\/wp-json\/wp\/v2\/product_tag?post=4532"},{"taxonomy":"product_partner","embeddable":true,"href":"https:\/\/gursk.ro\/shop\/wp-json\/wp\/v2\/product_partner?post=4532"}],"curies":[{"name":"wp","href":"https:\/\/api.w.org\/{rel}","templated":true}]}}