{"id":4530,"date":"2025-12-09T13:51:55","date_gmt":"2025-12-09T10:51:55","guid":{"rendered":"https:\/\/gursk.ro\/shop\/?post_type=product&#038;p=4530"},"modified":"2025-12-09T13:51:55","modified_gmt":"2025-12-09T10:51:55","slug":"starlight-nano-2-0-sistem-de-iluminare-led","status":"publish","type":"product","link":"https:\/\/gursk.ro\/shop\/produs\/starlight-nano-2-0-sistem-de-iluminare-led\/","title":{"rendered":"StarLight Nano 2.0 &#8211; sistem de iluminare LED"},"content":{"rendered":"<p><strong>Sistem de iluminare LED Starlight Nano 2.0<\/strong><br \/>\nStarlight Nano 2.0 este un sistem mobil de iluminare cu LED, de \u00eenalt\u0103 performan\u021b\u0103, utilizat de profesioni\u0219tii din domeniul stomatologic. C\u00e2mpurile vizuale sunt iluminate uniform \u0219i f\u0103r\u0103 umbre, \u00eentr-un spectru asem\u0103n\u0103tor cu cel al luminii naturale, permi\u021b\u00e2nd efectuarea mult mai eficient\u0103 \u0219i mai confortabil\u0103 a numeroase activit\u0103\u021bi vizuale.<\/p>\n<p>Compact \u0219i portabil, sistemul de iluminare cu LED starLight Nano 2 lumineaz\u0103 \u00een mod optim zona de lucru. La urma urmei, lumina potrivit\u0103 este crucial\u0103 dac\u0103 vrei s\u0103 vezi \u0219i ac\u021bionezi cu precizie. StarLight Nano 2 este u\u0219or de utilizat \u0219i poate fi ajustat pentru a fi utilizat cu ochelari cu lupe starVision sau cu orice al\u021bi ochelari cu lupe standard.<\/p>\n<p>Nivelul ridicat de confort la purtare este asigurat de:<\/p>\n<ul>\n<li>Greutate redus\u0103,<\/li>\n<li>Designul compact,<\/li>\n<li>Acumulatorul re\u00eenc\u0103rcabil puternic Ansmann.<\/li>\n<\/ul>\n<p>____________________<\/p>\n<p>Detalii despre sistemul de iluminare LED <strong>Starlight Nano 2.o<\/strong>:<\/p>\n<ul>\n<li>Lumin\u0103 focalizat\u0103, recomandat\u0103 pentru lupele cu magnifica\u021bie de p\u00e2n\u0103 la 3X;<\/li>\n<li>Asigur\u0103 o iluminare similar\u0103 cu cea natural\u0103 (35.000 Lux la o distan\u021b\u0103 de 250mm);<\/li>\n<li>Diametrul capului de iluminare \u00d825mm;<\/li>\n<li>Greutatea capului de iluminare 8g;<\/li>\n<li>Acumulator litiu-polimer 3.700 mAh, 3.7V;<\/li>\n<li>Durata de utilizare aprox. 4 ore la iluminare cu intensitate maxim\u0103 sau 5-6 ore \u00een domeniul marcat cu albastru (cel uzual);<\/li>\n<li>Dimensiune bloc de comand\u0103 100 x 60 x 45 mm;<\/li>\n<li>Greutate bloc de comand\u0103 inclusiv acumulatorul 180g (82 g far\u0103 acumulator);<\/li>\n<li>Durata de \u00eenc\u0103rcare cca. 4-5 ore;<\/li>\n<li>Alimentare \u00eenc\u0103rc\u0103tor 220V \/ 50Hz;<\/li>\n<li>Setul con\u021bine: capul de iluminare, unitatea de comand\u0103, dispozitiv de fixare pe ram\u0103 sau lup\u0103, 2 acumulatori, \u00eenc\u0103rc\u0103torul pentru acumulator, diferite adaptoare pentru surse de curent din Europa, Marea Britanie, America \u0219i Asia, instruc\u021biuni de utilizare, cutie de protec\u021bie.<\/li>\n<\/ul>\n","protected":false},"excerpt":{"rendered":"<p>Starlight Nano 2.0 este un sistem mobil de iluminare cu LED, de \u00eenalt\u0103 performan\u021b\u0103, utilizat de profesioni\u0219tii din domeniul stomatologic.<\/p>\n","protected":false},"featured_media":4567,"comment_status":"open","ping_status":"closed","template":"","meta":{"_kad_blocks_custom_css":"","_kad_blocks_head_custom_js":"","_kad_blocks_body_custom_js":"","_kad_blocks_footer_custom_js":"","_kadence_starter_templates_imported_post":false,"_kad_post_transparent":"","_kad_post_title":"","_kad_post_layout":"","_kad_post_sidebar_id":"","_kad_post_content_style":"","_kad_post_vertical_padding":"","_kad_post_feature":"","_kad_post_feature_position":"","_kad_post_header":false,"_kad_post_footer":false,"_kad_post_classname":""},"product_brand":[430],"product_cat":[368,515,514],"product_tag":[470,369],"product_partner":[],"class_list":{"0":"post-4530","1":"product","2":"type-product","3":"status-publish","4":"has-post-thumbnail","6":"product_brand-starmed","7":"product_cat-lupe-stomatologice","8":"product_cat-lupe-stomatologice-starmed","9":"product_cat-optica-medicala","10":"product_tag-preorder","11":"product_tag-sistem-iluminare-led-starmed","13":"first","14":"instock","15":"taxable","16":"shipping-taxable","17":"product-type-simple","18":"entry","19":"content-bg","20":"loop-entry"},"taxonomy_info":{"product_brand":[{"value":430,"label":"Starmed"}],"product_cat":[{"value":368,"label":"Lupe Stomatologice"},{"value":515,"label":"Lupe stomatologice Starmed"},{"value":514,"label":"Optic\u0103 Medical\u0103"}],"product_tag":[{"value":470,"label":"#preorder"},{"value":369,"label":"sistem iluminare LED starMed"}]},"featured_image_src_large":["https:\/\/gursk.ro\/shop\/wp-content\/uploads\/2022\/02\/Nano-2.0-touchless-Lighthead-large-scaled-1-795x1024.jpg",795,1024,true],"author_info":[],"comment_info":0,"_links":{"self":[{"href":"https:\/\/gursk.ro\/shop\/wp-json\/wp\/v2\/product\/4530","targetHints":{"allow":["GET"]}}],"collection":[{"href":"https:\/\/gursk.ro\/shop\/wp-json\/wp\/v2\/product"}],"about":[{"href":"https:\/\/gursk.ro\/shop\/wp-json\/wp\/v2\/types\/product"}],"replies":[{"embeddable":true,"href":"https:\/\/gursk.ro\/shop\/wp-json\/wp\/v2\/comments?post=4530"}],"version-history":[{"count":0,"href":"https:\/\/gursk.ro\/shop\/wp-json\/wp\/v2\/product\/4530\/revisions"}],"wp:featuredmedia":[{"embeddable":true,"href":"https:\/\/gursk.ro\/shop\/wp-json\/wp\/v2\/media\/4567"}],"wp:attachment":[{"href":"https:\/\/gursk.ro\/shop\/wp-json\/wp\/v2\/media?parent=4530"}],"wp:term":[{"taxonomy":"product_brand","embeddable":true,"href":"https:\/\/gursk.ro\/shop\/wp-json\/wp\/v2\/product_brand?post=4530"},{"taxonomy":"product_cat","embeddable":true,"href":"https:\/\/gursk.ro\/shop\/wp-json\/wp\/v2\/product_cat?post=4530"},{"taxonomy":"product_tag","embeddable":true,"href":"https:\/\/gursk.ro\/shop\/wp-json\/wp\/v2\/product_tag?post=4530"},{"taxonomy":"product_partner","embeddable":true,"href":"https:\/\/gursk.ro\/shop\/wp-json\/wp\/v2\/product_partner?post=4530"}],"curies":[{"name":"wp","href":"https:\/\/api.w.org\/{rel}","templated":true}]}}