{"id":4529,"date":"2025-12-09T13:51:55","date_gmt":"2025-12-09T10:51:55","guid":{"rendered":"https:\/\/gursk.ro\/shop\/?post_type=product&#038;p=4529"},"modified":"2026-01-19T16:41:28","modified_gmt":"2026-01-19T13:41:28","slug":"starlight-nano-1-1-sistem-iluminare-led","status":"publish","type":"product","link":"https:\/\/gursk.ro\/shop\/produs\/starlight-nano-1-1-sistem-iluminare-led\/","title":{"rendered":"StarLight Nano 1.1 &#8211; sistem iluminare LED"},"content":{"rendered":"<p><strong>Sistem de iluminare LED Starlight Nano 1.1<\/strong><br \/>\nLED Starlight Nano 1.1 este un sistem mobil de iluminare LED, de \u00eenalt\u0103 performan\u021b\u0103, utilizat de profesioni\u0219tii din domeniul stomatologic. C\u00e2mpurile vizuale sunt iluminate uniform \u0219i f\u0103r\u0103 umbre, \u00eentr-un spectru asem\u0103n\u0103tor cu cel al luminii naturale, permi\u021b\u00e2nd efectuarea mult mai eficient\u0103 \u0219i mai confortabil\u0103 a numeroase activit\u0103\u021bi vizuale.<\/p>\n<p>Nivelul ridicat de confort la purtare este asigurat de:<\/p>\n<ul>\n<li>Greutate redus\u0103,<\/li>\n<li>Designul compact,<\/li>\n<li>Acumulatorul re\u00eenc\u0103rcabil puternic Ansmann.<\/li>\n<\/ul>\n<p>____________________<\/p>\n<p>Detalii despre <strong>sistemul de iluminare LED<\/strong> <strong>Starlight Nano 1.1<\/strong>:<\/p>\n<ul>\n<li>Lumin\u0103 difuz\u0103, recomandat\u0103 pentru lupele cu magnifica\u021bie de p\u00e2n\u0103 la 3X;<\/li>\n<li>Asigur\u0103 o iluminare similar\u0103 cu cea natural\u0103 (35.000 Lux la o distan\u021b\u0103 de 250mm);<\/li>\n<li>Diametrul capului de iluminare \u00d825mm;<\/li>\n<li>Greutatea capului de iluminare 8g;<\/li>\n<li>Acumulator litiu-polimer 3.700 mAh, 3.7V;<\/li>\n<li>Durata de utilizare aprox. 4 ore la iluminare cu intensitate maxim\u0103 sau 5-6 ore \u00een domeniul carcat albastru (cel uzual);<\/li>\n<li>Dimensiune bloc de comand\u0103 100 x 60 x 45 mm;<\/li>\n<li>Greutate bloc de comand\u0103 inclusiv acumulatorul 180g (82 g far\u0103 acumulator);<\/li>\n<li>Durata de \u00eenc\u0103rcare cca. 4-5 ore;<\/li>\n<li>Alimentare \u00eenc\u0103rc\u0103tor 220V \/ 50Hz;<\/li>\n<li>Setul con\u021bine: capul de iluminare, unitatea de comand\u0103, dispozitiv de fixare pe ram\u0103 sau lup\u0103, 2 acumulatori, \u00eenc\u0103rc\u0103torul pentru acumulator, diferite adaptoare pentru surse de curent din Europa, Marea Britanie, America \u0219i Asia, instruc\u021biuni de utilizare, cutie de protec\u021bie.<\/li>\n<\/ul>\n<p><strong>Afla\u021bi mai multe aici: https:\/\/www.starmed-technik.de\/en\/products\/lights\/starlight-nano11\/?no_cache=1&amp;sword_list%5B%5D=1.1<\/strong><\/p>\n","protected":false},"excerpt":{"rendered":"<p>Starlight Nano 1.1 este un sistem mobil de iluminare cu LED, de \u00eenalt\u0103 performan\u021b\u0103,\u00a0 utilizat de profesioni\u0219tii din domeniul stomatologic.<\/p>\n","protected":false},"featured_media":4566,"comment_status":"open","ping_status":"closed","template":"","meta":{"_kad_blocks_custom_css":"","_kad_blocks_head_custom_js":"","_kad_blocks_body_custom_js":"","_kad_blocks_footer_custom_js":"","_kadence_starter_templates_imported_post":false,"_kad_post_transparent":"","_kad_post_title":"","_kad_post_layout":"","_kad_post_sidebar_id":"","_kad_post_content_style":"","_kad_post_vertical_padding":"","_kad_post_feature":"","_kad_post_feature_position":"","_kad_post_header":false,"_kad_post_footer":false,"_kad_post_classname":""},"product_brand":[430],"product_cat":[54,368],"product_tag":[470],"product_partner":[],"class_list":{"0":"post-4529","1":"product","2":"type-product","3":"status-publish","4":"has-post-thumbnail","6":"product_brand-starmed","7":"product_cat-echipamente-stomatologice","8":"product_cat-lupe-stomatologice","9":"product_tag-preorder","11":"first","12":"instock","13":"taxable","14":"shipping-taxable","15":"product-type-simple","16":"entry","17":"content-bg","18":"loop-entry"},"taxonomy_info":{"product_brand":[{"value":430,"label":"Starmed"}],"product_cat":[{"value":54,"label":"Echipamente Stomatologice"},{"value":368,"label":"Lupe Stomatologice"}],"product_tag":[{"value":470,"label":"#preorder"}]},"featured_image_src_large":["https:\/\/gursk.ro\/shop\/wp-content\/uploads\/2022\/02\/Nano-1.1-1-scaled-1-768x1024.jpg",768,1024,true],"author_info":[],"comment_info":0,"_links":{"self":[{"href":"https:\/\/gursk.ro\/shop\/wp-json\/wp\/v2\/product\/4529","targetHints":{"allow":["GET"]}}],"collection":[{"href":"https:\/\/gursk.ro\/shop\/wp-json\/wp\/v2\/product"}],"about":[{"href":"https:\/\/gursk.ro\/shop\/wp-json\/wp\/v2\/types\/product"}],"replies":[{"embeddable":true,"href":"https:\/\/gursk.ro\/shop\/wp-json\/wp\/v2\/comments?post=4529"}],"version-history":[{"count":0,"href":"https:\/\/gursk.ro\/shop\/wp-json\/wp\/v2\/product\/4529\/revisions"}],"wp:featuredmedia":[{"embeddable":true,"href":"https:\/\/gursk.ro\/shop\/wp-json\/wp\/v2\/media\/4566"}],"wp:attachment":[{"href":"https:\/\/gursk.ro\/shop\/wp-json\/wp\/v2\/media?parent=4529"}],"wp:term":[{"taxonomy":"product_brand","embeddable":true,"href":"https:\/\/gursk.ro\/shop\/wp-json\/wp\/v2\/product_brand?post=4529"},{"taxonomy":"product_cat","embeddable":true,"href":"https:\/\/gursk.ro\/shop\/wp-json\/wp\/v2\/product_cat?post=4529"},{"taxonomy":"product_tag","embeddable":true,"href":"https:\/\/gursk.ro\/shop\/wp-json\/wp\/v2\/product_tag?post=4529"},{"taxonomy":"product_partner","embeddable":true,"href":"https:\/\/gursk.ro\/shop\/wp-json\/wp\/v2\/product_partner?post=4529"}],"curies":[{"name":"wp","href":"https:\/\/api.w.org\/{rel}","templated":true}]}}