{"id":4522,"date":"2025-12-09T13:51:55","date_gmt":"2025-12-09T10:51:55","guid":{"rendered":"https:\/\/gursk.ro\/shop\/?post_type=product&#038;p=4522"},"modified":"2025-12-11T19:32:57","modified_gmt":"2025-12-11T16:32:57","slug":"sv-hd-3-5-adivista","status":"publish","type":"product","link":"https:\/\/gursk.ro\/shop\/produs\/sv-hd-3-5-adivista\/","title":{"rendered":"Ochelari cu Lupe StarMed &#8211; SV &#8211; HD 3.5 &#8211; Adivista"},"content":{"rendered":"<div class=\"shadowbefore contentdiv\">\n<div class=\"container\">\n<div class=\"row\">\n<div class=\"product_description col-sm-12 col-md-6\"><\/div>\n<\/div>\n<\/div>\n<\/div>\n<div class=\"white_shadowbefore contentdiv\">\n<div class=\"container\">\n<div class=\"row\">\n<div class=\"product_description_add col-sm-6\">\n<div id=\"c141\" class=\"csc-default ce-text\">\n<p><span class=\"Y2IQFc\" lang=\"ro\">Am epuizat posibilul tehnic \u00een optica de \u00eenalt\u0103 performan\u021b\u0103 a acestor ochelari cu lup\u0103. <\/span><\/p>\n<p><span class=\"Y2IQFc\" lang=\"ro\">A fost singura modalitate de a ob\u021bine o \u00eenalt\u0103 defini\u021bie \u2013 cea mai bun\u0103 \u00een detaliu \u0219i profunzime de c\u00e2mp. <\/span><\/p>\n<p><span class=\"Y2IQFc\" lang=\"ro\">Fiecare profesionist iube\u0219te m\u0103rirea de 3,5x a sistemului optic Galilean din ace\u0219ti ochelari cu lup\u0103. <\/span><\/p>\n<p><span class=\"Y2IQFc\" lang=\"ro\">Iar acest model de top este perfec\u021bionat printr-un design confortabil si ergonomic si o forma eleganta. <\/span><\/p>\n<p><span class=\"Y2IQFc\" lang=\"ro\">Adivista vine cu un design sportiv modern atractiv, confort deosebit atunci c\u00e2nd este purtat \u0219i func\u021bionalitate maxim\u0103. <\/span><\/p>\n<p><span class=\"Y2IQFc\" lang=\"ro\">Recomand\u0103m lentile de la ZEISS pentru orice corectare necesar\u0103 a vederii.<\/span><\/p>\n<h3><span class=\"Y2IQFc\" lang=\"ro\">Ochelari cu lup\u0103 de la StarMed<\/span><\/h3>\n<p><span class=\"Y2IQFc\" lang=\"ro\">V-a\u021bi antrenat ochii ca medic &#8211; permite\u021bi-ne s\u0103-i concentr\u0103m cu adev\u0103rat! <\/span><\/p>\n<p><span class=\"Y2IQFc\" lang=\"ro\">Fie pentru diagnostic sau pentru a lucra la cele mai bune structuri, v\u0103 pute\u021bi \u00eembun\u0103t\u0103\u021bi calitatea muncii cu ochelari de lup\u0103. <\/span><\/p>\n<p><span class=\"Y2IQFc\" lang=\"ro\">Evitarea erorilor cauzate de detaliile \u201etrecute cu vederea\u201d va fi de asemenea \u00een beneficiul pacientului dumneavoastr\u0103. <\/span><\/p>\n<p><span class=\"Y2IQFc\" lang=\"ro\">V\u0103 invit\u0103m s\u0103 descoperi\u021bi lumea ochelarilor cu lup\u0103! <\/span><\/p>\n<p><span class=\"Y2IQFc\" lang=\"ro\">Ve\u021bi fi uimit de c\u00e2t de mult mai bine \u0219i mai precis pute\u021bi lucra atunci c\u00e2nd pur \u0219i simplu pute\u021bi vedea mai multe. <\/span><\/p>\n<p><span class=\"Y2IQFc\" lang=\"ro\">Ochelarii no\u0219tri cu lup\u0103 sunt personaliza\u021bi \u0219i de cea mai \u00eenalt\u0103 calitate.<\/span><\/p>\n<p>&nbsp;<\/p>\n<\/div>\n<\/div>\n<\/div>\n<\/div>\n<\/div>\n","protected":false},"excerpt":{"rendered":"<p><span class=\"Y2IQFc\" lang=\"ro\">SV-HD \u2013 un tur de for\u021b\u0103 tehnologic (cadru Adivista)<\/span><\/p>\n","protected":false},"featured_media":9783,"comment_status":"open","ping_status":"closed","template":"","meta":{"_kad_blocks_custom_css":"","_kad_blocks_head_custom_js":"","_kad_blocks_body_custom_js":"","_kad_blocks_footer_custom_js":"","_kadence_starter_templates_imported_post":false,"_kad_post_transparent":"default","_kad_post_title":"","_kad_post_layout":"default","_kad_post_sidebar_id":"","_kad_post_content_style":"default","_kad_post_vertical_padding":"default","_kad_post_feature":"","_kad_post_feature_position":"","_kad_post_header":false,"_kad_post_footer":false,"_kad_post_classname":""},"product_brand":[430],"product_cat":[54,368],"product_tag":[470],"product_partner":[],"class_list":{"0":"post-4522","1":"product","2":"type-product","3":"status-publish","4":"has-post-thumbnail","6":"product_brand-starmed","7":"product_cat-echipamente-stomatologice","8":"product_cat-lupe-stomatologice","9":"product_tag-preorder","11":"first","12":"instock","13":"taxable","14":"shipping-taxable","15":"product-type-simple","16":"entry","17":"content-bg","18":"loop-entry"},"taxonomy_info":{"product_brand":[{"value":430,"label":"Starmed"}],"product_cat":[{"value":54,"label":"Echipamente Stomatologice"},{"value":368,"label":"Lupe Stomatologice"}],"product_tag":[{"value":470,"label":"#preorder"}]},"featured_image_src_large":["https:\/\/gursk.ro\/shop\/wp-content\/uploads\/2025\/12\/SV-HD-3.5-Adivista-black.jpg",1024,1024,false],"author_info":[],"comment_info":0,"_links":{"self":[{"href":"https:\/\/gursk.ro\/shop\/wp-json\/wp\/v2\/product\/4522","targetHints":{"allow":["GET"]}}],"collection":[{"href":"https:\/\/gursk.ro\/shop\/wp-json\/wp\/v2\/product"}],"about":[{"href":"https:\/\/gursk.ro\/shop\/wp-json\/wp\/v2\/types\/product"}],"replies":[{"embeddable":true,"href":"https:\/\/gursk.ro\/shop\/wp-json\/wp\/v2\/comments?post=4522"}],"version-history":[{"count":1,"href":"https:\/\/gursk.ro\/shop\/wp-json\/wp\/v2\/product\/4522\/revisions"}],"predecessor-version":[{"id":9746,"href":"https:\/\/gursk.ro\/shop\/wp-json\/wp\/v2\/product\/4522\/revisions\/9746"}],"wp:featuredmedia":[{"embeddable":true,"href":"https:\/\/gursk.ro\/shop\/wp-json\/wp\/v2\/media\/9783"}],"wp:attachment":[{"href":"https:\/\/gursk.ro\/shop\/wp-json\/wp\/v2\/media?parent=4522"}],"wp:term":[{"taxonomy":"product_brand","embeddable":true,"href":"https:\/\/gursk.ro\/shop\/wp-json\/wp\/v2\/product_brand?post=4522"},{"taxonomy":"product_cat","embeddable":true,"href":"https:\/\/gursk.ro\/shop\/wp-json\/wp\/v2\/product_cat?post=4522"},{"taxonomy":"product_tag","embeddable":true,"href":"https:\/\/gursk.ro\/shop\/wp-json\/wp\/v2\/product_tag?post=4522"},{"taxonomy":"product_partner","embeddable":true,"href":"https:\/\/gursk.ro\/shop\/wp-json\/wp\/v2\/product_partner?post=4522"}],"curies":[{"name":"wp","href":"https:\/\/api.w.org\/{rel}","templated":true}]}}