{"id":4520,"date":"2025-12-09T13:51:55","date_gmt":"2025-12-09T10:51:55","guid":{"rendered":"https:\/\/gursk.ro\/shop\/?post_type=product&#038;p=4520"},"modified":"2025-12-11T17:57:31","modified_gmt":"2025-12-11T14:57:31","slug":"sv-ex-3-0-adivista","status":"publish","type":"product","link":"https:\/\/gursk.ro\/shop\/produs\/sv-ex-3-0-adivista\/","title":{"rendered":"Ochelari cu Lup\u0103 StarMed &#8211; SV &#8211; EX &#8211; 3.0 &#8211; Adivista"},"content":{"rendered":"<p><span class=\"Y2IQFc\" lang=\"ro\">Calitatea excelent\u0103 a imaginii \u0219i profunzimea c\u00e2mpului confer\u0103 acestor ochelari cu lup\u0103 avantajul. <\/span><\/p>\n<p><span class=\"Y2IQFc\" lang=\"ro\">Optica puternic\u0103 ofer\u0103 o imagine luminoas\u0103, clar\u0103, f\u0103r\u0103 margini de culoare \u0219i cu claritate a detaliilor p\u00e2n\u0103 la margine. <\/span><\/p>\n<p><span class=\"Y2IQFc\" lang=\"ro\">Ochelarii sunt, de asemenea, confortabil de manevrat \u0219i vin \u00een culori discrete \u0219i elegante. <\/span><\/p>\n<p><span class=\"Y2IQFc\" lang=\"ro\">Una peste alta, ace\u0219ti ochelari cu lup\u0103 v\u0103 ofer\u0103 un sprijin optim pentru munca dumneavoastr\u0103 solicitant\u0103. <\/span><\/p>\n<p><span class=\"Y2IQFc\" lang=\"ro\">Adivista vine cu un design sportiv modern atractiv, confort deosebit atunci c\u00e2nd este purtat \u0219i func\u021bionalitate maxim\u0103. <\/span><\/p>\n<p><span class=\"Y2IQFc\" lang=\"ro\">Recomand\u0103m lentile de la ZEISS pentru orice corectare necesar\u0103 a vederii. <\/span><\/p>\n<h3><span class=\"Y2IQFc\" lang=\"ro\">Ochelari cu lup\u0103 de la StarMed <\/span><\/h3>\n<p><span class=\"Y2IQFc\" lang=\"ro\">V-a\u021bi antrenat ochii ca medic &#8211; permite\u021bi-ne s\u0103-i concentr\u0103m cu adev\u0103rat! <\/span><\/p>\n<p><span class=\"Y2IQFc\" lang=\"ro\">Fie pentru diagnostic sau pentru a lucra la cele mai bune structuri, v\u0103 pute\u021bi \u00eembun\u0103t\u0103\u021bi calitatea muncii cu ochelari de lup\u0103. <\/span><\/p>\n<p><span class=\"Y2IQFc\" lang=\"ro\">Evitarea erorilor cauzate de detaliile \u201etrecute cu vederea\u201d va fi de asemenea \u00een beneficiul pacientului dumneavoastr\u0103. <\/span><\/p>\n<p><span class=\"Y2IQFc\" lang=\"ro\">V\u0103 invit\u0103m s\u0103 descoperi\u021bi lumea ochelarilor cu lup\u0103! <\/span><\/p>\n<p><span class=\"Y2IQFc\" lang=\"ro\">Ve\u021bi fi uimit de c\u00e2t de mult mai bine \u0219i mai precis pute\u021bi lucra atunci c\u00e2nd pur \u0219i simplu pute\u021bi vedea mai multe. <\/span><\/p>\n<p><span class=\"Y2IQFc\" lang=\"ro\">Ochelarii no\u0219tri cu lup\u0103 sunt personaliza\u021bi \u0219i de cea mai \u00eenalt\u0103 calitate.<\/span><\/p>\n","protected":false},"excerpt":{"rendered":"<p><span class=\"Y2IQFc\" lang=\"ro\">SV-EX \u2013 perfect din toate punctele de vedere (cadru Adivista)<\/span><\/p>\n","protected":false},"featured_media":9776,"comment_status":"open","ping_status":"closed","template":"","meta":{"_kad_blocks_custom_css":"","_kad_blocks_head_custom_js":"","_kad_blocks_body_custom_js":"","_kad_blocks_footer_custom_js":"","_kadence_starter_templates_imported_post":false,"_kad_post_transparent":"default","_kad_post_title":"","_kad_post_layout":"default","_kad_post_sidebar_id":"","_kad_post_content_style":"default","_kad_post_vertical_padding":"default","_kad_post_feature":"","_kad_post_feature_position":"","_kad_post_header":false,"_kad_post_footer":false,"_kad_post_classname":""},"product_brand":[430],"product_cat":[368],"product_tag":[470],"product_partner":[],"class_list":{"0":"post-4520","1":"product","2":"type-product","3":"status-publish","4":"has-post-thumbnail","6":"product_brand-starmed","7":"product_cat-lupe-stomatologice","8":"product_tag-preorder","10":"first","11":"instock","12":"taxable","13":"shipping-taxable","14":"product-type-simple","15":"entry","16":"content-bg","17":"loop-entry"},"taxonomy_info":{"product_brand":[{"value":430,"label":"Starmed"}],"product_cat":[{"value":368,"label":"Lupe Stomatologice"}],"product_tag":[{"value":470,"label":"#preorder"}]},"featured_image_src_large":["https:\/\/gursk.ro\/shop\/wp-content\/uploads\/2025\/12\/ochelari-lupa-starmed-SV-EX-3.0-Adivista-black.jpg",1024,1024,false],"author_info":[],"comment_info":0,"_links":{"self":[{"href":"https:\/\/gursk.ro\/shop\/wp-json\/wp\/v2\/product\/4520","targetHints":{"allow":["GET"]}}],"collection":[{"href":"https:\/\/gursk.ro\/shop\/wp-json\/wp\/v2\/product"}],"about":[{"href":"https:\/\/gursk.ro\/shop\/wp-json\/wp\/v2\/types\/product"}],"replies":[{"embeddable":true,"href":"https:\/\/gursk.ro\/shop\/wp-json\/wp\/v2\/comments?post=4520"}],"version-history":[{"count":1,"href":"https:\/\/gursk.ro\/shop\/wp-json\/wp\/v2\/product\/4520\/revisions"}],"predecessor-version":[{"id":9773,"href":"https:\/\/gursk.ro\/shop\/wp-json\/wp\/v2\/product\/4520\/revisions\/9773"}],"wp:featuredmedia":[{"embeddable":true,"href":"https:\/\/gursk.ro\/shop\/wp-json\/wp\/v2\/media\/9776"}],"wp:attachment":[{"href":"https:\/\/gursk.ro\/shop\/wp-json\/wp\/v2\/media?parent=4520"}],"wp:term":[{"taxonomy":"product_brand","embeddable":true,"href":"https:\/\/gursk.ro\/shop\/wp-json\/wp\/v2\/product_brand?post=4520"},{"taxonomy":"product_cat","embeddable":true,"href":"https:\/\/gursk.ro\/shop\/wp-json\/wp\/v2\/product_cat?post=4520"},{"taxonomy":"product_tag","embeddable":true,"href":"https:\/\/gursk.ro\/shop\/wp-json\/wp\/v2\/product_tag?post=4520"},{"taxonomy":"product_partner","embeddable":true,"href":"https:\/\/gursk.ro\/shop\/wp-json\/wp\/v2\/product_partner?post=4520"}],"curies":[{"name":"wp","href":"https:\/\/api.w.org\/{rel}","templated":true}]}}