{"id":4504,"date":"2025-12-09T13:51:55","date_gmt":"2025-12-09T10:51:55","guid":{"rendered":"https:\/\/gursk.ro\/shop\/?post_type=product&#038;p=4504"},"modified":"2025-12-10T19:26:03","modified_gmt":"2025-12-10T16:26:03","slug":"sv-st-2-5-titan","status":"publish","type":"product","link":"https:\/\/gursk.ro\/shop\/produs\/sv-st-2-5-titan\/","title":{"rendered":"SV &#8211; ST &#8211; 2.5 &#8211; Titan"},"content":{"rendered":"<p><span class=\"Y2IQFc\" lang=\"ro\">Titanium TI22 este o etichet\u0103 proprie StarMed. \u00cen ace\u0219ti ochelari, am combinat designul sportiv \u0219i elegant cu avantajele titanului: rezisten\u021b\u0103, flexibilitate \u0219i greutate redus\u0103. Titanul de \u00eenalt\u0103 calitate \u0219i produc\u021bia de top fac din ace\u0219ti ochelari cu lup\u0103 o adev\u0103rat\u0103 pl\u0103cere. <\/span><\/p>\n<p><span class=\"Y2IQFc\" lang=\"ro\">Ochelari cu lup\u0103, u\u0219ori \u0219i sportivi, la pre\u021b rezonabil. <\/span><\/p>\n<p><span class=\"Y2IQFc\" lang=\"ro\">Ve\u021bi descoperi o nou\u0103 lume a vederii cu m\u0103rire de 2,5x \u0219i un c\u00e2mp vizual foarte larg. <\/span><\/p>\n<p><span class=\"Y2IQFc\" lang=\"ro\">Recomand\u0103m lentile de la ZEISS pentru orice corectare necesar\u0103 a vederii. <\/span><\/p>\n<p><span class=\"Y2IQFc\" lang=\"ro\">Ochelari cu lup\u0103 de la starMed V-a\u021bi antrenat ochii ca medic &#8211; permite\u021bi-ne s\u0103-i concentr\u0103m cu adev\u0103rat! Fie pentru diagnostic sau pentru a lucra la cele mai bune structuri, v\u0103 pute\u021bi \u00eembun\u0103t\u0103\u021bi calitatea muncii cu ochelari de lup\u0103. <\/span><\/p>\n<p><span class=\"Y2IQFc\" lang=\"ro\">Evitarea erorilor cauzate de detaliile \u201etrecute cu vederea\u201d va fi de asemenea \u00een beneficiul pacientului dumneavoastr\u0103. <\/span><\/p>\n<p><span class=\"Y2IQFc\" lang=\"ro\">V\u0103 invit\u0103m s\u0103 descoperi\u021bi lumea ochelarilor cu lup\u0103! <\/span><\/p>\n<p><span class=\"Y2IQFc\" lang=\"ro\">Ve\u021bi fi uimit de c\u00e2t de mult mai bine \u0219i mai precis pute\u021bi lucra atunci c\u00e2nd pur \u0219i simplu pute\u021bi vedea mai multe. <\/span><\/p>\n<p><span class=\"Y2IQFc\" lang=\"ro\">Ochelarii no\u0219tri cu lup\u0103 sunt personaliza\u021bi \u0219i de cea mai \u00eenalt\u0103 calitate.<\/span><\/p>\n","protected":false},"excerpt":{"rendered":"<p><span class=\"Y2IQFc\" lang=\"ro\">SV-ST &#8211; perfect pentru intrarea \u00een lumea ochelarilor cu lup\u0103 (ram\u0103 din titan)<\/span><\/p>\n","protected":false},"featured_media":4516,"comment_status":"open","ping_status":"closed","template":"","meta":{"_kad_blocks_custom_css":"","_kad_blocks_head_custom_js":"","_kad_blocks_body_custom_js":"","_kad_blocks_footer_custom_js":"","_kadence_starter_templates_imported_post":false,"_kad_post_transparent":"default","_kad_post_title":"","_kad_post_layout":"default","_kad_post_sidebar_id":"","_kad_post_content_style":"default","_kad_post_vertical_padding":"default","_kad_post_feature":"","_kad_post_feature_position":"","_kad_post_header":false,"_kad_post_footer":false,"_kad_post_classname":""},"product_brand":[430],"product_cat":[515,514,15],"product_tag":[470],"product_partner":[],"class_list":{"0":"post-4504","1":"product","2":"type-product","3":"status-publish","4":"has-post-thumbnail","6":"product_brand-starmed","7":"product_cat-lupe-stomatologice-starmed","8":"product_cat-optica-medicala","9":"product_cat-uncategorized","10":"product_tag-preorder","12":"first","13":"instock","14":"taxable","15":"shipping-taxable","16":"product-type-simple","17":"entry","18":"content-bg","19":"loop-entry"},"taxonomy_info":{"product_brand":[{"value":430,"label":"Starmed"}],"product_cat":[{"value":515,"label":"Lupe stomatologice Starmed"},{"value":514,"label":"Optic\u0103 Medical\u0103"},{"value":15,"label":"Uncategorized"}],"product_tag":[{"value":470,"label":"#preorder"}]},"featured_image_src_large":["https:\/\/gursk.ro\/shop\/wp-content\/uploads\/2022\/02\/SV-ST-2.5-Titan-black-scaled-1-1024x464.jpg",1024,464,true],"author_info":[],"comment_info":0,"_links":{"self":[{"href":"https:\/\/gursk.ro\/shop\/wp-json\/wp\/v2\/product\/4504","targetHints":{"allow":["GET"]}}],"collection":[{"href":"https:\/\/gursk.ro\/shop\/wp-json\/wp\/v2\/product"}],"about":[{"href":"https:\/\/gursk.ro\/shop\/wp-json\/wp\/v2\/types\/product"}],"replies":[{"embeddable":true,"href":"https:\/\/gursk.ro\/shop\/wp-json\/wp\/v2\/comments?post=4504"}],"version-history":[{"count":0,"href":"https:\/\/gursk.ro\/shop\/wp-json\/wp\/v2\/product\/4504\/revisions"}],"wp:featuredmedia":[{"embeddable":true,"href":"https:\/\/gursk.ro\/shop\/wp-json\/wp\/v2\/media\/4516"}],"wp:attachment":[{"href":"https:\/\/gursk.ro\/shop\/wp-json\/wp\/v2\/media?parent=4504"}],"wp:term":[{"taxonomy":"product_brand","embeddable":true,"href":"https:\/\/gursk.ro\/shop\/wp-json\/wp\/v2\/product_brand?post=4504"},{"taxonomy":"product_cat","embeddable":true,"href":"https:\/\/gursk.ro\/shop\/wp-json\/wp\/v2\/product_cat?post=4504"},{"taxonomy":"product_tag","embeddable":true,"href":"https:\/\/gursk.ro\/shop\/wp-json\/wp\/v2\/product_tag?post=4504"},{"taxonomy":"product_partner","embeddable":true,"href":"https:\/\/gursk.ro\/shop\/wp-json\/wp\/v2\/product_partner?post=4504"}],"curies":[{"name":"wp","href":"https:\/\/api.w.org\/{rel}","templated":true}]}}