{"id":4503,"date":"2025-12-09T13:51:56","date_gmt":"2025-12-09T10:51:56","guid":{"rendered":"https:\/\/gursk.ro\/shop\/?post_type=product&#038;p=4503"},"modified":"2025-12-10T18:57:48","modified_gmt":"2025-12-10T15:57:48","slug":"sv-st-2-5-adivista","status":"publish","type":"product","link":"https:\/\/gursk.ro\/shop\/produs\/sv-st-2-5-adivista\/","title":{"rendered":"Ochelari cu Lup\u0103 Starmed &#8211; SV &#8211; ST 2.5 &#8211; Adivista"},"content":{"rendered":"<p><span class=\"Y2IQFc\" lang=\"ro\">Ochelari cu lup\u0103, u\u0219ori \u0219i sportivi, la pre\u021b rezonabil. <\/span><\/p>\n<p><span class=\"Y2IQFc\" lang=\"ro\">Ve\u021bi descoperi o nou\u0103 lume a vederii cu m\u0103rire de 2,5x \u0219i un c\u00e2mp vizual foarte larg. <\/span><\/p>\n<p><span class=\"Y2IQFc\" lang=\"ro\">Adivista vine cu un design sportiv modern atractiv, confort deosebit atunci c\u00e2nd este purtat \u0219i func\u021bionalitate maxim\u0103. Recomand\u0103m lentile de la ZEISS pentru orice corectare necesar\u0103 a vederii. <\/span><\/p>\n<h3><span class=\"Y2IQFc\" lang=\"ro\">Ochelari cu lup\u0103 de la starMed <\/span><\/h3>\n<p><span class=\"Y2IQFc\" lang=\"ro\">V-a\u021bi antrenat ochii ca medic &#8211; permite\u021bi-ne s\u0103-i concentr\u0103m cu adev\u0103rat! Fie pentru diagnostic sau pentru a lucra la cele mai bune structuri, v\u0103 pute\u021bi \u00eembun\u0103t\u0103\u021bi calitatea muncii cu ochelari de lup\u0103. <\/span><\/p>\n<p><span class=\"Y2IQFc\" lang=\"ro\">Evitarea erorilor cauzate de detaliile \u201etrecute cu vederea\u201d vor fi de asemenea \u00een beneficiul pacientului dumneavoastr\u0103. V\u0103 invit\u0103m s\u0103 descoperi\u021bi lumea ochelarilor cu lup\u0103! Vei fi uimit de c\u00e2t de mult mai bine \u0219i mai precis po\u021bi lucra atunci c\u00e2nd pur \u0219i simplu po\u021bi vedea mai multe. <\/span><\/p>\n<p><span class=\"Y2IQFc\" lang=\"ro\">Ochelarii no\u0219tri cu lup\u0103 sunt personaliza\u021bi \u0219i de cea mai \u00eenalt\u0103 calitate.<\/span><\/p>\n","protected":false},"excerpt":{"rendered":"<p><span class=\"Y2IQFc\" lang=\"ro\">SV-ST &#8211; perfect pentru intrarea \u00een lumea ochelarilor cu lup\u0103 (ram\u0103 Adivista)<\/span><\/p>\n","protected":false},"featured_media":9743,"comment_status":"open","ping_status":"closed","template":"","meta":{"_kad_blocks_custom_css":"","_kad_blocks_head_custom_js":"","_kad_blocks_body_custom_js":"","_kad_blocks_footer_custom_js":"","_kadence_starter_templates_imported_post":false,"_kad_post_transparent":"default","_kad_post_title":"","_kad_post_layout":"default","_kad_post_sidebar_id":"","_kad_post_content_style":"default","_kad_post_vertical_padding":"default","_kad_post_feature":"","_kad_post_feature_position":"","_kad_post_header":false,"_kad_post_footer":false,"_kad_post_classname":""},"product_brand":[430],"product_cat":[54,368],"product_tag":[470],"product_partner":[],"class_list":{"0":"post-4503","1":"product","2":"type-product","3":"status-publish","4":"has-post-thumbnail","6":"product_brand-starmed","7":"product_cat-echipamente-stomatologice","8":"product_cat-lupe-stomatologice","9":"product_tag-preorder","11":"first","12":"instock","13":"taxable","14":"shipping-taxable","15":"product-type-simple","16":"entry","17":"content-bg","18":"loop-entry"},"taxonomy_info":{"product_brand":[{"value":430,"label":"Starmed"}],"product_cat":[{"value":54,"label":"Echipamente Stomatologice"},{"value":368,"label":"Lupe Stomatologice"}],"product_tag":[{"value":470,"label":"#preorder"}]},"featured_image_src_large":["https:\/\/gursk.ro\/shop\/wp-content\/uploads\/2025\/12\/SV-ST-2.5-Adivista-black-scaled-01.jpg",1024,1024,false],"author_info":[],"comment_info":0,"_links":{"self":[{"href":"https:\/\/gursk.ro\/shop\/wp-json\/wp\/v2\/product\/4503","targetHints":{"allow":["GET"]}}],"collection":[{"href":"https:\/\/gursk.ro\/shop\/wp-json\/wp\/v2\/product"}],"about":[{"href":"https:\/\/gursk.ro\/shop\/wp-json\/wp\/v2\/types\/product"}],"replies":[{"embeddable":true,"href":"https:\/\/gursk.ro\/shop\/wp-json\/wp\/v2\/comments?post=4503"}],"version-history":[{"count":1,"href":"https:\/\/gursk.ro\/shop\/wp-json\/wp\/v2\/product\/4503\/revisions"}],"predecessor-version":[{"id":9742,"href":"https:\/\/gursk.ro\/shop\/wp-json\/wp\/v2\/product\/4503\/revisions\/9742"}],"wp:featuredmedia":[{"embeddable":true,"href":"https:\/\/gursk.ro\/shop\/wp-json\/wp\/v2\/media\/9743"}],"wp:attachment":[{"href":"https:\/\/gursk.ro\/shop\/wp-json\/wp\/v2\/media?parent=4503"}],"wp:term":[{"taxonomy":"product_brand","embeddable":true,"href":"https:\/\/gursk.ro\/shop\/wp-json\/wp\/v2\/product_brand?post=4503"},{"taxonomy":"product_cat","embeddable":true,"href":"https:\/\/gursk.ro\/shop\/wp-json\/wp\/v2\/product_cat?post=4503"},{"taxonomy":"product_tag","embeddable":true,"href":"https:\/\/gursk.ro\/shop\/wp-json\/wp\/v2\/product_tag?post=4503"},{"taxonomy":"product_partner","embeddable":true,"href":"https:\/\/gursk.ro\/shop\/wp-json\/wp\/v2\/product_partner?post=4503"}],"curies":[{"name":"wp","href":"https:\/\/api.w.org\/{rel}","templated":true}]}}