{"id":4379,"date":"2025-09-18T18:01:08","date_gmt":"2025-09-18T15:01:08","guid":{"rendered":"https:\/\/gursk.ro\/shop\/?post_type=product&#038;p=4379"},"modified":"2026-04-17T18:55:36","modified_gmt":"2026-04-17T15:55:36","slug":"q-bone-grafting-10570","status":"publish","type":"product","link":"https:\/\/gursk.ro\/shop\/produs\/q-bone-grafting-10570\/","title":{"rendered":"Q-BONE GRAFTING 10570"},"content":{"rendered":"<p><span style=\"color: #000000;\">Trus\u0103 de osteosintez\u0103 pentru augmentare osoas\u0103 &#8211; o metoda chirurgical\u0103 de fixare a fragmentelor unui os fracturat cu ajutorul unui material dur metalic (\u0219uruburi sau pl\u0103ci) sau cu material resorbabil (\u00een special pentru fixare fragmentelor mici).\u00a0<\/span><\/p>\n<p><span style=\"color: #000000;\">Un set complet cuprinde urm\u0103toarele componente:<\/span><\/p>\n<ul>\n<li><span style=\"color: #000000;\">cutia de sterilizare\u00a0<\/span><\/li>\n<li><span style=\"color: #000000;\">2 freze drill c\u00e2te una pentru fiecare diamentru (1.0 si 1.3 ) \u0219i 1(una) frez\u0103 drill pentru bloc osos<\/span><\/li>\n<li><span style=\"color: #000000;\">1 maner cu 2 varfuri adaptoare -1 pentru sistemul 1.0 cat si 1 adaptor pentru sistemul 1.3<\/span><\/li>\n<li><span style=\"color: #000000;\">35 \u0219uruburi din titan (c\u00e2te 5 buc\u0103\u021bi din lungimile 7mm, 9mm, 11mm, 13mm din sistemul 1.3 \u0219i respectiv 3mm, 5mm, 7mm din sistemul 1.0)<\/span><\/li>\n<\/ul>\n<p>&nbsp;<\/p>\n<p>&nbsp;<\/p>\n","protected":false},"excerpt":{"rendered":"<p><span style=\"color: #000000;\">Set complet \u0219uruburi pentru osteosintez\u0103: cutie, instrumente \u0219i 35 \u0219uruburi.<\/span><\/p>\n","protected":false},"featured_media":4418,"comment_status":"open","ping_status":"closed","template":"","meta":{"_kad_blocks_custom_css":"","_kad_blocks_head_custom_js":"","_kad_blocks_body_custom_js":"","_kad_blocks_footer_custom_js":"","_kadence_starter_templates_imported_post":false,"_kad_post_transparent":"","_kad_post_title":"","_kad_post_layout":"","_kad_post_sidebar_id":"","_kad_post_content_style":"","_kad_post_vertical_padding":"","_kad_post_feature":"","_kad_post_feature_position":"","_kad_post_header":false,"_kad_post_footer":false,"_kad_post_classname":""},"product_brand":[429],"product_cat":[25],"product_tag":[],"product_partner":[],"class_list":{"0":"post-4379","1":"product","2":"type-product","3":"status-publish","4":"has-post-thumbnail","6":"product_brand-trinon","7":"product_cat-instrumentar-stomatologie","9":"first","10":"instock","11":"taxable","12":"shipping-taxable","13":"purchasable","14":"product-type-simple","15":"entry","16":"content-bg","17":"loop-entry"},"taxonomy_info":{"product_brand":[{"value":429,"label":"TRINON"}],"product_cat":[{"value":25,"label":"Instrumentar stomatologie"}]},"featured_image_src_large":["https:\/\/gursk.ro\/shop\/wp-content\/uploads\/2021\/07\/q-bonegraftingset_01.jpg",500,333,false],"author_info":[],"comment_info":0,"_links":{"self":[{"href":"https:\/\/gursk.ro\/shop\/wp-json\/wp\/v2\/product\/4379","targetHints":{"allow":["GET"]}}],"collection":[{"href":"https:\/\/gursk.ro\/shop\/wp-json\/wp\/v2\/product"}],"about":[{"href":"https:\/\/gursk.ro\/shop\/wp-json\/wp\/v2\/types\/product"}],"replies":[{"embeddable":true,"href":"https:\/\/gursk.ro\/shop\/wp-json\/wp\/v2\/comments?post=4379"}],"wp:featuredmedia":[{"embeddable":true,"href":"https:\/\/gursk.ro\/shop\/wp-json\/wp\/v2\/media\/4418"}],"wp:attachment":[{"href":"https:\/\/gursk.ro\/shop\/wp-json\/wp\/v2\/media?parent=4379"}],"wp:term":[{"taxonomy":"product_brand","embeddable":true,"href":"https:\/\/gursk.ro\/shop\/wp-json\/wp\/v2\/product_brand?post=4379"},{"taxonomy":"product_cat","embeddable":true,"href":"https:\/\/gursk.ro\/shop\/wp-json\/wp\/v2\/product_cat?post=4379"},{"taxonomy":"product_tag","embeddable":true,"href":"https:\/\/gursk.ro\/shop\/wp-json\/wp\/v2\/product_tag?post=4379"},{"taxonomy":"product_partner","embeddable":true,"href":"https:\/\/gursk.ro\/shop\/wp-json\/wp\/v2\/product_partner?post=4379"}],"curies":[{"name":"wp","href":"https:\/\/api.w.org\/{rel}","templated":true}]}}